{"id":1094,"date":"2023-05-16T09:08:21","date_gmt":"2023-05-16T07:08:21","guid":{"rendered":"https:\/\/cncgraf.com\/?page_id=1094"},"modified":"2023-12-20T22:32:42","modified_gmt":"2023-12-20T21:32:42","slug":"foil-cutting-with-scalp","status":"publish","type":"page","link":"https:\/\/cncgraf.com\/en\/folie-schneiden-mit-skalp\/","title":{"rendered":"Scalp film cutting"},"content":{"rendered":"<div class=\"wp-block-group alignfull has-tertiary-background-color has-background has-global-padding is-layout-constrained wp-block-group-is-layout-constrained\">\n<div style=\"height:30px\" aria-hidden=\"true\" class=\"wp-block-spacer\"><\/div>\n\n\n\n<h1 class=\"wp-block-heading alignfull has-text-align-center has-tertiary-background-color has-background has-large-font-size\">Download: Scalp for cutting film<\/h1>\n\n\n\n<div style=\"height:20px\" aria-hidden=\"true\" class=\"wp-block-spacer\"><\/div>\n\n\n\n<hr class=\"wp-block-separator alignfull has-text-color has-cyan-bluish-gray-color has-alpha-channel-opacity has-cyan-bluish-gray-background-color has-background\"\/>\n<\/div>\n\n\n\n<div class=\"wp-block-group alignfull has-global-padding is-layout-constrained wp-block-group-is-layout-constrained\">\n<h4 class=\"wp-block-heading has-text-align-center has-large-font-size\">Cut film: Scalp software features<\/h4>\n\n\n\n<div class=\"wp-block-columns is-layout-flex wp-container-core-columns-is-layout-28f84493 wp-block-columns-is-layout-flex\">\n<div class=\"wp-block-column is-layout-flow wp-block-column-is-layout-flow\">\n<p>Skalp\u00a9 V1.08 is a software specially developed for cutting film with a swivelling knife. The programme offers functions to correct the cutting path according to the radius of the swivel knife.<\/p>\n\n\n\n<p>The software also has a test strip function. This function allows the user to check the correct starting position of the blade before the actual cutting process. By using a test strip, the user can ensure that the blade is correctly positioned to perform the desired cut.<\/p>\n<\/div>\n\n\n\n<div class=\"wp-block-column is-layout-flow wp-block-column-is-layout-flow\">\n<figure class=\"wp-block-image size-full\"><img loading=\"lazy\" decoding=\"async\" width=\"640\" height=\"404\" src=\"https:\/\/cncgraf.com\/wp-content\/uploads\/2023\/10\/skalp-example.jpg\" alt=\"\" class=\"wp-image-3317\" srcset=\"https:\/\/cncgraf.com\/wp-content\/uploads\/2023\/10\/skalp-example.jpg 640w, https:\/\/cncgraf.com\/wp-content\/uploads\/2023\/10\/skalp-example-600x379.jpg 600w, https:\/\/cncgraf.com\/wp-content\/uploads\/2023\/10\/skalp-example-300x189.jpg 300w, https:\/\/cncgraf.com\/wp-content\/uploads\/2023\/10\/skalp-example-18x12.jpg 18w\" sizes=\"auto, (max-width: 640px) 100vw, 640px\" \/><\/figure>\n<\/div>\n<\/div>\n\n\n\n<div style=\"height:10px\" aria-hidden=\"true\" class=\"wp-block-spacer\"><\/div>\n\n\n\n<h5 class=\"wp-block-heading has-text-align-left\">Hardware and software requirements<\/h5>\n\n\n\n<ul class=\"wp-block-list\">\n<li>Windows 98\/ME\/NT\/2000\/XP\/7\/8\/10\/11<\/li>\n<\/ul>\n\n\n\n<figure class=\"wp-block-image aligncenter size-full is-resized is-style-default\"><img loading=\"lazy\" decoding=\"async\" width=\"400\" height=\"293\" src=\"https:\/\/cncgraf.com\/wp-content\/uploads\/2023\/10\/skalp-menu.jpg\" alt=\"Cut film: Scalp main window\" class=\"wp-image-3318\" style=\"aspect-ratio:4\/3;object-fit:contain;width:309px;height:auto\" srcset=\"https:\/\/cncgraf.com\/wp-content\/uploads\/2023\/10\/skalp-menu.jpg 400w, https:\/\/cncgraf.com\/wp-content\/uploads\/2023\/10\/skalp-menu-300x220.jpg 300w, https:\/\/cncgraf.com\/wp-content\/uploads\/2023\/10\/skalp-menu-16x12.jpg 16w\" sizes=\"auto, (max-width: 400px) 100vw, 400px\" \/><\/figure>\n\n\n\n<div class=\"wp-block-buttons is-layout-flex wp-block-buttons-is-layout-flex\">\n<div class=\"wp-block-button\"><a class=\"wp-block-button__link wp-element-button\" href=\"https:\/\/web.boenigk-electronics.com\/download\/Skalp108.msi\" target=\"_blank\" rel=\"noreferrer noopener\">DOWNLOAD scalp108.msi<\/a><\/div>\n<\/div>\n\n\n\n<p><img loading=\"lazy\" decoding=\"async\" width=\"24\" height=\"24\" class=\"wp-image-1775\" style=\"width: 24px;\" src=\"https:\/\/cncgraf.com\/wp-content\/uploads\/2023\/08\/info.png\" alt=\"\"> <strong>Please note!<\/strong> This version is a demo version. The SAVE and\/or EXPORT functions are disabled.<\/p>\n\n\n\n<p>Our CNC control software <a href=\"https:\/\/cncgraf.com\/en\/cncgraf-8-cnc-control-software-range-of-functions\/\" data-type=\"page\" data-id=\"8\">cncGraF<\/a> already has an integrated scalping knife correction function.<\/p>\n<\/div>","protected":false},"excerpt":{"rendered":"<p>Download: Skalp f\u00fcr Folie schneiden Folie schneiden: Skalp Software-Features Skalp\u00a9 V1.08 ist eine Software, die speziell f\u00fcr das Folienschneiden mit einem Schwenkmesser entwickelt wurde. Das Programm bietet Funktionen, um den Schneideweg entsprechend dem Radius des Schwenkmessers zu korrigieren. Dar\u00fcber hinaus verf\u00fcgt die Software \u00fcber eine Teststreifen-Funktion. Diese Funktion erm\u00f6glicht es dem Benutzer, die korrekte Ausgangsposition [&hellip;]<\/p>\n","protected":false},"author":1,"featured_media":0,"parent":0,"menu_order":0,"comment_status":"closed","ping_status":"closed","template":"","meta":{"footnotes":""},"class_list":["post-1094","page","type-page","status-publish","hentry"],"_links":{"self":[{"href":"https:\/\/cncgraf.com\/en\/wp-json\/wp\/v2\/pages\/1094","targetHints":{"allow":["GET"]}}],"collection":[{"href":"https:\/\/cncgraf.com\/en\/wp-json\/wp\/v2\/pages"}],"about":[{"href":"https:\/\/cncgraf.com\/en\/wp-json\/wp\/v2\/types\/page"}],"author":[{"embeddable":true,"href":"https:\/\/cncgraf.com\/en\/wp-json\/wp\/v2\/users\/1"}],"replies":[{"embeddable":true,"href":"https:\/\/cncgraf.com\/en\/wp-json\/wp\/v2\/comments?post=1094"}],"version-history":[{"count":0,"href":"https:\/\/cncgraf.com\/en\/wp-json\/wp\/v2\/pages\/1094\/revisions"}],"wp:attachment":[{"href":"https:\/\/cncgraf.com\/en\/wp-json\/wp\/v2\/media?parent=1094"}],"curies":[{"name":"wp","href":"https:\/\/api.w.org\/{rel}","templated":true}]}}