{"id":1320,"date":"2023-06-13T18:33:40","date_gmt":"2023-06-13T16:33:40","guid":{"rendered":"https:\/\/cncgraf.com\/?page_id=1320"},"modified":"2024-11-13T23:52:21","modified_gmt":"2024-11-13T22:52:21","slug":"sps-automation-with-isp-motion","status":"publish","type":"page","link":"https:\/\/cncgraf.com\/en\/sps-automatisierung-mit-isp-motion\/","title":{"rendered":"ISP \u2013 AUTOMATION"},"content":{"rendered":"<div class=\"wp-block-group alignfull has-tertiary-background-color has-background has-global-padding is-layout-constrained wp-block-group-is-layout-constrained\">\n<div style=\"height:30px\" aria-hidden=\"true\" class=\"wp-block-spacer\"><\/div>\n\n\n\n<h1 class=\"wp-block-heading alignfull has-text-align-center has-tertiary-background-color has-background has-large-font-size translation-block\" id=\"isp-motion-control-sps-automatisierung-leicht-gemacht\">ISP Motion Control: <br>PLC automation made easy!<\/h1>\n\n\n\n<div class=\"wp-block-columns is-layout-flex wp-container-core-columns-is-layout-28f84493 wp-block-columns-is-layout-flex\">\n<div class=\"wp-block-column is-layout-flow wp-block-column-is-layout-flow\">\n<p>Automate your production systems easily and efficiently with the ISP Motion Control software. Versatile for automation, worker guidance, set-up instructions and more.<\/p>\n\n\n\n<p>With the user-friendly interface, even inexperienced users can programme the system independently.<\/p>\n\n\n\n<p>You no longer need a PLC technician. Keep control of what your system should do yourself. <\/p>\n<\/div>\n\n\n\n<div class=\"wp-block-column is-layout-flow wp-block-column-is-layout-flow\">\n<figure class=\"wp-block-image size-large is-resized\"><img loading=\"lazy\" decoding=\"async\" width=\"1024\" height=\"576\" src=\"https:\/\/cncgraf.com\/wp-content\/uploads\/2023\/06\/isp1-1024x576.jpg\" alt=\"Modern ISP Motion Control interface for efficient PLC automation\" class=\"wp-image-1363\" style=\"width:407px;height:auto\" srcset=\"https:\/\/cncgraf.com\/wp-content\/uploads\/2023\/06\/isp1-1024x576.jpg 1024w, https:\/\/cncgraf.com\/wp-content\/uploads\/2023\/06\/isp1-600x338.jpg 600w, https:\/\/cncgraf.com\/wp-content\/uploads\/2023\/06\/isp1-300x169.jpg 300w, https:\/\/cncgraf.com\/wp-content\/uploads\/2023\/06\/isp1-768x432.jpg 768w, https:\/\/cncgraf.com\/wp-content\/uploads\/2023\/06\/isp1-1536x864.jpg 1536w, https:\/\/cncgraf.com\/wp-content\/uploads\/2023\/06\/isp1.jpg 1920w\" sizes=\"auto, (max-width: 1024px) 100vw, 1024px\" \/><\/figure>\n<\/div>\n<\/div>\n\n\n\n<h2 class=\"wp-block-heading alignfull has-text-align-center has-tertiary-background-color has-background has-large-font-size\" id=\"warum-ist-isp-motion-control-der-traditionellen-sps-automatisierung-uberlegen\">Why is ISP Motion Control superior to traditional PLC automation?<\/h2>\n\n\n\n<hr class=\"wp-block-separator alignfull has-text-color has-cyan-bluish-gray-color has-alpha-channel-opacity has-cyan-bluish-gray-background-color has-background\"\/>\n<\/div>\n\n\n\n<div class=\"wp-block-rank-math-toc-block\" style=\"padding-right:var(--wp--preset--spacing--30);padding-left:var(--wp--preset--spacing--30)\" id=\"rank-math-toc\"><h4>Overview: The most important advantages<\/h4><nav><ul><li class=\"\"><a href=\"#die-effizienz-der-tabellenbasierten-programmierung\">The efficiency of table-based programming<\/a><\/li><li class=\"\"><a href=\"#vielfaltige-befehle-fur-anlagenprogrammierung\">Wide range of commands for system programming<\/a><\/li><li class=\"\"><a href=\"#visualisierung-protokollierung-und-uberwachung\">Visualisation, logging and monitoring<\/a><\/li><li class=\"\"><a href=\"#csv-schnittstelle-und-eigene-benutzeroberflache\">CSV interface and customised user interface<\/a><\/li><li class=\"\"><a href=\"#emulator-mqtt-client-und-e-mail-kommunikation\">Emulator, MQTT client and e-mail communication<\/a><\/li><li class=\"translation-block\">Import and edit DXF drawings - <br>Simplify complex paths<\/li><li class=\"translation-block\">ISP Motion Control: Your complete solution <br>for advanced automation<\/li><li class=\"\"><a href=\"#systemanforderungen\">System requirements<\/a><\/li><\/ul><\/nav><\/div>\n\n\n\n<div class=\"wp-block-group alignfull has-base-background-color has-background has-global-padding is-layout-constrained wp-block-group-is-layout-constrained\">\n<h3 class=\"wp-block-heading alignfull has-text-align-center has-base-background-color has-background has-large-font-size\" id=\"die-effizienz-der-tabellenbasierten-programmierung\">The efficiency of table-based programming<\/h3>\n\n\n\n<div class=\"wp-block-columns is-layout-flex wp-container-core-columns-is-layout-28f84493 wp-block-columns-is-layout-flex\">\n<div class=\"wp-block-column is-layout-flow wp-block-column-is-layout-flow\">\n<p>The intuitive tables make it easy to enter and arrange the desired commands. <\/p>\n\n\n\n<p>In addition to the main \u201eSequential commands\u201c table, the ISP Motion Control software offers further tables such as \u201eCancel\u201c, \u201eHome position\u201c or \u201eParallel processing\u201c. <\/p>\n<\/div>\n\n\n\n<div class=\"wp-block-column is-layout-flow wp-block-column-is-layout-flow\">\n<figure class=\"wp-block-image size-full\"><img loading=\"lazy\" decoding=\"async\" width=\"1228\" height=\"520\" src=\"https:\/\/cncgraf.com\/wp-content\/uploads\/2023\/06\/tabelle.jpg\" alt=\"Visualisation of table-based programming in ISP Motion Control with main and sub-program tables for structured command input.\" class=\"wp-image-1403\" srcset=\"https:\/\/cncgraf.com\/wp-content\/uploads\/2023\/06\/tabelle.jpg 1228w, https:\/\/cncgraf.com\/wp-content\/uploads\/2023\/06\/tabelle-600x254.jpg 600w\" sizes=\"auto, (max-width: 1228px) 100vw, 1228px\" \/><\/figure>\n<\/div>\n<\/div>\n\n\n\n<p>The \u201eSubprogram\u201c table makes programming easier for you by allowing you to organise recurring actions in separate tables. You can call up your sub-programmes in the main table and thus maintain an overview even with large projects. <\/p>\n\n\n\n<div style=\"height:10px\" aria-hidden=\"true\" class=\"wp-block-spacer\"><\/div>\n<\/div>\n\n\n\n<div class=\"wp-block-group alignfull has-tertiary-background-color has-background has-global-padding is-layout-constrained wp-block-group-is-layout-constrained\">\n<hr class=\"wp-block-separator alignfull has-text-color has-cyan-bluish-gray-color has-alpha-channel-opacity has-cyan-bluish-gray-background-color has-background\"\/>\n\n\n\n<h3 class=\"wp-block-heading alignfull has-text-align-center has-tertiary-background-color has-background has-large-font-size\" id=\"vielfaltige-befehle-fur-anlagenprogrammierung\">Wide range of commands for system programming<\/h3>\n\n\n\n<div class=\"wp-block-columns is-layout-flex wp-container-core-columns-is-layout-28f84493 wp-block-columns-is-layout-flex\">\n<div class=\"wp-block-column is-layout-flow wp-block-column-is-layout-flow\">\n<p>Whether setting outputs, moving to specific positions, waiting for input signals or jumping to a specific line - the ISP Motion Control software offers you a comprehensive range of functions and enables you to programme your system according to your individual requirements.<\/p>\n<\/div>\n\n\n\n<div class=\"wp-block-column is-layout-flow wp-block-column-is-layout-flow\">\n<figure class=\"wp-block-image size-full\"><img loading=\"lazy\" decoding=\"async\" width=\"222\" height=\"505\" src=\"https:\/\/cncgraf.com\/wp-content\/uploads\/2023\/06\/befehle.jpg\" alt=\"Clear overview of the commands in the ISP Motion Control Automation software\" class=\"wp-image-1405\"\/><\/figure>\n<\/div>\n<\/div>\n\n\n\n<div style=\"height:10px\" aria-hidden=\"true\" class=\"wp-block-spacer\"><\/div>\n\n\n\n<hr class=\"wp-block-separator alignfull has-text-color has-cyan-bluish-gray-color has-alpha-channel-opacity has-cyan-bluish-gray-background-color has-background\"\/>\n<\/div>\n\n\n\n<div class=\"wp-block-group alignfull has-base-background-color has-background has-global-padding is-layout-constrained wp-block-group-is-layout-constrained\">\n<h3 class=\"wp-block-heading alignfull has-text-align-center has-base-background-color has-background has-large-font-size\" id=\"visualisierung-protokollierung-und-uberwachung\">Visualisation, logging and monitoring<\/h3>\n\n\n\n<p>As the program sequence is visualised in contrast to normal PLC automation, you have an overview of the current actions at all times. The logging function records and saves important events and data that are required for later analyses or further processing by other programs. The monitoring function allows you to keep an eye on the status of your systems in real time.<\/p>\n\n\n\n<div style=\"height:10px\" aria-hidden=\"true\" class=\"wp-block-spacer\"><\/div>\n<\/div>\n\n\n\n<div class=\"wp-block-group alignfull has-tertiary-background-color has-background has-global-padding is-layout-constrained wp-block-group-is-layout-constrained\">\n<hr class=\"wp-block-separator alignfull has-text-color has-cyan-bluish-gray-color has-alpha-channel-opacity has-cyan-bluish-gray-background-color has-background\"\/>\n\n\n\n<h3 class=\"wp-block-heading alignfull has-text-align-center has-tertiary-background-color has-background has-large-font-size\" id=\"csv-schnittstelle-und-eigene-benutzeroberflache\">CSV interface and customised user interface<\/h3>\n\n\n\n<div class=\"wp-block-columns is-layout-flex wp-container-core-columns-is-layout-28f84493 wp-block-columns-is-layout-flex\">\n<div class=\"wp-block-column is-layout-flow wp-block-column-is-layout-flow\">\n<p>Thanks to the CSV interface, you can import CSV data from other systems into ISP Motion Control. The integrated designer also allows you to create your own user-friendly masks to make operating the system easier, as the table is no longer visible to the operator.<\/p>\n<\/div>\n\n\n\n<div class=\"wp-block-column is-layout-flow wp-block-column-is-layout-flow\">\n<figure class=\"wp-block-image size-full\"><img loading=\"lazy\" decoding=\"async\" width=\"1173\" height=\"289\" src=\"https:\/\/cncgraf.com\/wp-content\/uploads\/2023\/06\/frontend.jpg\" alt=\"Visualisation of the CSV interface and individual user interface design in the ISP Motion Control software.\" class=\"wp-image-1406\" srcset=\"https:\/\/cncgraf.com\/wp-content\/uploads\/2023\/06\/frontend.jpg 1173w, https:\/\/cncgraf.com\/wp-content\/uploads\/2023\/06\/frontend-600x148.jpg 600w\" sizes=\"auto, (max-width: 1173px) 100vw, 1173px\" \/><\/figure>\n<\/div>\n<\/div>\n\n\n\n<div style=\"height:10px\" aria-hidden=\"true\" class=\"wp-block-spacer\"><\/div>\n\n\n\n<hr class=\"wp-block-separator alignfull has-text-color has-cyan-bluish-gray-color has-alpha-channel-opacity has-cyan-bluish-gray-background-color has-background\"\/>\n<\/div>\n\n\n\n<div class=\"wp-block-group alignfull has-base-background-color has-background has-global-padding is-layout-constrained wp-block-group-is-layout-constrained\">\n<h3 class=\"wp-block-heading alignfull has-text-align-center has-base-background-color has-background has-large-font-size\" id=\"emulator-mqtt-client-und-e-mail-kommunikation\">Emulator, MQTT client and e-mail communication<\/h3>\n\n\n\n<p class=\"translation-block\">The emulator allows you to test your project before running it on the real machine. This gives you the opportunity to identify errors and make adjustments before implementing the project. In addition<br>the emulator can be combined with real CNC controllers, which opens up new possibilities for you.<\/p>\n\n\n\n<p><br>The network communication in ISP Motion Control includes an integrated MQTT client. This allows you to carry out communication between external devices and exchange data.<\/p>\n\n\n\n<p><br>With e-mail communication, you can send e-mail messages directly from your project. This allows you to send automatic notifications or reports to relevant people.<\/p>\n\n\n\n<div style=\"height:10px\" aria-hidden=\"true\" class=\"wp-block-spacer\"><\/div>\n<\/div>\n\n\n\n<div class=\"wp-block-group alignfull has-tertiary-background-color has-background has-global-padding is-layout-constrained wp-block-group-is-layout-constrained\">\n<hr class=\"wp-block-separator alignfull has-text-color has-cyan-bluish-gray-color has-alpha-channel-opacity has-cyan-bluish-gray-background-color has-background\"\/>\n\n\n\n<h3 class=\"wp-block-heading alignfull has-text-align-center has-tertiary-background-color has-background has-large-font-size translation-block\" id=\"import-und-bearbeitung-von-dxf-zeichnungen-vereinfachen-sie-komplexe-wege\">Import and edit DXF drawings - <br>Simplify complex paths<\/h3>\n\n\n\n<figure class=\"wp-block-image size-full\"><img loading=\"lazy\" decoding=\"async\" width=\"1238\" height=\"720\" src=\"https:\/\/cncgraf.com\/wp-content\/uploads\/2023\/06\/cad.jpg\" alt=\"Illustration of the import and editing function of DXF drawings in ISP Motion Control. \" class=\"wp-image-1411\" srcset=\"https:\/\/cncgraf.com\/wp-content\/uploads\/2023\/06\/cad.jpg 1238w, https:\/\/cncgraf.com\/wp-content\/uploads\/2023\/06\/cad-600x349.jpg 600w\" sizes=\"auto, (max-width: 1238px) 100vw, 1238px\" \/><\/figure>\n\n\n\n<p class=\"has-text-align-left has-medium-font-size translation-block\">With ISP Motion Control, you have the option of importing DXF drawings, <strong>editing<\/strong> them and embedding them in your project. Compared to conventional PLC automation, this allows you to easily draw complex paths instead of having to programme them manually in the table. In addition, you can link individual coordinates of the drawing with CSV or variables in order to edit them further. By using CSV or variables, you can change and adapt the paths dynamically.<\/p>\n\n\n\n<div style=\"height:10px\" aria-hidden=\"true\" class=\"wp-block-spacer\"><\/div>\n\n\n\n<hr class=\"wp-block-separator alignfull has-text-color has-cyan-bluish-gray-color has-alpha-channel-opacity has-cyan-bluish-gray-background-color has-background\"\/>\n<\/div>\n\n\n\n<div class=\"wp-block-group alignfull has-global-padding is-layout-constrained wp-block-group-is-layout-constrained\">\n<h3 class=\"wp-block-heading alignfull has-text-align-center has-base-background-color has-background has-large-font-size translation-block\" id=\"isp-motion-control-ihre-komplettlosung-fur-fortschrittliche-automatisierung\">ISP Motion Control: Your complete solution <br>for advanced automation<\/h3>\n\n\n\n<p class=\"translation-block\"><strong>In summary, ISP Motion Control<\/strong> offers a comprehensive and user-friendly solution for all your automation needs. Whether you are a beginner or a professional in automation technology, this software ensures that you have full control over your production equipment.<br><br>With its wide range of functions, user-friendly interface and continuous development, ISP Motion Control is your first choice when it comes to modern and efficient automation. We invite you to experience this advanced technology for yourself. Contact us today to arrange a demonstration or for more information. Rely on ISP Automation to take your production processes to the next level.<\/p>\n\n\n\n<p class=\"translation-block\">If you have any further questions, please contact ISP Automation.<br>Contact us by e-mail at <a href=\"mailto:info@isp-automation.de\" target=\"_self\">info@isp-automation.de<\/a>.<\/p>\n\n\n\n<figure class=\"wp-block-image size-full\"><a href=\"https:\/\/isp-industrietechnik.de\/\" target=\"_blank\" rel=\"noopener\"><img loading=\"lazy\" decoding=\"async\" width=\"299\" height=\"128\" src=\"https:\/\/cncgraf.com\/wp-content\/uploads\/2023\/05\/isp.png\" alt=\"\" class=\"wp-image-984\"\/><\/a><\/figure>\n<\/div>\n\n\n\n<div class=\"wp-block-group alignfull has-global-padding is-layout-constrained wp-block-group-is-layout-constrained\">\n<h3 class=\"wp-block-heading has-large-font-size\" id=\"systemanforderungen\">System requirements<\/h3>\n\n\n\n<ul class=\"wp-block-list\">\n<li>Operating system: Windows 10\/11 (64-bit version)<\/li>\n\n\n\n<li>RAM: 4 GB (recommended for processing large files &gt; 4 GB)<\/li>\n\n\n\n<li>Connections: USB 2.0 (compatible with USB 3.0), optional Ethernet (LAN)<\/li>\n\n\n\n<li class=\"translation-block\">Control electronics and controller: <a href=\"https:\/\/cncgraf.com\/en\/cnc-controller\/\" target=\"_self\">smc5d-m4 pro<\/a><\/li>\n<\/ul>\n\n\n\n<div style=\"height:10px\" aria-hidden=\"true\" class=\"wp-block-spacer\"><\/div>\n<\/div>","protected":false},"excerpt":{"rendered":"<p>ISP Motion Control: SPS Automatisierung leicht gemacht! Automatisieren Sie Ihre Produktionsanlagen einfach und effizient mit der Software ISP Motion Control. Vielseitig einsetzbar f\u00fcr Automatisierung, Werkerf\u00fchrung, R\u00fcstanweisungen und mehr. Mit dem benutzerfreundlichen Interface, k\u00f6nnen auch unerfahrene Benutzer die Anlage eigenst\u00e4ndig programmieren. Sie ben\u00f6tigen keinen SPS-Techniker mehr. Behalten Sie selbst die Kontrolle dar\u00fcber, was Ihre Anlage tun [&hellip;]<\/p>\n","protected":false},"author":1,"featured_media":0,"parent":0,"menu_order":0,"comment_status":"closed","ping_status":"closed","template":"","meta":{"footnotes":""},"class_list":["post-1320","page","type-page","status-publish","hentry"],"_links":{"self":[{"href":"https:\/\/cncgraf.com\/en\/wp-json\/wp\/v2\/pages\/1320","targetHints":{"allow":["GET"]}}],"collection":[{"href":"https:\/\/cncgraf.com\/en\/wp-json\/wp\/v2\/pages"}],"about":[{"href":"https:\/\/cncgraf.com\/en\/wp-json\/wp\/v2\/types\/page"}],"author":[{"embeddable":true,"href":"https:\/\/cncgraf.com\/en\/wp-json\/wp\/v2\/users\/1"}],"replies":[{"embeddable":true,"href":"https:\/\/cncgraf.com\/en\/wp-json\/wp\/v2\/comments?post=1320"}],"version-history":[{"count":0,"href":"https:\/\/cncgraf.com\/en\/wp-json\/wp\/v2\/pages\/1320\/revisions"}],"wp:attachment":[{"href":"https:\/\/cncgraf.com\/en\/wp-json\/wp\/v2\/media?parent=1320"}],"curies":[{"name":"wp","href":"https:\/\/api.w.org\/{rel}","templated":true}]}}