{"id":14,"date":"2023-04-24T21:47:16","date_gmt":"2023-04-24T19:47:16","guid":{"rendered":"https:\/\/cncgraf.com\/?page_id=14"},"modified":"2025-10-31T16:12:26","modified_gmt":"2025-10-31T15:12:26","slug":"cnc-controller","status":"publish","type":"page","link":"https:\/\/cncgraf.com\/en\/cnc-controller\/","title":{"rendered":"CNC controller"},"content":{"rendered":"<div class=\"wp-block-group alignfull has-global-padding is-layout-constrained wp-block-group-is-layout-constrained\">\n<div style=\"height:30px\" aria-hidden=\"true\" class=\"wp-block-spacer\"><\/div>\n\n\n\n<h1 class=\"wp-block-heading has-text-align-center has-base-background-color has-background has-large-font-size translation-block\" id=\"leistungsstarke-cnc-controller-bis-6-achsen\">Powerful CNC controller <br>up to 6 axes<\/h1>\n\n\n\n<p>The main task of a CNC controller is to generate clock and direction signals for stepper motors, as this is not possible in real time under Windows. Depending on the controller, the step frequency is up to 300 kHz for interpolated movements of up to 6 axes.<\/p>\n\n\n\n<p>Our CNC controllers have several protected digital inputs and outputs (opto-isolated) as well as analogue inputs and outputs. Optoisolators ensure electrical isolation between input and output signals and thus protect against voltage peaks and electromagnetic interference. This contributes to the reliability and longevity of the CNC controller and the connected devices.  <\/p>\n\n\n\n<p>Signals for reference switches, start\/stop signals and other switching states are recorded at dedicated inputs. Additional outputs enable the control of further hardware and functions, such as a current reduction, switching coolant pumps or the spindle on and off. The spindle speed can be controlled in 255 steps. <\/p>\n\n\n\n<p class=\"translation-block\">Our CNC controllers allow the connection of an electronic <a href=\"https:\/\/cncgraf.com\/en\/handrad\/\" data-type=\"page\" data-id=\"16\" target=\"_self\">handwheel<\/a> for direct machine control. They also support a dual drive for the X\/X2 or Y\/Y2 axes.<\/p>\n\n\n\n<div class=\"wp-block-rank-math-toc-block\" style=\"padding-right:var(--wp--preset--spacing--30);padding-left:var(--wp--preset--spacing--30)\" id=\"rank-math-toc\"><h4>Overview: Our CNC controllers<\/h4><nav><ul><li class=\"\"><a href=\"#smc-5-d-m-4-pro-cnc-controller-fur-anspruchsvolle-anwendungen\">smc5d-m4 pro: CNC controller for demanding applications<\/a><\/li><li class=\"\"><a href=\"#smc-5-d-m-4-lan-mittelklasse-cnc-controllermit-ethernet-anschluss\">smc5d-m4 lan: Mid-range CNC controller\nwith Ethernet connection<\/a><\/li><li class=\"\"><a href=\"#smc-5-d-p-32-einsteiger-cnc-controllermit-usb-anschluss\">smc5d-p32: Entry-level CNC controller\nwith USB connection<\/a><\/li><li class=\"\"><a href=\"#tabellarische-funktionsubersicht-cnc-controller\">Tabular overview of functions: CNC controller<\/a><\/li><\/ul><\/nav><\/div>\n\n\n\n<div style=\"height:10px\" aria-hidden=\"true\" class=\"wp-block-spacer\"><\/div>\n<\/div>\n\n\n\n<div style=\"height:10px\" aria-hidden=\"true\" class=\"wp-block-spacer\"><\/div>\n\n\n\n<div class=\"wp-block-group alignfull has-tertiary-background-color has-background has-global-padding is-layout-constrained wp-block-group-is-layout-constrained\">\n<hr class=\"wp-block-separator alignfull has-text-color has-cyan-bluish-gray-color has-alpha-channel-opacity has-cyan-bluish-gray-background-color has-background\"\/>\n\n\n\n<h3 class=\"wp-block-heading alignfull has-text-align-center has-tertiary-background-color has-background has-large-font-size\" id=\"smc-5-d-m-4-pro-cnc-controller-fur-anspruchsvolle-anwendungen\">smc5d-m4 pro: CNC controller for demanding applications<\/h3>\n\n\n\n<p>Our smc5d-m4 pro CNC controller has a modular structure and is designed for mounting on top-hat rails in the control cabinet. This enables quick and easy integration.<\/p>\n\n\n\n<div class=\"wp-block-columns is-layout-flex wp-container-core-columns-is-layout-28f84493 wp-block-columns-is-layout-flex\">\n<div class=\"wp-block-column is-layout-flow wp-block-column-is-layout-flow\">\n<figure class=\"wp-block-image aligncenter size-full\"><img loading=\"lazy\" decoding=\"async\" width=\"632\" height=\"400\" src=\"https:\/\/cncgraf.com\/wp-content\/uploads\/2023\/05\/smc5d-m4pro.png\" alt=\"CNC controller: smc5d-m4 pro\" class=\"wp-image-483\" srcset=\"https:\/\/cncgraf.com\/wp-content\/uploads\/2023\/05\/smc5d-m4pro.png 632w, https:\/\/cncgraf.com\/wp-content\/uploads\/2023\/05\/smc5d-m4pro-600x380.png 600w, https:\/\/cncgraf.com\/wp-content\/uploads\/2023\/05\/smc5d-m4pro-300x190.png 300w\" sizes=\"auto, (max-width: 632px) 100vw, 632px\" \/><\/figure>\n<\/div>\n\n\n\n<div class=\"wp-block-column is-layout-flow wp-block-column-is-layout-flow\">\n<figure class=\"wp-block-gallery has-nested-images columns-default wp-block-gallery-1 is-layout-flex wp-block-gallery-is-layout-flex\">\n<figure class=\"wp-block-image size-large\"><img loading=\"lazy\" decoding=\"async\" width=\"929\" height=\"1024\" data-id=\"527\" src=\"https:\/\/cncgraf.com\/wp-content\/uploads\/2023\/05\/dac_gimp-929x1024.png\" alt=\"Extension DAC Expansion 0-10V for CNC controller smc5d-m4 pro\" class=\"wp-image-527\" srcset=\"https:\/\/cncgraf.com\/wp-content\/uploads\/2023\/05\/dac_gimp-929x1024.png 929w, https:\/\/cncgraf.com\/wp-content\/uploads\/2023\/05\/dac_gimp-600x661.png 600w, https:\/\/cncgraf.com\/wp-content\/uploads\/2023\/05\/dac_gimp-272x300.png 272w, https:\/\/cncgraf.com\/wp-content\/uploads\/2023\/05\/dac_gimp-768x846.png 768w, https:\/\/cncgraf.com\/wp-content\/uploads\/2023\/05\/dac_gimp-1394x1536.png 1394w, https:\/\/cncgraf.com\/wp-content\/uploads\/2023\/05\/dac_gimp-1859x2048.png 1859w\" sizes=\"auto, (max-width: 929px) 100vw, 929px\" \/><\/figure>\n\n\n\n<figure class=\"wp-block-image size-large is-style-default\"><img loading=\"lazy\" decoding=\"async\" width=\"1024\" height=\"635\" data-id=\"3382\" src=\"https:\/\/cncgraf.com\/wp-content\/uploads\/2023\/10\/io_gimp2-1024x635.png\" alt=\"CAN expansion I\/O extension for smc5d-m4 pro CNC controller\" class=\"wp-image-3382\"\/><\/figure>\n<\/figure>\n\n\n\n<p>CAN Expansion I\/O and DAC for smc5d-m4 pro<\/p>\n<\/div>\n<\/div>\n\n\n\n<p>This controller is the flagship of our controller family. It offers outstanding performance and versatility for demanding CNC applications.<\/p>\n\n\n\n<h5 class=\"wp-block-heading has-tertiary-background-color has-background\" id=\"smc-5-d-m-4-pro-technische-daten\">smc5d-m4 pro: Technical data<\/h5>\n\n\n\n<ul class=\"wp-block-list\">\n<li>In housing for switch cabinet with top-hat rail<\/li>\n\n\n\n<li>Power supply +24 Volt<\/li>\n\n\n\n<li>Clock and direction signals up to 300 kHz<\/li>\n\n\n\n<li>Step frequency as differential outputs for maximum interference immunity<\/li>\n\n\n\n<li>Interpolated journeys up to 6 axles + double drive X2\/Y2<\/li>\n\n\n\n<li>8 opto-isolated inputs and 4 relay outputs with LED display<\/li>\n\n\n\n<li>Communication via Ethernet (LAN) or USB 2.0 (compatible with USB 3.0)<\/li>\n\n\n\n<li class=\"translation-block\">RS485 or CAN connection for <a href=\"https:\/\/cncgraf.com\/en\/handrad\/\" data-type=\"page\" data-id=\"16\" target=\"_self\">handwheel<\/a><\/li>\n\n\n\n<li>Micro SD card slot<\/li>\n\n\n\n<li>CAN communication between the modules<\/li>\n\n\n\n<li>Up to six I\/O modules and up to four DAC modules can be connected<\/li>\n\n\n\n<li class=\"translation-block\">Requires at least cncGraF v7.1 Pro (Free <a href=\"https:\/\/cncgraf.com\/en\/downloads\/\" data-type=\"page\" data-id=\"24\" target=\"_self\">download<\/a>)<\/li>\n<\/ul>\n\n\n\n<div class=\"wp-block-buttons is-content-justification-center is-layout-flex wp-container-core-buttons-is-layout-a89b3969 wp-block-buttons-is-layout-flex\">\n<div class=\"wp-block-button is-style-fill\"><a class=\"wp-block-button__link has-text-align-center wp-element-button\" href=\"https:\/\/web.boenigk-electronics.com\/download\/docs\/smc5dm4\/smc5d_m4_system.pdf\" target=\"_blank\" rel=\"noreferrer noopener\"><strong><img loading=\"lazy\" decoding=\"async\" width=\"51\" height=\"51\" class=\"wp-image-1147\" style=\"width: 51px;\" src=\"https:\/\/cncgraf.com\/wp-content\/uploads\/2023\/05\/pdf.png\" alt=\"\">Download - Documentation<\/strong><\/a><\/div>\n<\/div>\n\n\n\n<div style=\"height:10px\" aria-hidden=\"true\" class=\"wp-block-spacer\"><\/div>\n\n\n\n<hr class=\"wp-block-separator alignfull has-text-color has-cyan-bluish-gray-color has-alpha-channel-opacity has-cyan-bluish-gray-background-color has-background\"\/>\n<\/div>\n\n\n\n<div class=\"wp-block-group alignfull has-global-padding is-layout-constrained wp-block-group-is-layout-constrained\">\n<h3 class=\"wp-block-heading alignfull has-text-align-center has-large-font-size\" id=\"smc-5-d-m-4-lan-mittelklasse-cnc-controllermit-ethernet-anschluss\">smc5d-m4 lan: Mid-range CNC controller<br>with Ethernet connection<\/h3>\n\n\n\n<p>Our smc5d-m4 lan CNC controller is our mid-range version. This controller is based on our smc5d-m4 pro control cabinet model and has an Ethernet connection. <\/p>\n\n\n\n<figure class=\"wp-block-image aligncenter size-full is-resized\"><img loading=\"lazy\" decoding=\"async\" width=\"711\" height=\"400\" src=\"https:\/\/cncgraf.com\/wp-content\/uploads\/2023\/05\/smc5d-m4lan.png\" alt=\"smc5d-m4 lan: Mid-range CNC controller with Ethernet connection\" class=\"wp-image-484\" style=\"width:489px;height:275px\" srcset=\"https:\/\/cncgraf.com\/wp-content\/uploads\/2023\/05\/smc5d-m4lan.png 711w, https:\/\/cncgraf.com\/wp-content\/uploads\/2023\/05\/smc5d-m4lan-600x338.png 600w, https:\/\/cncgraf.com\/wp-content\/uploads\/2023\/05\/smc5d-m4lan-300x169.png 300w\" sizes=\"auto, (max-width: 711px) 100vw, 711px\" \/><\/figure>\n\n\n\n<p>It therefore offers solid performance and connectivity for a wide range of applications.<\/p>\n\n\n\n<h5 class=\"wp-block-heading has-text-align-left\" id=\"technische-daten\">Technical data<\/h5>\n\n\n\n<ul class=\"wp-block-list\">\n<li>Communication via Ethernet or USB-C<\/li>\n\n\n\n<li>Clock and direction signals up to 300 kHz<\/li>\n\n\n\n<li>Interpolated journeys up to 5 axles + double drive X2 \/Y2<\/li>\n\n\n\n<li class=\"translation-block\">RS485 connection for <a href=\"https:\/\/cncgraf.com\/en\/handrad\/\" data-type=\"page\" data-id=\"16\" target=\"_self\">handwheel<\/a><\/li>\n\n\n\n<li>24 protected inputs and outputs<\/li>\n\n\n\n<li>All inputs on CON2 and CON3 are optoisolated<\/li>\n\n\n\n<li>External power supply 5 Volt<\/li>\n\n\n\n<li>Spindle speed via analogue output (requires DAC-INT-10V)<\/li>\n\n\n\n<li>Product dimensions in millimetres L\/W\/H (113mm \/ 71mm \/ 11mm)<\/li>\n\n\n\n<li class=\"translation-block\">Requires at least cncGraF v7.1 Pro (Free <a href=\"https:\/\/cncgraf.com\/en\/downloads\/\" data-type=\"page\" data-id=\"24\" target=\"_self\">download<\/a>)<\/li>\n<\/ul>\n\n\n\n<div class=\"wp-block-buttons is-content-justification-center is-layout-flex wp-container-core-buttons-is-layout-a89b3969 wp-block-buttons-is-layout-flex\">\n<div class=\"wp-block-button\"><a class=\"wp-block-button__link wp-element-button\" href=\"https:\/\/web.boenigk-electronics.com\/download\/docs\/smc5dm4\/smc5dm4_lanc%20.pdf\" target=\"_blank\" rel=\"noreferrer noopener\"><img loading=\"lazy\" decoding=\"async\" width=\"51\" height=\"51\" class=\"wp-image-1147\" style=\"width: 51px;\" src=\"https:\/\/cncgraf.com\/wp-content\/uploads\/2023\/05\/pdf.png\" alt=\"\"><strong>Download - Documentation<\/strong><\/a><\/div>\n<\/div>\n\n\n\n<div style=\"height:10px\" aria-hidden=\"true\" class=\"wp-block-spacer\"><\/div>\n<\/div>\n\n\n\n<div class=\"wp-block-group alignfull has-tertiary-background-color has-background has-global-padding is-layout-constrained wp-block-group-is-layout-constrained\">\n<hr class=\"wp-block-separator alignfull has-text-color has-cyan-bluish-gray-color has-alpha-channel-opacity has-cyan-bluish-gray-background-color has-background\"\/>\n\n\n\n<h3 class=\"wp-block-heading alignfull has-text-align-center has-tertiary-background-color has-background has-large-font-size\" id=\"smc-5-d-p-32-einsteiger-cnc-controllermit-usb-anschluss\">smc5d-p32: Entry-level CNC controller<br>with USB connection<\/h3>\n\n\n\n<p>The smc5d-p32 controller is our entry-level model. This controller has a USB connection and enables control of CNC machines with up to 5 axes.<\/p>\n\n\n\n<figure class=\"wp-block-image aligncenter size-full is-resized\"><img loading=\"lazy\" decoding=\"async\" width=\"644\" height=\"400\" src=\"https:\/\/cncgraf.com\/wp-content\/uploads\/2023\/05\/smc5d-p32.png\" alt=\"smc5d-p32: Entry-level CNC controller with USB connection\" class=\"wp-image-485\" style=\"width:516px;height:319px\" srcset=\"https:\/\/cncgraf.com\/wp-content\/uploads\/2023\/05\/smc5d-p32.png 644w, https:\/\/cncgraf.com\/wp-content\/uploads\/2023\/05\/smc5d-p32-600x373.png 600w, https:\/\/cncgraf.com\/wp-content\/uploads\/2023\/05\/smc5d-p32-300x186.png 300w\" sizes=\"auto, (max-width: 644px) 100vw, 644px\" \/><\/figure>\n\n\n\n<h5 class=\"wp-block-heading has-tertiary-background-color has-background\" id=\"technische-daten-1\">Technical data<\/h5>\n\n\n\n<ul class=\"wp-block-list\">\n<li>Power supply 5 Volt<\/li>\n\n\n\n<li>Clock and direction signals up to 150 kHz<\/li>\n\n\n\n<li>Interpolated journeys up to 5 axles + double drive X2 \/Y2<\/li>\n\n\n\n<li>Communication via USB 2.0 (compatible with USB 3.0)<\/li>\n\n\n\n<li class=\"translation-block\">RS485 connection for <a href=\"https:\/\/cncgraf.com\/en\/handrad\/\" data-type=\"page\" data-id=\"16\" target=\"_self\">handwheel<\/a><\/li>\n\n\n\n<li>24 protected inputs and outputs<\/li>\n\n\n\n<li>All inputs on CON2, CON3 and CON4 are optoisolated<\/li>\n\n\n\n<li>Spindle speed via analogue output (requires DAC-INT-10V)<\/li>\n\n\n\n<li class=\"translation-block\">Requires cncGraF Std\/Pro (Free <a href=\"https:\/\/cncgraf.com\/en\/downloads\/\" data-type=\"page\" data-id=\"24\" target=\"_self\">download<\/a>)<\/li>\n<\/ul>\n\n\n\n<div class=\"wp-block-buttons is-content-justification-center is-layout-flex wp-container-core-buttons-is-layout-a89b3969 wp-block-buttons-is-layout-flex\">\n<div class=\"wp-block-button\"><a class=\"wp-block-button__link wp-element-button\" href=\"https:\/\/web.boenigk-electronics.com\/download\/docs\/smc5dp32\/smc5d-p32_v6b.pdf\" target=\"_blank\" rel=\"noreferrer noopener\"><img loading=\"lazy\" decoding=\"async\" width=\"51\" height=\"51\" class=\"wp-image-1147\" style=\"width: 51px;\" src=\"https:\/\/cncgraf.com\/wp-content\/uploads\/2023\/05\/pdf.png\" alt=\"\"> <strong>Download - Documentation<\/strong><\/a><\/div>\n<\/div>\n\n\n\n<div style=\"height:10px\" aria-hidden=\"true\" class=\"wp-block-spacer\"><\/div>\n\n\n\n<hr class=\"wp-block-separator alignfull has-text-color has-cyan-bluish-gray-color has-alpha-channel-opacity has-cyan-bluish-gray-background-color has-background\"\/>\n<\/div>\n\n\n\n<div class=\"wp-block-group alignfull has-global-padding is-layout-constrained wp-block-group-is-layout-constrained\">\n<h3 class=\"wp-block-heading alignfull has-text-align-center has-large-font-size\" id=\"tabellarische-funktionsubersicht-cnc-controller\">Tabular overview of functions: CNC controller<\/h3>\n\n\n\n<figure class=\"wp-block-table is-style-stripes\"><table><thead><tr><th class=\"has-text-align-center\" data-align=\"center\"><strong>Controller<\/strong><\/th><th class=\"has-text-align-center\" data-align=\"center\"><strong>smc5d-m4 pro<\/strong><\/th><th class=\"has-text-align-center\" data-align=\"center\"><strong>smc5d-m4 lan<\/strong><\/th><th class=\"has-text-align-center\" data-align=\"center\"><strong>smc5d-p32<\/strong><\/th><\/tr><\/thead><tbody><tr><td class=\"has-text-align-center\" data-align=\"center\">Clock frequency<\/td><td class=\"has-text-align-center\" data-align=\"center\">up to 300 kHz<\/td><td class=\"has-text-align-center\" data-align=\"center\">up to 300 kHz<\/td><td class=\"has-text-align-center\" data-align=\"center\">up to 150 kHz<\/td><\/tr><tr><td class=\"has-text-align-center\" data-align=\"center\">Number of axles<\/td><td class=\"has-text-align-center\" data-align=\"center\">6<\/td><td class=\"has-text-align-center\" data-align=\"center\">5<\/td><td class=\"has-text-align-center\" data-align=\"center\"> up to 5<\/td><\/tr><tr><td class=\"has-text-align-center\" data-align=\"center\">Double drive X2\/Y2<\/td><td class=\"has-text-align-center\" data-align=\"center\">Yes<\/td><td class=\"has-text-align-center\" data-align=\"center\">Yes<\/td><td class=\"has-text-align-center\" data-align=\"center\">Yes<\/td><\/tr><tr><td class=\"has-text-align-center translation-block\" data-align=\"center\">Modular design for top-hat rail mounting <br>in the control cabinet<\/td><td class=\"has-text-align-center\" data-align=\"center\">Yes<\/td><td class=\"has-text-align-center\" data-align=\"center\">\u2013<\/td><td class=\"has-text-align-center\" data-align=\"center\">\u2013<\/td><\/tr><tr><td class=\"has-text-align-center\" data-align=\"center\">LED display for inputs\/outputs<\/td><td class=\"has-text-align-center\" data-align=\"center\">Yes<\/td><td class=\"has-text-align-center\" data-align=\"center\">\u2013<\/td><td class=\"has-text-align-center\" data-align=\"center\">\u2013<\/td><\/tr><tr><td class=\"has-text-align-center\" data-align=\"center\">Power supply<\/td><td class=\"has-text-align-center\" data-align=\"center\">24 Volt DC<br>external<\/td><td class=\"has-text-align-center\" data-align=\"center\">5 Volt DC external<\/td><td class=\"has-text-align-center\" data-align=\"center\">5 Volt DC external\/USB<\/td><\/tr><tr><td class=\"has-text-align-center\" data-align=\"center\">&nbsp;Number of outputs<\/td><td class=\"has-text-align-center\" data-align=\"center\">4,expandable up to 124<\/td><td class=\"has-text-align-center\" data-align=\"center\">24<\/td><td class=\"has-text-align-center\" data-align=\"center\">24<\/td><\/tr><tr><td class=\"has-text-align-center\" data-align=\"center\">Optoisolated outputs<\/td><td class=\"has-text-align-center\" data-align=\"center\">Yes<\/td><td class=\"has-text-align-center\" data-align=\"center\">Yes<\/td><td class=\"has-text-align-center\" data-align=\"center\">Yes<\/td><\/tr><tr><td class=\"has-text-align-center\" data-align=\"center\">Number of inputs<\/td><td class=\"has-text-align-center\" data-align=\"center\">8, expandable up to 104<\/td><td class=\"has-text-align-center\" data-align=\"center\">24<\/td><td class=\"has-text-align-center\" data-align=\"center\">24<\/td><\/tr><tr><td class=\"has-text-align-center\" data-align=\"center\">Analogue outputs<\/td><td class=\"has-text-align-center translation-block\" data-align=\"center\">Expandable,<br>up to 8 outputs<\/td><td class=\"has-text-align-center\" data-align=\"center\">3 Outputs<\/td><td class=\"has-text-align-center\" data-align=\"center\">3 Outputs<\/td><\/tr><tr><td class=\"has-text-align-center\" data-align=\"center\">Analogue inputs<\/td><td class=\"has-text-align-center translation-block\" data-align=\"center\">Expandable,<br>up to 8 inputs<\/td><td class=\"has-text-align-center\" data-align=\"center\">\u2013<\/td><td class=\"has-text-align-center\" data-align=\"center\">\u2013<\/td><\/tr><tr><td class=\"has-text-align-center translation-block\" data-align=\"center\">Connection of the <a href=\"https:\/\/cncgraf.com\/en\/handrad\/\" data-type=\"page\" data-id=\"16\" target=\"_self\">handwheel<\/a><\/td><td class=\"has-text-align-center\" data-align=\"center\">Yes<\/td><td class=\"has-text-align-center\" data-align=\"center\">Yes<\/td><td class=\"has-text-align-center\" data-align=\"center\">Yes<\/td><\/tr><tr><td class=\"has-text-align-center\" data-align=\"center\">Firmware updates<\/td><td class=\"has-text-align-center\" data-align=\"center\">Yes<\/td><td class=\"has-text-align-center\" data-align=\"center\">Yes<\/td><td class=\"has-text-align-center\" data-align=\"center\">Yes<\/td><\/tr><tr><td class=\"has-text-align-center\" data-align=\"center\">Software<\/td><td class=\"has-text-align-center\" data-align=\"center\">cncGraF Pro<\/td><td class=\"has-text-align-center\" data-align=\"center\">cncGraF Pro<\/td><td class=\"has-text-align-center\" data-align=\"center\">cncGraF Std\/Pro<\/td><\/tr><\/tbody><\/table><\/figure>\n\n\n\n<p>All information is provided without guarantee or claim to completeness.<\/p>\n\n\n\n<div style=\"height:10px\" aria-hidden=\"true\" class=\"wp-block-spacer\"><\/div>\n<\/div>","protected":false},"excerpt":{"rendered":"<p>Leistungsstarke CNC-Controller bis 6 Achsen Die Hauptaufgabe eines CNC-Controllers besteht darin, Takt- und Richtungssignale f\u00fcr Schrittmotoren zu erzeugen, da dies in Echtzeit unter Windows nicht m\u00f6glich ist. Je nach Controller betr\u00e4gt die Schrittfrequenz bis zu 300 kHz f\u00fcr interpolierte Bewegungen von bis zu 6 Achsen. Unsere CNC-Controller verf\u00fcgen \u00fcber mehrere gesch\u00fctzte digitale Ein- und Ausg\u00e4nge [&hellip;]<\/p>\n","protected":false},"author":1,"featured_media":0,"parent":0,"menu_order":0,"comment_status":"closed","ping_status":"closed","template":"","meta":{"footnotes":""},"class_list":["post-14","page","type-page","status-publish","hentry"],"_links":{"self":[{"href":"https:\/\/cncgraf.com\/en\/wp-json\/wp\/v2\/pages\/14","targetHints":{"allow":["GET"]}}],"collection":[{"href":"https:\/\/cncgraf.com\/en\/wp-json\/wp\/v2\/pages"}],"about":[{"href":"https:\/\/cncgraf.com\/en\/wp-json\/wp\/v2\/types\/page"}],"author":[{"embeddable":true,"href":"https:\/\/cncgraf.com\/en\/wp-json\/wp\/v2\/users\/1"}],"replies":[{"embeddable":true,"href":"https:\/\/cncgraf.com\/en\/wp-json\/wp\/v2\/comments?post=14"}],"version-history":[{"count":0,"href":"https:\/\/cncgraf.com\/en\/wp-json\/wp\/v2\/pages\/14\/revisions"}],"wp:attachment":[{"href":"https:\/\/cncgraf.com\/en\/wp-json\/wp\/v2\/media?parent=14"}],"curies":[{"name":"wp","href":"https:\/\/api.w.org\/{rel}","templated":true}]}}