{"id":24,"date":"2023-04-24T21:48:12","date_gmt":"2023-04-24T19:48:12","guid":{"rendered":"https:\/\/cncgraf.com\/?page_id=24"},"modified":"2026-04-27T10:01:58","modified_gmt":"2026-04-27T08:01:58","slug":"download-cncgraf-cnc-control-software","status":"publish","type":"page","link":"https:\/\/cncgraf.com\/en\/download-cncgraf-cnc-steuerungssoftware\/","title":{"rendered":"Download: cncGraF CNC Control Software"},"content":{"rendered":"<div class=\"wp-block-group alignfull has-tertiary-background-color has-background has-global-padding is-layout-constrained wp-block-group-is-layout-constrained\">\n<div style=\"height:30px\" aria-hidden=\"true\" class=\"wp-block-spacer\"><\/div>\n\n\n\n<h1 class=\"wp-block-heading has-text-align-center has-tertiary-background-color has-background has-large-font-size translation-block\" id=\"download-cnc-gra-f-cnc-steuerungssoftware\">Download cncGraF\nCNC Control Software<\/h1>\n\n\n\n<hr class=\"wp-block-separator alignfull has-text-color has-cyan-bluish-gray-color has-alpha-channel-opacity has-cyan-bluish-gray-background-color has-background\"\/>\n<\/div>\n\n\n\n<div class=\"wp-block-group alignfull has-global-padding is-layout-constrained wp-block-group-is-layout-constrained\">\n<h2 class=\"wp-block-heading alignfull has-text-align-center has-base-background-color has-background has-large-font-size\" id=\"download-cnc-gra-f-8-software-fur-controller-smc-5-d-p-32-m-4\">Download cncGraF 8: Software for controller smc5d-p32\/m4<\/h2>\n\n\n\n<p><strong>cncGraF 8.0.203 Std\/Pro<\/strong> for Windows 10\/11 (64-bit)<\/p>\n\n\n\n<div class=\"wp-block-columns is-layout-flex wp-container-core-columns-is-layout-28f84493 wp-block-columns-is-layout-flex\">\n<div class=\"wp-block-column is-layout-flow wp-block-column-is-layout-flow\">\n<figure class=\"wp-block-image aligncenter size-large\"><img loading=\"lazy\" decoding=\"async\" width=\"1024\" height=\"576\" src=\"https:\/\/cncgraf.com\/wp-content\/uploads\/2023\/05\/h1-1024x576.jpg\" alt=\"Download cncGraF 8: CNC Control Software\" class=\"wp-image-845\" style=\"aspect-ratio:1.776978417266187\" srcset=\"https:\/\/cncgraf.com\/wp-content\/uploads\/2023\/05\/h1-1024x576.jpg 1024w, https:\/\/cncgraf.com\/wp-content\/uploads\/2023\/05\/h1-600x338.jpg 600w, https:\/\/cncgraf.com\/wp-content\/uploads\/2023\/05\/h1-300x169.jpg 300w, https:\/\/cncgraf.com\/wp-content\/uploads\/2023\/05\/h1-768x432.jpg 768w, https:\/\/cncgraf.com\/wp-content\/uploads\/2023\/05\/h1-1536x864.jpg 1536w, https:\/\/cncgraf.com\/wp-content\/uploads\/2023\/05\/h1.jpg 1920w\" sizes=\"auto, (max-width: 1024px) 100vw, 1024px\" \/><\/figure>\n<\/div>\n\n\n\n<div class=\"wp-block-column is-layout-flow wp-block-column-is-layout-flow\">\n<div class=\"wp-block-buttons is-vertical is-content-justification-left is-layout-flex wp-container-core-buttons-is-layout-dd225191 wp-block-buttons-is-layout-flex\">\n<div class=\"wp-block-button\"><a class=\"wp-block-button__link wp-element-button\" href=\"https:\/\/web.boenigk-electronics.com\/download\/cncgraf\/800\/cncgraf8.0.203.setup.exe\" target=\"_blank\" rel=\"noopener\">download<\/a><\/div>\n\n\n\n<div class=\"wp-block-button\"><a class=\"wp-block-button__link wp-element-button\" href=\"https:\/\/web.boenigk-electronics.com\/download\/cncgraf\/800\/readme8.pdf\" target=\"_blank\" rel=\"noreferrer noopener\"><img loading=\"lazy\" decoding=\"async\" width=\"51\" height=\"51\" class=\"wp-image-1147\" style=\"width: 51px;\" src=\"https:\/\/cncgraf.com\/wp-content\/uploads\/2023\/05\/pdf.png\" alt=\"\"> <strong>readme8.pdf<\/strong><\/a><\/div>\n<\/div>\n<\/div>\n<\/div>\n\n\n\n<p>cncGraF 8 is the successor to cncGraF v7.1. The update is free of charge for all cncGraF users.<\/p>\n\n\n\n<p class=\"translation-block\">You can find out how to upgrade to <strong>cncGraF 8<\/strong> <a href=\"https:\/\/cncgraf.com\/en\/product-category-2\/cnc-shop-all-products\/software\/cncgraf-upgrade\/\" data-type=\"product_cat\" data-id=\"153\" target=\"_self\">here<\/a>.<\/p>\n\n\n\n<div class=\"wp-block-buttons is-horizontal is-content-justification-left is-layout-flex wp-container-core-buttons-is-layout-cf2d9c75 wp-block-buttons-is-layout-flex\">\n<div class=\"wp-block-button\"><a class=\"wp-block-button__link wp-element-button\" href=\"https:\/\/web.boenigk-electronics.com\/download\/cncgraf\/800\/cncgraf-de.pdf\" target=\"_blank\" rel=\"noreferrer noopener\"><img loading=\"lazy\" decoding=\"async\" width=\"51\" height=\"51\" class=\"wp-image-1147\" style=\"width: 51px;\" src=\"https:\/\/cncgraf.com\/wp-content\/uploads\/2023\/05\/pdf.png\" alt=\"\"> Manual<\/a><\/div>\n\n\n\n<div class=\"wp-block-button\"><a class=\"wp-block-button__link wp-element-button\" href=\"https:\/\/web.boenigk-electronics.com\/download\/cncgraf\/800\/cncgraf-en.pdf\" target=\"_blank\" rel=\"noreferrer noopener\"><img loading=\"lazy\" decoding=\"async\" width=\"51\" height=\"51\" class=\"wp-image-1147\" style=\"width: 51px;\" src=\"https:\/\/cncgraf.com\/wp-content\/uploads\/2023\/05\/pdf.png\" alt=\"\"> <strong>Manual (EN) <\/strong><\/a><\/div>\n\n\n\n<div class=\"wp-block-button\"><a class=\"wp-block-button__link wp-element-button\" href=\"https:\/\/web.boenigk-electronics.com\/download\/cncgraf\/800\/cncgraf-pl.pdf\" target=\"_blank\" rel=\"noreferrer noopener\"><img loading=\"lazy\" decoding=\"async\" width=\"51\" height=\"51\" class=\"wp-image-1147\" style=\"width: 51px;\" src=\"https:\/\/cncgraf.com\/wp-content\/uploads\/2023\/05\/pdf.png\" alt=\"\"> <strong>Manual<\/strong><\/a><\/div>\n<\/div>\n\n\n\n<div style=\"height:10px\" aria-hidden=\"true\" class=\"wp-block-spacer\"><\/div>\n<\/div>\n\n\n\n<div class=\"wp-block-group alignfull has-tertiary-background-color has-background has-global-padding is-layout-constrained wp-block-group-is-layout-constrained\">\n<hr class=\"wp-block-separator alignfull has-text-color has-cyan-bluish-gray-color has-alpha-channel-opacity has-cyan-bluish-gray-background-color has-background\"\/>\n\n\n\n<h2 class=\"wp-block-heading alignfull has-text-align-center has-tertiary-background-color has-background has-large-font-size\" id=\"download-cnc-gra-f-7-1-software-fur-controller-smc-5-d-p-32-m-4\">Download cncGraF 7.1: Software for controller smc5d-p32\/m4<\/h2>\n\n\n\n<p class=\"translation-block\">**Note**: This is the final version of cncGraF 7.1. This version will no longer be supported. To continue receiving support and updates, please upgrade to cncGraF 8 free of charge.<\/p>\n\n\n\n<p class=\"translation-block\">You can find out how to upgrade to <strong>cncGraF 8<\/strong> <a href=\"https:\/\/cncgraf.com\/en\/product-category-2\/cnc-shop-all-products\/software\/cncgraf-upgrade\/\" data-type=\"product_cat\" data-id=\"153\" target=\"_self\">here<\/a>.<\/p>\n\n\n\n<div class=\"wp-block-columns is-layout-flex wp-container-core-columns-is-layout-28f84493 wp-block-columns-is-layout-flex\">\n<div class=\"wp-block-column is-layout-flow wp-block-column-is-layout-flow\" style=\"flex-basis:260px\">\n<figure class=\"wp-block-image aligncenter size-full is-resized\"><img loading=\"lazy\" decoding=\"async\" width=\"344\" height=\"194\" src=\"https:\/\/cncgraf.com\/wp-content\/uploads\/2023\/05\/cncgraf71.jpg\" alt=\"Main window of cncGraF 7.1: CNC control software\" class=\"wp-image-1063\" style=\"width:258px;height:146px\" srcset=\"https:\/\/cncgraf.com\/wp-content\/uploads\/2023\/05\/cncgraf71.jpg 344w, https:\/\/cncgraf.com\/wp-content\/uploads\/2023\/05\/cncgraf71-300x169.jpg 300w\" sizes=\"auto, (max-width: 344px) 100vw, 344px\" \/><\/figure>\n<\/div>\n\n\n\n<div class=\"wp-block-column is-layout-flow wp-block-column-is-layout-flow\">\n<p>cncGraF 7.1.112 Std\/Pro (32- and 64-bit versions) for Windows 7\/8\/10\/11<\/p>\n\n\n\n<div class=\"wp-block-buttons is-content-justification-center is-layout-flex wp-container-core-buttons-is-layout-a89b3969 wp-block-buttons-is-layout-flex\">\n<div class=\"wp-block-button\"><a class=\"wp-block-button__link wp-element-button\" href=\"https:\/\/web.boenigk-electronics.com\/download\/cncgraf\/701\/cncgraf7.1.112.setup.exe\" target=\"_blank\" rel=\"noopener\"><strong>DOWNLOAD<\/strong><\/a><\/div>\n\n\n\n<div class=\"wp-block-button\"><a class=\"wp-block-button__link wp-element-button\" href=\"https:\/\/web.boenigk-electronics.com\/download\/cncgraf\/701\/readme.pdf\" target=\"_blank\" rel=\"noreferrer noopener\"><img loading=\"lazy\" decoding=\"async\" width=\"51\" height=\"51\" class=\"wp-image-1147\" style=\"width: 51px;\" src=\"https:\/\/cncgraf.com\/wp-content\/uploads\/2023\/05\/pdf.png\" alt=\"\"> <strong>readme.pdf<\/strong><\/a><\/div>\n\n\n\n<div class=\"wp-block-button\"><a class=\"wp-block-button__link wp-element-button\" href=\"https:\/\/web.boenigk-electronics.com\/download\/cncgraf\/701\/cncgraf-de.pdf\" target=\"_blank\" rel=\"noreferrer noopener\"><img loading=\"lazy\" decoding=\"async\" width=\"51\" height=\"51\" class=\"wp-image-1147\" style=\"width: 51px;\" src=\"https:\/\/cncgraf.com\/wp-content\/uploads\/2023\/05\/pdf.png\" alt=\"\"> <strong>Manual<\/strong><\/a><\/div>\n<\/div>\n<\/div>\n<\/div>\n\n\n\n<p class=\"translation-block\">cncGraF 7.1 is the successor to <em>cncGraF v7.0<\/em>. The update is free for all cncGraF users.<\/p>\n\n\n\n<p class=\"translation-block\">**Caution:** Check the collet chuck output. If you are using an output higher than 7, the collet chuck output must be reset.<\/p>\n\n\n\n<div style=\"height:10px\" aria-hidden=\"true\" class=\"wp-block-spacer\"><\/div>\n\n\n\n<hr class=\"wp-block-separator alignfull has-text-color has-cyan-bluish-gray-color has-alpha-channel-opacity has-cyan-bluish-gray-background-color has-background\"\/>\n<\/div>\n\n\n\n<div class=\"wp-block-group alignfull has-global-padding is-layout-constrained wp-block-group-is-layout-constrained\">\n<h3 class=\"wp-block-heading alignfull has-text-align-center has-base-background-color has-background has-large-font-size\" id=\"download-usb-treiber-fur-smc-5-d-p-32-m-4\">Download USB drivers for smc5d-p32\/m4<\/h3>\n\n\n\n<p>If you wish to install the USB drivers manually, <br>you will find these in the programme directory (here cncGraF 8):  <br><em>\u201ec:\\program files\\boenigk\\cncgraf8\\driver\u201c <\/em><br><br>You can download the USB drivers here too.<\/p>\n\n\n\n<div class=\"wp-block-buttons is-content-justification-left is-layout-flex wp-container-core-buttons-is-layout-fc4fd283 wp-block-buttons-is-layout-flex\">\n<div class=\"wp-block-button\"><a class=\"wp-block-button__link wp-element-button\" href=\"https:\/\/web.boenigk-electronics.com\/download\/smc5dw.zip\" target=\"_blank\" rel=\"noreferrer noopener\"><strong>DOWNLOAD<\/strong><\/a><\/div>\n<\/div>\n\n\n\n<p><img loading=\"lazy\" decoding=\"async\" width=\"24\" height=\"24\" class=\"wp-image-1775\" style=\"width: 24px;\" src=\"https:\/\/cncgraf.com\/wp-content\/uploads\/2023\/08\/info.png\" alt=\"\"> <strong>Tip:<\/strong> You can also have the USB drivers installed automatically. At the end of the installation, please tick the box for \u201eInstall USB drivers\u201c (see screenshot below).<\/p>\n\n\n\n<figure class=\"wp-block-image aligncenter size-full is-resized\"><img loading=\"lazy\" decoding=\"async\" width=\"598\" height=\"464\" src=\"https:\/\/cncgraf.com\/wp-content\/uploads\/2023\/05\/usb_driver_install.jpg\" alt=\"\" class=\"wp-image-1074\" style=\"width:449px;height:348px\" srcset=\"https:\/\/cncgraf.com\/wp-content\/uploads\/2023\/05\/usb_driver_install.jpg 598w, https:\/\/cncgraf.com\/wp-content\/uploads\/2023\/05\/usb_driver_install-300x233.jpg 300w\" sizes=\"auto, (max-width: 598px) 100vw, 598px\" \/><\/figure>\n\n\n\n<div style=\"height:10px\" aria-hidden=\"true\" class=\"wp-block-spacer\"><\/div>\n<\/div>\n\n\n\n<div class=\"wp-block-group alignfull has-tertiary-background-color has-background has-global-padding is-layout-constrained wp-block-group-is-layout-constrained\">\n<hr class=\"wp-block-separator alignfull has-text-color has-cyan-bluish-gray-color has-alpha-channel-opacity has-cyan-bluish-gray-background-color has-background\"\/>\n\n\n\n<h2 class=\"wp-block-heading alignfull has-text-align-center has-tertiary-background-color has-background has-large-font-size\" id=\"altere-cnc-gra-f-versionen\">Older cncGraF versions<\/h2>\n\n\n\n<h5 class=\"wp-block-heading has-text-align-center has-tertiary-background-color has-background\" id=\"cnc-gra-f-7-0\">cncGraF 7.0<\/h5>\n\n\n\n<div class=\"wp-block-columns is-layout-flex wp-container-core-columns-is-layout-28f84493 wp-block-columns-is-layout-flex\">\n<div class=\"wp-block-column is-layout-flow wp-block-column-is-layout-flow\" style=\"flex-basis:250px\">\n<figure class=\"wp-block-image alignright size-full\"><img loading=\"lazy\" decoding=\"async\" width=\"231\" height=\"144\" src=\"https:\/\/cncgraf.com\/wp-content\/uploads\/2023\/05\/cncgraf7.png\" alt=\"\" class=\"wp-image-1102\"\/><\/figure>\n<\/div>\n\n\n\n<div class=\"wp-block-column is-layout-flow wp-block-column-is-layout-flow\">\n<p class=\"translation-block\">This version requires the smc5d controller. <br><a href=\"https:\/\/cncgraf.com\/en\/cncgraf-v-7-0\/\" data-type=\"page\" data-id=\"1084\" target=\"_self\">Click here to go to the download page\u2026<\/a><\/p>\n<\/div>\n<\/div>\n\n\n\n<div style=\"height:10px\" aria-hidden=\"true\" class=\"wp-block-spacer\"><\/div>\n\n\n\n<h5 class=\"wp-block-heading has-text-align-center has-tertiary-background-color has-background\" id=\"cnc-gra-f-6-93\">CncGraF 6.93<\/h5>\n\n\n\n<div class=\"wp-block-columns is-layout-flex wp-container-core-columns-is-layout-28f84493 wp-block-columns-is-layout-flex\">\n<div class=\"wp-block-column is-layout-flow wp-block-column-is-layout-flow\" style=\"flex-basis:250px\">\n<figure class=\"wp-block-image alignright size-full\"><img loading=\"lazy\" decoding=\"async\" width=\"240\" height=\"167\" src=\"https:\/\/cncgraf.com\/wp-content\/uploads\/2023\/05\/cncgraf6.png\" alt=\"\" class=\"wp-image-1103\"\/><\/figure>\n<\/div>\n\n\n\n<div class=\"wp-block-column is-layout-flow wp-block-column-is-layout-flow\">\n<p class=\"translation-block\">This version is the first version for the smc5d controller. <br><a href=\"https:\/\/cncgraf.com\/en\/cncgraf-v-6-93\/\" data-type=\"page\" data-id=\"1082\" target=\"_self\">Click here to go to the download page\u2026<\/a><\/p>\n<\/div>\n<\/div>\n\n\n\n<div style=\"height:10px\" aria-hidden=\"true\" class=\"wp-block-spacer\"><\/div>\n\n\n\n<h5 class=\"wp-block-heading has-text-align-center has-tertiary-background-color has-background\" id=\"cnc-gra-f-5-05\">cncGraF 5.05<\/h5>\n\n\n\n<div class=\"wp-block-columns is-layout-flex wp-container-core-columns-is-layout-28f84493 wp-block-columns-is-layout-flex\">\n<div class=\"wp-block-column is-layout-flow wp-block-column-is-layout-flow\" style=\"flex-basis:250px\">\n<figure class=\"wp-block-image alignright size-full\"><img loading=\"lazy\" decoding=\"async\" width=\"210\" height=\"156\" src=\"https:\/\/cncgraf.com\/wp-content\/uploads\/2023\/05\/cncgraf5.jpeg\" alt=\"\" class=\"wp-image-1104\"\/><\/figure>\n<\/div>\n\n\n\n<div class=\"wp-block-column is-layout-flow wp-block-column-is-layout-flow\">\n<p class=\"translation-block\">cncGraF Version 5.05 uses the smc4d controller, which was sold until 2010. This is the last version for this controller type.<br><a href=\"https:\/\/cncgraf.com\/en\/cncgraf-v-5\/\" data-type=\"page\" data-id=\"1090\" target=\"_self\">Click here to go to the download page... <\/a><\/p>\n<\/div>\n<\/div>\n\n\n\n<div style=\"height:10px\" aria-hidden=\"true\" class=\"wp-block-spacer\"><\/div>\n\n\n\n<hr class=\"wp-block-separator alignfull has-text-color has-cyan-bluish-gray-color has-alpha-channel-opacity has-cyan-bluish-gray-background-color has-background\"\/>\n<\/div>\n\n\n\n<div style=\"height:100px\" aria-hidden=\"true\" class=\"wp-block-spacer\"><\/div>","protected":false},"excerpt":{"rendered":"<p>Download cncGraF CNC- Steuerungssoftware Download cncGraF 8: Software f\u00fcr Controller smc5d-p32\/m4 cncGraF 8.0.203 Std\/Pro f\u00fcr Windows 10\/11 (64-Bit) cncGraF 8 ist&nbsp;Nachfolger&nbsp;von&nbsp;cncGraF v7.1.&nbsp;Das Update ist f\u00fcr alle cncGraF Benutzer kostenlos. Wie Sie ein Upgrade auf cncGraF 8 durchf\u00fchren, erfahren Sie hier. Download cncGraF 7.1: Software f\u00fcr Controller smc5d-p32\/m4 Hinweis: Dies ist die letzte Version von cncGraF [&hellip;]<\/p>\n","protected":false},"author":1,"featured_media":0,"parent":0,"menu_order":0,"comment_status":"closed","ping_status":"closed","template":"","meta":{"footnotes":""},"class_list":["post-24","page","type-page","status-publish","hentry"],"_links":{"self":[{"href":"https:\/\/cncgraf.com\/en\/wp-json\/wp\/v2\/pages\/24","targetHints":{"allow":["GET"]}}],"collection":[{"href":"https:\/\/cncgraf.com\/en\/wp-json\/wp\/v2\/pages"}],"about":[{"href":"https:\/\/cncgraf.com\/en\/wp-json\/wp\/v2\/types\/page"}],"author":[{"embeddable":true,"href":"https:\/\/cncgraf.com\/en\/wp-json\/wp\/v2\/users\/1"}],"replies":[{"embeddable":true,"href":"https:\/\/cncgraf.com\/en\/wp-json\/wp\/v2\/comments?post=24"}],"version-history":[{"count":0,"href":"https:\/\/cncgraf.com\/en\/wp-json\/wp\/v2\/pages\/24\/revisions"}],"wp:attachment":[{"href":"https:\/\/cncgraf.com\/en\/wp-json\/wp\/v2\/media?parent=24"}],"curies":[{"name":"wp","href":"https:\/\/api.w.org\/{rel}","templated":true}]}}