{"id":2570,"date":"2023-09-27T11:21:42","date_gmt":"2023-09-27T09:21:42","guid":{"rendered":"https:\/\/cncgraf.com\/?page_id=2570"},"modified":"2023-12-21T12:27:32","modified_gmt":"2023-12-21T11:27:32","slug":"g-code-simulator-freeware","status":"publish","type":"page","link":"https:\/\/cncgraf.com\/en\/g-code-simulator-freeware\/","title":{"rendered":"Freeware: G-Code Simulator and cncGraF DOS"},"content":{"rendered":"<div class=\"wp-block-group alignfull has-base-color has-base-background-color has-text-color has-background has-global-padding is-layout-constrained wp-block-group-is-layout-constrained\">\n<div style=\"height:30px\" aria-hidden=\"true\" class=\"wp-block-spacer\"><\/div>\n\n\n\n<h1 class=\"wp-block-heading alignfull has-text-align-center has-base-background-color has-background has-large-font-size\">Freeware: G-Code Simulator and cncGraF DOS<\/h1>\n\n\n\n<p class=\"has-contrast-color has-base-background-color has-text-color has-background\">On this page you have the opportunity to download free software. Please note that the programmes offered here are freeware for which we cannot provide support. We hope you enjoy trying out the software.<\/p>\n<\/div>\n\n\n\n<div class=\"wp-block-group alignfull has-tertiary-background-color has-background has-global-padding is-layout-constrained wp-block-group-is-layout-constrained\">\n<hr class=\"wp-block-separator alignfull has-text-color has-cyan-bluish-gray-color has-alpha-channel-opacity has-cyan-bluish-gray-background-color has-background\"\/>\n\n\n\n<h2 class=\"wp-block-heading has-text-align-center has-tertiary-background-color has-background has-large-font-size\">Easy3DSim: G-code simulator<\/h2>\n\n\n\n<div class=\"wp-block-columns is-layout-flex wp-container-core-columns-is-layout-28f84493 wp-block-columns-is-layout-flex\">\n<div class=\"wp-block-column is-layout-flow wp-block-column-is-layout-flow\">\n<figure class=\"wp-block-image size-full\"><img loading=\"lazy\" decoding=\"async\" width=\"400\" height=\"306\" src=\"https:\/\/cncgraf.com\/wp-content\/uploads\/2023\/09\/easy3dsim.jpg\" alt=\"Main window: G-code simulator\" class=\"wp-image-2577\"\/><\/figure>\n<\/div>\n\n\n\n<div class=\"wp-block-column is-layout-flow wp-block-column-is-layout-flow\">\n<p>Easy3dSim is a user-friendly and powerful solution for 3D simulation of G-code files.<\/p>\n\n\n\n<p>Easy3dSim is freeware and is therefore free of charge. However, we do not offer support for freeware products.<\/p>\n<\/div>\n<\/div>\n\n\n\n<p>The licence reads:<br>D228QA-H8FZ68-L4GAW8-U3H4A1-1QESA1-AZM8CX-7SF38M-MBBGFS-8UE3J9-FV4MXN-JA<\/p>\n\n\n\n<div class=\"wp-block-buttons is-content-justification-center is-layout-flex wp-container-core-buttons-is-layout-a89b3969 wp-block-buttons-is-layout-flex\">\n<div class=\"wp-block-button\"><a class=\"wp-block-button__link wp-element-button\" href=\"https:\/\/web.boenigk-electronics.com\/download\/easy3dsim\/easy3dsim.1.00.setup.exe\" target=\"_blank\" rel=\"noreferrer noopener\"><strong>Download easy3dsim.1.00.setup.exe<\/strong><\/a><\/div>\n<\/div>\n\n\n\n<p class=\"translation-block\"><img width=\"24\" height=\"24\" class=\"wp-image-1775\" style=\"width: 24px\" src=\"https:\/\/cncgraf.com\/wp-content\/uploads\/2023\/08\/info.png\" alt=\"\"> <strong>Did you already know!<\/strong> <br>Our CNC control software <a href=\"https:\/\/cncgraf.com\/en\/cncgraf-8-cnc-control-software-functional-scope\/\" data-type=\"page\" data-id=\"8\" target=\"_self\">cncGraF<\/a> has an in-built <strong>CNC machine emulator<\/strong> and is <strong>free of charge<\/strong>. Thanks to this feature, this software is not only a perfect <strong>G-code simulator<\/strong>, but it can also simulate the operation of the CNC machine.<\/p>\n\n\n\n<p>To find out more, click on the blog article<br><a href=\"https:\/\/cncgraf.com\/en\/2023\/12\/20\/free-g-code-simulator-cnc-emulator\/\">cncGraF: Free G-code simulator and CNC machine emulator<\/a>.<\/p>\n\n\n\n<div style=\"height:10px\" aria-hidden=\"true\" class=\"wp-block-spacer\"><\/div>\n\n\n\n<hr class=\"wp-block-separator alignfull has-text-color has-cyan-bluish-gray-color has-alpha-channel-opacity has-cyan-bluish-gray-background-color has-background\"\/>\n<\/div>\n\n\n\n<div class=\"wp-block-group alignfull has-base-background-color has-background has-global-padding is-layout-constrained wp-block-group-is-layout-constrained\">\n<h2 class=\"wp-block-heading alignfull has-text-align-center has-base-background-color has-background has-large-font-size translation-block\">cncGraF DOS: The vintage software <br>that started it all<\/h2>\n\n\n\n<div class=\"wp-block-columns is-layout-flex wp-container-core-columns-is-layout-28f84493 wp-block-columns-is-layout-flex\">\n<div class=\"wp-block-column is-layout-flow wp-block-column-is-layout-flow\">\n<figure class=\"wp-block-image size-full\"><img loading=\"lazy\" decoding=\"async\" width=\"350\" height=\"560\" src=\"https:\/\/cncgraf.com\/wp-content\/uploads\/2023\/09\/cncgraf-dos1.jpg\" alt=\"\" class=\"wp-image-2585\"\/><\/figure>\n<\/div>\n\n\n\n<div class=\"wp-block-column is-layout-flow wp-block-column-is-layout-flow\">\n<p class=\"translation-block\">cncGraF DOS represents our first CNC control software and was developed specifically for the MS-DOS operating system in 1993. <br><br>Due to the prompt introduction of Windows 95, this version proved to be less successful as it was overshadowed by the emerging operating system.<br><br> Nevertheless, this development was of great value to us as we were able to gain extensive experience in the field of CNC technology.<\/p>\n<\/div>\n<\/div>\n\n\n\n<div class=\"wp-block-buttons is-layout-flex wp-block-buttons-is-layout-flex\">\n<div class=\"wp-block-button\"><a class=\"wp-block-button__link wp-element-button\" href=\"https:\/\/web.boenigk-electronics.com\/download\/cncgraf\/Dos\/cncgraf.zip\" target=\"_blank\" rel=\"noreferrer noopener\"><strong>Download: cncGraF Dos (ZIP file)<\/strong><\/a><\/div>\n\n\n\n<div class=\"wp-block-button\"><a class=\"wp-block-button__link wp-element-button\" href=\"https:\/\/web.boenigk-electronics.com\/download\/cncgraf\/Dos\/cncGraF100_DE.pdf\" target=\"_blank\" rel=\"noreferrer noopener\"><strong><img loading=\"lazy\" decoding=\"async\" width=\"51\" height=\"51\" class=\"wp-image-1147\" style=\"width: 51px;\" src=\"https:\/\/cncgraf.com\/wp-content\/uploads\/2023\/05\/pdf.png\" alt=\"\"> cncGraF Manual (EN)<\/strong><\/a><\/div>\n\n\n\n<div class=\"wp-block-button\"><a class=\"wp-block-button__link wp-element-button\" href=\"https:\/\/web.boenigk-electronics.com\/download\/cncgraf\/Dos\/cncGraF100_EN.pdf\" target=\"_blank\" rel=\"noreferrer noopener\"><img loading=\"lazy\" decoding=\"async\" width=\"51\" height=\"51\" class=\"wp-image-1147\" style=\"width: 51px;\" src=\"https:\/\/cncgraf.com\/wp-content\/uploads\/2023\/05\/pdf.png\" alt=\"\"> <strong>cncGraF Manual (ENG)<\/strong><\/a><\/div>\n<\/div>\n\n\n\n<div style=\"height:10px\" aria-hidden=\"true\" class=\"wp-block-spacer\"><\/div>\n<\/div>","protected":false},"excerpt":{"rendered":"<p>Freeware: G-Code Simulator und cncGraF DOS Auf dieser Seite haben Sie die M\u00f6glichkeit, kostenlose Software herunterzuladen. Bitte beachten Sie, dass es sich bei den hier angebotenen Programmen um Freeware handelt, f\u00fcr die wir keinen Support anbieten k\u00f6nnen. Wir w\u00fcnschen Ihnen viel Spa\u00df beim Ausprobieren der Software. Easy3DSim: G-Code-Simulator Easy3dSim ist eine benutzerfreundliche und leistungsstarke L\u00f6sung&nbsp;zur&nbsp;3D&nbsp;Simulation [&hellip;]<\/p>\n","protected":false},"author":1,"featured_media":0,"parent":0,"menu_order":0,"comment_status":"closed","ping_status":"closed","template":"","meta":{"footnotes":""},"class_list":["post-2570","page","type-page","status-publish","hentry"],"_links":{"self":[{"href":"https:\/\/cncgraf.com\/en\/wp-json\/wp\/v2\/pages\/2570","targetHints":{"allow":["GET"]}}],"collection":[{"href":"https:\/\/cncgraf.com\/en\/wp-json\/wp\/v2\/pages"}],"about":[{"href":"https:\/\/cncgraf.com\/en\/wp-json\/wp\/v2\/types\/page"}],"author":[{"embeddable":true,"href":"https:\/\/cncgraf.com\/en\/wp-json\/wp\/v2\/users\/1"}],"replies":[{"embeddable":true,"href":"https:\/\/cncgraf.com\/en\/wp-json\/wp\/v2\/comments?post=2570"}],"version-history":[{"count":0,"href":"https:\/\/cncgraf.com\/en\/wp-json\/wp\/v2\/pages\/2570\/revisions"}],"wp:attachment":[{"href":"https:\/\/cncgraf.com\/en\/wp-json\/wp\/v2\/media?parent=2570"}],"curies":[{"name":"wp","href":"https:\/\/api.w.org\/{rel}","templated":true}]}}