{"id":26,"date":"2023-04-24T21:48:22","date_gmt":"2023-04-24T19:48:22","guid":{"rendered":"https:\/\/cncgraf.com\/?page_id=26"},"modified":"2025-10-01T12:03:56","modified_gmt":"2025-10-01T10:03:56","slug":"cncgraf","status":"publish","type":"page","link":"https:\/\/cncgraf.com\/en\/","title":{"rendered":"cncGraF"},"content":{"rendered":"<div class=\"wp-block-cover alignfull is-light has-custom-content-position is-position-top-center\" style=\"margin-top:0;margin-bottom:0;padding-top:0;padding-right:0;padding-bottom:0;padding-left:0;min-height:924px;aspect-ratio:unset;\"><img loading=\"lazy\" decoding=\"async\" width=\"1024\" height=\"768\" class=\"wp-block-cover__image-background wp-image-2425\" alt=\"CNC controller smc5d-m4 pro and smc5d-m4 lan side by side, accompanied by a precise handwheel, compatible with the CNC control software cncGraF for CNC machines.\" src=\"https:\/\/cncgraf.com\/wp-content\/uploads\/2023\/09\/startfenster-hintergrund.png\" style=\"object-position:46% 40%\" data-object-fit=\"cover\" data-object-position=\"46% 40%\" srcset=\"https:\/\/cncgraf.com\/wp-content\/uploads\/2023\/09\/startfenster-hintergrund.png 1024w, https:\/\/cncgraf.com\/wp-content\/uploads\/2023\/09\/startfenster-hintergrund-600x450.png 600w\" sizes=\"auto, (max-width: 1024px) 100vw, 1024px\" \/><span aria-hidden=\"true\" class=\"wp-block-cover__background has-contrast-background-color has-background-dim-10 has-background-dim\"><\/span><div class=\"wp-block-cover__inner-container has-global-padding is-layout-constrained wp-container-core-cover-is-layout-8991dc75 wp-block-cover-is-layout-constrained\">\n<div style=\"height:100px\" aria-hidden=\"true\" class=\"wp-block-spacer\"><\/div>\n\n\n\n<div class=\"wp-block-group alignfull has-base-color has-text-color has-background has-global-padding is-layout-constrained wp-container-core-group-is-layout-854e469c wp-block-group-is-layout-constrained\" style=\"border-style:none;border-width:0px;border-radius:0px;background:linear-gradient(135deg,rgba(2,55,82,0.99) 39%,rgba(2,55,82,0.43) 96%);min-height:0px;margin-top:0;margin-bottom:0;padding-right:0;padding-left:0\">\n<h1 class=\"wp-block-heading alignfull has-text-align-center has-background has-large-font-size translation-block\" style=\"background-color:#ffffff00\">cncGraF: High-quality <br>CNC control software <br>for your CNC machine<\/h1>\n\n\n\n<div class=\"wp-block-columns is-layout-flex wp-container-core-columns-is-layout-2d7698b3 wp-block-columns-is-layout-flex\" style=\"padding-right:0;padding-left:0\">\n<div class=\"wp-block-column is-layout-flow wp-block-column-is-layout-flow\" style=\"padding-right:0;padding-left:0;flex-basis:450px\">\n<p class=\"has-medium-font-size\">cncGraF is our powerful CNC control software that has been continuously developed since 2002. Each version is created with valuable customer feedback in mind. <\/p>\n\n\n\n<p class=\"has-medium-font-size\">However, the current version 8 is exceptional, as it offers a range of unique and new functions after more than four years of careful development.<\/p>\n\n\n\n<p class=\"has-medium-font-size\">We would like to thank our customers for their help and their trust in us!<\/p>\n<\/div>\n\n\n\n<div class=\"wp-block-column is-layout-flow wp-block-column-is-layout-flow\">\n<figure class=\"wp-block-image aligncenter size-full is-resized is-style-default\"><img loading=\"lazy\" decoding=\"async\" width=\"1349\" height=\"1002\" src=\"https:\/\/cncgraf.com\/wp-content\/uploads\/2023\/11\/cncGraF10.jpg\" alt=\"Main window of the CNC control cncGraF as well as individually adjustable side window for manual movement.\" class=\"wp-image-3667\" style=\"aspect-ratio:1.5122897800776196;object-fit:contain;width:478px;height:auto\" srcset=\"https:\/\/cncgraf.com\/wp-content\/uploads\/2023\/11\/cncGraF10.jpg 1349w, https:\/\/cncgraf.com\/wp-content\/uploads\/2023\/11\/cncGraF10-600x446.jpg 600w, https:\/\/cncgraf.com\/wp-content\/uploads\/2023\/11\/cncGraF10-300x223.jpg 300w, https:\/\/cncgraf.com\/wp-content\/uploads\/2023\/11\/cncGraF10-1024x761.jpg 1024w, https:\/\/cncgraf.com\/wp-content\/uploads\/2023\/11\/cncGraF10-768x570.jpg 768w, https:\/\/cncgraf.com\/wp-content\/uploads\/2023\/11\/cncGraF10-16x12.jpg 16w\" sizes=\"auto, (max-width: 1349px) 100vw, 1349px\" \/><\/figure>\n<\/div>\n<\/div>\n\n\n\n<div class=\"wp-block-buttons is-horizontal is-content-justification-center is-nowrap is-layout-flex wp-container-core-buttons-is-layout-0c8674dd wp-block-buttons-is-layout-flex\">\n<div class=\"wp-block-button has-custom-width wp-block-button__width-50\"><a class=\"wp-block-button__link wp-element-button\" href=\"https:\/\/cncgraf.com\/en\/cncgraf-8-cnc-control-software-whats-new\/\" style=\"border-radius:6px\">What's new?<\/a><\/div>\n\n\n\n<div class=\"wp-block-button has-custom-width wp-block-button__width-50\"><a class=\"wp-block-button__link has-text-align-center wp-element-button\" href=\"https:\/\/cncgraf.com\/en\/download-cncgraf-cnc-control-software\/\" style=\"border-radius:6px\">Download cncGraF 8 free of charge<\/a><\/div>\n<\/div>\n\n\n\n<div style=\"height:134px\" aria-hidden=\"true\" class=\"wp-block-spacer\"><\/div>\n<\/div>\n<\/div><\/div>\n\n\n\n<div class=\"wp-block-group alignfull has-base-background-color has-background has-global-padding is-layout-constrained wp-block-group-is-layout-constrained\">\n<h2 class=\"wp-block-heading has-text-align-center has-base-background-color has-background has-large-font-size translation-block\">Why is cncGraF the right <br>CNC control software for you?<\/h2>\n\n\n\n<hr class=\"wp-block-separator alignfull has-text-color has-cyan-bluish-gray-color has-alpha-channel-opacity has-cyan-bluish-gray-background-color has-background\"\/>\n<\/div>\n\n\n\n<div class=\"wp-block-group alignfull has-global-padding is-layout-constrained wp-block-group-is-layout-constrained\">\n<h3 class=\"wp-block-heading has-text-align-center has-base-background-color has-background has-large-font-size\">Wide range of functions<\/h3>\n\n\n\n<p>cncGraF has a wide range of functions that cover a wide variety of application scenarios. The software can control CNC machines with up to 6 axes and offers numerous professional functions such as tool changer, 3D buttons, second Z-axis, dual drive for X\/Y, rotary axis, laser, fiducial recognition and more. <\/p>\n\n\n\n<p><a href=\"https:\/\/cncgraf.com\/en\/cncgraf-8-cnc-control-software-range-of-functions\/\" data-type=\"page\" data-id=\"8\">Click here to find out more about the functional scope of cncGraF.<\/a><\/p>\n<\/div>\n\n\n\n<div class=\"wp-block-group alignfull has-global-padding is-layout-constrained wp-block-group-is-layout-constrained\">\n<h3 class=\"wp-block-heading has-text-align-center has-base-background-color has-background has-large-font-size\">Benefit from our experience<\/h3>\n\n\n\n<p>We have over 20 years of experience in the development of hardware and software for CNC machines. This experience is continuously channelled into product development. We guarantee the best possible support through individual customer care and enable optimum utilisation of the CNC machines.<\/p>\n\n\n\n<div style=\"height:5px\" aria-hidden=\"true\" class=\"wp-block-spacer\"><\/div>\n<\/div>\n\n\n\n<div class=\"wp-block-group alignfull has-global-padding is-layout-constrained wp-container-core-group-is-layout-ff778368 wp-block-group-is-layout-constrained\" style=\"padding-right:var(--wp--preset--spacing--30);padding-left:var(--wp--preset--spacing--30)\">\n<hr class=\"wp-block-separator alignfull has-text-color has-cyan-bluish-gray-color has-alpha-channel-opacity has-cyan-bluish-gray-background-color has-background\"\/>\n\n\n\n<div style=\"height:10px\" aria-hidden=\"true\" class=\"wp-block-spacer\"><\/div>\n\n\n\n<figure class=\"wp-block-gallery alignwide has-nested-images columns-5 wp-block-gallery-2 is-layout-flex wp-block-gallery-is-layout-flex\">\n<figure class=\"wp-block-image aligncenter size-full\"><a href=\"https:\/\/www.haase-cnc.de\/\" target=\"_blank\" rel=\"noreferrer noopener\"><img loading=\"lazy\" decoding=\"async\" width=\"307\" height=\"73\" data-id=\"983\" src=\"https:\/\/cncgraf.com\/wp-content\/uploads\/2023\/05\/haase_logo_rgb.jpg\" alt=\"Customer logo of CNC-Technik Haase GmbH\" class=\"wp-image-983\" srcset=\"https:\/\/cncgraf.com\/wp-content\/uploads\/2023\/05\/haase_logo_rgb.jpg 307w, https:\/\/cncgraf.com\/wp-content\/uploads\/2023\/05\/haase_logo_rgb-300x71.jpg 300w\" sizes=\"auto, (max-width: 307px) 100vw, 307px\" \/><\/a><\/figure>\n\n\n\n<figure class=\"wp-block-image aligncenter size-full\"><a href=\"https:\/\/www.graveurberger.de\" target=\"_blank\" rel=\"noreferrer noopener\"><img loading=\"lazy\" decoding=\"async\" width=\"1200\" height=\"438\" data-id=\"981\" src=\"https:\/\/cncgraf.com\/wp-content\/uploads\/2023\/05\/Berger.png\" alt=\"Customer logo of Gravieranstalt Berger e. K.\" class=\"wp-image-981\" srcset=\"https:\/\/cncgraf.com\/wp-content\/uploads\/2023\/05\/Berger.png 1200w, https:\/\/cncgraf.com\/wp-content\/uploads\/2023\/05\/Berger-600x219.png 600w, https:\/\/cncgraf.com\/wp-content\/uploads\/2023\/05\/Berger-300x110.png 300w, https:\/\/cncgraf.com\/wp-content\/uploads\/2023\/05\/Berger-1024x374.png 1024w, https:\/\/cncgraf.com\/wp-content\/uploads\/2023\/05\/Berger-768x280.png 768w\" sizes=\"auto, (max-width: 1200px) 100vw, 1200px\" \/><\/a><\/figure>\n\n\n\n<figure class=\"wp-block-image size-full\"><a href=\"https:\/\/www.fionec.de\/home\/\" target=\"_blank\" rel=\"noreferrer noopener\"><img loading=\"lazy\" decoding=\"async\" width=\"850\" height=\"236\" data-id=\"5579\" src=\"https:\/\/cncgraf.com\/wp-content\/uploads\/2024\/04\/Logo_fionec.png\" alt=\"\" class=\"wp-image-5579\" srcset=\"https:\/\/cncgraf.com\/wp-content\/uploads\/2024\/04\/Logo_fionec.png 850w, https:\/\/cncgraf.com\/wp-content\/uploads\/2024\/04\/Logo_fionec-600x167.png 600w, https:\/\/cncgraf.com\/wp-content\/uploads\/2024\/04\/Logo_fionec-300x83.png 300w, https:\/\/cncgraf.com\/wp-content\/uploads\/2024\/04\/Logo_fionec-768x213.png 768w, https:\/\/cncgraf.com\/wp-content\/uploads\/2024\/04\/Logo_fionec-18x5.png 18w\" sizes=\"auto, (max-width: 850px) 100vw, 850px\" \/><\/a><\/figure>\n\n\n\n<figure class=\"wp-block-image size-full\"><a href=\"https:\/\/isp-industrietechnik.de\" target=\"_blank\" rel=\"noreferrer noopener\"><img loading=\"lazy\" decoding=\"async\" width=\"299\" height=\"128\" data-id=\"984\" src=\"https:\/\/cncgraf.com\/wp-content\/uploads\/2023\/05\/isp.png\" alt=\"Customer logo of ISP Maschinenbau\" class=\"wp-image-984\"\/><\/a><\/figure>\n\n\n\n<figure class=\"wp-block-image aligncenter size-large\"><a href=\"https:\/\/pgcnc.pl\" target=\"_blank\" rel=\"noreferrer noopener\"><img loading=\"lazy\" decoding=\"async\" width=\"142\" height=\"85\" data-id=\"987\" src=\"https:\/\/cncgraf.com\/wp-content\/uploads\/2023\/05\/pgcnc_logo.png\" alt=\"Customer logo of Polska Grupa CNC\" class=\"wp-image-987\"\/><\/a><\/figure>\n\n\n\n<figure class=\"wp-block-image aligncenter size-full\"><a href=\"https:\/\/www.cnc-concept.de\" target=\"_blank\" rel=\"noreferrer noopener\"><img loading=\"lazy\" decoding=\"async\" width=\"335\" height=\"100\" data-id=\"986\" src=\"https:\/\/cncgraf.com\/wp-content\/uploads\/2023\/05\/logo_cncconcept11_logo.png\" alt=\"Customer logo of cncconcept\" class=\"wp-image-986\" srcset=\"https:\/\/cncgraf.com\/wp-content\/uploads\/2023\/05\/logo_cncconcept11_logo.png 335w, https:\/\/cncgraf.com\/wp-content\/uploads\/2023\/05\/logo_cncconcept11_logo-300x90.png 300w\" sizes=\"auto, (max-width: 335px) 100vw, 335px\" \/><\/a><\/figure>\n\n\n\n<figure class=\"wp-block-image size-medium\"><a href=\"https:\/\/www.optima.pt\/\" target=\"_blank\" rel=\"noreferrer noopener\"><img loading=\"lazy\" decoding=\"async\" width=\"166\" height=\"54\" data-id=\"1113\" src=\"https:\/\/cncgraf.com\/wp-content\/uploads\/2023\/05\/OPTIMA.png\" alt=\"Customer logo of OPTIMA\" class=\"wp-image-1113\"\/><\/a><\/figure>\n\n\n\n<figure class=\"wp-block-image size-full\"><a href=\"https:\/\/www.sylla-industrietechnik.com\" target=\"_blank\" rel=\"noreferrer noopener\"><img loading=\"lazy\" decoding=\"async\" width=\"178\" height=\"119\" data-id=\"988\" src=\"https:\/\/cncgraf.com\/wp-content\/uploads\/2023\/05\/sylla_industrietechnik.png\" alt=\"Customer logo of Sylla Industrietechnik GmbH\" class=\"wp-image-988\"\/><\/a><\/figure>\n\n\n\n<figure class=\"wp-block-image size-medium\"><a href=\"https:\/\/easgmbh.de\" target=\"_blank\" rel=\"noreferrer noopener\"><img loading=\"lazy\" decoding=\"async\" width=\"100\" height=\"85\" data-id=\"1008\" src=\"https:\/\/cncgraf.com\/wp-content\/uploads\/2023\/05\/eas_logo-1.png\" alt=\"Customer logo of Elektro Ausr\u00fcstungs Service GmbH\" class=\"wp-image-1008\"\/><\/a><\/figure>\n\n\n\n<figure class=\"wp-block-image size-medium\"><a href=\"https:\/\/gust-spezialartikel.de\/\" target=\"_blank\" rel=\"noreferrer noopener\"><img loading=\"lazy\" decoding=\"async\" width=\"300\" height=\"117\" data-id=\"1112\" src=\"https:\/\/cncgraf.com\/wp-content\/uploads\/2023\/05\/Gust-logo-300x117.png\" alt=\"Customer logo of GUST Kunststoff- &amp; Gummispezialartikel\" class=\"wp-image-1112\" srcset=\"https:\/\/cncgraf.com\/wp-content\/uploads\/2023\/05\/Gust-logo-300x117.png 300w, https:\/\/cncgraf.com\/wp-content\/uploads\/2023\/05\/Gust-logo.png 400w\" sizes=\"auto, (max-width: 300px) 100vw, 300px\" \/><\/a><\/figure>\n\n\n\n<figure class=\"wp-block-image size-medium\"><a href=\"https:\/\/www.millstep.de\" target=\"_blank\" rel=\"noreferrer noopener\"><img loading=\"lazy\" decoding=\"async\" width=\"224\" height=\"57\" data-id=\"1053\" src=\"https:\/\/cncgraf.com\/wp-content\/uploads\/2023\/05\/millstep-logo.jpg\" alt=\"Customer logo of MillStep Automation GmbH\" class=\"wp-image-1053\"\/><\/a><\/figure>\n\n\n\n<figure class=\"wp-block-image size-medium\"><a href=\"https:\/\/www.modelli.ch\/\" target=\"_blank\" rel=\"noreferrer noopener\"><img loading=\"lazy\" decoding=\"async\" width=\"300\" height=\"109\" data-id=\"1050\" src=\"https:\/\/cncgraf.com\/wp-content\/uploads\/2023\/05\/marchesoni-300x109.jpeg\" alt=\"Modelli Marchesoni customer logo\" class=\"wp-image-1050\" srcset=\"https:\/\/cncgraf.com\/wp-content\/uploads\/2023\/05\/marchesoni-300x109.jpeg 300w, https:\/\/cncgraf.com\/wp-content\/uploads\/2023\/05\/marchesoni.jpeg 330w\" sizes=\"auto, (max-width: 300px) 100vw, 300px\" \/><\/a><\/figure>\n\n\n\n<figure class=\"wp-block-image size-medium\"><a href=\"https:\/\/obrabiarki-cnc.pl\/\" target=\"_blank\" rel=\"noreferrer noopener\"><img loading=\"lazy\" decoding=\"async\" width=\"300\" height=\"45\" data-id=\"1171\" src=\"https:\/\/cncgraf.com\/wp-content\/uploads\/2023\/05\/obrabiarki-cnc-300x45.jpg\" alt=\"Customer logo of Fabryka Maszyn CNC\" class=\"wp-image-1171\" srcset=\"https:\/\/cncgraf.com\/wp-content\/uploads\/2023\/05\/obrabiarki-cnc-300x45.jpg 300w, https:\/\/cncgraf.com\/wp-content\/uploads\/2023\/05\/obrabiarki-cnc-600x90.jpg 600w, https:\/\/cncgraf.com\/wp-content\/uploads\/2023\/05\/obrabiarki-cnc-1024x154.jpg 1024w, https:\/\/cncgraf.com\/wp-content\/uploads\/2023\/05\/obrabiarki-cnc-768x115.jpg 768w, https:\/\/cncgraf.com\/wp-content\/uploads\/2023\/05\/obrabiarki-cnc.jpg 1200w\" sizes=\"auto, (max-width: 300px) 100vw, 300px\" \/><\/a><\/figure>\n\n\n\n<figure class=\"wp-block-image size-medium\"><a href=\"https:\/\/www.cuttec-gmbh.de\/\" target=\"_blank\" rel=\"noreferrer noopener\"><img loading=\"lazy\" decoding=\"async\" width=\"300\" height=\"94\" data-id=\"1169\" src=\"https:\/\/cncgraf.com\/wp-content\/uploads\/2023\/05\/Cuttec_Logo-300x94.jpg\" alt=\"Customer logo of Cuttec GmbH\" class=\"wp-image-1169\" srcset=\"https:\/\/cncgraf.com\/wp-content\/uploads\/2023\/05\/Cuttec_Logo-300x94.jpg 300w, https:\/\/cncgraf.com\/wp-content\/uploads\/2023\/05\/Cuttec_Logo.jpg 351w\" sizes=\"auto, (max-width: 300px) 100vw, 300px\" \/><\/a><\/figure>\n<figcaption class=\"blocks-gallery-caption wp-element-caption\">Our customers from various industries, including renowned mechanical engineering companies<\/figcaption><\/figure>\n\n\n\n<div style=\"height:10px\" aria-hidden=\"true\" class=\"wp-block-spacer\"><\/div>\n\n\n\n<hr class=\"wp-block-separator alignfull has-text-color has-cyan-bluish-gray-color has-alpha-channel-opacity has-cyan-bluish-gray-background-color has-background\"\/>\n<\/div>\n\n\n\n<div class=\"wp-block-group alignfull has-global-padding is-layout-constrained wp-block-group-is-layout-constrained\">\n<h3 class=\"wp-block-heading has-text-align-center has-base-background-color has-background has-large-font-size\">Easy to learn and user-friendly<\/h3>\n\n\n\n<p>cncGraF is characterised by a simple, modern user interface that enables intuitive handling and facilitates learning and working on CNC machines.<\/p>\n\n\n\n<div style=\"height:5px\" aria-hidden=\"true\" class=\"wp-block-spacer\"><\/div>\n<\/div>\n\n\n\n<div class=\"wp-block-group has-global-padding is-layout-constrained wp-block-group-is-layout-constrained\">\n<h3 class=\"wp-block-heading has-text-align-center has-base-background-color has-background has-large-font-size\">Personalised support<\/h3>\n\n\n\n<p>Personal support is very important to us. Customers can contact us by e-mail or telephone and speak directly to the developer if they have any problems or need support.<\/p>\n<\/div>\n\n\n\n<div class=\"wp-block-group alignfull has-tertiary-background-color has-background has-global-padding is-layout-constrained wp-block-group-is-layout-constrained\">\n<hr class=\"wp-block-separator alignfull has-text-color has-cyan-bluish-gray-color has-alpha-channel-opacity has-cyan-bluish-gray-background-color has-background\"\/>\n\n\n\n<h3 class=\"wp-block-heading has-text-align-center has-tertiary-background-color has-background has-large-font-size\">Cost-effective entry<\/h3>\n\n\n\n<p class=\"translation-block\">We offer various <a href=\"https:\/\/cncgraf.com\/en\/cnc-controller\/\" data-type=\"page\" data-id=\"14\" target=\"_self\">CNC controller versions<\/a> for different needs and budgets, from the low-cost version to the industrial version. The smc5d-p32 CNC controller and the cncGraF standard version offer a cost-effective entry-level solution, with the option to upgrade to the Pro version at any time. You only purchase the CNC controller; the software is included free of charge. In addition, updates within the Standard and Professional versions are free of charge.<\/p>\n\n\n\n<p class=\"translation-block\">Choose the right solution to suit your requirements and budget and upgrade if necessary. <a href=\"https:\/\/cncgraf.com\/en\/cncgraf-versions-in-comparison\/\" data-type=\"page\" data-id=\"327\" target=\"_self\">Here you can access our cncGraF version table.<\/a><\/p>\n\n\n\n<div style=\"height:10px\" aria-hidden=\"true\" class=\"wp-block-spacer\"><\/div>\n\n\n\n<hr class=\"wp-block-separator alignfull has-text-color has-cyan-bluish-gray-color has-alpha-channel-opacity has-cyan-bluish-gray-background-color has-background\"\/>\n<\/div>\n\n\n\n<div class=\"wp-block-group alignfull has-global-padding is-layout-constrained wp-block-group-is-layout-constrained\">\n<h3 class=\"wp-block-heading has-text-align-center has-base-background-color has-background has-large-font-size\">Specialised solutions and automation<\/h3>\n\n\n\n<p class=\"translation-block\">Thanks to our many years of experience, we are experts in individual solutions and customised adaptations. We know that every project is unique and has different requirements. That's why we also offer customised solutions in the field of automation. <br><a href=\"https:\/\/cncgraf.com\/en\/sps-automation-with-isp-motion\/\" data-type=\"page\" data-id=\"1320\" target=\"_self\">Find out more about automation here.<\/a><\/p>\n\n\n\n<div style=\"height:10px\" aria-hidden=\"true\" class=\"wp-block-spacer\"><\/div>\n<\/div>","protected":false},"excerpt":{"rendered":"<p>Warum ist cncGraF die passende CNC-Steuerungssoftware f\u00fcr Sie? Gro\u00dfer Funktionsumfang cncGraF verf\u00fcgt \u00fcber einen gro\u00dfen Funktionsumfang, der verschiedenste Einsatzszenarien abdeckt. Die Software kann CNC-Maschinen bis zu 6 Achsen steuern und bietet zahlreiche professionelle Funktionen wie Werkzeugwechsler, 3D-Tasten, zweite Z-Achse, Doppelantrieb f\u00fcr X\/Y, Drehachse, Laser, Passermarkenerkennung und mehr. Klicken Sie hier, um mehr \u00fcber den Funktionsumfang [&hellip;]<\/p>\n","protected":false},"author":1,"featured_media":0,"parent":0,"menu_order":0,"comment_status":"closed","ping_status":"closed","template":"","meta":{"footnotes":""},"class_list":["post-26","page","type-page","status-publish","hentry"],"_links":{"self":[{"href":"https:\/\/cncgraf.com\/en\/wp-json\/wp\/v2\/pages\/26","targetHints":{"allow":["GET"]}}],"collection":[{"href":"https:\/\/cncgraf.com\/en\/wp-json\/wp\/v2\/pages"}],"about":[{"href":"https:\/\/cncgraf.com\/en\/wp-json\/wp\/v2\/types\/page"}],"author":[{"embeddable":true,"href":"https:\/\/cncgraf.com\/en\/wp-json\/wp\/v2\/users\/1"}],"replies":[{"embeddable":true,"href":"https:\/\/cncgraf.com\/en\/wp-json\/wp\/v2\/comments?post=26"}],"version-history":[{"count":0,"href":"https:\/\/cncgraf.com\/en\/wp-json\/wp\/v2\/pages\/26\/revisions"}],"wp:attachment":[{"href":"https:\/\/cncgraf.com\/en\/wp-json\/wp\/v2\/media?parent=26"}],"curies":[{"name":"wp","href":"https:\/\/api.w.org\/{rel}","templated":true}]}}