{"id":2676,"date":"2023-10-02T10:21:04","date_gmt":"2023-10-02T08:21:04","guid":{"rendered":"https:\/\/cncgraf.com\/?page_id=2676"},"modified":"2025-11-12T11:56:15","modified_gmt":"2025-11-12T10:56:15","slug":"easymarker-video-positioning-system-2","status":"publish","type":"page","link":"https:\/\/cncgraf.com\/en\/video-positionierungssystem-easymarker\/","title":{"rendered":"EasyMarker video positioning system"},"content":{"rendered":"<div class=\"wp-block-group alignfull has-base-background-color has-background has-global-padding is-layout-constrained wp-block-group-is-layout-constrained\">\n<div style=\"height:30px\" aria-hidden=\"true\" class=\"wp-block-spacer\"><\/div>\n\n\n\n<h1 class=\"wp-block-heading alignfull has-text-align-center has-base-background-color has-background has-large-font-size\">EasyMarker video positioning system<\/h1>\n\n\n\n<div class=\"wp-block-columns is-layout-flex wp-container-core-columns-is-layout-28f84493 wp-block-columns-is-layout-flex\">\n<div class=\"wp-block-column is-layout-flow wp-block-column-is-layout-flow\">\n<p>Professional video system with a Basler GigE industrial camera and a licence for image processing, which enables automatic recognition of fiducial marks required for precise adjustments during contour cutting and milling work.<br><br>The system makes it possible to automatically adapt the design to the workpiece at hand by automatically recognising and measuring previously applied or printed fiducials. The data obtained is used to automatically adjust the work paths on the workpiece.<\/p>\n<\/div>\n\n\n\n<div class=\"wp-block-column is-layout-flow wp-block-column-is-layout-flow\">\n<figure class=\"wp-block-image size-full\"><img loading=\"lazy\" decoding=\"async\" width=\"375\" height=\"375\" src=\"https:\/\/cncgraf.com\/wp-content\/uploads\/2023\/10\/basler.jpg\" alt=\"Video positioning system with a Basler GigE industrial camera\" class=\"wp-image-2679\" srcset=\"https:\/\/cncgraf.com\/wp-content\/uploads\/2023\/10\/basler.jpg 375w, https:\/\/cncgraf.com\/wp-content\/uploads\/2023\/10\/basler-100x100.jpg 100w\" sizes=\"auto, (max-width: 375px) 100vw, 375px\" \/><\/figure>\n<\/div>\n<\/div>\n\n\n\n<div style=\"height:10px\" aria-hidden=\"true\" class=\"wp-block-spacer\"><\/div>\n<\/div>\n\n\n\n<div class=\"wp-block-group alignfull has-global-padding is-layout-constrained wp-block-group-is-layout-constrained\">\n<h2 class=\"wp-block-heading has-text-align-center has-large-font-size\">How the EasyMarker video positioning system works: <br>A practical example<\/h2>\n\n\n\n<p>In order to be able to cut or mill out printed motifs from a plate with exact contours, the plate with the print must be precisely aligned and a zero point must be determined with great effort. Even in the ideal case, several test runs would be necessary, and often an unnecessarily thick edge is left.<\/p>\n\n\n\n<p>Our camera system avoids this problem by recognising registration marks previously printed around the subject and comparing them with the working paths of the drawing. The drawing is then adjusted based on the differences detected: rotated, shifted and, if necessary, scaled.<\/p>\n\n\n\n<p>The system is seamlessly integrated as a plug-in into <a href=\"https:\/\/cncgraf.com\/en\/cncgraf-8-cnc-control-software-range-of-functions\/\" data-type=\"page\" data-id=\"8\">cncGraF Pro<\/a> and allows permanent mounting next to the Z-axis by defining an offset between the camera and Z-axis position. It is ideal for digital print shops, packaging design, sign and advertising production, as well as fabric cutting for flag and banner production using milling tools, oscillating tangential knives and lasers.<\/p>\n\n\n\n<figure class=\"wp-block-image size-full\"><img loading=\"lazy\" decoding=\"async\" width=\"1000\" height=\"527\" src=\"https:\/\/cncgraf.com\/wp-content\/uploads\/2023\/10\/kalibrierung.jpg\" alt=\"EasyMarker video positioning system and the calibration dialogue\" class=\"wp-image-2682\" srcset=\"https:\/\/cncgraf.com\/wp-content\/uploads\/2023\/10\/kalibrierung.jpg 1000w, https:\/\/cncgraf.com\/wp-content\/uploads\/2023\/10\/kalibrierung-600x316.jpg 600w\" sizes=\"auto, (max-width: 1000px) 100vw, 1000px\" \/><\/figure>\n\n\n\n<h2 class=\"wp-block-heading has-text-align-center has-large-font-size\">Precision and repeatability<\/h2>\n\n\n\n<p class=\"translation-block\">The <strong>positioning and repeat accuracy<\/strong> of the <em>EasyMarker<\/em> system is largely determined by the camera resolution, the optics and the alignment of the camera.<\/p>\n\n\n\n<p class=\"translation-block\">In a typical configuration with a <strong>camera resolution of 640 \u00d7 480 pixels<\/strong> and a <strong>visible working field of approx. 50 \u00d7 37.5 mm<\/strong>, <strong>1 pixel corresponds to around 0.078 mm<\/strong>. This means that even an offset of just <strong>one pixel corresponds to a deviation of less than 0.1 mm<\/strong>.<\/p>\n\n\n\n<p class=\"translation-block\">A <strong>higher camera resolution<\/strong> or a <strong>lower working distance to the material<\/strong> can further increase accuracy - ideal for applications that require maximum precision.<\/p>\n\n\n\n<div class=\"wp-block-buttons is-layout-flex wp-block-buttons-is-layout-flex\">\n<div class=\"wp-block-button\"><a class=\"wp-block-button__link wp-element-button\" href=\"https:\/\/web.boenigk-electronics.com\/download\/docs\/easymarker\/cameraEN.pdf\" target=\"_blank\" rel=\"noreferrer noopener\"><img loading=\"lazy\" decoding=\"async\" width=\"51\" height=\"51\" class=\"wp-image-1147\" style=\"width: 51px;\" src=\"https:\/\/cncgraf.com\/wp-content\/uploads\/2023\/05\/pdf.png\" alt=\"\"><strong> EasyMarker video positioning system - Quick guide (ENG)<\/strong><\/a><\/div>\n\n\n\n<div class=\"wp-block-button\"><a class=\"wp-block-button__link wp-element-button\" href=\"https:\/\/web.boenigk-electronics.com\/download\/docs\/easymarker\/cameraPL.pdf\" target=\"_blank\" rel=\"noreferrer noopener\"><img loading=\"lazy\" decoding=\"async\" width=\"51\" height=\"51\" class=\"wp-image-1147\" style=\"width: 51px;\" src=\"https:\/\/cncgraf.com\/wp-content\/uploads\/2023\/05\/pdf.png\" alt=\"\"> <strong>EasyMarker video positioning system - Quick guide (POL)<\/strong><\/a><\/div>\n\n\n\n<div class=\"wp-block-button\"><a class=\"wp-block-button__link wp-element-button\" href=\"https:\/\/web.boenigk-electronics.com\/download\/docs\/easymarker\/calibration.pdf\" target=\"_blank\" rel=\"noreferrer noopener\"><img loading=\"lazy\" decoding=\"async\" width=\"51\" height=\"51\" class=\"wp-image-1147\" style=\"width: 51px;\" src=\"https:\/\/cncgraf.com\/wp-content\/uploads\/2023\/05\/pdf.png\" alt=\"\"> <strong>Calibration template<\/strong><\/a><\/div>\n<\/div>\n\n\n\n<div style=\"height:10px\" aria-hidden=\"true\" class=\"wp-block-spacer\"><\/div>\n<\/div>","protected":false},"excerpt":{"rendered":"<p>Video-Positionierungssystem EasyMarker Professionelles Videosystem mit einer Basler GigE-Industriekamera sowie einer Lizenz f\u00fcr Bildbearbeitung, das eine automatische Erkennung von Passermarken erm\u00f6glicht, die f\u00fcr pr\u00e4zise Anpassungen bei Konturschnitten und Fr\u00e4sarbeiten n\u00f6tig sind. Das System erm\u00f6glicht es, die Konstruktion automatisch an das vorliegende Werkst\u00fcck anzupassen; dazu werden zuvor aufgebrachte oder gedruckte Passermarken automatisch erkannt und vermessen. Die gewonnenen [&hellip;]<\/p>\n","protected":false},"author":1,"featured_media":0,"parent":0,"menu_order":0,"comment_status":"closed","ping_status":"closed","template":"","meta":{"footnotes":""},"class_list":["post-2676","page","type-page","status-publish","hentry"],"_links":{"self":[{"href":"https:\/\/cncgraf.com\/en\/wp-json\/wp\/v2\/pages\/2676","targetHints":{"allow":["GET"]}}],"collection":[{"href":"https:\/\/cncgraf.com\/en\/wp-json\/wp\/v2\/pages"}],"about":[{"href":"https:\/\/cncgraf.com\/en\/wp-json\/wp\/v2\/types\/page"}],"author":[{"embeddable":true,"href":"https:\/\/cncgraf.com\/en\/wp-json\/wp\/v2\/users\/1"}],"replies":[{"embeddable":true,"href":"https:\/\/cncgraf.com\/en\/wp-json\/wp\/v2\/comments?post=2676"}],"version-history":[{"count":0,"href":"https:\/\/cncgraf.com\/en\/wp-json\/wp\/v2\/pages\/2676\/revisions"}],"wp:attachment":[{"href":"https:\/\/cncgraf.com\/en\/wp-json\/wp\/v2\/media?parent=2676"}],"curies":[{"name":"wp","href":"https:\/\/api.w.org\/{rel}","templated":true}]}}