{"id":327,"date":"2023-04-30T11:19:01","date_gmt":"2023-04-30T09:19:01","guid":{"rendered":"https:\/\/cncgraf.com\/?page_id=327"},"modified":"2025-09-30T12:44:47","modified_gmt":"2025-09-30T10:44:47","slug":"cncgraf-versions-in-comparison","status":"publish","type":"page","link":"https:\/\/cncgraf.com\/en\/cncgraf-versionen-im-vergleich\/","title":{"rendered":"Versions in comparison"},"content":{"rendered":"<div class=\"wp-block-group alignfull has-tertiary-background-color has-background has-global-padding is-layout-constrained wp-block-group-is-layout-constrained\">\n<div style=\"height:30px\" aria-hidden=\"true\" class=\"wp-block-spacer\"><\/div>\n\n\n\n<h1 class=\"wp-block-heading alignfull has-text-align-center has-tertiary-background-color has-background has-large-font-size\">cncGraF versions in comparison<\/h1>\n\n\n\n<div class=\"wp-block-columns is-layout-flex wp-container-core-columns-is-layout-28f84493 wp-block-columns-is-layout-flex\">\n<div class=\"wp-block-column is-layout-flow wp-block-column-is-layout-flow\" style=\"flex-basis:600px\">\n<p class=\"translation-block\">In the table below you will find the main differences between the <a href=\"https:\/\/cncgraf.com\/en\/cncgraf-8-cnc-control-software-range-of-functions\/\" data-type=\"page\" data-id=\"8\" target=\"_self\">cncGraF<\/a> versions Standard and Professional.<\/p>\n\n\n\n<p>Please note that this table only emphasises the differences between the two versions for a better overview and does not show the entire range of functions.<\/p>\n\n\n\n<p>You will also receive a brief overview of the different CNC controller variants in conjunction with the cncGraF versions. For example, the cncGraF standard version is only available for the smc5d-p32 CNC controller.<\/p>\n<\/div>\n\n\n\n<div class=\"wp-block-column is-layout-flow wp-block-column-is-layout-flow\">\n<figure class=\"wp-block-image size-full\"><img loading=\"lazy\" decoding=\"async\" width=\"1202\" height=\"928\" src=\"https:\/\/cncgraf.com\/wp-content\/uploads\/2023\/09\/seq2.jpg\" alt=\"Screenshot of the cncGraF Pro software interface, one of the cncGraF versions for the CNC controls.\" class=\"wp-image-2317\" srcset=\"https:\/\/cncgraf.com\/wp-content\/uploads\/2023\/09\/seq2.jpg 1202w, https:\/\/cncgraf.com\/wp-content\/uploads\/2023\/09\/seq2-600x463.jpg 600w\" sizes=\"auto, (max-width: 1202px) 100vw, 1202px\" \/><\/figure>\n<\/div>\n<\/div>\n\n\n\n<div style=\"height:10px\" aria-hidden=\"true\" class=\"wp-block-spacer\"><\/div>\n\n\n\n<hr class=\"wp-block-separator alignfull has-text-color has-cyan-bluish-gray-color has-alpha-channel-opacity has-cyan-bluish-gray-background-color has-background\"\/>\n<\/div>\n\n\n\n<div class=\"wp-block-group alignfull has-global-padding is-layout-constrained wp-block-group-is-layout-constrained\">\n<div style=\"height:10px\" aria-hidden=\"true\" class=\"wp-block-spacer\"><\/div>\n\n\n\n<h3 class=\"wp-block-heading has-large-font-size translation-block\">cncGraF versions - <br>Standard vs. Professional in a detailed comparison<\/h3>\n\n\n\n<figure class=\"wp-block-table is-style-stripes\"><table><thead><tr><th class=\"has-text-align-center\" data-align=\"center\">cncGraF 8<\/th><th class=\"has-text-align-center\" data-align=\"center\">Standard<\/th><th class=\"has-text-align-center\" data-align=\"center\">Professional<\/th><\/tr><\/thead><tbody><tr><td class=\"has-text-align-center\" data-align=\"center\">CNC controller<\/td><td class=\"has-text-align-center\" data-align=\"center\">smc5d-p32<\/td><td class=\"has-text-align-center\" data-align=\"center\">smc5d-p32 \/ smc5d-m4<\/td><\/tr><tr><td class=\"has-text-align-center\" data-align=\"center\">Connection<\/td><td class=\"has-text-align-center\" data-align=\"center\">USB 2.0 (compatible with USB 3.0)<\/td><td class=\"has-text-align-center\" data-align=\"center\">USB 2.0 (compatible with USB 3.0) \/ Ethernet<\/td><\/tr><tr><td class=\"has-text-align-center\" data-align=\"center\">Maximum step frequency (kHz)<\/td><td class=\"has-text-align-center\" data-align=\"center\">&nbsp;64<\/td><td class=\"has-text-align-center\" data-align=\"center\">150 \/ 300<\/td><\/tr><tr><td class=\"has-text-align-center\" data-align=\"center\">Controllable axes (interpolated)<\/td><td class=\"has-text-align-center\" data-align=\"center\">4<\/td><td class=\"has-text-align-center\" data-align=\"center\">5 \/ 6 (applies to smc5d-m4 pro)<\/td><\/tr><tr><td class=\"has-text-align-center translation-block\" data-align=\"center\">Input devices:<br>Keyboard, gamepad, external control unit<\/td><td class=\"has-text-align-center\" data-align=\"center\">Yes \/ Yes \/ -<\/td><td class=\"has-text-align-center\" data-align=\"center\">Yes \/ Yes \/ Yes<\/td><\/tr><tr><td class=\"has-text-align-center\" data-align=\"center\">3D button <\/td><td class=\"has-text-align-center translation-block\" data-align=\"center\">Calibration and <br>surface scanning in X\/Y\/Z<\/td><td class=\"has-text-align-center translation-block\" data-align=\"center\">Complete range of functions, <br>consisting of around 10 functions<\/td><\/tr><tr><td class=\"has-text-align-center\" data-align=\"center\">Surface scanning, height correction<\/td><td class=\"has-text-align-center\" data-align=\"center\">Yes \/ - <\/td><td class=\"has-text-align-center\" data-align=\"center\">Yes \/ Yes<\/td><\/tr><tr><td class=\"has-text-align-center translation-block\" data-align=\"center\">Multiple measurements <br>for increased precision<\/td><td class=\"has-text-align-center\" data-align=\"center\">\u2013<\/td><td class=\"has-text-align-center\" data-align=\"center\">Yes<\/td><\/tr><tr><td class=\"has-text-align-center\" data-align=\"center\">Rotary axis, tangential axis, Z2<\/td><td class=\"has-text-align-center\" data-align=\"center\">Yes \/ - \/ - <\/td><td class=\"has-text-align-center\" data-align=\"center\">Yes \/ Yes \/ Yes <\/td><\/tr><tr><td class=\"has-text-align-center\" data-align=\"center\">Automatic tool changer, angle unit<\/td><td class=\"has-text-align-center\" data-align=\"center\">\u2013 \/ \u2013 <\/td><td class=\"has-text-align-center\" data-align=\"center\">Yes \/ Yes<\/td><\/tr><tr><td class=\"has-text-align-center\" data-align=\"center\">Additional slave controller<\/td><td class=\"has-text-align-center\" data-align=\"center\">\u2013<\/td><td class=\"has-text-align-center\" data-align=\"center\">Yes<\/td><\/tr><tr><td class=\"has-text-align-center\" data-align=\"center\">Swivel arm and vacuum table function<\/td><td class=\"has-text-align-center\" data-align=\"center\">\u2013 \/ \u2013<\/td><td class=\"has-text-align-center\" data-align=\"center\">Yes \/ Yes<\/td><\/tr><tr><td class=\"has-text-align-center\" data-align=\"center\">Spindle speed, spindle warm-up<\/td><td class=\"has-text-align-center\" data-align=\"center\">Yes \/ -<\/td><td class=\"has-text-align-center\" data-align=\"center\">Yes \/ Yes<\/td><\/tr><tr><td class=\"has-text-align-center\" data-align=\"center\"><a href=\"https:\/\/cncgraf.com\/en\/foil-cutting-with-scalp\/\">Integrated scalp drag knife correction<\/a><\/td><td class=\"has-text-align-center\" data-align=\"center\">\u2013<\/td><td class=\"has-text-align-center\" data-align=\"center\">Yes<\/td><\/tr><tr><td class=\"has-text-align-center\" data-align=\"center\">Macro function, commands, <br>Plugin Manager<\/td><td class=\"has-text-align-center\" data-align=\"center\">\u2013 \/ \u2013 \/ \u2013<\/td><td class=\"has-text-align-center\" data-align=\"center\">Yes \/ Yes \/ Yes<\/td><\/tr><tr><td class=\"has-text-align-center\" data-align=\"center\">SMC5D.core Class Library<\/td><td class=\"has-text-align-center\" data-align=\"center\">\u2013<\/td><td class=\"has-text-align-center\" data-align=\"center\">Yes<\/td><\/tr><tr><td class=\"has-text-align-center\" data-align=\"center\">Video positioning system<\/td><td class=\"has-text-align-center\" data-align=\"center\">\u2013<\/td><td class=\"has-text-align-center\" data-align=\"center\">Paid add-on<\/td><\/tr><tr><td class=\"has-text-align-center\" data-align=\"center\">TCP server\/client and Modbus TCP client communication<\/td><td class=\"has-text-align-center\" data-align=\"center\">\u2013<\/td><td class=\"has-text-align-center\" data-align=\"center\">Paid add-on<\/td><\/tr><\/tbody><\/table><\/figure>\n\n\n\n<p>All information is provided without guarantee or claim to completeness.<\/p>\n\n\n\n<p class=\"translation-block\"><img width=\"24\" height=\"24\" class=\"wp-image-1775\" style=\"width: 24px\" src=\"https:\/\/cncgraf.com\/wp-content\/uploads\/2023\/08\/info.png\" alt=\"\"> <strong>Hinweis:<\/strong> Ein Upgrade auf die Pro-Version ist jederzeit durchf\u00fchrbar. Sie erwerben lediglich den CNC-Controller; die Software erhalten Sie gratis dazu. Alle Updates innerhalb der Standard- und Professional-Varianten sind kostenlos.<\/p>\n\n\n\n<div style=\"height:10px\" aria-hidden=\"true\" class=\"wp-block-spacer\"><\/div>\n<\/div>","protected":false},"excerpt":{"rendered":"<p>cncGraF Versionen im Vergleich In der untenstehenden Tabelle finden Sie die Hauptunterschiede zwischen den cncGraF Versionen Standard und Professional. Beachten Sie bitte, dass diese Tabelle zur besseren \u00dcbersicht lediglich die Unterschiede zwischen beiden Versionen hervorhebt und nicht den gesamten Funktionsumfang abbildet. Zus\u00e4tzlich erhalten Sie einen kurzen \u00dcberblick \u00fcber die verschiedenen CNC-Controller-Varianten in Verbindung mit den [&hellip;]<\/p>\n","protected":false},"author":1,"featured_media":0,"parent":0,"menu_order":0,"comment_status":"closed","ping_status":"closed","template":"","meta":{"footnotes":""},"class_list":["post-327","page","type-page","status-publish","hentry"],"_links":{"self":[{"href":"https:\/\/cncgraf.com\/en\/wp-json\/wp\/v2\/pages\/327","targetHints":{"allow":["GET"]}}],"collection":[{"href":"https:\/\/cncgraf.com\/en\/wp-json\/wp\/v2\/pages"}],"about":[{"href":"https:\/\/cncgraf.com\/en\/wp-json\/wp\/v2\/types\/page"}],"author":[{"embeddable":true,"href":"https:\/\/cncgraf.com\/en\/wp-json\/wp\/v2\/users\/1"}],"replies":[{"embeddable":true,"href":"https:\/\/cncgraf.com\/en\/wp-json\/wp\/v2\/comments?post=327"}],"version-history":[{"count":0,"href":"https:\/\/cncgraf.com\/en\/wp-json\/wp\/v2\/pages\/327\/revisions"}],"wp:attachment":[{"href":"https:\/\/cncgraf.com\/en\/wp-json\/wp\/v2\/media?parent=327"}],"curies":[{"name":"wp","href":"https:\/\/api.w.org\/{rel}","templated":true}]}}