{"id":5797,"date":"2024-12-16T14:02:01","date_gmt":"2024-12-16T13:02:01","guid":{"rendered":"https:\/\/cncgraf.com\/?post_type=product&#038;p=5797"},"modified":"2024-12-19T13:57:20","modified_gmt":"2024-12-19T12:57:20","slug":"can-expansion-dac-for-smc5d-m4-pro","status":"publish","type":"product","link":"https:\/\/cncgraf.com\/en\/produkt\/can-expansion-dac-fuer-smc5d-m4-pro\/","title":{"rendered":"CAN Expansion DAC for smc5d-m4 pro"},"content":{"rendered":"<p>The <strong>CAN Expansion DAC<\/strong> is an extension module that has been specially developed for the smc5d-m4 pro CNC controller. This module expands the CNC controller with analogue outputs and inputs.<\/p>\n<p><strong>Technical data<\/strong><\/p>\n<ul>\n<li style=\"list-style-type: none;\">\n<ul>\n<li><strong>In housing for switch cabinet with top-hat rail<\/strong><\/li>\n<li>Power supply 24 Volt<\/li>\n<li>CAN communication with smc5d-m4 pro<\/li>\n<li><strong>2 analogue outputs 0-10V and 2 analogue inputs 0-5V<\/strong><\/li>\n<li>Two switches as output 1 and 2<\/li>\n<li>Up to four DAC 0-10V modules can be connected to one Central Unit<\/li>\n<li>A total of up to 8 analogue outputs and 8 analogue inputs can be controlled<\/li>\n<\/ul>\n<\/li>\n<\/ul>\n<p><strong>Scope of delivery<\/strong><\/p>\n<ul>\n<li style=\"list-style-type: none;\">\n<ul>\n<li><strong>CAN Expansion DAC in housing for top-hat rail<\/strong><\/li>\n<li>CAN connection cable<\/li>\n<li>Documentation<\/li>\n<\/ul>\n<\/li>\n<\/ul>","protected":false},"excerpt":{"rendered":"<p>Das CAN Expansion DAC ist ein Erweiterungsmodul, das speziell f\u00fcr den CNC-Controller smc5d-m4 pro entwickelt wurde. Dieses Modul erweitert den CNC-Controller um analoge Aus- und Eing\u00e4nge. Technische Daten Im Geh\u00e4use f\u00fcr Schaltschrank mit Hutschiene Stromversorgung 24 Volt CAN-Kommunikation mit smc5d-m4 pro 2 Analogausg\u00e4nge 0-10V und 2 Analogeing\u00e4nge 0-5V Zwei Schalter als Ausgang 1 und 2 [&hellip;]<\/p>\n","protected":false},"featured_media":527,"template":"","meta":[],"product_brand":[],"product_cat":[142],"product_tag":[129],"class_list":{"0":"post-5797","1":"product","2":"type-product","3":"status-publish","4":"has-post-thumbnail","6":"product_cat-smc5d-m4-pro","7":"product_tag-smc5d-m4-pro","9":"first","10":"instock","11":"taxable","12":"shipping-taxable","13":"purchasable","14":"product-type-simple"},"_links":{"self":[{"href":"https:\/\/cncgraf.com\/en\/wp-json\/wp\/v2\/product\/5797","targetHints":{"allow":["GET"]}}],"collection":[{"href":"https:\/\/cncgraf.com\/en\/wp-json\/wp\/v2\/product"}],"about":[{"href":"https:\/\/cncgraf.com\/en\/wp-json\/wp\/v2\/types\/product"}],"wp:featuredmedia":[{"embeddable":true,"href":"https:\/\/cncgraf.com\/en\/wp-json\/wp\/v2\/media\/527"}],"wp:attachment":[{"href":"https:\/\/cncgraf.com\/en\/wp-json\/wp\/v2\/media?parent=5797"}],"wp:term":[{"taxonomy":"product_brand","embeddable":true,"href":"https:\/\/cncgraf.com\/en\/wp-json\/wp\/v2\/product_brand?post=5797"},{"taxonomy":"product_cat","embeddable":true,"href":"https:\/\/cncgraf.com\/en\/wp-json\/wp\/v2\/product_cat?post=5797"},{"taxonomy":"product_tag","embeddable":true,"href":"https:\/\/cncgraf.com\/en\/wp-json\/wp\/v2\/product_tag?post=5797"}],"curies":[{"name":"wp","href":"https:\/\/api.w.org\/{rel}","templated":true}]}}