{"id":5802,"date":"2024-12-16T18:43:30","date_gmt":"2024-12-16T17:43:30","guid":{"rendered":"https:\/\/cncgraf.com\/?post_type=product&#038;p=5802"},"modified":"2025-08-18T12:26:22","modified_gmt":"2025-08-18T10:26:22","slug":"cnc-lan-controller-smc5d-m4","status":"publish","type":"product","link":"https:\/\/cncgraf.com\/en\/produkt\/cnc-lan-controller-smc5d-m4\/","title":{"rendered":"CNC controller smc5d-m4 lan"},"content":{"rendered":"<p>Our CNC controller <strong>smc5d-m4 LAN<\/strong> is the new upper mid-range in our controller family. It is based on a powerful <strong>32-bit ARM NXP LPC4337 M4 microcontroller<\/strong> with 204 MHz clock rate. The integrated <strong>LAN controller<\/strong> enables a reliable and fast <strong>Ethernet communication<\/strong>. Alternatively, the <strong>USB-C interface<\/strong> can be used for data exchange with the cncGraF control computer. The controller is supplied with power via an external <strong>5-volt power source<\/strong>.<\/p>\n<p>Due to its high performance, this controller is suitable for controlling highly complex <strong>5-axis machines<\/strong> and the processing of computationally intensive workflows.<\/p>\n<p><strong>Technical data<\/strong><\/p>\n<ul>\n<li style=\"list-style-type: none;\">\n<ul>\n<li>Communication via <strong>Ethernet<\/strong> or <strong>USB-C<\/strong><\/li>\n<li>Clock and direction signals up to 300 kHz<\/li>\n<li>Interpolated journeys to <strong>5 axles + double drive X2 \/Y2<\/strong><\/li>\n<li><strong>24 protected inputs and outputs<\/strong><\/li>\n<li>All inputs on CON2 and CON3 are optoisolated<\/li>\n<li>External power supply 5 Volt<\/li>\n<li><strong>Spindle speed<\/strong> via analogue output (requires DAC-INT-10V)<\/li>\n<li>Product dimensions in millimetres L\/W\/H (113mm \/ 71mm \/ 11mm)<\/li>\n<li>Requires cncGraF Pro (free download)<\/li>\n<\/ul>\n<\/li>\n<\/ul>\n<p><strong>Scope of delivery<\/strong><\/p>\n<ul>\n<li style=\"list-style-type: none;\">\n<ul>\n<li>CNC controller <strong>smc5d-m4 lan<\/strong><\/li>\n<li>Ethernet network cable<\/li>\n<li>USB-C cable<\/li>\n<li>5 Volt power supply unit<\/li>\n<li><strong>cncGraF Pro<\/strong>, Available in the <a href=\"https:\/\/cncgraf.com\/en\/download-cncgraf-cnc-control-software\/\">download<\/a>- Range<\/li>\n<li>Documentation<\/li>\n<\/ul>\n<\/li>\n<\/ul>\n<p><strong>Hint<\/strong>The current cncGraF software is available free of charge on our website. All updates within the same Std\/Pro version are free of charge.  Only an upgrade to the higher cncGraF version, e.g. from cncGraF Std to Pro, is subject to a charge.<\/p>","protected":false},"excerpt":{"rendered":"<p>Unser CNC-Controller smc5d-m4 LAN ist die neue obere Mittelklasse in unserer Controllerfamilie. Er basiert auf einem leistungsstarken 32-Bit ARM NXP LPC4337 M4 Microcontroller mit 204 MHz Taktrate. Der integrierte LAN-Controller erm\u00f6glicht eine zuverl\u00e4ssige und schnelle Ethernet-Kommunikation. Alternativ kann die USB-C-Schnittstelle f\u00fcr den Datenaustausch mit dem cncGraF Steuerungsrechner genutzt werden. Die Stromversorgung des Controllers erfolgt \u00fcber [&hellip;]<\/p>\n","protected":false},"featured_media":484,"template":"","meta":[],"product_brand":[],"product_cat":[143],"product_tag":[120,126],"class_list":{"0":"post-5802","1":"product","2":"type-product","3":"status-publish","4":"has-post-thumbnail","6":"product_cat-smc5d-m4-lan","7":"product_tag-cnc-controller","8":"product_tag-smc5d-m4","10":"first","11":"instock","12":"taxable","13":"shipping-taxable","14":"purchasable","15":"product-type-simple"},"_links":{"self":[{"href":"https:\/\/cncgraf.com\/en\/wp-json\/wp\/v2\/product\/5802","targetHints":{"allow":["GET"]}}],"collection":[{"href":"https:\/\/cncgraf.com\/en\/wp-json\/wp\/v2\/product"}],"about":[{"href":"https:\/\/cncgraf.com\/en\/wp-json\/wp\/v2\/types\/product"}],"wp:featuredmedia":[{"embeddable":true,"href":"https:\/\/cncgraf.com\/en\/wp-json\/wp\/v2\/media\/484"}],"wp:attachment":[{"href":"https:\/\/cncgraf.com\/en\/wp-json\/wp\/v2\/media?parent=5802"}],"wp:term":[{"taxonomy":"product_brand","embeddable":true,"href":"https:\/\/cncgraf.com\/en\/wp-json\/wp\/v2\/product_brand?post=5802"},{"taxonomy":"product_cat","embeddable":true,"href":"https:\/\/cncgraf.com\/en\/wp-json\/wp\/v2\/product_cat?post=5802"},{"taxonomy":"product_tag","embeddable":true,"href":"https:\/\/cncgraf.com\/en\/wp-json\/wp\/v2\/product_tag?post=5802"}],"curies":[{"name":"wp","href":"https:\/\/api.w.org\/{rel}","templated":true}]}}