{"id":5803,"date":"2024-12-17T11:22:28","date_gmt":"2024-12-17T10:22:28","guid":{"rendered":"https:\/\/cncgraf.com\/?post_type=product&#038;p=5803"},"modified":"2025-08-18T12:24:31","modified_gmt":"2025-08-18T10:24:31","slug":"cnc-usb-controller-smc5d-p32-5-axis-machine","status":"publish","type":"product","link":"https:\/\/cncgraf.com\/en\/produkt\/cnc-usb-controller-smc5d-p32-5-achsen-maschine\/","title":{"rendered":"CNC controller smc5d-p32"},"content":{"rendered":"<p>Our <strong>5-axis entry-level CNC controller smc5d-p32<\/strong> is the logical further development of our popular smc4d-u2 controller series!<\/p>\n<p>It is based on a <strong>32-bit microcontroller PIC32 with 80 MHz<\/strong> and thus ensures stable and uninterrupted pulse output.<\/p>\n<p>It is ideal for controlling CNC machines such as milling machines, lathes, plotter applications or cutting and dosing systems and supports up to 5 axes simultaneously.<\/p>\n<p>Data is exchanged quickly with the computer via the integrated <strong>USB controller interface<\/strong>, which <strong>USB 2.0<\/strong> (compatible with USB 3.0) is supported. In addition, the USB controller enables a reliable and flexible power supply, either directly via the USB interface or via an external power source.<\/p>\n<p><strong>Technical data<\/strong><\/p>\n<ul>\n<li style=\"list-style-type: none;\">\n<ul>\n<li>Power supply 5 Volt<\/li>\n<li>Clock and direction signals up to <strong>150 kHz<\/strong><\/li>\n<li>Interpolated journeys to <strong>5 axles + double drive X2 \/Y2<\/strong><\/li>\n<li>Communication via <strong>USB 2.0<\/strong> (compatible with USB 3.0)<\/li>\n<li class=\"translation-block\">RS485 connection for <a href=\"https:\/\/cncgraf.com\/en\/handrad\/\" data-type=\"page\" data-id=\"16\" target=\"_self\">handwheel<\/a><\/li>\n<li><strong>24 protected inputs and outputs<\/strong><\/li>\n<li>All inputs on CON2, CON3 and CON4 are optoisolated<\/li>\n<li><strong>Spindle speed<\/strong> via analogue output (requires DAC-INT-10V)<\/li>\n<li>Requires cncGraF Pro\/Std (free download)<\/li>\n<\/ul>\n<\/li>\n<\/ul>\n<p><strong>Scope of delivery<\/strong>:<\/p>\n<ul>\n<li style=\"list-style-type: none;\">\n<ul>\n<li>CNC controller <strong>smc5d-p32<\/strong><\/li>\n<li>USB cable<\/li>\n<li><strong>cncGraF Pro\/hour<\/strong>, Available in the <a href=\"https:\/\/cncgraf.com\/en\/download-cncgraf-cnc-control-software\/\">download<\/a>- Range<\/li>\n<li>Documentation<\/li>\n<\/ul>\n<\/li>\n<\/ul>\n<p><strong>Hint<\/strong>You only buy hardware. The cncGraF software is available free of charge on our website. All updates within the same version Std \/ Pro are free of charge. Only a controller upgrade to the higher cncGraF version, e.g. from cncGraF Std to Pro, is subject to a one-off charge.<\/p>","protected":false},"excerpt":{"rendered":"<p>Unser 5-Achsen-Einsteiger-CNC-Controller smc5d-p32 ist die konsequente Weiterentwicklung unserer beliebten smc4d-u2 Controller Serie! Er basiert auf einem 32-Bit Mikrocontroller PIC32 mit 80 MHz und sorgt somit f\u00fcr eine stabile und unterbrechungsfreie Impulsausgabe. Er eignet sich hervorragend zur Ansteuerung von CNC-Maschinen wie Fr\u00e4sen, Drehb\u00e4nken, Plotteranwendungen oder Schneid- und Dosieranlagen und unterst\u00fctzt bis zu 5 Achsen simultan. Ein [&hellip;]<\/p>\n","protected":false},"featured_media":485,"template":"","meta":[],"product_brand":[],"product_cat":[144],"product_tag":[120,132],"class_list":{"0":"post-5803","1":"product","2":"type-product","3":"status-publish","4":"has-post-thumbnail","6":"product_cat-smc5d-p32","7":"product_tag-cnc-controller","8":"product_tag-smc5d-p32","10":"first","11":"instock","12":"taxable","13":"shipping-taxable","14":"purchasable","15":"product-type-variable","16":"has-default-attributes"},"_links":{"self":[{"href":"https:\/\/cncgraf.com\/en\/wp-json\/wp\/v2\/product\/5803","targetHints":{"allow":["GET"]}}],"collection":[{"href":"https:\/\/cncgraf.com\/en\/wp-json\/wp\/v2\/product"}],"about":[{"href":"https:\/\/cncgraf.com\/en\/wp-json\/wp\/v2\/types\/product"}],"wp:featuredmedia":[{"embeddable":true,"href":"https:\/\/cncgraf.com\/en\/wp-json\/wp\/v2\/media\/485"}],"wp:attachment":[{"href":"https:\/\/cncgraf.com\/en\/wp-json\/wp\/v2\/media?parent=5803"}],"wp:term":[{"taxonomy":"product_brand","embeddable":true,"href":"https:\/\/cncgraf.com\/en\/wp-json\/wp\/v2\/product_brand?post=5803"},{"taxonomy":"product_cat","embeddable":true,"href":"https:\/\/cncgraf.com\/en\/wp-json\/wp\/v2\/product_cat?post=5803"},{"taxonomy":"product_tag","embeddable":true,"href":"https:\/\/cncgraf.com\/en\/wp-json\/wp\/v2\/product_tag?post=5803"}],"curies":[{"name":"wp","href":"https:\/\/api.w.org\/{rel}","templated":true}]}}