{"id":5815,"date":"2024-12-18T15:25:07","date_gmt":"2024-12-18T14:25:07","guid":{"rendered":"https:\/\/cncgraf.com\/?post_type=product&#038;p=5815"},"modified":"2026-01-22T09:34:00","modified_gmt":"2026-01-22T08:34:00","slug":"electronic-handwheel-for-cnc-controller-cncgraf","status":"publish","type":"product","link":"https:\/\/cncgraf.com\/en\/produkt\/elektronisches-handrad-fuer-cnc-controller-cncgraf\/","title":{"rendered":"Electronic handwheel for CNC controller &amp; cncGraF"},"content":{"rendered":"<p>Our electronic handwheel is connected directly to the controller by cable. As the machine movements are therefore carried out directly via the hardware controller (without a PC), there are no delays when positioning the CNC machine.<\/p>\n<p>All actions on the handwheel are transferred 1:1 to the software.<\/p>\n<p>The high-quality membrane keypad of the handwheel has <strong>29 Status LEDs<\/strong>. A metal snap disc inside the keypad confirms each switching operation haptically and acoustically with a clicking sound.<\/p>\n<p>The handwheel has more than <strong>30 buttons and controls<\/strong>. Several standard functions such as. <strong>Perform reference run<\/strong>, <strong>Start job<\/strong>, <strong>Break<\/strong> etc. are permanently assigned and can be used immediately. The lower <strong>12 function keys<\/strong> can be accessed via <strong>cncGraF<\/strong> with your own functions and macros.<\/p>\n<p>The housing of the handwheel is sealed all round and is magnetic at the rear for easy attachment to the machine. In addition, the handwheel has a built-in <strong>Emergency stop switch<\/strong>.<\/p>\n<p><strong>Functions of the handwheel<\/strong><\/p>\n<ul>\n<li style=\"list-style-type: none;\">\n<ul>\n<li>Procedure of all <strong>5 axles<\/strong> via a rotary control (optical encoder). The step resolution is between <strong>0.1 mm<\/strong> and <strong>0.01 mm<\/strong> adjustable (in the <strong>cncGraF<\/strong>).<\/li>\n<li><strong>Standard functions<\/strong>Execute reference run, move to zero point, move to parking point, spindle on\/off, set zero point X\/Y\/Z, pump on\/off, start job, continue job, pause, cancel.<\/li>\n<li>Further functions and macros can be added to the <strong>12 free function keys<\/strong> can be defined. These 12 additional buttons have slide-in windows that allow individual button and field labelling using text strips.<\/li>\n<li>The operating speed can be changed during operation.<\/li>\n<li>A <strong>Emergency stop switch<\/strong> is integrated into the front of the housing.<\/li>\n<\/ul>\n<\/li>\n<\/ul>\n<p><strong>The handwheel is available in two versions:<\/strong><\/p>\n<p><strong>Encoder variant (speed)<\/strong><br \/>\n<strong>Advantage<\/strong>The display in the software always matches the actual setting on the handwheel. <strong>Disadvantage<\/strong>: Endlessly rotatable, without stop at 0 % and 100 %<\/p>\n<p><strong>Potentiometer variant (speed)<\/strong><br \/>\n<strong>Advantage<\/strong>: Noticeable stop at 0 % and 100 % (minimum\/maximum can be felt). <strong>Disadvantage<\/strong>: The display in the software may differ from the setting on the handwheel, as the speed can be changed both in the software and on the handwheel.<\/p>\n<p><strong>Technical data<\/strong><\/p>\n<ul>\n<li style=\"list-style-type: none;\">\n<ul>\n<li><strong>Weight<\/strong>approx. 400 g<\/li>\n<li><strong>Dimensions<\/strong> (W x H x D): 80.3 x 185 x 50.5 mm<\/li>\n<li><strong>Cable length<\/strong>5 m (longer on request)<\/li>\n<li><strong>Emergency stop switch<\/strong><\/li>\n<li><strong>Compatibility<\/strong>: Compatible with all current <strong>BOENIGK CNC Controllers<\/strong> and from <strong>cncGraF 7.1<\/strong><\/li>\n<\/ul>\n<\/li>\n<\/ul>\n<p><strong>Scope of delivery<\/strong><\/p>\n<ul>\n<li style=\"list-style-type: none;\">\n<ul>\n<li>Handwheel<\/li>\n<li>Connection electronics (NA2)<\/li>\n<li>Cable (5 m standard)<\/li>\n<li>Quick guide<\/li>\n<\/ul>\n<\/li>\n<\/ul>","protected":false},"excerpt":{"rendered":"<p>Unser elektronisches Handrad wird mittels Kabel direkt an den Controller angeschlossen. Da die Bewegungen der Maschine somit direkt \u00fcber die Hardwaresteuerung (ohne PC) erfolgen, entstehen keinerlei Verz\u00f6gerungen bei der Positionierung der CNC-Maschine. Alle Aktionen am Handrad werden 1:1 an die Software \u00fcbergeben. Die hochwertige Folientastatur des Handrades besitzt 29 Status-LEDs. Durch eine Metallschnappscheibe innerhalb der [&hellip;]<\/p>\n","protected":false},"featured_media":2628,"template":"","meta":[],"product_brand":[],"product_cat":[133],"product_tag":[134],"class_list":{"0":"post-5815","1":"product","2":"type-product","3":"status-publish","4":"has-post-thumbnail","6":"product_cat-cnc-zubehoer","7":"product_tag-cnc-zubehoer","9":"first","10":"outofstock","11":"taxable","12":"shipping-taxable","13":"purchasable","14":"product-type-variable"},"_links":{"self":[{"href":"https:\/\/cncgraf.com\/en\/wp-json\/wp\/v2\/product\/5815","targetHints":{"allow":["GET"]}}],"collection":[{"href":"https:\/\/cncgraf.com\/en\/wp-json\/wp\/v2\/product"}],"about":[{"href":"https:\/\/cncgraf.com\/en\/wp-json\/wp\/v2\/types\/product"}],"wp:featuredmedia":[{"embeddable":true,"href":"https:\/\/cncgraf.com\/en\/wp-json\/wp\/v2\/media\/2628"}],"wp:attachment":[{"href":"https:\/\/cncgraf.com\/en\/wp-json\/wp\/v2\/media?parent=5815"}],"wp:term":[{"taxonomy":"product_brand","embeddable":true,"href":"https:\/\/cncgraf.com\/en\/wp-json\/wp\/v2\/product_brand?post=5815"},{"taxonomy":"product_cat","embeddable":true,"href":"https:\/\/cncgraf.com\/en\/wp-json\/wp\/v2\/product_cat?post=5815"},{"taxonomy":"product_tag","embeddable":true,"href":"https:\/\/cncgraf.com\/en\/wp-json\/wp\/v2\/product_tag?post=5815"}],"curies":[{"name":"wp","href":"https:\/\/api.w.org\/{rel}","templated":true}]}}