{"id":5818,"date":"2024-12-18T15:55:49","date_gmt":"2024-12-18T14:55:49","guid":{"rendered":"https:\/\/cncgraf.com\/?post_type=product&#038;p=5818"},"modified":"2025-01-24T09:59:11","modified_gmt":"2025-01-24T08:59:11","slug":"nr-8-power-supply-and-relay-card","status":"publish","type":"product","link":"https:\/\/cncgraf.com\/en\/produkt\/nr-8-netzteil-und-relais-karte\/","title":{"rendered":"NR-8 power supply unit and relay card"},"content":{"rendered":"<p><strong>Technical data NR-8<\/strong><\/p>\n<ul>\n<li style=\"list-style-type: none;\">\n<ul>\n<li>Suitable for switching power supply and transformer.<\/li>\n<li>Power supply: 30 - 48 DC volt input voltage<\/li>\n<li>Output: 30 - 48 DC for motors, 24V, 1Amp and 5V, 1Amp<\/li>\n<li>Relay for spindle 230VA 8Amp, 1 relay with 24Volt switching voltage for pump<\/li>\n<li>3 relays with 24V, 1Amp<\/li>\n<li>A safety relay for switching on with a start button.<\/li>\n<li>Input for emergency stop switch.<\/li>\n<\/ul>\n<\/li>\n<\/ul>\n<p>Further information can be found in the <a href=\"https:\/\/cncgraf.com\/en\/documentation\/\">Documentation area<\/a>.<\/p>","protected":false},"excerpt":{"rendered":"<p>Technische Daten NR-8 Geeignet f\u00fcr Schaltnetzteil und Trafo. Stromversorgung: 30 &#8211; 48 DC Volt Eingangsspannung Ausgang: 30 &#8211; 48 DC f\u00fcr Motoren, 24V, 1Amp und 5V, 1Amp Relais f\u00fcr Spindel 230VA 8Amp, 1 Relais mit 24Volt Schaltspannung f\u00fcr Pumpe 3 Relais mit 24V, 1Amp Ein Sicherheitsrelais zum Einschalten mit einem Start-Taster. Eingang f\u00fcr Not-Aus Schalter. [&hellip;]<\/p>\n","protected":false},"featured_media":5821,"template":"","meta":[],"product_brand":[],"product_cat":[141],"product_tag":[136],"class_list":{"0":"post-5818","1":"product","2":"type-product","3":"status-publish","4":"has-post-thumbnail","6":"product_cat-relais-platinen","7":"product_tag-relais-karte","9":"first","10":"instock","11":"taxable","12":"shipping-taxable","13":"purchasable","14":"product-type-simple"},"_links":{"self":[{"href":"https:\/\/cncgraf.com\/en\/wp-json\/wp\/v2\/product\/5818","targetHints":{"allow":["GET"]}}],"collection":[{"href":"https:\/\/cncgraf.com\/en\/wp-json\/wp\/v2\/product"}],"about":[{"href":"https:\/\/cncgraf.com\/en\/wp-json\/wp\/v2\/types\/product"}],"wp:featuredmedia":[{"embeddable":true,"href":"https:\/\/cncgraf.com\/en\/wp-json\/wp\/v2\/media\/5821"}],"wp:attachment":[{"href":"https:\/\/cncgraf.com\/en\/wp-json\/wp\/v2\/media?parent=5818"}],"wp:term":[{"taxonomy":"product_brand","embeddable":true,"href":"https:\/\/cncgraf.com\/en\/wp-json\/wp\/v2\/product_brand?post=5818"},{"taxonomy":"product_cat","embeddable":true,"href":"https:\/\/cncgraf.com\/en\/wp-json\/wp\/v2\/product_cat?post=5818"},{"taxonomy":"product_tag","embeddable":true,"href":"https:\/\/cncgraf.com\/en\/wp-json\/wp\/v2\/product_tag?post=5818"}],"curies":[{"name":"wp","href":"https:\/\/api.w.org\/{rel}","templated":true}]}}