{"id":5835,"date":"2024-12-19T11:55:59","date_gmt":"2024-12-19T10:55:59","guid":{"rendered":"https:\/\/cncgraf.com\/?post_type=product&#038;p=5835"},"modified":"2025-10-27T10:51:19","modified_gmt":"2025-10-27T09:51:19","slug":"cnc-machines-tool-lengths-probe","status":"publish","type":"product","link":"https:\/\/cncgraf.com\/en\/produkt\/cnc-maschinen-werkzeuglaengen-taster\/","title":{"rendered":"Tool length sensor"},"content":{"rendered":"<p><strong>Professional tool length sensor for CNC machines<\/strong><\/p>\n<p>In order to be able to carry out high-quality milling work, it is essential that the tool length and the zero point in the Z-axis of the CNC machines are measured precisely.<br \/>\nThe precision tool length sensor enables fast, precise and automatic measurement of the tool length of milling cutters, drills etc. after each tool change, as well as tool breakage monitoring.<br \/>\nTime-consuming manual calibration, such as scratching the workpiece surface, is no longer necessary.<br \/>\nIn order to meet the requirements for extremely high precision, the tool length sensor has a solid, finely milled base body with precise 16 mm flank guidance of the sensing cylinder. The functional principle with linear guide is absolutely free of lateral forces, so that even sensitive and very small tools can be measured.<\/p>\n<p><img loading=\"lazy\" decoding=\"async\" class=\"alignnone size-full wp-image-5836\" src=\"https:\/\/cncgraf.com\/wp-content\/uploads\/2024\/12\/taster.png\" alt=\"\" width=\"225\" height=\"132\" srcset=\"https:\/\/cncgraf.com\/wp-content\/uploads\/2024\/12\/taster.png 225w, https:\/\/cncgraf.com\/wp-content\/uploads\/2024\/12\/taster-18x12.png 18w\" sizes=\"auto, (max-width: 225px) 100vw, 225px\" \/><\/p>\n<p>The elimination of electromechanical switching contacts also eliminates any disruptive electrical bounce, so that the switching point is always in exactly the same position.<\/p>\n<p><img loading=\"lazy\" decoding=\"async\" class=\"alignnone size-full wp-image-5837\" src=\"https:\/\/cncgraf.com\/wp-content\/uploads\/2024\/12\/taster-induktiv.png\" alt=\"\" width=\"142\" height=\"142\" srcset=\"https:\/\/cncgraf.com\/wp-content\/uploads\/2024\/12\/taster-induktiv.png 142w, https:\/\/cncgraf.com\/wp-content\/uploads\/2024\/12\/taster-induktiv-100x100.png 100w, https:\/\/cncgraf.com\/wp-content\/uploads\/2024\/12\/taster-induktiv-12x12.png 12w\" sizes=\"auto, (max-width: 142px) 100vw, 142px\" \/> <img loading=\"lazy\" decoding=\"async\" class=\"alignnone size-medium wp-image-5838\" src=\"https:\/\/cncgraf.com\/wp-content\/uploads\/2024\/12\/taster-schalter.png\" alt=\"\" width=\"142\" height=\"142\" srcset=\"https:\/\/cncgraf.com\/wp-content\/uploads\/2024\/12\/taster-schalter.png 142w, https:\/\/cncgraf.com\/wp-content\/uploads\/2024\/12\/taster-schalter-100x100.png 100w, https:\/\/cncgraf.com\/wp-content\/uploads\/2024\/12\/taster-schalter-12x12.png 12w\" sizes=\"auto, (max-width: 142px) 100vw, 142px\" \/> <img loading=\"lazy\" decoding=\"async\" class=\"alignnone size-medium wp-image-5839\" src=\"https:\/\/cncgraf.com\/wp-content\/uploads\/2024\/12\/taster-schalter2.png\" alt=\"\" width=\"142\" height=\"142\" srcset=\"https:\/\/cncgraf.com\/wp-content\/uploads\/2024\/12\/taster-schalter2.png 142w, https:\/\/cncgraf.com\/wp-content\/uploads\/2024\/12\/taster-schalter2-100x100.png 100w, https:\/\/cncgraf.com\/wp-content\/uploads\/2024\/12\/taster-schalter2-12x12.png 12w\" sizes=\"auto, (max-width: 142px) 100vw, 142px\" \/> <img loading=\"lazy\" decoding=\"async\" class=\"alignnone size-medium wp-image-5840\" src=\"https:\/\/cncgraf.com\/wp-content\/uploads\/2024\/12\/taster-schalter3.png\" alt=\"\" width=\"142\" height=\"142\" srcset=\"https:\/\/cncgraf.com\/wp-content\/uploads\/2024\/12\/taster-schalter3.png 142w, https:\/\/cncgraf.com\/wp-content\/uploads\/2024\/12\/taster-schalter3-100x100.png 100w, https:\/\/cncgraf.com\/wp-content\/uploads\/2024\/12\/taster-schalter3-12x12.png 12w\" sizes=\"auto, (max-width: 142px) 100vw, 142px\" \/><\/p>\n<p>&nbsp;<\/p>\n<p>An inductive sensor is used as a switching sensor, which guarantees a repeat accuracy of between 0.01 and 0.02 mm.<br \/>\nThe dimensions of the 18 mm diameter scanning surface have been selected to provide an optimum basis for exact measurements not only for the smallest milling cutter diameters but also for larger milling cutters with roughing geometry.<br \/>\nThe low-profile design allows installation on most CNC machines both in fixed mounting and in flying use.<\/p>\n<p><strong>Technical data<\/strong><\/p>\n<ul>\n<li style=\"list-style-type: none;\">\n<ul>\n<li>Low profile design with a precisely guided 18mm sensing face<\/li>\n<li>Signal processing through precise inductive sensor<\/li>\n<li>No contact bounce due to the absence of mechanical switching contacts<\/li>\n<li>Precise repeat accuracy of 2\/100mm<\/li>\n<li>No movement of the switching point position<\/li>\n<li>Measuring point also reliable in the event of vibrations and shocks<\/li>\n<li>No reduction in service life due to number of switching cycles<\/li>\n<li>No failure due to dirty or corroded contacts<\/li>\n<li>Control of the switching point via LED display<\/li>\n<li>Length of connection cable 2 m<\/li>\n<li>Protection class: IP 65<\/li>\n<li>Operating voltage: 10-30 V DC Switching contact: max. 150mA<\/li>\n<li>Version: PNP normally closed (NC) , NPN normally closed (NC)<\/li>\n<\/ul>\n<\/li>\n<\/ul>\n<p><strong>Tip<\/strong>The PNP NC variant is better suited for connection to Con3\/4 of the controller, whereas the NPN NC variant is better suited for connection to Con2 of the controller.<\/p>\n<p><img loading=\"lazy\" decoding=\"async\" class=\"alignnone size-medium wp-image-5844\" src=\"https:\/\/cncgraf.com\/wp-content\/uploads\/2024\/12\/npnpnp_NC-300x96.png\" alt=\"\" width=\"300\" height=\"96\" srcset=\"https:\/\/cncgraf.com\/wp-content\/uploads\/2024\/12\/npnpnp_NC-300x96.png 300w, https:\/\/cncgraf.com\/wp-content\/uploads\/2024\/12\/npnpnp_NC-600x192.png 600w, https:\/\/cncgraf.com\/wp-content\/uploads\/2024\/12\/npnpnp_NC-768x246.png 768w, https:\/\/cncgraf.com\/wp-content\/uploads\/2024\/12\/npnpnp_NC-18x6.png 18w, https:\/\/cncgraf.com\/wp-content\/uploads\/2024\/12\/npnpnp_NC.png 887w\" sizes=\"auto, (max-width: 300px) 100vw, 300px\" \/><\/p>\n<p><strong>Dimension<\/strong><\/p>\n<p><img loading=\"lazy\" decoding=\"async\" class=\"alignnone size-full wp-image-5845\" src=\"https:\/\/cncgraf.com\/wp-content\/uploads\/2024\/12\/abmessung.png\" alt=\"\" width=\"295\" height=\"295\" srcset=\"https:\/\/cncgraf.com\/wp-content\/uploads\/2024\/12\/abmessung.png 295w, https:\/\/cncgraf.com\/wp-content\/uploads\/2024\/12\/abmessung-100x100.png 100w, https:\/\/cncgraf.com\/wp-content\/uploads\/2024\/12\/abmessung-150x150.png 150w, https:\/\/cncgraf.com\/wp-content\/uploads\/2024\/12\/abmessung-12x12.png 12w\" sizes=\"auto, (max-width: 295px) 100vw, 295px\" \/><\/p>\n<p><strong>Scope of delivery<\/strong><\/p>\n<p>Tool\/milling cutter length measuring probe with open cable end<\/p>\n<p>&nbsp;<\/p>","protected":false},"excerpt":{"rendered":"<p>Professioneller Werkzeugl\u00e4ngentaster f\u00fcr CNC Maschinen Um qualitativ hochwertige Fr\u00e4sarbeiten durchf\u00fchren zu k\u00f6nnen, ist ein genaues Einmessen der Werkzeugl\u00e4nge bzw. des Nullpunkt in Z-Achse der CNC Maschinen unbedingt erforderlich. Der Pr\u00e4zisions-Werkzeugl\u00e4ngentaster erlaubt nach jedem Werkzeugwechsel eine schnelle, pr\u00e4zise und automatische Messung der Werkzeugl\u00e4nge von Fr\u00e4ser, Bohrer usw. sowie die Werkzeugbruchkontrolle. Zeitaufwendiges manuelles Einmessen , wie z.B. [&hellip;]<\/p>\n","protected":false},"featured_media":5848,"template":"","meta":[],"product_brand":[],"product_cat":[138],"product_tag":[134],"class_list":{"0":"post-5835","1":"product","2":"type-product","3":"status-publish","4":"has-post-thumbnail","6":"product_cat-taster","7":"product_tag-cnc-zubehoer","9":"first","10":"instock","11":"taxable","12":"shipping-taxable","13":"purchasable","14":"product-type-variable"},"_links":{"self":[{"href":"https:\/\/cncgraf.com\/en\/wp-json\/wp\/v2\/product\/5835","targetHints":{"allow":["GET"]}}],"collection":[{"href":"https:\/\/cncgraf.com\/en\/wp-json\/wp\/v2\/product"}],"about":[{"href":"https:\/\/cncgraf.com\/en\/wp-json\/wp\/v2\/types\/product"}],"wp:featuredmedia":[{"embeddable":true,"href":"https:\/\/cncgraf.com\/en\/wp-json\/wp\/v2\/media\/5848"}],"wp:attachment":[{"href":"https:\/\/cncgraf.com\/en\/wp-json\/wp\/v2\/media?parent=5835"}],"wp:term":[{"taxonomy":"product_brand","embeddable":true,"href":"https:\/\/cncgraf.com\/en\/wp-json\/wp\/v2\/product_brand?post=5835"},{"taxonomy":"product_cat","embeddable":true,"href":"https:\/\/cncgraf.com\/en\/wp-json\/wp\/v2\/product_cat?post=5835"},{"taxonomy":"product_tag","embeddable":true,"href":"https:\/\/cncgraf.com\/en\/wp-json\/wp\/v2\/product_tag?post=5835"}],"curies":[{"name":"wp","href":"https:\/\/api.w.org\/{rel}","templated":true}]}}