{"id":5873,"date":"2024-12-19T14:46:40","date_gmt":"2024-12-19T13:46:40","guid":{"rendered":"https:\/\/cncgraf.com\/?post_type=product&#038;p=5873"},"modified":"2024-12-21T10:19:17","modified_gmt":"2024-12-21T09:19:17","slug":"easymarker-video-positioning-system","status":"publish","type":"product","link":"https:\/\/cncgraf.com\/en\/produkt\/video-positionierungs-system-easymarker\/","title":{"rendered":"EasyMarker video positioning system"},"content":{"rendered":"<p>Professional video system with industrial Basler GigE camera and image processing licence for automatic alignment and fiducial recognition for contour cuts and cut-outs.<\/p>\n<p>The system makes it possible to automatically adapt the design to the workpiece at hand by automatically recognising and measuring previously applied or printed fiducial marks and using the data thus obtained to automatically adapt the work paths to the workpiece.<\/p>\n<p><strong>Practical example:\u00a0<\/strong><br \/>\nIn order to be able to cut or mill out printed motifs from a plate with precise contours, the plate with the print would have to be perfectly aligned on the machine and a zero point would have to be determined with great effort. Even in the ideal case, one or more test runs would have to be made. In some cases, an unnecessarily thick edge is also left.<\/p>\n<p>Our camera system avoids this problem. Registration marks previously printed around the subject are recognised by the video positioning system and compared with the working paths of the drawing. The drawing is then rotated, shifted and, if necessary, scaled based on the differences detected.<\/p>\n<p>The system is seamlessly integrated into cncGraF Pro as a plug-in. The definition of an offset between the camera and Z-axis position allows permanent mounting next to the Z-axis and is ideal for digital printing, packaging design, sign and advertising production as well as fabric cutting for flag and banner production using milling tools, oscillating tangential knives and lasers.<\/p>\n<p><img loading=\"lazy\" decoding=\"async\" class=\"alignnone size-medium wp-image-5875\" src=\"https:\/\/cncgraf.com\/wp-content\/uploads\/2024\/12\/basler-kalibrierung-300x158.jpg\" alt=\"\" width=\"300\" height=\"158\" srcset=\"https:\/\/cncgraf.com\/wp-content\/uploads\/2024\/12\/basler-kalibrierung-300x158.jpg 300w, https:\/\/cncgraf.com\/wp-content\/uploads\/2024\/12\/basler-kalibrierung-600x316.jpg 600w, https:\/\/cncgraf.com\/wp-content\/uploads\/2024\/12\/basler-kalibrierung-768x405.jpg 768w, https:\/\/cncgraf.com\/wp-content\/uploads\/2024\/12\/basler-kalibrierung-18x9.jpg 18w, https:\/\/cncgraf.com\/wp-content\/uploads\/2024\/12\/basler-kalibrierung.jpg 1000w\" sizes=\"auto, (max-width: 300px) 100vw, 300px\" \/><\/p>\n<div id=\"cc-m-11136988721\" class=\"j-module n j-header\">\n<p id=\"cc-m-header-11136988721\"><strong>Scope of delivery<\/strong><\/p>\n<\/div>\n<div id=\"cc-m-11136988821\" class=\"j-module n j-text\">\n<ul>\n<li style=\"list-style-type: none;\">\n<ul>\n<li>Basler GigE camera incl. lens and power supply unit<\/li>\n<li>Licence for positioning system - EasyMarker<\/li>\n<\/ul>\n<\/li>\n<\/ul>\n<p>&nbsp;<\/p>\n<\/div>","protected":false},"excerpt":{"rendered":"<p>Professionelles Video System mit Industrie Basler GigE- Kamera und Bildverarbeitungslizenz zur\u00a0automatischen Ausrichtung und Passermarkenerkennung f\u00fcr Konturschnitte und Ausfr\u00e4sungen. Das System erm\u00f6glicht es, die\u00a0Konstruktion automatisiert an\u00a0das vorliegende Werkst\u00fcck anzupassen, indem zuvor aufgebrachte oder gedruckte Passermarken automatisch erkennt und vermessen werden und die somit gewonnenen Daten dazu verwendet werden die Arbeitspfade an das Werkst\u00fcck automatisiert anzupassen. Praxisbeispiel:\u00a0 [&hellip;]<\/p>\n","protected":false},"featured_media":5874,"template":"","meta":[],"product_brand":[],"product_cat":[147],"product_tag":[],"class_list":{"0":"post-5873","1":"product","2":"type-product","3":"status-publish","4":"has-post-thumbnail","6":"product_cat-video-positionierung-system","8":"first","9":"instock","10":"taxable","11":"shipping-taxable","12":"purchasable","13":"product-type-simple"},"_links":{"self":[{"href":"https:\/\/cncgraf.com\/en\/wp-json\/wp\/v2\/product\/5873","targetHints":{"allow":["GET"]}}],"collection":[{"href":"https:\/\/cncgraf.com\/en\/wp-json\/wp\/v2\/product"}],"about":[{"href":"https:\/\/cncgraf.com\/en\/wp-json\/wp\/v2\/types\/product"}],"wp:featuredmedia":[{"embeddable":true,"href":"https:\/\/cncgraf.com\/en\/wp-json\/wp\/v2\/media\/5874"}],"wp:attachment":[{"href":"https:\/\/cncgraf.com\/en\/wp-json\/wp\/v2\/media?parent=5873"}],"wp:term":[{"taxonomy":"product_brand","embeddable":true,"href":"https:\/\/cncgraf.com\/en\/wp-json\/wp\/v2\/product_brand?post=5873"},{"taxonomy":"product_cat","embeddable":true,"href":"https:\/\/cncgraf.com\/en\/wp-json\/wp\/v2\/product_cat?post=5873"},{"taxonomy":"product_tag","embeddable":true,"href":"https:\/\/cncgraf.com\/en\/wp-json\/wp\/v2\/product_tag?post=5873"}],"curies":[{"name":"wp","href":"https:\/\/api.w.org\/{rel}","templated":true}]}}