{"id":10,"date":"2023-04-24T21:46:36","date_gmt":"2023-04-24T19:46:36","guid":{"rendered":"https:\/\/cncgraf.com\/?page_id=10"},"modified":"2025-10-01T12:36:38","modified_gmt":"2025-10-01T10:36:38","slug":"cncgraf-8-oprogramowanie-cnc-co-jest-nowe","status":"publish","type":"page","link":"https:\/\/cncgraf.com\/pl\/cncgraf-8-cnc-steuerungssoftware-was-ist-neu\/","title":{"rendered":"Co jest nowego?"},"content":{"rendered":"<div class=\"wp-block-group alignfull has-base-background-color has-background has-global-padding is-layout-constrained wp-block-group-is-layout-constrained\">\n<div style=\"height:30px\" aria-hidden=\"true\" class=\"wp-block-spacer\"><\/div>\n\n\n\n<h1 class=\"wp-block-heading alignfull has-text-align-center has-base-background-color has-background has-large-font-size\" id=\"cnc-gra-f-8-was-ist-neu-entdecken-sie-die-neuesten-features\">cncGraF 8: Co jest nowego? <br>Odkryj najnowsze funkcje!<\/h1>\n\n\n\n<p class=\"translation-block\">W tym przegl\u0105dzie prezentujemy najwa\u017cniejsze i najbardziej interesuj\u0105ce nowo\u015bci oprogramowania cncGraF 8. Nowa wersja oferuje ulepszone elementy steruj\u0105ce, spersonalizowany interfejs u\u017cytkownika, rozszerzone funkcje G-Code oraz funkcje zwi\u0119kszaj\u0105ce precyzj\u0119, aby obr\u00f3bka CNC by\u0142a bardziej efektywna i przyjazna dla u\u017cytkownika.<br><br>\nPrzekonaj si\u0119 o licznych zaletach, kt\u00f3re najnowsza wersja naszego oprogramowania oferuje dla Ciebie i Twojego przedsi\u0119biorstwa. Odkryj, jak cncGraF 8 mo\u017ce zwi\u0119kszy\u0107 Twoj\u0105 produktywno\u015b\u0107 i jako\u015b\u0107 produkcji oraz dowiedz si\u0119, jak to pot\u0119\u017cne rozwi\u0105zanie rewolucjonizuje sterowanie CNC.<\/p>\n\n\n\n<div class=\"wp-block-buttons is-layout-flex wp-block-buttons-is-layout-flex\">\n<div class=\"wp-block-button\"><a class=\"wp-block-button__link wp-element-button\" href=\"https:\/\/cncgraf.com\/pl\/pobierz-cncgraf-oprogramowanie-cnc\/\"> Pobierz cncGraF 8 za darmo<\/a><\/div>\n<\/div>\n\n\n\n<div style=\"height:10px\" aria-hidden=\"true\" class=\"wp-block-spacer\"><\/div>\n<\/div>\n\n\n\n<div class=\"wp-block-rank-math-toc-block\" style=\"padding-right:var(--wp--preset--spacing--30);padding-left:var(--wp--preset--spacing--30)\" id=\"rank-math-toc\"><h4>Najwa\u017cniejsze innowacje w skr\u00f3cie<\/h4><nav><ul><li class=\"\"><a href=\"#optimierte-benutzeroberflache-fur-intuitive-bedienung\">Zoptymalizowany interfejs u\u017cytkownika dla intuicyjnej obs\u0142ugi<\/a><\/li><li class=\"\"><a href=\"#3-d-taster-fur-hohere-prazision-und-produktivitat\">Sonda 3D dla wy\u017cszej precyzji i produktywno\u015bci<\/a><ul><li class=\"\"><a href=\"#kalibrierungsfunktion-des-3-d-tasters\">Funkcja kalibracji sondy 3D<\/a><\/li><li class=\"\"><a href=\"#3-d-taster-funktionen\">Funkcje sondy 3d<\/a><\/li><\/ul><\/li><li class=\"\"><a href=\"#mehrfaches-messen-fur-hohere-prazision\">Wiele pomiar\u00f3w dla wi\u0119kszej precyzji<\/a><\/li><li class=\"\"><a href=\"#individuelle-anpassung-des-manuell-bewegen-dialogs\">Indywidualna konfiguracja okna \"Posuw r\u0119czny\"<\/a><\/li><li class=\"\"><a href=\"#spindel-warmlaufen-steigern-sie-die-lebensdauer-ihrer-spindel\">Rozgrzewanie wrzeciona: Zwi\u0119ksz \u017cywotno\u015b\u0107 swojego wrzeciona<\/a><\/li><li class=\"translation-block\">Rozszerzona funkcjonalno\u015b\u0107 G-code: Instrukcje IF i parametry R dla wi\u0119kszej elastyczno\u015bci<\/li><li class=\"\"><a href=\"#werkzeugpalette-einfaches-bearbeiten-von-dxf-dateien\">Paleta narz\u0119dzi: Prosta edycja plik\u00f3w DXF<\/a><\/li><li class=\"\"><a href=\"#weitere-funktionen\">Dalsze funkcje<\/a><\/li><li class=\"\"><a href=\"#cnc-gra-f-8-systemanforderungen\">cncGraF 8: Wymagania systemowe<\/a><\/li><\/ul><\/nav><\/div>\n\n\n\n<div class=\"wp-block-group alignfull has-tertiary-background-color has-background has-global-padding is-layout-constrained wp-block-group-is-layout-constrained\">\n<hr class=\"wp-block-separator alignfull has-text-color has-cyan-bluish-gray-color has-alpha-channel-opacity has-cyan-bluish-gray-background-color has-background\"\/>\n\n\n\n<h3 class=\"wp-block-heading alignfull has-text-align-center has-tertiary-background-color has-background has-large-font-size\" id=\"optimierte-benutzeroberflache-fur-intuitive-bedienung\">Zoptymalizowany interfejs u\u017cytkownika dla intuicyjnej obs\u0142ugi<\/h3>\n\n\n\n<p>cncGraF 8 to nowa, rewolucyjna wersja naszego oprogramowania, kt\u00f3ra podnosi obs\u0142ug\u0119 maszyn CNC na zupe\u0142nie nowy poziom. Dzi\u0119ki ca\u0142kowicie przebudowanemu interfejsowi, kt\u00f3ry jest teraz przystosowany do obs\u0142ugi dotykowej i zoptymalizowany dla wysokich rozdzielczo\u015bci ekranu, oferujemy naszym u\u017cytkownikom dotychczas nieosi\u0105galne do\u015bwiadczenie w korzystaniu.<\/p>\n\n\n\n<figure class=\"wp-block-image aligncenter size-full\"><img loading=\"lazy\" decoding=\"async\" width=\"1169\" height=\"773\" src=\"https:\/\/cncgraf.com\/wp-content\/uploads\/2023\/10\/cncgraf_pl6.jpg\" alt=\"G\u0142\u00f3wne okno sterownika CNC cncGraF 8 z otwartym oknem dialogowym dla przebiegu referencyjnego.\" class=\"wp-image-1811\" srcset=\"https:\/\/cncgraf.com\/wp-content\/uploads\/2023\/10\/cncgraf_pl6.jpg 1373w, https:\/\/cncgraf.com\/wp-content\/uploads\/2023\/10\/cncgraf_pl6-600x364.jpg 600w\" sizes=\"auto, (max-width: 1169px) 100vw, 1169px\" \/><\/figure>\n\n\n\n<p>Dzi\u0119ki zmniejszonej liczbie ikon interfejs jest bardziej przejrzysty i oferuje czytelny, nowoczesny design. Oznacza to, \u017ce obs\u0142uga staje si\u0119 bardziej intuicyjna i prostsza, co u\u0142atwia zar\u00f3wno wdro\u017cenie, jak i codzienn\u0105 prac\u0119 z maszynami CNC. Jest to szczeg\u00f3lnie pomocne dla pocz\u0105tkuj\u0105cych w dziedzinie CNC, kt\u00f3rzy chc\u0105 szybko zapozna\u0107 si\u0119 z tematyk\u0105.<\/p>\n\n\n\n<p>Og\u00f3lnie rzecz bior\u0105c, cncGraF 8 oferuje pot\u0119\u017cne i przyjazne dla u\u017cytkownika rozwi\u0105zanie do sterowania maszynami CNC. Jeste\u015bmy przekonani, \u017ce nowa wersja przekroczy oczekiwania naszych u\u017cytkownik\u00f3w i z niecierpliwo\u015bci\u0105 czekamy na wsparcie naszych klient\u00f3w w realizacji ich projekt\u00f3w.<\/p>\n\n\n\n<div style=\"height:10px\" aria-hidden=\"true\" class=\"wp-block-spacer\"><\/div>\n\n\n\n<hr class=\"wp-block-separator alignfull has-text-color has-cyan-bluish-gray-color has-alpha-channel-opacity has-cyan-bluish-gray-background-color has-background\"\/>\n<\/div>\n\n\n\n<div class=\"wp-block-group alignfull has-global-padding is-layout-constrained wp-block-group-is-layout-constrained\">\n<h3 class=\"wp-block-heading alignfull has-text-align-center has-base-background-color has-background has-large-font-size\" id=\"3-d-taster-fur-hohere-prazision-und-produktivitat\">Sonda 3D dla wy\u017cszej precyzji i produktywno\u015bci<\/h3>\n\n\n\n<figure class=\"wp-block-image size-full\"><img loading=\"lazy\" decoding=\"async\" width=\"735\" height=\"63\" src=\"https:\/\/cncgraf.com\/wp-content\/uploads\/2023\/04\/Symbolleiste_3D_Taster_gross.jpg\" alt=\"Nowy pasek narz\u0119dzi w sterowaniu CNC cncGraF 8 z rozszerzonymi poleceniami dla sondy 3D.\" class=\"wp-image-111\" srcset=\"https:\/\/cncgraf.com\/wp-content\/uploads\/2023\/04\/Symbolleiste_3D_Taster_gross.jpg 735w, https:\/\/cncgraf.com\/wp-content\/uploads\/2023\/04\/Symbolleiste_3D_Taster_gross-600x51.jpg 600w, https:\/\/cncgraf.com\/wp-content\/uploads\/2023\/04\/Symbolleiste_3D_Taster_gross-300x26.jpg 300w\" sizes=\"auto, (max-width: 735px) 100vw, 735px\" \/><\/figure>\n\n\n\n<p>W nowej wersji naszego oprogramowania CNC oferujemy teraz r\u00f3wnie\u017c wszechstronne wsparcie dla sond 3D. Nowy pasek narz\u0119dzi zawiera oko\u0142o 10 r\u00f3\u017cnych funkcji sondy 3D, kt\u00f3re s\u0105 specjalnie dostosowane do potrzeb u\u017cytkownik\u00f3w CNC.<\/p>\n\n\n\n<div class=\"wp-block-media-text alignwide is-stacked-on-mobile\" style=\"margin-right:0;margin-left:0;padding-right:var(--wp--preset--spacing--30);padding-left:var(--wp--preset--spacing--30)\"><figure class=\"wp-block-media-text__media\"><img loading=\"lazy\" decoding=\"async\" width=\"837\" height=\"496\" src=\"https:\/\/cncgraf.com\/wp-content\/uploads\/2023\/10\/kalibracja_sondy4.jpg\" alt=\"System sterowania CNC cncGraF oferuje nowy kreator kalibracji dla sond 3D.\" class=\"wp-image-2982 size-full\" srcset=\"https:\/\/cncgraf.com\/wp-content\/uploads\/2023\/10\/kalibracja_sondy4.jpg 837w, https:\/\/cncgraf.com\/wp-content\/uploads\/2023\/10\/kalibracja_sondy4-600x356.jpg 600w\" sizes=\"auto, (max-width: 837px) 100vw, 837px\" \/><\/figure><div class=\"wp-block-media-text__content\">\n<h5 class=\"wp-block-heading\" id=\"kalibrierungsfunktion-des-3-d-tasters\">Funkcja kalibracji sondy 3D<\/h5>\n\n\n\n<p>Dzieki naszemu nowemu asystencie do kalibracji sondy 3D, kalibracja jej staje si\u0119 dziecinnie prosta. Asystent automatycznie okre\u015bla odchylenia sondy 3D w X+\/X-, Y+\/Y- oraz Z, aby uwzgl\u0119dnia\u0107 je p\u00f3\u017aniej podczas pomiar\u00f3w kraw\u0119dzi. Dzi\u0119ki temu sonda 3D staje si\u0119 jeszcze dok\u0142adniejsza i dostarcza bardziej wiarygodne wyniki.<\/p>\n<\/div><\/div>\n\n\n\n<div class=\"wp-block-columns is-layout-flex wp-container-core-columns-is-layout-28f84493 wp-block-columns-is-layout-flex\">\n<div class=\"wp-block-column is-layout-flow wp-block-column-is-layout-flow\">\n<h5 class=\"wp-block-heading\" id=\"3-d-taster-funktionen\">Funkcje sondy 3d<\/h5>\n\n\n\n<p>Ta nowa funkcja kalibracji obejmuje r\u00f3wnie\u017c szereg nowych funkcji sondy 3D. Dzi\u0119ki tym funkcjom mo\u017cna na przyk\u0142ad skanowa\u0107 kraw\u0119dzie, okre\u015bla\u0107 \u015brodek okr\u0119gu wewn\u0105trz\/na zewn\u0105trz, okre\u015bla\u0107 punkt zerowy Z i wiele wi\u0119cej.<\/p>\n<\/div>\n\n\n\n<div class=\"wp-block-column is-layout-flow wp-block-column-is-layout-flow\">\n<figure class=\"wp-block-gallery has-nested-images columns-2 wp-block-gallery-1 is-layout-flex wp-block-gallery-is-layout-flex\">\n<figure class=\"wp-block-image size-large\"><img loading=\"lazy\" decoding=\"async\" width=\"945\" height=\"430\" data-id=\"852\" src=\"https:\/\/cncgraf.com\/wp-content\/uploads\/2023\/10\/naroznik_zewnetrzny.jpg\" alt=\"Sterowanie CNC cncGraF 8 oferuje specjalistyczn\u0105 funkcj\u0119 przechwytywania naro\u017cnik\u00f3w zewn\u0119trznych za pomoc\u0105 sondy 3D.\" class=\"wp-image-852\" srcset=\"https:\/\/cncgraf.com\/wp-content\/uploads\/2023\/10\/naroznik_zewnetrzny.jpg 800w, https:\/\/cncgraf.com\/wp-content\/uploads\/2023\/10\/naroznik_zewnetrzny-600x360.jpg 600w\" sizes=\"auto, (max-width: 945px) 100vw, 945px\" \/><\/figure>\n\n\n\n<figure class=\"wp-block-image size-large\"><img loading=\"lazy\" decoding=\"async\" width=\"701\" height=\"323\" data-id=\"849\" src=\"https:\/\/cncgraf.com\/wp-content\/uploads\/2023\/10\/wyznacz_punkt_zerowy2.jpg\" alt=\"Dialog do okre\u015blania punktu zerowego za pomoc\u0105 prze\u0142\u0105cznika blokowego w oprogramowaniu steruj\u0105cym CNC cncGraF 8.\" class=\"wp-image-849\" sizes=\"auto, (max-width: 701px) 100vw, 701px\" \/><\/figure>\n\n\n\n<figure class=\"wp-block-image size-large\"><img loading=\"lazy\" decoding=\"async\" width=\"738\" height=\"376\" data-id=\"850\" src=\"https:\/\/cncgraf.com\/wp-content\/uploads\/2023\/10\/srodek_kola_zewnatrz.jpg\" alt=\"Dialog funkcji w cncGraF 8 do okre\u015blania zewn\u0119trznego \u015brodka okr\u0119gu za pomoc\u0105 sondy 3D.\" class=\"wp-image-850\" srcset=\"https:\/\/cncgraf.com\/wp-content\/uploads\/2023\/10\/srodek_kola_zewnatrz.jpg 603w, https:\/\/cncgraf.com\/wp-content\/uploads\/2023\/10\/srodek_kola_zewnatrz-600x478.jpg 600w\" sizes=\"auto, (max-width: 738px) 100vw, 738px\" \/><\/figure>\n\n\n\n<figure class=\"wp-block-image size-large\"><img loading=\"lazy\" decoding=\"async\" width=\"763\" height=\"392\" data-id=\"851\" src=\"https:\/\/cncgraf.com\/wp-content\/uploads\/2023\/10\/naroznik_wewnetrzny.jpg\" alt=\"Sterowanie CNC cncGraF 8 oferuje wyspecjalizowan\u0105 funkcj\u0119 przechwytywania naro\u017cnik\u00f3w wewn\u0119trznych za pomoc\u0105 sondy 3D.\" class=\"wp-image-851\" srcset=\"https:\/\/cncgraf.com\/wp-content\/uploads\/2023\/10\/naroznik_wewnetrzny.jpg 782w, https:\/\/cncgraf.com\/wp-content\/uploads\/2023\/10\/naroznik_wewnetrzny-600x255.jpg 600w\" sizes=\"auto, (max-width: 763px) 100vw, 763px\" \/><\/figure>\n\n\n\n<figure class=\"wp-block-image size-large\"><img loading=\"lazy\" decoding=\"async\" width=\"747\" height=\"354\" data-id=\"848\" src=\"https:\/\/cncgraf.com\/wp-content\/uploads\/2023\/10\/srodek_kola.jpg\" alt=\"Dialog funkcji w cncGraF 8 do okre\u015blania \u015brodka okr\u0119gu wewn\u0119trznego za pomoc\u0105 sondy 3D.\" class=\"wp-image-848\" srcset=\"https:\/\/cncgraf.com\/wp-content\/uploads\/2023\/10\/srodek_kola.jpg 729w, https:\/\/cncgraf.com\/wp-content\/uploads\/2023\/10\/srodek_kola-600x305.jpg 600w\" sizes=\"auto, (max-width: 747px) 100vw, 747px\" \/><\/figure>\n<\/figure>\n<\/div>\n<\/div>\n\n\n\n<div style=\"height:10px\" aria-hidden=\"true\" class=\"wp-block-spacer\"><\/div>\n<\/div>\n\n\n\n<div class=\"wp-block-group alignfull has-tertiary-background-color has-background has-global-padding is-layout-constrained wp-block-group-is-layout-constrained\">\n<hr class=\"wp-block-separator alignfull has-text-color has-cyan-bluish-gray-color has-alpha-channel-opacity has-cyan-bluish-gray-background-color has-background\"\/>\n\n\n\n<h3 class=\"wp-block-heading alignfull has-text-align-center has-tertiary-background-color has-background has-large-font-size\" id=\"mehrfaches-messen-fur-hohere-prazision\">Wiele pomiar\u00f3w dla wi\u0119kszej precyzji<\/h3>\n\n\n\n<p>Kolejna zaawansowana funkcja w cncGraF 8 pozwala na wielokrotne przeprowadzanie proces\u00f3w pomiarowych, takich jak rejestrowanie d\u0142ugo\u015bci narz\u0119dzi czy skanowanie kraw\u0119dzi za pomoc\u0105 sondy  3D. Dzi\u0119ki wielokrotnemu wykonaniu pomiar\u00f3w i nast\u0119pnej kalkulacji wynik\u00f3w uzyskuje si\u0119 wi\u0119ksz\u0105 dok\u0142adno\u015b\u0107.<\/p>\n\n\n\n<p>Do tej nowej funkcji do\u0142\u0105czona jest tak\u017ce wbudowana detekcja b\u0142\u0119d\u00f3w. Je\u015bli warto\u015b\u0107 pomiaru odbiega zbyt mocno od oczekiwanej, oprogramowanie automatycznie informuje o b\u0142\u0119dzie i przerywa prac\u0119.<\/p>\n\n\n\n<div style=\"height:10px\" aria-hidden=\"true\" class=\"wp-block-spacer\"><\/div>\n\n\n\n<hr class=\"wp-block-separator alignfull has-text-color has-cyan-bluish-gray-color has-alpha-channel-opacity has-cyan-bluish-gray-background-color has-background\"\/>\n<\/div>\n\n\n\n<div class=\"wp-block-group alignfull has-base-background-color has-background has-global-padding is-layout-constrained wp-block-group-is-layout-constrained\">\n<h3 class=\"wp-block-heading alignfull has-text-align-center has-base-background-color has-background has-large-font-size\" id=\"individuelle-anpassung-des-manuell-bewegen-dialogs\">Indywidualna konfiguracja okna \"Posuw r\u0119czny\" <\/h3>\n\n\n\n<figure class=\"wp-block-gallery has-nested-images columns-3 is-cropped wp-block-gallery-2 is-layout-flex wp-block-gallery-is-layout-flex\">\n<figure class=\"wp-block-image size-large\"><img loading=\"lazy\" decoding=\"async\" width=\"626\" height=\"874\" data-id=\"1185\" src=\"https:\/\/cncgraf.com\/wp-content\/uploads\/2023\/10\/posuw_reczny3.jpg\" alt=\"Przyk\u0142ad konfigurowalnego okna ruchu r\u0119cznego w systemie sterowania CNC cncGraF 8.\" class=\"wp-image-1185\" sizes=\"auto, (max-width: 626px) 100vw, 626px\" \/><\/figure>\n\n\n\n<figure class=\"wp-block-image size-large\"><img loading=\"lazy\" decoding=\"async\" width=\"626\" height=\"874\" data-id=\"1186\" src=\"https:\/\/cncgraf.com\/wp-content\/uploads\/2023\/10\/posuw_reczny2.jpg\" alt=\"Dostosowane okno ruchu r\u0119cznego w systemie sterowania CNC cncGraF 8.\" class=\"wp-image-1186\" sizes=\"auto, (max-width: 626px) 100vw, 626px\" \/><\/figure>\n\n\n\n<figure class=\"wp-block-image size-large\"><img loading=\"lazy\" decoding=\"async\" width=\"626\" height=\"874\" data-id=\"1188\" src=\"https:\/\/cncgraf.com\/wp-content\/uploads\/2023\/10\/posuw_reczny1.jpg\" alt=\"Interfejs u\u017cytkownika cncGraF 8 do r\u0119cznego sterowania maszyn\u0105 CNC, przyk\u0142adowa ilustracja konfiguracji.\" class=\"wp-image-1188\" sizes=\"auto, (max-width: 626px) 100vw, 626px\" \/><\/figure>\n<\/figure>\n\n\n\n<p>Okno \"Posuw r\u0119czny\" zosta\u0142o ca\u0142kowicie przeprojektowane i ma nowy wygl\u0105d. Dzi\u0119ki wbudowanym szablonom oraz funkcji \"Customize Layout\", u\u017cytkownik mo\u017ce dowolnie modyfikowa\u0107 ca\u0142e okno \"Posuw r\u0119czny\" i dostosowywa\u0107 je do w\u0142asnych potrzeb. Wbudowane szablony u\u0142atwiaj\u0105 dostosowywanie i tworzenie indywidualnych uk\u0142ad\u00f3w.<\/p>\n\n\n\n<div style=\"height:10px\" aria-hidden=\"true\" class=\"wp-block-spacer\"><\/div>\n<\/div>\n\n\n\n<div class=\"wp-block-group alignfull has-tertiary-background-color has-background has-global-padding is-layout-constrained wp-block-group-is-layout-constrained\">\n<hr class=\"wp-block-separator alignfull has-text-color has-cyan-bluish-gray-color has-alpha-channel-opacity has-cyan-bluish-gray-background-color has-background\"\/>\n\n\n\n<h3 class=\"wp-block-heading alignfull has-text-align-center has-tertiary-background-color has-background has-large-font-size\" id=\"spindel-warmlaufen-steigern-sie-die-lebensdauer-ihrer-spindel\">Rozgrzewanie wrzeciona: Zwi\u0119ksz \u017cywotno\u015b\u0107 swojego wrzeciona<\/h3>\n\n\n\n<figure class=\"wp-block-image size-full\"><img loading=\"lazy\" decoding=\"async\" width=\"1024\" height=\"462\" src=\"https:\/\/cncgraf.com\/wp-content\/uploads\/2023\/10\/rozgrzewka_wrzeciona.jpg\" alt=\"Zintegrowany dialog rozgrzewania wrzeciona w sterowaniu CNC cncGraF 8.\" class=\"wp-image-87\" srcset=\"https:\/\/cncgraf.com\/wp-content\/uploads\/2023\/10\/rozgrzewka_wrzeciona.jpg 1024w, https:\/\/cncgraf.com\/wp-content\/uploads\/2023\/10\/rozgrzewka_wrzeciona-600x271.jpg 600w\" sizes=\"auto, (max-width: 1024px) 100vw, 1024px\" \/><\/figure>\n\n\n\n<p>Poprzez celowe rozgrzewanie wrzeciona przed w\u0142a\u015bciwym procesem obr\u00f3bki, wyd\u0142u\u017ca si\u0119 \u017cywotno\u015b\u0107 wrzeciona i zwi\u0119ksza jego precyzja.<\/p>\n\n\n\n<div style=\"height:10px\" aria-hidden=\"true\" class=\"wp-block-spacer\"><\/div>\n\n\n\n<hr class=\"wp-block-separator alignfull has-text-color has-cyan-bluish-gray-color has-alpha-channel-opacity has-cyan-bluish-gray-background-color has-background\"\/>\n<\/div>\n\n\n\n<div class=\"wp-block-group alignfull has-global-padding is-layout-constrained wp-block-group-is-layout-constrained\">\n<h3 class=\"wp-block-heading alignfull has-text-align-center has-base-background-color has-background has-large-font-size translation-block\" id=\"erweiterte-g-code-funktionalitat-if-anweisungen-und-r-parameter-fur-mehr-flexibilitat\">Rozszerzona funkcjonalno\u015b\u0107 G-code: Instrukcje IF i parametry R dla wi\u0119kszej elastyczno\u015bci<\/h3>\n\n\n\n<p>Rozszerzona funkcjonalno\u015b\u0107 G-Code w naszym oprogramowaniu do sterowania CNC oferuje teraz instrukcje \"IF\" oraz parametry \"R\", co przyczynia si\u0119 do ulepszonego programowania i wi\u0119kszej elastyczno\u015bci.<\/p>\n\n\n\n<p>Za pomoc\u0105 instrukcji \"IF\" mo\u017cna sprawdza\u0107 warunki i wykonywa\u0107 polecenia tylko w przypadku spe\u0142nienia tych warunk\u00f3w, co umo\u017cliwia dostosowywanie si\u0119 do indywidualnych scenariuszy obr\u00f3bki. Parametry \"R\" oferuj\u0105 mo\u017cliwo\u015b\u0107 przeprowadzania oblicze\u0144 matematycznych bezpo\u015brednio w Twoim G-kodzie, przy czym obs\u0142ugiwane s\u0105 podstawowe operacje matematyczne. Te nowe funkcje u\u0142atwiaj\u0105 tworzenie elastycznych program\u00f3w CNC dla bardziej wydajnej produkcji.<\/p>\n\n\n\n<div style=\"height:10px\" aria-hidden=\"true\" class=\"wp-block-spacer\"><\/div>\n<\/div>\n\n\n\n<div class=\"wp-block-group alignfull has-tertiary-background-color has-background has-global-padding is-layout-constrained wp-block-group-is-layout-constrained\">\n<hr class=\"wp-block-separator alignfull has-text-color has-cyan-bluish-gray-color has-alpha-channel-opacity has-cyan-bluish-gray-background-color has-background\"\/>\n\n\n\n<h3 class=\"wp-block-heading alignfull has-text-align-center has-tertiary-background-color has-background has-large-font-size\" id=\"werkzeugpalette-einfaches-bearbeiten-von-dxf-dateien\">Paleta narz\u0119dzi: Prosta edycja plik\u00f3w DXF<\/h3>\n\n\n\n<p class=\"translation-block\">Paleta narz\u0119dzi oferuje prost\u0105 edycj\u0119 plik\u00f3w 2D, takich jak DXF, w tym korekt\u0119 narz\u0119dzi oraz ustalanie kolejno\u015bci frezowania. Jednym z najwa\u017cniejszych element\u00f3w palety narz\u0119dzi jest intuicyjna funkcja tworzenia kieszeni z wyspami, kt\u00f3ra umo\u017cliwia u\u017cytkownikom \u0142atwe rozwi\u0105zywanie z\u0142o\u017conych zada\u0144.<\/p>\n\n\n\n<figure class=\"wp-block-image size-full is-resized\"><img loading=\"lazy\" decoding=\"async\" width=\"1265\" height=\"785\" src=\"https:\/\/cncgraf.com\/wp-content\/uploads\/2024\/03\/tasche-insel-2.jpg\" alt=\"cncGraF 8: Paleta narz\u0119dzi: Ustaw kiesze\u0144 z wysp\u0105\" class=\"wp-image-5399\" style=\"width:604px;height:auto\" srcset=\"https:\/\/cncgraf.com\/wp-content\/uploads\/2024\/03\/tasche-insel-2.jpg 1265w, https:\/\/cncgraf.com\/wp-content\/uploads\/2024\/03\/tasche-insel-2-600x372.jpg 600w, https:\/\/cncgraf.com\/wp-content\/uploads\/2024\/03\/tasche-insel-2-300x186.jpg 300w, https:\/\/cncgraf.com\/wp-content\/uploads\/2024\/03\/tasche-insel-2-1024x635.jpg 1024w, https:\/\/cncgraf.com\/wp-content\/uploads\/2024\/03\/tasche-insel-2-768x477.jpg 768w, https:\/\/cncgraf.com\/wp-content\/uploads\/2024\/03\/tasche-insel-2-18x12.jpg 18w\" sizes=\"auto, (max-width: 1265px) 100vw, 1265px\" \/><\/figure>\n\n\n\n<div style=\"height:10px\" aria-hidden=\"true\" class=\"wp-block-spacer\"><\/div>\n\n\n\n<hr class=\"wp-block-separator alignfull has-text-color has-cyan-bluish-gray-color has-alpha-channel-opacity has-cyan-bluish-gray-background-color has-background\"\/>\n<\/div>\n\n\n\n<div class=\"wp-block-group alignfull has-global-padding is-layout-constrained wp-block-group-is-layout-constrained\">\n<h3 class=\"wp-block-heading alignfull has-text-align-center has-base-background-color has-background has-large-font-size\" id=\"weitere-funktionen\">Dalsze funkcje<\/h3>\n\n\n\n<ul class=\"wp-block-list\">\n<li>Oprogramowanie umo\u017cliwia teraz kontrol\u0119 do <strong>6 osi<\/strong>.<\/li>\n\n\n\n<li>The <strong>Jednostka k\u0105ta <\/strong>umo\u017cliwia wykonywanie precyzyjnych ci\u0119\u0107 uko\u015bnych lub pochy\u0142ych.<\/li>\n\n\n\n<li>Wy\u015bwietlanie dodatkowych informacji, takich jak <strong>Pr\u0119dko\u015b\u0107 na \u017cywo<\/strong>, <strong>Czas pracy frezowania<\/strong> i jeden <strong>Stoper<\/strong>.<\/li>\n\n\n\n<li>Sterowanie maszyn\u0105 za pomoc\u0105 <strong>Gamepad Microsoft Xbox<\/strong>.<\/li>\n\n\n\n<li><img loading=\"lazy\" decoding=\"async\" width=\"18\" height=\"18\" class=\"wp-image-5421\" style=\"width: 18px;\" src=\"https:\/\/cncgraf.com\/wp-content\/uploads\/2024\/03\/laser.jpg\" alt=\"\" srcset=\"https:\/\/cncgraf.com\/wp-content\/uploads\/2024\/03\/laser.jpg 64w, https:\/\/cncgraf.com\/wp-content\/uploads\/2024\/03\/laser-12x12.jpg 12w\" sizes=\"auto, (max-width: 18px) 100vw, 18px\" \/> <strong>Ci\u0119cie laserowe<\/strong>.<\/li>\n\n\n\n<li><strong>Komunikacja TCP-Server\/Client i Modbus-TCP-Client<\/strong>.<\/li>\n\n\n\n<li>i wiele wi\u0119cej.<\/li>\n<\/ul>\n\n\n\n<div style=\"height:10px\" aria-hidden=\"true\" class=\"wp-block-spacer\"><\/div>\n<\/div>\n\n\n\n<div class=\"wp-block-group alignfull has-global-padding is-layout-constrained wp-block-group-is-layout-constrained\">\n<h3 class=\"wp-block-heading has-text-align-center has-large-font-size\" id=\"cnc-gra-f-8-systemanforderungen\">cncGraF 8: Wymagania systemowe<\/h3>\n\n\n\n<ul class=\"wp-block-list\">\n<li>System operacyjny: Windows 10\/11 (wersja 64-bitowa)<\/li>\n\n\n\n<li>RAM: 4 GB (dla obr\u00f3bki du\u017cych plik\u00f3w zalecane &gt; 4 GB)<\/li>\n\n\n\n<li>Porty: USB 2.0 (kompatybilne z USB 3.0), opcjonalnie Ethernet (LAN)<\/li>\n\n\n\n<li class=\"translation-block\">Elektronika steruj\u0105ca i sterowniki: <a href=\"https:\/\/cncgraf.com\/pl\/sterowniki-cnc\/\" data-type=\"page\" data-id=\"14\" target=\"_self\">smc5d-p32 lub smc5d-m4<\/a><\/li>\n<\/ul>\n\n\n\n<div style=\"height:20px\" aria-hidden=\"true\" class=\"wp-block-spacer\"><\/div>\n<\/div>","protected":false},"excerpt":{"rendered":"<p>cncGraF 8: Was ist neu? Entdecken Sie die neuesten Features! In dieser \u00dcbersicht pr\u00e4sentieren wir Ihnen die wichtigsten und spannendsten Neuerungen der cncGraF 8 Software. Die neue Version bietet verbesserte Bedienelemente, personalisierte Anpassungen, erweiterte G-Code-Funktionen und pr\u00e4zisionssteigernde Features, um Ihre CNC-Bearbeitung effizienter und benutzerfreundlicher zu gestalten. Lassen Sie sich von den zahlreichen Vorteilen \u00fcberzeugen, die [&hellip;]<\/p>\n","protected":false},"author":1,"featured_media":0,"parent":0,"menu_order":0,"comment_status":"closed","ping_status":"closed","template":"","meta":{"footnotes":""},"class_list":["post-10","page","type-page","status-publish","hentry"],"_links":{"self":[{"href":"https:\/\/cncgraf.com\/pl\/wp-json\/wp\/v2\/pages\/10","targetHints":{"allow":["GET"]}}],"collection":[{"href":"https:\/\/cncgraf.com\/pl\/wp-json\/wp\/v2\/pages"}],"about":[{"href":"https:\/\/cncgraf.com\/pl\/wp-json\/wp\/v2\/types\/page"}],"author":[{"embeddable":true,"href":"https:\/\/cncgraf.com\/pl\/wp-json\/wp\/v2\/users\/1"}],"replies":[{"embeddable":true,"href":"https:\/\/cncgraf.com\/pl\/wp-json\/wp\/v2\/comments?post=10"}],"version-history":[{"count":0,"href":"https:\/\/cncgraf.com\/pl\/wp-json\/wp\/v2\/pages\/10\/revisions"}],"wp:attachment":[{"href":"https:\/\/cncgraf.com\/pl\/wp-json\/wp\/v2\/media?parent=10"}],"curies":[{"name":"wp","href":"https:\/\/api.w.org\/{rel}","templated":true}]}}