{"id":1082,"date":"2023-05-15T16:29:34","date_gmt":"2023-05-15T14:29:34","guid":{"rendered":"https:\/\/cncgraf.com\/?page_id=1082"},"modified":"2024-01-16T18:55:47","modified_gmt":"2024-01-16T17:55:47","slug":"cncgraf-v-6-93","status":"publish","type":"page","link":"https:\/\/cncgraf.com\/pl\/cncgraf-v-6-93\/","title":{"rendered":"cncGraF V. 6.93"},"content":{"rendered":"<div class=\"wp-block-group alignfull has-tertiary-background-color has-background has-global-padding is-layout-constrained wp-block-group-is-layout-constrained\">\n<div style=\"height:30px\" aria-hidden=\"true\" class=\"wp-block-spacer\"><\/div>\n\n\n\n<h1 class=\"wp-block-heading alignfull has-text-align-center has-tertiary-background-color has-background\">Pobierz: cncGraF 6<\/h1>\n\n\n\n<hr class=\"wp-block-separator alignfull has-text-color has-cyan-bluish-gray-color has-alpha-channel-opacity has-cyan-bluish-gray-background-color has-background\"\/>\n<\/div>\n\n\n\n<div class=\"wp-block-group alignfull has-global-padding is-layout-constrained wp-block-group-is-layout-constrained\">\n<h2 class=\"wp-block-heading alignfull has-text-align-center has-base-background-color has-background\">cncGraF 6.93.086 dla sterownika smc5d-p32<\/h2>\n\n\n\n<div class=\"wp-block-columns is-layout-flex wp-container-core-columns-is-layout-28f84493 wp-block-columns-is-layout-flex\">\n<div class=\"wp-block-column is-layout-flow wp-block-column-is-layout-flow\" style=\"flex-basis:245px\">\n<figure class=\"wp-block-image size-full\"><img loading=\"lazy\" decoding=\"async\" width=\"240\" height=\"167\" src=\"https:\/\/cncgraf.com\/wp-content\/uploads\/2023\/05\/cncgraf6.png\" alt=\"\" class=\"wp-image-1103\"\/><\/figure>\n<\/div>\n\n\n\n<div class=\"wp-block-column is-layout-flow wp-block-column-is-layout-flow\">\n<p>cncGraF Pro to oprogramowanie steruj\u0105ce CNC dla 5 osi. Jest ono sterowane za pomoc\u0105 kontrolera smc5d-p32.<\/p>\n\n\n\n<div class=\"wp-block-buttons is-content-justification-center is-layout-flex wp-container-core-buttons-is-layout-a89b3969 wp-block-buttons-is-layout-flex\">\n<div class=\"wp-block-button\"><a class=\"wp-block-button__link wp-element-button\" href=\"https:\/\/web.boenigk-electronics.com\/download\/cncgraf\/600\/cncgraf_pro.6.86.setup.exe\" target=\"_blank\" rel=\"noreferrer noopener\">DOWNLOAD<\/a><\/div>\n<\/div>\n\n\n\n<p class=\"translation-block\"><strong>Wskaz\u00f3wka:<\/strong> Darmowa aktualizacja do najnowszej wersji cncGraF jest dost\u0119pna.<br><a href=\"https:\/\/cncgraf.com\/pl\/downloads\/\" target=\"_self\">Kliknij tutaj, aby pobra\u0107 now\u0105 wersj\u0119 cncGraF.<\/a><\/p>\n<\/div>\n<\/div>\n\n\n\n<h5 class=\"wp-block-heading has-base-background-color has-background\">Wymagania sprz\u0119towe i programowe<\/h5>\n\n\n\n<ul class=\"wp-block-list\">\n<li>Windows XP\/Vista\/7\/8\/10 (32 lub 64 bity)<\/li>\n\n\n\n<li>Microsoft .NET Framework V4.0 (dost\u0119pny za darmo od Microsoft)<\/li>\n\n\n\n<li>Procesor 1,8 GHz lub szybszy (lub r\u00f3wnowa\u017cne wyposa\u017cenie)<\/li>\n\n\n\n<li>USB 1.1\/2.0\/3.0<\/li>\n\n\n\n<li>Wymaga kontrolera smc5d-p32<\/li>\n<\/ul>\n\n\n\n<div class=\"wp-block-columns is-layout-flex wp-container-core-columns-is-layout-28f84493 wp-block-columns-is-layout-flex\">\n<div class=\"wp-block-column is-layout-flow wp-block-column-is-layout-flow\">\n<h5 class=\"wp-block-heading has-text-align-left has-base-background-color has-background\">Co jest nowe (readme.pdf - germany)?<\/h5>\n\n\n\n<div class=\"wp-block-buttons is-content-justification-center is-layout-flex wp-container-core-buttons-is-layout-a89b3969 wp-block-buttons-is-layout-flex\">\n<div class=\"wp-block-button\"><a class=\"wp-block-button__link wp-element-button\" href=\"https:\/\/web.boenigk-electronics.com\/download\/cncgraf\/600\/readme.pdf\" target=\"_blank\" rel=\"noreferrer noopener\"><img loading=\"lazy\" decoding=\"async\" width=\"51\" height=\"51\" class=\"wp-image-1147\" style=\"width: 51px;\" src=\"https:\/\/cncgraf.com\/wp-content\/uploads\/2023\/05\/pdf.png\" alt=\"\">DOWNLOAD<\/a><\/div>\n<\/div>\n<\/div>\n\n\n\n<div class=\"wp-block-column is-layout-flow wp-block-column-is-layout-flow\">\n<h5 class=\"wp-block-heading has-text-align-left has-base-background-color has-background\">Instrukcja dla cncGraF 6 (plik ZIP)<\/h5>\n\n\n\n<div class=\"wp-block-buttons is-content-justification-center is-layout-flex wp-container-core-buttons-is-layout-a89b3969 wp-block-buttons-is-layout-flex\">\n<div class=\"wp-block-button\"><a class=\"wp-block-button__link wp-element-button\" href=\"https:\/\/web.boenigk-electronics.com\/download\/cncgraf\/600\/cncGraF_manual.zip\" target=\"_blank\" rel=\"noreferrer noopener\"><img loading=\"lazy\" decoding=\"async\" width=\"51\" height=\"51\" class=\"wp-image-1211\" style=\"width: 51px;\" src=\"https:\/\/cncgraf.com\/wp-content\/uploads\/2023\/05\/zip.png\" alt=\"\">DOWNLOAD<\/a><\/div>\n<\/div>\n<\/div>\n<\/div>\n\n\n\n<div style=\"height:10px\" aria-hidden=\"true\" class=\"wp-block-spacer\"><\/div>\n\n\n\n<h5 class=\"wp-block-heading has-base-background-color has-background\">smc5d-p32 \u2013 Sterownik <strong>dla Windows XP\/Vista\/7\/8\/10 (32 i 64 bity)<\/strong> oraz dla cncGraF 6 (plik ZIP)<\/h5>\n\n\n\n<div class=\"wp-block-columns is-layout-flex wp-container-core-columns-is-layout-28f84493 wp-block-columns-is-layout-flex\">\n<div class=\"wp-block-column is-layout-flow wp-block-column-is-layout-flow\" style=\"flex-basis:350px\">\n<div class=\"wp-block-buttons is-content-justification-center is-layout-flex wp-container-core-buttons-is-layout-a89b3969 wp-block-buttons-is-layout-flex\">\n<div class=\"wp-block-button\"><a class=\"wp-block-button__link wp-element-button\" href=\"https:\/\/web.boenigk-electronics.com\/download\/cncgraf\/600\/smc5d.zip\" target=\"_blank\" rel=\"noreferrer noopener\"><img loading=\"lazy\" decoding=\"async\" width=\"51\" height=\"51\" class=\"wp-image-1211\" style=\"width: 51px;\" src=\"https:\/\/cncgraf.com\/wp-content\/uploads\/2023\/05\/zip.png\" alt=\"\">DOWNLOAD <\/a><\/div>\n<\/div>\n<\/div>\n\n\n\n<div class=\"wp-block-column is-layout-flow wp-block-column-is-layout-flow\">\n<p><strong>Wskaz\u00f3wka!<\/strong> Sterownik smc5d-p32 mo\u017cna r\u00f3wnie\u017c znale\u017a\u0107 w katalogu programu pod adresem:<br>...\\Program Files (x86)\\Boenigk\\cncGraF Pro\\driver\\<\/p>\n<\/div>\n<\/div>\n<\/div>","protected":false},"excerpt":{"rendered":"<p>Download: cncGraF 6 cncGraF 6.93.086 f\u00fcr Controller smc5d-p32 cncGraF Pro ist eine CNC-Steuerung Software f\u00fcr 5 Achsen. Die Steuerung erfolgt \u00fcber den Controller smc5d-p32. Tipp: Das kostenlose Update auf die aktuelle cncGraF-Version steht Ihnen zur Verf\u00fcgung.Bitte klicken Sie hier, um die neue Version von cncGraF herunterzuladen. Hard- und Software-Voraussetzungen Was ist neu (readme.pdf)? Handbuch f\u00fcr [&hellip;]<\/p>\n","protected":false},"author":1,"featured_media":0,"parent":0,"menu_order":0,"comment_status":"closed","ping_status":"closed","template":"","meta":{"footnotes":""},"class_list":["post-1082","page","type-page","status-publish","hentry"],"_links":{"self":[{"href":"https:\/\/cncgraf.com\/pl\/wp-json\/wp\/v2\/pages\/1082","targetHints":{"allow":["GET"]}}],"collection":[{"href":"https:\/\/cncgraf.com\/pl\/wp-json\/wp\/v2\/pages"}],"about":[{"href":"https:\/\/cncgraf.com\/pl\/wp-json\/wp\/v2\/types\/page"}],"author":[{"embeddable":true,"href":"https:\/\/cncgraf.com\/pl\/wp-json\/wp\/v2\/users\/1"}],"replies":[{"embeddable":true,"href":"https:\/\/cncgraf.com\/pl\/wp-json\/wp\/v2\/comments?post=1082"}],"version-history":[{"count":0,"href":"https:\/\/cncgraf.com\/pl\/wp-json\/wp\/v2\/pages\/1082\/revisions"}],"wp:attachment":[{"href":"https:\/\/cncgraf.com\/pl\/wp-json\/wp\/v2\/media?parent=1082"}],"curies":[{"name":"wp","href":"https:\/\/api.w.org\/{rel}","templated":true}]}}