{"id":1084,"date":"2023-05-15T16:30:12","date_gmt":"2023-05-15T14:30:12","guid":{"rendered":"https:\/\/cncgraf.com\/?page_id=1084"},"modified":"2023-11-03T18:14:58","modified_gmt":"2023-11-03T17:14:58","slug":"cncgraf-v-7-0","status":"publish","type":"page","link":"https:\/\/cncgraf.com\/pl\/cncgraf-v-7-0\/","title":{"rendered":"cncGraF V. 7.0"},"content":{"rendered":"<div class=\"wp-block-group alignfull has-tertiary-background-color has-background has-global-padding is-layout-constrained wp-block-group-is-layout-constrained\">\n<div style=\"height:30px\" aria-hidden=\"true\" class=\"wp-block-spacer\"><\/div>\n\n\n\n<h1 class=\"wp-block-heading alignfull has-text-align-center has-tertiary-background-color has-background\">Pobierz: cncGraF 7<\/h1>\n\n\n\n<hr class=\"wp-block-separator alignfull has-text-color has-cyan-bluish-gray-color has-alpha-channel-opacity has-cyan-bluish-gray-background-color has-background\"\/>\n<\/div>\n\n\n\n<div class=\"wp-block-group alignfull has-global-padding is-layout-constrained wp-block-group-is-layout-constrained\">\n<h2 class=\"wp-block-heading alignfull has-text-align-center has-base-background-color has-background\">cncGraF 7.00.060 dla sterownika smc5d-p32\/m4<\/h2>\n\n\n\n<div class=\"wp-block-columns is-layout-flex wp-container-core-columns-is-layout-28f84493 wp-block-columns-is-layout-flex\">\n<div class=\"wp-block-column is-layout-flow wp-block-column-is-layout-flow\" style=\"flex-basis:240px\">\n<figure class=\"wp-block-image size-full\"><img loading=\"lazy\" decoding=\"async\" width=\"231\" height=\"144\" src=\"https:\/\/cncgraf.com\/wp-content\/uploads\/2023\/05\/cncgraf7.png\" alt=\"\" class=\"wp-image-1102\"\/><\/figure>\n<\/div>\n\n\n\n<div class=\"wp-block-column is-layout-flow wp-block-column-is-layout-flow\">\n<p>cncGraF 7.00.060 Std\/Pro (wersja 32- i 64-bitowa) dla Windows XP\/Vista\/7\/8\/10<\/p>\n\n\n\n<div class=\"wp-block-buttons is-content-justification-center is-layout-flex wp-container-core-buttons-is-layout-749adb30 wp-block-buttons-is-layout-flex\">\n<div class=\"wp-block-button\"><a class=\"wp-block-button__link has-text-align-center wp-element-button\" href=\"https:\/\/web.boenigk-electronics.com\/download\/cncgraf\/700\/cncgraf7.00.060.setup.exe\" target=\"_blank\" rel=\"noreferrer noopener\">DOWNLOAD<\/a><\/div>\n<\/div>\n\n\n\n<p class=\"translation-block\"><strong>Wskaz\u00f3wka:<\/strong> Darmowa aktualizacja do najnowszej wersji cncGraF jest dost\u0119pna dla Pa\u0144stwa. <br><a href=\"https:\/\/cncgraf.com\/pl\/downloads\/\" data-type=\"page\" data-id=\"24\" target=\"_self\">Kliknij tutaj, aby pobra\u0107 now\u0105 wersj\u0119 cncGraF.<\/a><\/p>\n<\/div>\n<\/div>\n\n\n\n<h5 class=\"wp-block-heading has-base-background-color has-background\">Instrukcje instalacji<\/h5>\n\n\n\n<ol class=\"wp-block-list\">\n<li>Stara wersja cncGraF Pro v6.93.xxx nie zostanie nadpisana.<\/li>\n\n\n\n<li>Ustawienia mo\u017cna eksportowa\u0107 z cncGraF Pro v6.93.xxx poprzez \u201eUstawienia -&gt; Ustawienia -&gt; Zapisz\/Wczytaj\u201d i za\u0142adowa\u0107 je do nowego cncGraF 7.<\/li>\n\n\n\n<li>Aby m\u00f3c nawi\u0105za\u0107 po\u0142\u0105czenie z kontrolerem USB, nale\u017cy wykona\u0107 nast\u0119puj\u0105ce kroki:<\/li>\n<\/ol>\n\n\n\n<ul class=\"wp-block-list\">\n<li>Kontroler musi mie\u0107 przynajmniej firmware v1.41. Najlepiej zaktualizowa\u0107 firmware w kontrolerze za pomoc\u0105 ostatniej wersji cncGraF Pro v6.93.xxx.<\/li>\n\n\n\n<li>Nowy sterownik musi zosta\u0107 zainstalowany. Aby to by\u0142o mo\u017cliwe, musi zosta\u0107 stary sterownik ca\u0142kowicie odinstalowany. Nowy sterownik znajduje si\u0119 w katalogu programu: \"cncgraf 7\\driver\\\"<\/li>\n<\/ul>\n\n\n\n<div class=\"wp-block-columns is-layout-flex wp-container-core-columns-is-layout-28f84493 wp-block-columns-is-layout-flex\">\n<div class=\"wp-block-column is-layout-flow wp-block-column-is-layout-flow\">\n<h5 class=\"wp-block-heading has-base-background-color has-background\">Co jest nowe (readme.pdf - germany)?<\/h5>\n\n\n\n<div class=\"wp-block-buttons is-layout-flex wp-block-buttons-is-layout-flex\">\n<div class=\"wp-block-button\"><a class=\"wp-block-button__link wp-element-button\" href=\"https:\/\/web.boenigk-electronics.com\/download\/cncgraf\/700\/readme.pdf\" target=\"_blank\" rel=\"noreferrer noopener\"><img loading=\"lazy\" decoding=\"async\" width=\"51\" height=\"51\" class=\"wp-image-1147\" style=\"width: 51px;\" src=\"https:\/\/cncgraf.com\/wp-content\/uploads\/2023\/05\/pdf.png\" alt=\"\"> DOWNLOAD<\/a><\/div>\n<\/div>\n<\/div>\n\n\n\n<div class=\"wp-block-column is-layout-flow wp-block-column-is-layout-flow\">\n<h5 class=\"wp-block-heading has-base-background-color has-background\">Instrukcja obs\u0142ugi  (cncgraf7.00.020-de.pdf)<\/h5>\n\n\n\n<div class=\"wp-block-buttons is-layout-flex wp-block-buttons-is-layout-flex\">\n<div class=\"wp-block-button\"><a class=\"wp-block-button__link wp-element-button\" href=\"https:\/\/web.boenigk-electronics.com\/download\/cncgraf\/700\/cncgraf7.00.020-de.pdf\" target=\"_blank\" rel=\"noreferrer noopener\"><img loading=\"lazy\" decoding=\"async\" width=\"51\" height=\"51\" class=\"wp-image-1147\" style=\"width: 51px;\" src=\"https:\/\/cncgraf.com\/wp-content\/uploads\/2023\/05\/pdf.png\" alt=\"\">DOWNLOAD<\/a><\/div>\n<\/div>\n<\/div>\n<\/div>\n\n\n\n<div style=\"height:10px\" aria-hidden=\"true\" class=\"wp-block-spacer\"><\/div>\n<\/div>","protected":false},"excerpt":{"rendered":"<p>Download: cncGraF 7 cncGraF 7.00.060 f\u00fcr Controller smc5d-p32\/m4 cncGraF 7.00.060 Std\/Pro (32- und 64-Bit Version) f\u00fcr Windows XP\/Vista\/7\/8\/10 Tipp: Das kostenlose Update auf die aktuelle cncGraF-Version steht Ihnen zur Verf\u00fcgung. Bitte klicken Sie hier, um die neue Version von cncGraF herunterzuladen. Installationshinweise Was ist neu (readme.pdf)? Handbuch (cncgraf7.00.020-de.pdf)<\/p>","protected":false},"author":1,"featured_media":0,"parent":0,"menu_order":0,"comment_status":"closed","ping_status":"closed","template":"","meta":{"footnotes":""},"class_list":["post-1084","page","type-page","status-publish","hentry"],"_links":{"self":[{"href":"https:\/\/cncgraf.com\/pl\/wp-json\/wp\/v2\/pages\/1084","targetHints":{"allow":["GET"]}}],"collection":[{"href":"https:\/\/cncgraf.com\/pl\/wp-json\/wp\/v2\/pages"}],"about":[{"href":"https:\/\/cncgraf.com\/pl\/wp-json\/wp\/v2\/types\/page"}],"author":[{"embeddable":true,"href":"https:\/\/cncgraf.com\/pl\/wp-json\/wp\/v2\/users\/1"}],"replies":[{"embeddable":true,"href":"https:\/\/cncgraf.com\/pl\/wp-json\/wp\/v2\/comments?post=1084"}],"version-history":[{"count":0,"href":"https:\/\/cncgraf.com\/pl\/wp-json\/wp\/v2\/pages\/1084\/revisions"}],"wp:attachment":[{"href":"https:\/\/cncgraf.com\/pl\/wp-json\/wp\/v2\/media?parent=1084"}],"curies":[{"name":"wp","href":"https:\/\/api.w.org\/{rel}","templated":true}]}}