{"id":1090,"date":"2023-05-16T08:57:23","date_gmt":"2023-05-16T06:57:23","guid":{"rendered":"https:\/\/cncgraf.com\/?page_id=1090"},"modified":"2024-01-16T18:57:43","modified_gmt":"2024-01-16T17:57:43","slug":"cncgraf-v-5","status":"publish","type":"page","link":"https:\/\/cncgraf.com\/pl\/cncgraf-v-5\/","title":{"rendered":"cncGraF V. 5"},"content":{"rendered":"<div class=\"wp-block-group alignfull has-tertiary-background-color has-background has-global-padding is-layout-constrained wp-block-group-is-layout-constrained\">\n<div style=\"height:30px\" aria-hidden=\"true\" class=\"wp-block-spacer\"><\/div>\n\n\n\n<h1 class=\"wp-block-heading alignfull has-text-align-center has-contrast-color has-tertiary-background-color has-text-color has-background\">Pobierz: cncGraF 5<\/h1>\n\n\n\n<hr class=\"wp-block-separator alignfull has-text-color has-cyan-bluish-gray-color has-alpha-channel-opacity has-cyan-bluish-gray-background-color has-background\"\/>\n<\/div>\n\n\n\n<div class=\"wp-block-group alignfull has-global-padding is-layout-constrained wp-block-group-is-layout-constrained\">\n<h2 class=\"wp-block-heading alignfull has-text-align-center has-base-background-color has-background\">cncGraF V5.05 dla sterownika smc4d-ul\/u2<\/h2>\n\n\n\n<div class=\"wp-block-columns is-layout-flex wp-container-core-columns-is-layout-28f84493 wp-block-columns-is-layout-flex\">\n<div class=\"wp-block-column is-layout-flow wp-block-column-is-layout-flow\" style=\"flex-basis:250px\">\n<figure class=\"wp-block-image size-full\"><img loading=\"lazy\" decoding=\"async\" width=\"210\" height=\"156\" src=\"https:\/\/cncgraf.com\/wp-content\/uploads\/2023\/05\/cncgraf5.jpeg\" alt=\"\" class=\"wp-image-1104\"\/><\/figure>\n<\/div>\n\n\n\n<div class=\"wp-block-column is-layout-flow wp-block-column-is-layout-flow\">\n<p>cncGraF V5.05 to oprogramowanie steruj\u0105ce CNC dla 4 osi. Jest ono sterowane za pomoc\u0105 kontrolera smc4d-ul\/u2.<\/p>\n\n\n\n<div class=\"wp-block-buttons is-content-justification-center is-layout-flex wp-container-core-buttons-is-layout-a89b3969 wp-block-buttons-is-layout-flex\">\n<div class=\"wp-block-button\"><a class=\"wp-block-button__link wp-element-button\" href=\"https:\/\/web.boenigk-electronics.com\/download\/cncgraf\/500\/setup505.exe\" target=\"_blank\" rel=\"noreferrer noopener\">DOWNLOAD<\/a><\/div>\n<\/div>\n<\/div>\n<\/div>\n\n\n\n<h5 class=\"wp-block-heading\">Wymagania sprz\u0119towe i programowe:<\/h5>\n\n\n\n<ul class=\"wp-block-list\">\n<li>Obs\u0142uguje Windows 2000\/XP\/Vista\/7\/8\/10\/11 (wersje 32- i 64-bitowe)<\/li>\n\n\n\n<li>Wymaga Microsoft .NET Framework V2.0 (dost\u0119pny za darmo od Microsoft)<\/li>\n\n\n\n<li>Minimum 1,6 GHz procesor lub odpowiednik<\/li>\n\n\n\n<li>Kompatybilno\u015b\u0107 z USB 1.1\/2.0\/3.0<\/li>\n\n\n\n<li>Wymaga kontrolera smc4d-ul\/u2<\/li>\n<\/ul>\n\n\n\n<p class=\"translation-block\"><img width=\"24\" height=\"24\" class=\"wp-image-1774\" style=\"width: 24px\" src=\"https:\/\/cncgraf.com\/wp-content\/uploads\/2023\/08\/warnung.png\" alt=\"\"> <strong>Prosz\u0119 zwr\u00f3ci\u0107 uwag\u0119:<\/strong> Kontroler smc4d-ul jest kompatybilny tylko z Windows 2000\/XP.<\/p>\n\n\n\n<div style=\"height:10px\" aria-hidden=\"true\" class=\"wp-block-spacer\"><\/div>\n\n\n\n<h5 class=\"wp-block-heading has-text-align-left\">Sterowniki Windows dla smc4d-ul\/u2 (pliki ZIP)<\/h5>\n\n\n\n<div class=\"wp-block-columns is-layout-flex wp-container-core-columns-is-layout-28f84493 wp-block-columns-is-layout-flex\">\n<div class=\"wp-block-column is-layout-flow wp-block-column-is-layout-flow\" style=\"flex-basis:400px\">\n<p>Sterowniki Windows dla smc4d-ul\/u2<\/p>\n\n\n\n<div class=\"wp-block-buttons is-content-justification-center is-layout-flex wp-container-core-buttons-is-layout-a89b3969 wp-block-buttons-is-layout-flex\">\n<div class=\"wp-block-button\"><a class=\"wp-block-button__link wp-element-button\" href=\"https:\/\/web.boenigk-electronics.com\/download\/cncgraf\/smc4d.zip\" target=\"_blank\" rel=\"noreferrer noopener\">DOWNLOAD<\/a><\/div>\n<\/div>\n<\/div>\n\n\n\n<div class=\"wp-block-column is-layout-flow wp-block-column-is-layout-flow\">\n<p>Sterownik smc4d-u2 dla Windows 2000\/XP\/Vista\/7\/8\/10 (32 i 64 bity)<\/p>\n\n\n\n<div class=\"wp-block-buttons is-content-justification-center is-layout-flex wp-container-core-buttons-is-layout-a89b3969 wp-block-buttons-is-layout-flex\">\n<div class=\"wp-block-button\"><a class=\"wp-block-button__link wp-element-button\" href=\"https:\/\/web.boenigk-electronics.com\/download\/cncgraf\/smc4du2_3264bit.zip\" target=\"_blank\" rel=\"noreferrer noopener\">DOWNLOAD<\/a><\/div>\n<\/div>\n<\/div>\n<\/div>\n\n\n\n<div style=\"height:10px\" aria-hidden=\"true\" class=\"wp-block-spacer\"><\/div>\n<\/div>","protected":false},"excerpt":{"rendered":"<p>Download: cncGraF 5 cncGraF V5.05 f\u00fcr Controller smc4d-ul\/u2 cncGraF V5.05 ist eine CNC-Steuerung Software f\u00fcr 4 Achsen. Die Steuerung erfolgt \u00fcber den Controller smc4d-ul\/u2. Hardware- und Softwareanforderungen: Bitte beachten Sie: Der Controller smc4d-ul ist nur mit Windows 2000\/XP kompatibel. Windows Treiber f\u00fcr smc4d-ul\/u2 (ZIP Dateien) Windows Treiber f\u00fcr smc4d-ul\/u2 smc4d-u2 Treiber f\u00fcr Windows 2000\/XP\/Vista\/7\/8\/10 (32 [&hellip;]<\/p>\n","protected":false},"author":1,"featured_media":0,"parent":0,"menu_order":0,"comment_status":"closed","ping_status":"closed","template":"","meta":{"footnotes":""},"class_list":["post-1090","page","type-page","status-publish","hentry"],"_links":{"self":[{"href":"https:\/\/cncgraf.com\/pl\/wp-json\/wp\/v2\/pages\/1090","targetHints":{"allow":["GET"]}}],"collection":[{"href":"https:\/\/cncgraf.com\/pl\/wp-json\/wp\/v2\/pages"}],"about":[{"href":"https:\/\/cncgraf.com\/pl\/wp-json\/wp\/v2\/types\/page"}],"author":[{"embeddable":true,"href":"https:\/\/cncgraf.com\/pl\/wp-json\/wp\/v2\/users\/1"}],"replies":[{"embeddable":true,"href":"https:\/\/cncgraf.com\/pl\/wp-json\/wp\/v2\/comments?post=1090"}],"version-history":[{"count":0,"href":"https:\/\/cncgraf.com\/pl\/wp-json\/wp\/v2\/pages\/1090\/revisions"}],"wp:attachment":[{"href":"https:\/\/cncgraf.com\/pl\/wp-json\/wp\/v2\/media?parent=1090"}],"curies":[{"name":"wp","href":"https:\/\/api.w.org\/{rel}","templated":true}]}}