{"id":1320,"date":"2023-06-13T18:33:40","date_gmt":"2023-06-13T16:33:40","guid":{"rendered":"https:\/\/cncgraf.com\/?page_id=1320"},"modified":"2024-11-13T23:52:21","modified_gmt":"2024-11-13T22:52:21","slug":"automatyzacja-plc-za-pomoca-isp-motion","status":"publish","type":"page","link":"https:\/\/cncgraf.com\/pl\/sps-automatisierung-mit-isp-motion\/","title":{"rendered":"ISP - AUTOMATYZACJA"},"content":{"rendered":"<div class=\"wp-block-group alignfull has-tertiary-background-color has-background has-global-padding is-layout-constrained wp-block-group-is-layout-constrained\">\n<div style=\"height:30px\" aria-hidden=\"true\" class=\"wp-block-spacer\"><\/div>\n\n\n\n<h1 class=\"wp-block-heading alignfull has-text-align-center has-tertiary-background-color has-background has-large-font-size translation-block\" id=\"isp-motion-control-sps-automatisierung-leicht-gemacht\">ISP Motion Control: <br>Automatyzacja PLC u\u0142atwiona!<\/h1>\n\n\n\n<div class=\"wp-block-columns is-layout-flex wp-container-core-columns-is-layout-28f84493 wp-block-columns-is-layout-flex\">\n<div class=\"wp-block-column is-layout-flow wp-block-column-is-layout-flow\">\n<p>Zautomatyzuj swoje linie produkcyjne prosto i efektywnie dzi\u0119ki oprogramowaniu ISP Motion Control. Uniwersalne zastosowanie do automatyzacji i wiele wi\u0119cej.<\/p>\n\n\n\n<p>Dzi\u0119ki przyjaznemu interfejsowi, nawet niedo\u015bwiadczeni u\u017cytkownicy mog\u0105 samodzielnie programowa\u0107 urz\u0105dzenie.<\/p>\n\n\n\n<p>Nie potrzebujesz ju\u017c technika PLC. Zachowaj samodzielnie kontrol\u0119 nad tym, co Twoje urz\u0105dzenie ma robi\u0107. <\/p>\n<\/div>\n\n\n\n<div class=\"wp-block-column is-layout-flow wp-block-column-is-layout-flow\">\n<figure class=\"wp-block-image size-large is-resized\"><img loading=\"lazy\" decoding=\"async\" width=\"1024\" height=\"576\" src=\"https:\/\/cncgraf.com\/wp-content\/uploads\/2023\/06\/isp1-1024x576.jpg\" alt=\"Nowoczesny interfejs ISP Motion Control dla wydajnej automatyzacji PLC\" class=\"wp-image-1363\" style=\"width:407px;height:auto\" srcset=\"https:\/\/cncgraf.com\/wp-content\/uploads\/2023\/06\/isp1-1024x576.jpg 1024w, https:\/\/cncgraf.com\/wp-content\/uploads\/2023\/06\/isp1-600x338.jpg 600w, https:\/\/cncgraf.com\/wp-content\/uploads\/2023\/06\/isp1-300x169.jpg 300w, https:\/\/cncgraf.com\/wp-content\/uploads\/2023\/06\/isp1-768x432.jpg 768w, https:\/\/cncgraf.com\/wp-content\/uploads\/2023\/06\/isp1-1536x864.jpg 1536w, https:\/\/cncgraf.com\/wp-content\/uploads\/2023\/06\/isp1.jpg 1920w\" sizes=\"auto, (max-width: 1024px) 100vw, 1024px\" \/><\/figure>\n<\/div>\n<\/div>\n\n\n\n<h2 class=\"wp-block-heading alignfull has-text-align-center has-tertiary-background-color has-background has-large-font-size\" id=\"warum-ist-isp-motion-control-der-traditionellen-sps-automatisierung-uberlegen\">Dlaczego jest ISP Motion Control lepszy od tradycyjnej automatyki PLC?<\/h2>\n\n\n\n<hr class=\"wp-block-separator alignfull has-text-color has-cyan-bluish-gray-color has-alpha-channel-opacity has-cyan-bluish-gray-background-color has-background\"\/>\n<\/div>\n\n\n\n<div class=\"wp-block-rank-math-toc-block\" style=\"padding-right:var(--wp--preset--spacing--30);padding-left:var(--wp--preset--spacing--30)\" id=\"rank-math-toc\"><h4>Przegl\u0105d: najwa\u017cniejsze zalety<\/h4><nav><ul><li class=\"\"><a href=\"#die-effizienz-der-tabellenbasierten-programmierung\">Efektywno\u015b\u0107 programowania opartego na tabelach<\/a><\/li><li class=\"\"><a href=\"#vielfaltige-befehle-fur-anlagenprogrammierung\">R\u00f3\u017cne polecenia do programowania systemu<\/a><\/li><li class=\"\"><a href=\"#visualisierung-protokollierung-und-uberwachung\">Wizualizacja, rejestrowanie i monitorowanie<\/a><\/li><li class=\"\"><a href=\"#csv-schnittstelle-und-eigene-benutzeroberflache\">Interfejs CSV i w\u0142asny interfejs u\u017cytkownika<\/a><\/li><li class=\"\"><a href=\"#emulator-mqtt-client-und-e-mail-kommunikation\">Emulator, klient MQTT i komunikacja e-mail<\/a><\/li><li class=\"translation-block\">Pliki DXF \u2013 Upro\u015b\u0107 skomplikowane \u015bcie\u017cki<\/li><li class=\"translation-block\">ISP Motion Control: Twoje proste rozwi\u0105zanie dla zaawansowanej automatyki<\/li><li class=\"\"><a href=\"#systemanforderungen\">Wymagania systemowe<\/a><\/li><\/ul><\/nav><\/div>\n\n\n\n<div class=\"wp-block-group alignfull has-base-background-color has-background has-global-padding is-layout-constrained wp-block-group-is-layout-constrained\">\n<h3 class=\"wp-block-heading alignfull has-text-align-center has-base-background-color has-background has-large-font-size\" id=\"die-effizienz-der-tabellenbasierten-programmierung\">Efektywno\u015b\u0107 programowania opartego na tabelach<\/h3>\n\n\n\n<div class=\"wp-block-columns is-layout-flex wp-container-core-columns-is-layout-28f84493 wp-block-columns-is-layout-flex\">\n<div class=\"wp-block-column is-layout-flow wp-block-column-is-layout-flow\">\n<p>Dzi\u0119ki intuicyjnym tabelom mo\u017cesz \u0142atwo wprowadza\u0107 i porz\u0105dkowa\u0107 po\u017c\u0105dane polecenia. <\/p>\n\n\n\n<p>Opr\u00f3cz g\u0142\u00f3wnej tabeli \"Sekwencyjne polecenia\", oprogramowanie ISP Motion Control oferuje dodatkowe tabele, takie jak \"Przerwanie\", \"Pozycja bazowa\" czy \"Przetwarzanie r\u00f3wnoleg\u0142e\". <\/p>\n<\/div>\n\n\n\n<div class=\"wp-block-column is-layout-flow wp-block-column-is-layout-flow\">\n<figure class=\"wp-block-image size-full\"><img loading=\"lazy\" decoding=\"async\" width=\"1228\" height=\"520\" src=\"https:\/\/cncgraf.com\/wp-content\/uploads\/2023\/06\/tabelle.jpg\" alt=\"Wizualizacja programowania opartego na tabelach w ISP Motion Control z tabelami program\u00f3w g\u0142\u00f3wnych i podprogram\u00f3w dla ustrukturyzowanego wprowadzania polece\u0144.\" class=\"wp-image-1403\" srcset=\"https:\/\/cncgraf.com\/wp-content\/uploads\/2023\/06\/tabelle.jpg 1228w, https:\/\/cncgraf.com\/wp-content\/uploads\/2023\/06\/tabelle-600x254.jpg 600w\" sizes=\"auto, (max-width: 1228px) 100vw, 1228px\" \/><\/figure>\n<\/div>\n<\/div>\n\n\n\n<p>\u201eTabela podprogram\u00f3w\u201d u\u0142atwia programowanie, pozwalaj\u0105c organizowa\u0107 powtarzaj\u0105ce si\u0119 dzia\u0142ania w oddzielnych tabelach. Mo\u017cesz wywo\u0142ywa\u0107 swoje podprogramy w g\u0142\u00f3wnej tabeli, zachowuj\u0105c przejrzysto\u015b\u0107 nawet w du\u017cych projektach. <\/p>\n\n\n\n<div style=\"height:10px\" aria-hidden=\"true\" class=\"wp-block-spacer\"><\/div>\n<\/div>\n\n\n\n<div class=\"wp-block-group alignfull has-tertiary-background-color has-background has-global-padding is-layout-constrained wp-block-group-is-layout-constrained\">\n<hr class=\"wp-block-separator alignfull has-text-color has-cyan-bluish-gray-color has-alpha-channel-opacity has-cyan-bluish-gray-background-color has-background\"\/>\n\n\n\n<h3 class=\"wp-block-heading alignfull has-text-align-center has-tertiary-background-color has-background has-large-font-size\" id=\"vielfaltige-befehle-fur-anlagenprogrammierung\">R\u00f3\u017cne polecenia do programowania systemu<\/h3>\n\n\n\n<div class=\"wp-block-columns is-layout-flex wp-container-core-columns-is-layout-28f84493 wp-block-columns-is-layout-flex\">\n<div class=\"wp-block-column is-layout-flow wp-block-column-is-layout-flow\">\n<p>Czy to ustawianie wyj\u015b\u0107, przemieszczanie si\u0119 do okre\u015blonych pozycji, oczekiwanie na sygna\u0142y wej\u015bciowe czy skakanie do okre\u015blonej linii \u2013 oprogramowanie ISP Motion Control oferuje szeroki zakres funkcji i umo\u017cliwia programowanie Twojego systemu zgodnie z indywidualnymi wymaganiami.<\/p>\n<\/div>\n\n\n\n<div class=\"wp-block-column is-layout-flow wp-block-column-is-layout-flow\">\n<figure class=\"wp-block-image size-full\"><img loading=\"lazy\" decoding=\"async\" width=\"222\" height=\"505\" src=\"https:\/\/cncgraf.com\/wp-content\/uploads\/2023\/06\/befehle.jpg\" alt=\"Przejrzysty przegl\u0105d polece\u0144 w oprogramowaniu ISP Motion Control Automation\" class=\"wp-image-1405\"\/><\/figure>\n<\/div>\n<\/div>\n\n\n\n<div style=\"height:10px\" aria-hidden=\"true\" class=\"wp-block-spacer\"><\/div>\n\n\n\n<hr class=\"wp-block-separator alignfull has-text-color has-cyan-bluish-gray-color has-alpha-channel-opacity has-cyan-bluish-gray-background-color has-background\"\/>\n<\/div>\n\n\n\n<div class=\"wp-block-group alignfull has-base-background-color has-background has-global-padding is-layout-constrained wp-block-group-is-layout-constrained\">\n<h3 class=\"wp-block-heading alignfull has-text-align-center has-base-background-color has-background has-large-font-size\" id=\"visualisierung-protokollierung-und-uberwachung\">Wizualizacja, rejestrowanie i monitorowanie<\/h3>\n\n\n\n<p>Poniewa\u017c przebieg programu jest wizualizowany w przeciwie\u0144stwie do normalnej automatyki PLC, zawsze masz przegl\u0105d aktualnie trwaj\u0105cych dzia\u0142a\u0144. Logowanie gromadzi i zapisuje wa\u017cne wydarzenia i dane, kt\u00f3re s\u0105 potrzebne do p\u00f3\u017aniejszych analiz lub dalszej obr\u00f3bki przez inne programy. Funkcja monitorowania \u015bledzi na bie\u017c\u0105co status Twoich urz\u0105dze\u0144.<\/p>\n\n\n\n<div style=\"height:10px\" aria-hidden=\"true\" class=\"wp-block-spacer\"><\/div>\n<\/div>\n\n\n\n<div class=\"wp-block-group alignfull has-tertiary-background-color has-background has-global-padding is-layout-constrained wp-block-group-is-layout-constrained\">\n<hr class=\"wp-block-separator alignfull has-text-color has-cyan-bluish-gray-color has-alpha-channel-opacity has-cyan-bluish-gray-background-color has-background\"\/>\n\n\n\n<h3 class=\"wp-block-heading alignfull has-text-align-center has-tertiary-background-color has-background has-large-font-size\" id=\"csv-schnittstelle-und-eigene-benutzeroberflache\">Interfejs CSV i w\u0142asny interfejs u\u017cytkownika<\/h3>\n\n\n\n<div class=\"wp-block-columns is-layout-flex wp-container-core-columns-is-layout-28f84493 wp-block-columns-is-layout-flex\">\n<div class=\"wp-block-column is-layout-flow wp-block-column-is-layout-flow\">\n<p>Dzi\u0119ki interfejsowi CSV mo\u017cesz importowa\u0107 dane CSV z innych system\u00f3w do ISP Motion Control. Zintegrowany projektant pozwala r\u00f3wnie\u017c na tworzenie w\u0142asnych, przyjaznych dla u\u017cytkownika masek, co u\u0142atwia obs\u0142ug\u0119 instalacji, poniewa\u017c tabela nie jest ju\u017c widoczna dla operatora.<\/p>\n<\/div>\n\n\n\n<div class=\"wp-block-column is-layout-flow wp-block-column-is-layout-flow\">\n<figure class=\"wp-block-image size-full\"><img loading=\"lazy\" decoding=\"async\" width=\"1173\" height=\"289\" src=\"https:\/\/cncgraf.com\/wp-content\/uploads\/2023\/06\/frontend.jpg\" alt=\"Wizualizacja interfejsu CSV i indywidualny projekt interfejsu u\u017cytkownika w oprogramowaniu ISP Motion Control.\" class=\"wp-image-1406\" srcset=\"https:\/\/cncgraf.com\/wp-content\/uploads\/2023\/06\/frontend.jpg 1173w, https:\/\/cncgraf.com\/wp-content\/uploads\/2023\/06\/frontend-600x148.jpg 600w\" sizes=\"auto, (max-width: 1173px) 100vw, 1173px\" \/><\/figure>\n<\/div>\n<\/div>\n\n\n\n<div style=\"height:10px\" aria-hidden=\"true\" class=\"wp-block-spacer\"><\/div>\n\n\n\n<hr class=\"wp-block-separator alignfull has-text-color has-cyan-bluish-gray-color has-alpha-channel-opacity has-cyan-bluish-gray-background-color has-background\"\/>\n<\/div>\n\n\n\n<div class=\"wp-block-group alignfull has-base-background-color has-background has-global-padding is-layout-constrained wp-block-group-is-layout-constrained\">\n<h3 class=\"wp-block-heading alignfull has-text-align-center has-base-background-color has-background has-large-font-size\" id=\"emulator-mqtt-client-und-e-mail-kommunikation\">Emulator, klient MQTT i komunikacja e-mail<\/h3>\n\n\n\n<p class=\"translation-block\">Emulator pozwala na przetestowanie Twojego projektu przed jego wykonaniem na prawdziwej maszynie. Daje to mo\u017cliwo\u015b\u0107 identyfikacji b\u0142\u0119d\u00f3w i dokonywania korekt przed wdro\u017ceniem projektu. Ponadto emulator mo\u017cna \u0142\u0105czy\u0107 z sterownikami CNC, co otwiera przed Tob\u0105 nowe mo\u017cliwo\u015bci.<\/p>\n\n\n\n<p><br>Komunikacja sieciowa w ISP Motion Control obejmuje wbudowanego klienta MQTT. Dzi\u0119ki temu mo\u017cesz przeprowadza\u0107 komunikacj\u0119 pomi\u0119dzy urz\u0105dzeniami zewn\u0119trznymi i wymienia\u0107 dane.<\/p>\n\n\n\n<p><br>Za pomoc\u0105 komunikacji e-mailowej mo\u017cesz wysy\u0142a\u0107 wiadomo\u015bci e-mail bezpo\u015brednio z Twojego projektu. Pozwala to na automatyczne powiadamianie lub wysy\u0142anie raport\u00f3w do odpowiednich os\u00f3b.<\/p>\n\n\n\n<div style=\"height:10px\" aria-hidden=\"true\" class=\"wp-block-spacer\"><\/div>\n<\/div>\n\n\n\n<div class=\"wp-block-group alignfull has-tertiary-background-color has-background has-global-padding is-layout-constrained wp-block-group-is-layout-constrained\">\n<hr class=\"wp-block-separator alignfull has-text-color has-cyan-bluish-gray-color has-alpha-channel-opacity has-cyan-bluish-gray-background-color has-background\"\/>\n\n\n\n<h3 class=\"wp-block-heading alignfull has-text-align-center has-tertiary-background-color has-background has-large-font-size translation-block\" id=\"import-und-bearbeitung-von-dxf-zeichnungen-vereinfachen-sie-komplexe-wege\">Pliki DXF \u2013 Upro\u015b\u0107 skomplikowane \u015bcie\u017cki<\/h3>\n\n\n\n<figure class=\"wp-block-image size-full\"><img loading=\"lazy\" decoding=\"async\" width=\"1238\" height=\"720\" src=\"https:\/\/cncgraf.com\/wp-content\/uploads\/2023\/06\/cad.jpg\" alt=\"Ilustracja funkcji importu i edycji rysunk\u00f3w DXF w ISP Motion Control. \" class=\"wp-image-1411\" srcset=\"https:\/\/cncgraf.com\/wp-content\/uploads\/2023\/06\/cad.jpg 1238w, https:\/\/cncgraf.com\/wp-content\/uploads\/2023\/06\/cad-600x349.jpg 600w\" sizes=\"auto, (max-width: 1238px) 100vw, 1238px\" \/><\/figure>\n\n\n\n<p class=\"has-text-align-left has-medium-font-size translation-block\">Z ISP Motion Control masz mo\u017cliwo\u015b\u0107 importowania rysunk\u00f3w DXF, ich edycji i w\u0142\u0105czania do projektu. Umo\u017cliwia to \u0142atwe rysowanie skomplikowanych \u015bcie\u017cek w por\u00f3wnaniu z tradycyjn\u0105 automatyk\u0105 PLC i zamiast skomplikowanego r\u0119cznego programowania w tabeli. Ponadto mo\u017cesz po\u0142\u0105czy\u0107 poszczeg\u00f3lne koordynaty rysunku z CSV lub ze zmienn\u0105, aby je dalej edytowa\u0107. U\u017cywaj\u0105c CSV lub zmiennej, mo\u017cesz dynamicznie zmienia\u0107 i dostosowywa\u0107 \u015bcie\u017cki.<\/p>\n\n\n\n<div style=\"height:10px\" aria-hidden=\"true\" class=\"wp-block-spacer\"><\/div>\n\n\n\n<hr class=\"wp-block-separator alignfull has-text-color has-cyan-bluish-gray-color has-alpha-channel-opacity has-cyan-bluish-gray-background-color has-background\"\/>\n<\/div>\n\n\n\n<div class=\"wp-block-group alignfull has-global-padding is-layout-constrained wp-block-group-is-layout-constrained\">\n<h3 class=\"wp-block-heading alignfull has-text-align-center has-base-background-color has-background has-large-font-size translation-block\" id=\"isp-motion-control-ihre-komplettlosung-fur-fortschrittliche-automatisierung\">ISP Motion Control: Twoje proste rozwi\u0105zanie dla zaawansowanej automatyki<\/h3>\n\n\n\n<p class=\"translation-block\"><strong>Podsumowuj\u0105c, ISP Motion Control<\/strong> oferuje wszechstronne i przyjazne dla u\u017cytkownika rozwi\u0105zanie dla wszystkich Twoich potrzeb zwi\u0105zanych z automatyzacj\u0105. Bez wzgl\u0119du na to, czy jeste\u015b pocz\u0105tkuj\u0105cym, czy profesjonalist\u0105 w dziedzinie technologii automatyzacji, to oprogramowanie gwarantuje pe\u0142n\u0105 kontrol\u0119 nad Twoimi urz\u0105dzeniami produkcyjnymi.<br><br>Z szerokim zakresem funkcji, przyjaznym interfejsem u\u017cytkownika i ci\u0105g\u0142ym rozwojem, ISP Motion Control to Tw\u00f3j pierwszy wyb\u00f3r, je\u015bli chodzi o nowoczesn\u0105 i efektywn\u0105 automatyzacj\u0119. Serdecznie zapraszamy do do\u015bwiadczenia tej zaawansowanej technologii osobi\u015bcie. Skontaktuj si\u0119 z nami ju\u017c dzisiaj, aby um\u00f3wi\u0107 si\u0119 na prezentacj\u0119 lub uzyska\u0107 wi\u0119cej informacji. Polegaj na ISP Automation, aby podnie\u015b\u0107 procesy produkcyjne na wy\u017cszy poziom.<\/p>\n\n\n\n<p class=\"translation-block\">W razie dalszych pyta\u0144 firma ISP Automation s\u0142u\u017cy pomoc\u0105.<br>Skontaktuj si\u0119 z nami poprzez e-mail pod adresem <a href=\"mailto:info@isp-automation.de\" target=\"_self\">info@isp-automation.de<\/a>.<\/p>\n\n\n\n<figure class=\"wp-block-image size-full\"><a href=\"https:\/\/isp-industrietechnik.de\/\" target=\"_blank\" rel=\"noopener\"><img loading=\"lazy\" decoding=\"async\" width=\"299\" height=\"128\" src=\"https:\/\/cncgraf.com\/wp-content\/uploads\/2023\/05\/isp.png\" alt=\"\" class=\"wp-image-984\"\/><\/a><\/figure>\n<\/div>\n\n\n\n<div class=\"wp-block-group alignfull has-global-padding is-layout-constrained wp-block-group-is-layout-constrained\">\n<h3 class=\"wp-block-heading has-large-font-size\" id=\"systemanforderungen\">Wymagania systemowe<\/h3>\n\n\n\n<ul class=\"wp-block-list\">\n<li>System operacyjny: Windows 10\/11 (wersja 64-bitowa)<\/li>\n\n\n\n<li>RAM: 4 GB (dla obr\u00f3bki du\u017cych plik\u00f3w zalecane &gt; 4 GB)<\/li>\n\n\n\n<li>Porty: USB 2.0 (kompatybilne z USB 3.0), opcjonalnie Ethernet (LAN)<\/li>\n\n\n\n<li class=\"translation-block\">Elektronika steruj\u0105ca i sterownik CNC:\u00a0<a href=\"https:\/\/cncgraf.com\/pl\/sterowniki-cnc\/\" target=\"_self\">smc5d-m4 pro<\/a><\/li>\n<\/ul>\n\n\n\n<div style=\"height:10px\" aria-hidden=\"true\" class=\"wp-block-spacer\"><\/div>\n<\/div>","protected":false},"excerpt":{"rendered":"<p>ISP Motion Control: SPS Automatisierung leicht gemacht! Automatisieren Sie Ihre Produktionsanlagen einfach und effizient mit der Software ISP Motion Control. Vielseitig einsetzbar f\u00fcr Automatisierung, Werkerf\u00fchrung, R\u00fcstanweisungen und mehr. Mit dem benutzerfreundlichen Interface, k\u00f6nnen auch unerfahrene Benutzer die Anlage eigenst\u00e4ndig programmieren. Sie ben\u00f6tigen keinen SPS-Techniker mehr. Behalten Sie selbst die Kontrolle dar\u00fcber, was Ihre Anlage tun [&hellip;]<\/p>\n","protected":false},"author":1,"featured_media":0,"parent":0,"menu_order":0,"comment_status":"closed","ping_status":"closed","template":"","meta":{"footnotes":""},"class_list":["post-1320","page","type-page","status-publish","hentry"],"_links":{"self":[{"href":"https:\/\/cncgraf.com\/pl\/wp-json\/wp\/v2\/pages\/1320","targetHints":{"allow":["GET"]}}],"collection":[{"href":"https:\/\/cncgraf.com\/pl\/wp-json\/wp\/v2\/pages"}],"about":[{"href":"https:\/\/cncgraf.com\/pl\/wp-json\/wp\/v2\/types\/page"}],"author":[{"embeddable":true,"href":"https:\/\/cncgraf.com\/pl\/wp-json\/wp\/v2\/users\/1"}],"replies":[{"embeddable":true,"href":"https:\/\/cncgraf.com\/pl\/wp-json\/wp\/v2\/comments?post=1320"}],"version-history":[{"count":0,"href":"https:\/\/cncgraf.com\/pl\/wp-json\/wp\/v2\/pages\/1320\/revisions"}],"wp:attachment":[{"href":"https:\/\/cncgraf.com\/pl\/wp-json\/wp\/v2\/media?parent=1320"}],"curies":[{"name":"wp","href":"https:\/\/api.w.org\/{rel}","templated":true}]}}