{"id":14,"date":"2023-04-24T21:47:16","date_gmt":"2023-04-24T19:47:16","guid":{"rendered":"https:\/\/cncgraf.com\/?page_id=14"},"modified":"2025-10-31T16:12:26","modified_gmt":"2025-10-31T15:12:26","slug":"sterowniki-cnc","status":"publish","type":"page","link":"https:\/\/cncgraf.com\/pl\/cnc-controller\/","title":{"rendered":"Sterowniki CNC"},"content":{"rendered":"<div class=\"wp-block-group alignfull has-global-padding is-layout-constrained wp-block-group-is-layout-constrained\">\n<div style=\"height:30px\" aria-hidden=\"true\" class=\"wp-block-spacer\"><\/div>\n\n\n\n<h1 class=\"wp-block-heading has-text-align-center has-base-background-color has-background has-large-font-size translation-block\" id=\"leistungsstarke-cnc-controller-bis-6-achsen\">Wydajne sterowniki CNC do 6 osi<\/h1>\n\n\n\n<p>G\u0142\u00f3wnym zadaniem sterownika CNC jest generowanie sygna\u0142\u00f3w taktowych i kierunkowych dla silnik\u00f3w krokowych, poniewa\u017c nie jest to mo\u017cliwe w czasie rzeczywistym w systemie Windows. W zale\u017cno\u015bci od sterownika cz\u0119stotliwo\u015b\u0107 krok\u00f3w mo\u017ce wynosi\u0107 do 300 kHz dla ruch\u00f3w interpolowanych i dla maksymalnie 6 osi.<\/p>\n\n\n\n<p>Nasze sterowniki CNC s\u0105 wyposa\u017cone w wiele cyfrowych wej\u015b\u0107 i wyj\u015b\u0107 (optycznie izolowane) oraz wej\u015b\u0107 i wyj\u015b\u0107 analogowych. Izolatory optyczne zapewniaj\u0105 elektryczn\u0105 separacj\u0119 mi\u0119dzy sygna\u0142ami wej\u015bciowymi a wyj\u015bciowymi, chroni\u0105c tym samym przed szczytami napi\u0119cia i elektromagnetycznymi zak\u0142\u00f3ceniami. Przyczynia si\u0119 to do niezawodno\u015bci i trwa\u0142o\u015bci sterownika CNC oraz do nich pod\u0142\u0105czonych urz\u0105dze\u0144.  <\/p>\n\n\n\n<p>Na wej\u015bciach ustawiane s\u0105 sygna\u0142y dla prze\u0142\u0105cznik\u00f3w referencyjnych, sygna\u0142y start\/stop oraz inne prze\u0142\u0105czniki. Wyj\u015bcia umo\u017cliwiaj\u0105 sterowanie urz\u0105dzeniami i funkcjami, takimi jak obni\u017cenie pr\u0105du, w\u0142\u0105czanie i wy\u0142\u0105czanie pomp ch\u0142odz\u0105cych czy wrzeciona. Pr\u0119dko\u015b\u0107 obrotowa wrzeciona jest regulowana w 255 stopniach. <\/p>\n\n\n\n<p class=\"translation-block\">Nasze sterowniki CNC pozwalaj\u0105 na pod\u0142\u0105czenie   <a href=\"https:\/\/cncgraf.com\/pl\/elektroniczny-panel-reczny\/\" data-type=\"page\" data-id=\"16\" target=\"_self\">elektronicznego panelu r\u0119cznego<\/a> do bezpo\u015bredniego sterowania maszyn\u0105. Ponadto obs\u0142uguj\u0105 podw\u00f3jny nap\u0119d dla osi X\/X2 lub Y\/Y2.<\/p>\n\n\n\n<div class=\"wp-block-rank-math-toc-block\" style=\"padding-right:var(--wp--preset--spacing--30);padding-left:var(--wp--preset--spacing--30)\" id=\"rank-math-toc\"><h4>Przegl\u0105d: Nasze sterowniki CNC<\/h4><nav><ul><li class=\"\"><a href=\"#smc-5-d-m-4-pro-cnc-controller-fur-anspruchsvolle-anwendungen\">smc5d-m4 pro: Sterownik CNC do wymagaj\u0105cych zastosowa\u0144<\/a><\/li><li class=\"\"><a href=\"#smc-5-d-m-4-lan-mittelklasse-cnc-controllermit-ethernet-anschluss\">smc5d-m4 lan: Kontroler CNC klasy \u015bredniej z portem Ethernet<\/a><\/li><li class=\"\"><a href=\"#smc-5-d-p-32-einsteiger-cnc-controllermit-usb-anschluss\">smc5d-p32: Kontroler CNC dla pocz\u0105tkuj\u0105cych z portem USB<\/a><\/li><li class=\"\"><a href=\"#tabellarische-funktionsubersicht-cnc-controller\">Tabelaryczne zestawienie funkcji: Kontroler CNC<\/a><\/li><\/ul><\/nav><\/div>\n\n\n\n<div style=\"height:10px\" aria-hidden=\"true\" class=\"wp-block-spacer\"><\/div>\n<\/div>\n\n\n\n<div style=\"height:10px\" aria-hidden=\"true\" class=\"wp-block-spacer\"><\/div>\n\n\n\n<div class=\"wp-block-group alignfull has-tertiary-background-color has-background has-global-padding is-layout-constrained wp-block-group-is-layout-constrained\">\n<hr class=\"wp-block-separator alignfull has-text-color has-cyan-bluish-gray-color has-alpha-channel-opacity has-cyan-bluish-gray-background-color has-background\"\/>\n\n\n\n<h3 class=\"wp-block-heading alignfull has-text-align-center has-tertiary-background-color has-background has-large-font-size\" id=\"smc-5-d-m-4-pro-cnc-controller-fur-anspruchsvolle-anwendungen\">smc5d-m4 pro: Sterownik CNC do wymagaj\u0105cych zastosowa\u0144<\/h3>\n\n\n\n<p>Nasz sterownik CNC smc5d-m4 pro jest zbudowany modularnie i przeznaczony do monta\u017cu na szynach DIN w szafie sterowniczej. Umo\u017cliwia to \u0142atw\u0105 i szybk\u0105 integracj\u0119.<\/p>\n\n\n\n<div class=\"wp-block-columns is-layout-flex wp-container-core-columns-is-layout-28f84493 wp-block-columns-is-layout-flex\">\n<div class=\"wp-block-column is-layout-flow wp-block-column-is-layout-flow\">\n<figure class=\"wp-block-image aligncenter size-full\"><img loading=\"lazy\" decoding=\"async\" width=\"632\" height=\"400\" src=\"https:\/\/cncgraf.com\/wp-content\/uploads\/2023\/05\/smc5d-m4pro.png\" alt=\"Sterownik CNC: smc5d-m4 pro\" class=\"wp-image-483\" srcset=\"https:\/\/cncgraf.com\/wp-content\/uploads\/2023\/05\/smc5d-m4pro.png 632w, https:\/\/cncgraf.com\/wp-content\/uploads\/2023\/05\/smc5d-m4pro-600x380.png 600w, https:\/\/cncgraf.com\/wp-content\/uploads\/2023\/05\/smc5d-m4pro-300x190.png 300w\" sizes=\"auto, (max-width: 632px) 100vw, 632px\" \/><\/figure>\n<\/div>\n\n\n\n<div class=\"wp-block-column is-layout-flow wp-block-column-is-layout-flow\">\n<figure class=\"wp-block-gallery has-nested-images columns-default wp-block-gallery-1 is-layout-flex wp-block-gallery-is-layout-flex\">\n<figure class=\"wp-block-image size-large\"><img loading=\"lazy\" decoding=\"async\" width=\"929\" height=\"1024\" data-id=\"527\" src=\"https:\/\/cncgraf.com\/wp-content\/uploads\/2023\/05\/dac_gimp-929x1024.png\" alt=\"Rozszerzenie DAC Expansion 0-10V dla kontrolera CNC smc5d-m4 pro\" class=\"wp-image-527\" srcset=\"https:\/\/cncgraf.com\/wp-content\/uploads\/2023\/05\/dac_gimp-929x1024.png 929w, https:\/\/cncgraf.com\/wp-content\/uploads\/2023\/05\/dac_gimp-600x661.png 600w, https:\/\/cncgraf.com\/wp-content\/uploads\/2023\/05\/dac_gimp-272x300.png 272w, https:\/\/cncgraf.com\/wp-content\/uploads\/2023\/05\/dac_gimp-768x846.png 768w, https:\/\/cncgraf.com\/wp-content\/uploads\/2023\/05\/dac_gimp-1394x1536.png 1394w, https:\/\/cncgraf.com\/wp-content\/uploads\/2023\/05\/dac_gimp-1859x2048.png 1859w\" sizes=\"auto, (max-width: 929px) 100vw, 929px\" \/><\/figure>\n\n\n\n<figure class=\"wp-block-image size-large is-style-default\"><img loading=\"lazy\" decoding=\"async\" width=\"1024\" height=\"635\" data-id=\"3382\" src=\"https:\/\/cncgraf.com\/wp-content\/uploads\/2023\/10\/io_gimp2-1024x635.png\" alt=\"Rozszerzenie CAN Expansion I\/O dla kontrolera CNC smc5d-m4 pro\" class=\"wp-image-3382\"\/><\/figure>\n<\/figure>\n\n\n\n<p>Rozszerzenie CAN I\/O oraz DAC dla smc5d-m4 pro.<\/p>\n<\/div>\n<\/div>\n\n\n\n<p>Ten kontroler nale\u017cy do naszego sztandarowego produktu z rodziny kontroler\u00f3w. Oferuje wyj\u0105tkow\u0105 wydajno\u015b\u0107 i wszechstronno\u015b\u0107 dla wymagaj\u0105cych zastosowa\u0144 CNC.<\/p>\n\n\n\n<h5 class=\"wp-block-heading has-tertiary-background-color has-background\" id=\"smc-5-d-m-4-pro-technische-daten\">smc5d-m4 pro: Dane techniczne<\/h5>\n\n\n\n<ul class=\"wp-block-list\">\n<li>W obudowie do szafy sterowniczej z szyn\u0105 DIN.<\/li>\n\n\n\n<li>Zasilanie +24 Volt<\/li>\n\n\n\n<li>Sygna\u0142y taktowe i kierunkowe do 300 kHz<\/li>\n\n\n\n<li>Cz\u0119stotliwo\u015b\u0107 krokowa jako wyj\u015bcia r\u00f3\u017cnicowe dla maksymalnej odporno\u015bci na zak\u0142\u00f3cenia<\/li>\n\n\n\n<li>Interpolowane ruchy do 6 osi + podw\u00f3jny nap\u0119d X2\/Y2.<\/li>\n\n\n\n<li>8 wej\u015bcia optycznie izolowane i 4 wyj\u015bcia przeka\u017anikowe z wy\u015bwietlaczem LED.<\/li>\n\n\n\n<li>Komunikacja poprzez Ethernet (LAN) lub USB 2.0 (kompatybilne z USB 3.0)<\/li>\n\n\n\n<li class=\"translation-block\">Pod\u0142\u0105czenie RS485 lub CAN dla <a href=\"https:\/\/cncgraf.com\/pl\/elektroniczny-panel-reczny\/\" data-type=\"page\" data-id=\"16\" target=\"_self\">panela r\u0119cznego<\/a><\/li>\n\n\n\n<li>Gniazdo karty Micro SD.<\/li>\n\n\n\n<li>Komunikacja CAN pomi\u0119dzy modu\u0142ami<\/li>\n\n\n\n<li>Mo\u017cliwo\u015b\u0107 pod\u0142\u0105czenia do sze\u015bciu modu\u0142\u00f3w I\/O oraz do czterech modu\u0142\u00f3w DAC<\/li>\n\n\n\n<li class=\"translation-block\">Wymagane min. cncGraF v7.1 Pro (Darmowe <a href=\"https:\/\/cncgraf.com\/pl\/pobierz-cncgraf-oprogramowanie-cnc\/\" data-type=\"page\" data-id=\"24\" target=\"_self\">pobieranie<\/a>)<\/li>\n<\/ul>\n\n\n\n<div class=\"wp-block-buttons is-content-justification-center is-layout-flex wp-container-core-buttons-is-layout-a89b3969 wp-block-buttons-is-layout-flex\">\n<div class=\"wp-block-button is-style-fill\"><a class=\"wp-block-button__link has-text-align-center wp-element-button\" href=\"https:\/\/web.boenigk-electronics.com\/download\/docs\/smc5dm4\/smc5d_m4_system.pdf\" target=\"_blank\" rel=\"noreferrer noopener\"><strong><img loading=\"lazy\" decoding=\"async\" width=\"51\" height=\"51\" class=\"wp-image-1147\" style=\"width: 51px;\" src=\"https:\/\/cncgraf.com\/wp-content\/uploads\/2023\/05\/pdf.png\" alt=\"\">Download - Dokumentacja<\/strong><\/a><\/div>\n<\/div>\n\n\n\n<div style=\"height:10px\" aria-hidden=\"true\" class=\"wp-block-spacer\"><\/div>\n\n\n\n<hr class=\"wp-block-separator alignfull has-text-color has-cyan-bluish-gray-color has-alpha-channel-opacity has-cyan-bluish-gray-background-color has-background\"\/>\n<\/div>\n\n\n\n<div class=\"wp-block-group alignfull has-global-padding is-layout-constrained wp-block-group-is-layout-constrained\">\n<h3 class=\"wp-block-heading alignfull has-text-align-center has-large-font-size\" id=\"smc-5-d-m-4-lan-mittelklasse-cnc-controllermit-ethernet-anschluss\">smc5d-m4 lan: kontroler CNC \u015bredniej klasy<br>z portem Ethernet<\/h3>\n\n\n\n<p>Nasz sterownik CNC smc5d-m4 lan to nasza wersja \u015bredniej klasy. Ten sterownik opiera si\u0119 na naszym modelu do szafy sterowniczej smc5d-m4 pro i posiada z\u0142\u0105cza  USB-C i Ethernet. <\/p>\n\n\n\n<figure class=\"wp-block-image aligncenter size-full is-resized\"><img loading=\"lazy\" decoding=\"async\" width=\"711\" height=\"400\" src=\"https:\/\/cncgraf.com\/wp-content\/uploads\/2023\/05\/smc5d-m4lan.png\" alt=\"smc5d-m4 lan: \u015bredniej klasy kontroler CNC ze z\u0142\u0105czem Ethernet\" class=\"wp-image-484\" style=\"width:489px;height:275px\" srcset=\"https:\/\/cncgraf.com\/wp-content\/uploads\/2023\/05\/smc5d-m4lan.png 711w, https:\/\/cncgraf.com\/wp-content\/uploads\/2023\/05\/smc5d-m4lan-600x338.png 600w, https:\/\/cncgraf.com\/wp-content\/uploads\/2023\/05\/smc5d-m4lan-300x169.png 300w\" sizes=\"auto, (max-width: 711px) 100vw, 711px\" \/><\/figure>\n\n\n\n<p>Dzi\u0119ki temu oferuje ten sterownik solidn\u0105 wydajno\u015b\u0107 do r\u00f3\u017cnorodnych zastosowa\u0144.<\/p>\n\n\n\n<h5 class=\"wp-block-heading has-text-align-left\" id=\"technische-daten\">Dane techniczne<\/h5>\n\n\n\n<ul class=\"wp-block-list\">\n<li>Komunikacja przez Ethernet lub USB-C<\/li>\n\n\n\n<li>Sygna\u0142y taktowe i kierunkowe do 300 kHz<\/li>\n\n\n\n<li>Interpolowane ruchy do 5 osi + podw\u00f3jny nap\u0119d X2\/Y2.<\/li>\n\n\n\n<li class=\"translation-block\">Z\u0142\u0105cze RS485 dla <a href=\"https:\/\/cncgraf.com\/pl\/elektroniczny-panel-reczny\/\" data-type=\"page\" data-id=\"16\" target=\"_self\">panelu r\u0119cznego<\/a>.<\/li>\n\n\n\n<li>24 chronione wej\u015bcia i wyj\u015bcia.<\/li>\n\n\n\n<li>Wszystkie wej\u015bcia na CON2 i CON3 s\u0105 optycznie izolowane.<\/li>\n\n\n\n<li>Zewn\u0119trzne zasilanie 5 Volt<\/li>\n\n\n\n<li>Pr\u0119dko\u015b\u0107 wrzeciona za pomoc\u0105 wyj\u015bcia analogowego (wymaga interface karte DAC-INT-10V).<\/li>\n\n\n\n<li>Wymiary produktu w milimetrach D\u0142ugo\u015b\u0107\/Szeroko\u015b\u0107\/Wysoko\u015b\u0107 (113mm \/ 71mm \/ 11mm)<\/li>\n\n\n\n<li class=\"translation-block\">Wymagane min. cncGraF v7.1 Pro (Darmowe <a href=\"https:\/\/cncgraf.com\/pl\/pobierz-cncgraf-oprogramowanie-cnc\/\" data-type=\"page\" data-id=\"24\" target=\"_self\">pobieranie<\/a>)<\/li>\n<\/ul>\n\n\n\n<div class=\"wp-block-buttons is-content-justification-center is-layout-flex wp-container-core-buttons-is-layout-a89b3969 wp-block-buttons-is-layout-flex\">\n<div class=\"wp-block-button\"><a class=\"wp-block-button__link wp-element-button\" href=\"https:\/\/web.boenigk-electronics.com\/download\/docs\/smc5dm4\/smc5dm4_lanc%20.pdf\" target=\"_blank\" rel=\"noreferrer noopener\"><img loading=\"lazy\" decoding=\"async\" width=\"51\" height=\"51\" class=\"wp-image-1147\" style=\"width: 51px;\" src=\"https:\/\/cncgraf.com\/wp-content\/uploads\/2023\/05\/pdf.png\" alt=\"\"><strong>Download - Dokumentacja<\/strong><\/a><\/div>\n<\/div>\n\n\n\n<div style=\"height:10px\" aria-hidden=\"true\" class=\"wp-block-spacer\"><\/div>\n<\/div>\n\n\n\n<div class=\"wp-block-group alignfull has-tertiary-background-color has-background has-global-padding is-layout-constrained wp-block-group-is-layout-constrained\">\n<hr class=\"wp-block-separator alignfull has-text-color has-cyan-bluish-gray-color has-alpha-channel-opacity has-cyan-bluish-gray-background-color has-background\"\/>\n\n\n\n<h3 class=\"wp-block-heading alignfull has-text-align-center has-tertiary-background-color has-background has-large-font-size\" id=\"smc-5-d-p-32-einsteiger-cnc-controllermit-usb-anschluss\">smc5d-p32: Kontroler CNC dla pocz\u0105tkuj\u0105cych<br>z portem USB<\/h3>\n\n\n\n<p>Sterownik smc5d-p32 to jest nasz model podstawowy. Ten sterownik posiada port USB i umo\u017cliwia sterowanie maszynami CNC do 5 osi.<\/p>\n\n\n\n<figure class=\"wp-block-image aligncenter size-full is-resized\"><img loading=\"lazy\" decoding=\"async\" width=\"644\" height=\"400\" src=\"https:\/\/cncgraf.com\/wp-content\/uploads\/2023\/05\/smc5d-p32.png\" alt=\"smc5d-p32: Kontroler CNC dla pocz\u0105tkuj\u0105cych z portem USB\" class=\"wp-image-485\" style=\"width:516px;height:319px\" srcset=\"https:\/\/cncgraf.com\/wp-content\/uploads\/2023\/05\/smc5d-p32.png 644w, https:\/\/cncgraf.com\/wp-content\/uploads\/2023\/05\/smc5d-p32-600x373.png 600w, https:\/\/cncgraf.com\/wp-content\/uploads\/2023\/05\/smc5d-p32-300x186.png 300w\" sizes=\"auto, (max-width: 644px) 100vw, 644px\" \/><\/figure>\n\n\n\n<h5 class=\"wp-block-heading has-tertiary-background-color has-background\" id=\"technische-daten-1\">Dane techniczne<\/h5>\n\n\n\n<ul class=\"wp-block-list\">\n<li>Zasilanie 5 Volt<\/li>\n\n\n\n<li>Sygna\u0142y taktowe i kierunkowe do 150 kHz<\/li>\n\n\n\n<li>Interpolowane ruchy do 5 osi + podw\u00f3jny nap\u0119d X2\/Y2.<\/li>\n\n\n\n<li>Komunikacja przez USB 2.0 (kompatybilne z USB 3.0)<\/li>\n\n\n\n<li class=\"translation-block\">Z\u0142\u0105cze RS485 dla <a href=\"https:\/\/cncgraf.com\/pl\/elektroniczny-panel-reczny\/\" data-type=\"page\" data-id=\"16\" target=\"_self\">panelu r\u0119cznego<\/a>.<\/li>\n\n\n\n<li>24 chronione wej\u015bcia i wyj\u015bcia.<\/li>\n\n\n\n<li>Wszystkie wej\u015bcia na CON2, CON3 i CON4 s\u0105 optoizolowane.<\/li>\n\n\n\n<li>Pr\u0119dko\u015b\u0107 wrzeciona za pomoc\u0105 wyj\u015bcia analogowego (wymaga interface karte DAC-INT-10V).<\/li>\n\n\n\n<li class=\"translation-block\">Wymagane min. cncGraF v7.1 Pro (Darmowe <a href=\"https:\/\/cncgraf.com\/pl\/pobierz-cncgraf-oprogramowanie-cnc\/\" data-type=\"page\" data-id=\"24\" target=\"_self\">pobieranie<\/a>)<\/li>\n<\/ul>\n\n\n\n<div class=\"wp-block-buttons is-content-justification-center is-layout-flex wp-container-core-buttons-is-layout-a89b3969 wp-block-buttons-is-layout-flex\">\n<div class=\"wp-block-button\"><a class=\"wp-block-button__link wp-element-button\" href=\"https:\/\/web.boenigk-electronics.com\/download\/docs\/smc5dp32\/smc5d-p32_v6b.pdf\" target=\"_blank\" rel=\"noreferrer noopener\"><img loading=\"lazy\" decoding=\"async\" width=\"51\" height=\"51\" class=\"wp-image-1147\" style=\"width: 51px;\" src=\"https:\/\/cncgraf.com\/wp-content\/uploads\/2023\/05\/pdf.png\" alt=\"\"> <strong>Download - Dokumentacja<\/strong><\/a><\/div>\n<\/div>\n\n\n\n<div style=\"height:10px\" aria-hidden=\"true\" class=\"wp-block-spacer\"><\/div>\n\n\n\n<hr class=\"wp-block-separator alignfull has-text-color has-cyan-bluish-gray-color has-alpha-channel-opacity has-cyan-bluish-gray-background-color has-background\"\/>\n<\/div>\n\n\n\n<div class=\"wp-block-group alignfull has-global-padding is-layout-constrained wp-block-group-is-layout-constrained\">\n<h3 class=\"wp-block-heading alignfull has-text-align-center has-large-font-size\" id=\"tabellarische-funktionsubersicht-cnc-controller\">Tabelaryczne zestawienie funkcji: Kontroler CNC<\/h3>\n\n\n\n<figure class=\"wp-block-table is-style-stripes\"><table><thead><tr><th class=\"has-text-align-center\" data-align=\"center\"><strong>Sterownik<\/strong><\/th><th class=\"has-text-align-center\" data-align=\"center\"><strong>smc5d-m4 pro<\/strong><\/th><th class=\"has-text-align-center\" data-align=\"center\"><strong>smc5d-m4 lan<\/strong><\/th><th class=\"has-text-align-center\" data-align=\"center\"><strong>smc5d-p32<\/strong><\/th><\/tr><\/thead><tbody><tr><td class=\"has-text-align-center\" data-align=\"center\">Cz\u0119stotliwo\u015b\u0107 taktowania<\/td><td class=\"has-text-align-center\" data-align=\"center\">do 300 kHz<\/td><td class=\"has-text-align-center\" data-align=\"center\">do 300 kHz<\/td><td class=\"has-text-align-center\" data-align=\"center\">do 150 kHz<\/td><\/tr><tr><td class=\"has-text-align-center\" data-align=\"center\">Liczba osi<\/td><td class=\"has-text-align-center\" data-align=\"center\">6<\/td><td class=\"has-text-align-center\" data-align=\"center\">5<\/td><td class=\"has-text-align-center\" data-align=\"center\"> do 5<\/td><\/tr><tr><td class=\"has-text-align-center\" data-align=\"center\">Podw\u00f3jny nap\u0119d X2\/Y2<\/td><td class=\"has-text-align-center\" data-align=\"center\">Tak<\/td><td class=\"has-text-align-center\" data-align=\"center\">Tak<\/td><td class=\"has-text-align-center\" data-align=\"center\">Tak<\/td><\/tr><tr><td class=\"has-text-align-center translation-block\" data-align=\"center\">Modu\u0142owa konstrukcja do monta\u017cu na szynie monta\u017cowej<br> w szafie sterowniczej<\/td><td class=\"has-text-align-center\" data-align=\"center\">Tak<\/td><td class=\"has-text-align-center\" data-align=\"center\">\u2013<\/td><td class=\"has-text-align-center\" data-align=\"center\">\u2013<\/td><\/tr><tr><td class=\"has-text-align-center\" data-align=\"center\">Wy\u015bwietlacz LED dla wej\u015b\u0107\/wyj\u015b\u0107<\/td><td class=\"has-text-align-center\" data-align=\"center\">Tak<\/td><td class=\"has-text-align-center\" data-align=\"center\">\u2013<\/td><td class=\"has-text-align-center\" data-align=\"center\">\u2013<\/td><\/tr><tr><td class=\"has-text-align-center\" data-align=\"center\">Zasilanie<\/td><td class=\"has-text-align-center\" data-align=\"center\">24 wolt\u00f3w DC<br>zewn\u0119trzny<\/td><td class=\"has-text-align-center\" data-align=\"center\">5 V DC zewn\u0119trzny<\/td><td class=\"has-text-align-center\" data-align=\"center\">5 Volt DC\u00a0 zasilanie zewn\u0119trzne\/USB<\/td><\/tr><tr><td class=\"has-text-align-center\" data-align=\"center\">&nbsp;Liczba wyj\u015b\u0107<\/td><td class=\"has-text-align-center\" data-align=\"center\">4, rozszerzalny do 124<\/td><td class=\"has-text-align-center\" data-align=\"center\">24<\/td><td class=\"has-text-align-center\" data-align=\"center\">24<\/td><\/tr><tr><td class=\"has-text-align-center\" data-align=\"center\">Wyj\u015bcia optoizolowane<\/td><td class=\"has-text-align-center\" data-align=\"center\">Tak<\/td><td class=\"has-text-align-center\" data-align=\"center\">Tak<\/td><td class=\"has-text-align-center\" data-align=\"center\">Tak<\/td><\/tr><tr><td class=\"has-text-align-center\" data-align=\"center\">Liczba wej\u015b\u0107<\/td><td class=\"has-text-align-center\" data-align=\"center\">8, rozszerzalne do 104<\/td><td class=\"has-text-align-center\" data-align=\"center\">24<\/td><td class=\"has-text-align-center\" data-align=\"center\">24<\/td><\/tr><tr><td class=\"has-text-align-center\" data-align=\"center\">Wyj\u015bcia analogowe<\/td><td class=\"has-text-align-center translation-block\" data-align=\"center\">rozszerzalne,<br>do 8 wyj\u015b\u0107<\/td><td class=\"has-text-align-center\" data-align=\"center\">3 wyj\u015bcia<\/td><td class=\"has-text-align-center\" data-align=\"center\">3 wyj\u015bcia<\/td><\/tr><tr><td class=\"has-text-align-center\" data-align=\"center\">Wej\u015bcia analogowe<\/td><td class=\"has-text-align-center translation-block\" data-align=\"center\">rozszerzalne,<br>do 8 wej\u015b\u0107<\/td><td class=\"has-text-align-center\" data-align=\"center\">\u2013<\/td><td class=\"has-text-align-center\" data-align=\"center\">\u2013<\/td><\/tr><tr><td class=\"has-text-align-center translation-block\" data-align=\"center\">Pod\u0142\u0105czenie <a href=\"https:\/\/cncgraf.com\/pl\/elektroniczny-panel-reczny\/\" data-type=\"page\" data-id=\"16\" target=\"_self\">panelu r\u0119cznego<\/a><\/td><td class=\"has-text-align-center\" data-align=\"center\">Tak<\/td><td class=\"has-text-align-center\" data-align=\"center\">Tak<\/td><td class=\"has-text-align-center\" data-align=\"center\">Tak<\/td><\/tr><tr><td class=\"has-text-align-center\" data-align=\"center\">Aktualizacje firmware'u<\/td><td class=\"has-text-align-center\" data-align=\"center\">Tak<\/td><td class=\"has-text-align-center\" data-align=\"center\">Tak<\/td><td class=\"has-text-align-center\" data-align=\"center\">Tak<\/td><\/tr><tr><td class=\"has-text-align-center\" data-align=\"center\">Oprogramowanie<\/td><td class=\"has-text-align-center\" data-align=\"center\">cncGraF Pro<\/td><td class=\"has-text-align-center\" data-align=\"center\">cncGraF Pro<\/td><td class=\"has-text-align-center\" data-align=\"center\">cncGraF Std\/Pro<\/td><\/tr><\/tbody><\/table><\/figure>\n\n\n\n<p>Wszystkie informacje podawane s\u0105 bez gwarancji i roszczenia o kompletno\u015b\u0107.<\/p>\n\n\n\n<div style=\"height:10px\" aria-hidden=\"true\" class=\"wp-block-spacer\"><\/div>\n<\/div>","protected":false},"excerpt":{"rendered":"<p>Leistungsstarke CNC-Controller bis 6 Achsen Die Hauptaufgabe eines CNC-Controllers besteht darin, Takt- und Richtungssignale f\u00fcr Schrittmotoren zu erzeugen, da dies in Echtzeit unter Windows nicht m\u00f6glich ist. Je nach Controller betr\u00e4gt die Schrittfrequenz bis zu 300 kHz f\u00fcr interpolierte Bewegungen von bis zu 6 Achsen. Unsere CNC-Controller verf\u00fcgen \u00fcber mehrere gesch\u00fctzte digitale Ein- und Ausg\u00e4nge [&hellip;]<\/p>\n","protected":false},"author":1,"featured_media":0,"parent":0,"menu_order":0,"comment_status":"closed","ping_status":"closed","template":"","meta":{"footnotes":""},"class_list":["post-14","page","type-page","status-publish","hentry"],"_links":{"self":[{"href":"https:\/\/cncgraf.com\/pl\/wp-json\/wp\/v2\/pages\/14","targetHints":{"allow":["GET"]}}],"collection":[{"href":"https:\/\/cncgraf.com\/pl\/wp-json\/wp\/v2\/pages"}],"about":[{"href":"https:\/\/cncgraf.com\/pl\/wp-json\/wp\/v2\/types\/page"}],"author":[{"embeddable":true,"href":"https:\/\/cncgraf.com\/pl\/wp-json\/wp\/v2\/users\/1"}],"replies":[{"embeddable":true,"href":"https:\/\/cncgraf.com\/pl\/wp-json\/wp\/v2\/comments?post=14"}],"version-history":[{"count":0,"href":"https:\/\/cncgraf.com\/pl\/wp-json\/wp\/v2\/pages\/14\/revisions"}],"wp:attachment":[{"href":"https:\/\/cncgraf.com\/pl\/wp-json\/wp\/v2\/media?parent=14"}],"curies":[{"name":"wp","href":"https:\/\/api.w.org\/{rel}","templated":true}]}}