{"id":16,"date":"2023-04-24T21:47:27","date_gmt":"2023-04-24T19:47:27","guid":{"rendered":"https:\/\/cncgraf.com\/?page_id=16"},"modified":"2023-12-20T22:45:17","modified_gmt":"2023-12-20T21:45:17","slug":"elektroniczny-panel-reczny","status":"publish","type":"page","link":"https:\/\/cncgraf.com\/pl\/elektronisches-handrad\/","title":{"rendered":"Elektroniczny panel r\u0119czny dla maszyny CNC"},"content":{"rendered":"<div class=\"wp-block-group alignfull has-tertiary-background-color has-background has-global-padding is-layout-constrained wp-block-group-is-layout-constrained\">\n<div style=\"height:30px\" aria-hidden=\"true\" class=\"wp-block-spacer\"><\/div>\n\n\n\n<h1 class=\"wp-block-heading alignfull has-text-align-center has-tertiary-background-color has-background has-large-font-size translation-block\">Elektroniczny panel r\u0119czny: Precyzyjne sterowanie maszynami CNC<\/h1>\n\n\n\n<div style=\"height:10px\" aria-hidden=\"true\" class=\"wp-block-spacer\"><\/div>\n\n\n\n<hr class=\"wp-block-separator alignfull has-text-color has-cyan-bluish-gray-color has-alpha-channel-opacity has-cyan-bluish-gray-background-color has-background\"\/>\n<\/div>\n\n\n\n<div class=\"wp-block-group alignfull has-base-background-color has-background has-global-padding is-layout-constrained wp-block-group-is-layout-constrained\">\n<h2 class=\"wp-block-heading has-large-font-size\">Jakie korzy\u015bci oferuje nasz elektroniczny panel r\u0119czny?<\/h2>\n\n\n\n<p>Nasz elektroniczny panel r\u0119czny jest pod\u0142\u0105czany bezpo\u015brednio do sterownika CNC maszyny za pomoc\u0105 kabla. Poniewa\u017c ruchy maszyny odbywaj\u0105 si\u0119 bezpo\u015brednio przez sterowanie sprz\u0119towe (bez PC), przy pozycjonowaniu maszyny CNC nie wyst\u0119puj\u0105 \u017cadne op\u00f3\u017anienia. Wszystkie akcje wykonane na panelu r\u0119cznym s\u0105 przekazywane 1:1 do oprogramowania.<\/p>\n\n\n\n<p>Wysokiej jako\u015bci klawiatura membranowa panelu r\u0119cznego wyposa\u017cona jest w 29 diod LED informuj\u0105cych o statusie. Metalowa p\u0142yta zatrzaskowa wewn\u0105trz klawiatury zapewnia, \u017ce ka\u017cde naci\u015bni\u0119cie przycisku jest potwierdzane zar\u00f3wno wyczuwalnie, jak i akustycznie poprzez klikni\u0119cie.<\/p>\n\n\n\n<p class=\"translation-block\">Panel r\u0119czny posiada ponad 30 przycisk\u00f3w i 2 regulatory. Wiele standardowych funkcji, takich jak wykonanie przejazdu referencyjnego, start zadania, pauza itd., jest zdefiniowanych wst\u0119pnie i gotowych do natychmiastowego u\u017cycia. Dolne 12 przycisk\u00f3w funkcyjnych mo\u017cna indywidualnie zaprogramowa\u0107 na w\u0142asne funkcje i makra za pomoc\u0105 <a href=\"https:\/\/cncgraf.com\/pl\/cncgraf-8-funkcje-oprogramowania-sterujacego-cnc\/\" data-type=\"page\" data-id=\"8\" target=\"_self\">cncGraF<\/a>.<\/p>\n\n\n\n<p>Obudowa panelu r\u0119cznego jest ca\u0142kowicie uszczelniona i zaprojektowana z magnetycznym ty\u0142em, aby umo\u017cliwi\u0107 \u0142atwe mocowanie do maszyny. Ponadto, panel r\u0119czny jest wyposa\u017cony w wbudowany wy\u0142\u0105cznik awaryjny.<\/p>\n\n\n\n<h3 class=\"wp-block-heading has-text-align-left has-large-font-size\">Funkcje pokr\u0119t\u0142a<\/h3>\n\n\n\n<p class=\"translation-block\">Panel r\u0119czny umo\u017cliwia r\u0119czne przemieszczanie do 5 osi za pomoc\u0105 regulatora obrotowego z enkoderem. Rozdzielczo\u015b\u0107 krok\u00f3w mo\u017cna ustawi\u0107 za pomoc\u0105 przycisk\u00f3w na 0,1 mm lub 0,01 mm (regulowane w <a href=\"https:\/\/cncgraf.com\/pl\/cncgraf-8-funkcje-oprogramowania-sterujacego-cnc\/\" data-type=\"page\" data-id=\"8\" target=\"_self\">cncGraF<\/a>).<\/p>\n\n\n\n<p>Do standardowych funkcji panelu r\u0119cznego nale\u017c\u0105:<\/p>\n\n\n\n<ul class=\"wp-block-list\">\n<li>Wykonanie jazdy referencyjnej<\/li>\n\n\n\n<li>Jazda na punkt zerowy<\/li>\n\n\n\n<li>Jazda na punkt parkowy<\/li>\n\n\n\n<li>Ustawienie punktu zerowego dla osi X\/Y\/Z<\/li>\n\n\n\n<li>W\u0142\u0105czanie\/Wy\u0142\u0105czanie wrzeciona i pompy (w\u0142\u0105cz\/wy\u0142\u0105cz)<\/li>\n\n\n\n<li>Uruchamianie, wznawianie, pauzowanie i anulowanie pracy<\/li>\n<\/ul>\n\n\n\n<div class=\"wp-block-columns is-layout-flex wp-container-core-columns-is-layout-28f84493 wp-block-columns-is-layout-flex\">\n<div class=\"wp-block-column is-layout-flow wp-block-column-is-layout-flow\">\n<figure data-wp-context=\"{&quot;imageId&quot;:&quot;69edcf2e15a34&quot;}\" data-wp-interactive=\"core\/image\" data-wp-key=\"69edcf2e15a34\" class=\"wp-block-image size-full is-resized wp-lightbox-container\"><img loading=\"lazy\" decoding=\"async\" width=\"680\" height=\"1024\" data-wp-class--hide=\"state.isContentHidden\" data-wp-class--show=\"state.isContentVisible\" data-wp-init=\"callbacks.setButtonStyles\" data-wp-on--click=\"actions.showLightbox\" data-wp-on--load=\"callbacks.setButtonStyles\" data-wp-on-window--resize=\"callbacks.setButtonStyles\" src=\"https:\/\/cncgraf.com\/wp-content\/uploads\/2023\/09\/handrad.png\" alt=\"Elektroniczne pokr\u0119t\u0142o do sterowania CNC umo\u017cliwia mi\u0119dzy innymi proste i precyzyjne pozycjonowanie.\" class=\"wp-image-2628\" style=\"width:261px;height:auto\" srcset=\"https:\/\/cncgraf.com\/wp-content\/uploads\/2023\/09\/handrad.png 680w, https:\/\/cncgraf.com\/wp-content\/uploads\/2023\/09\/handrad-600x904.png 600w\" sizes=\"auto, (max-width: 680px) 100vw, 680px\" \/><button\n\t\t\tclass=\"lightbox-trigger\"\n\t\t\ttype=\"button\"\n\t\t\taria-haspopup=\"dialog\"\n\t\t\taria-label=\"Powi\u0119ksz\"\n\t\t\tdata-wp-init=\"callbacks.initTriggerButton\"\n\t\t\tdata-wp-on--click=\"actions.showLightbox\"\n\t\t\tdata-wp-style--right=\"state.imageButtonRight\"\n\t\t\tdata-wp-style--top=\"state.imageButtonTop\"\n\t\t>\n\t\t\t<svg xmlns=\"http:\/\/www.w3.org\/2000\/svg\" width=\"12\" height=\"12\" fill=\"none\" viewbox=\"0 0 12 12\">\n\t\t\t\t<path fill=\"#fff\" d=\"M2 0a2 2 0 0 0-2 2v2h1.5V2a.5.5 0 0 1 .5-.5h2V0H2Zm2 10.5H2a.5.5 0 0 1-.5-.5V8H0v2a2 2 0 0 0 2 2h2v-1.5ZM8 12v-1.5h2a.5.5 0 0 0 .5-.5V8H12v2a2 2 0 0 1-2 2H8Zm2-12a2 2 0 0 1 2 2v2h-1.5V2a.5.5 0 0 0-.5-.5H8V0h2Z\" \/>\n\t\t\t<\/svg>\n\t\t<\/button><\/figure>\n<\/div>\n\n\n\n<div class=\"wp-block-column is-layout-flow wp-block-column-is-layout-flow\">\n<ul class=\"wp-block-list\">\n<li>Do 12 programowalnych klawiszy funkcyjnych mo\u017cna przypisa\u0107 dodatkowe funkcje i makra. Dzi\u0119ki wstawkom okienkowym klawisze te mo\u017cna indywidualnie opisywa\u0107 za pomoc\u0105 pask\u00f3w tekstowych.<\/li>\n\n\n\n<li>Pr\u0119dko\u015b\u0107 robocz\u0105 mo\u017cna regulowa\u0107 w trakcie bie\u017c\u0105cej pracy.<\/li>\n\n\n\n<li>Z przodu obudowy znajduje si\u0119 zintegrowany wy\u0142\u0105cznik awaryjny.<\/li>\n<\/ul>\n<\/div>\n<\/div>\n\n\n\n<h3 class=\"wp-block-heading has-large-font-size\">Dane techniczne<\/h3>\n\n\n\n<ul class=\"wp-block-list\">\n<li>Waga oko\u0142o 400g.<\/li>\n\n\n\n<li>Wymiary w mm (S x W x G): 80,3 x 185 x 50,5.<\/li>\n\n\n\n<li>D\u0142ugo\u015b\u0107 kabla 5m (na \u017cyczenie r\u00f3wnie\u017c d\u0142u\u017cszy).<\/li>\n\n\n\n<li>Przycisk STOP AWARYJNY<\/li>\n\n\n\n<li class=\"translation-block\">Kompatybilne ze wszystkimi aktualnymi <a href=\"https:\/\/cncgraf.com\/pl\/sterowniki-cnc\/\" data-type=\"page\" data-id=\"14\" target=\"_self\">sterownikami CNC<\/a>.<\/li>\n<\/ul>\n\n\n\n<div class=\"wp-block-buttons is-layout-flex wp-block-buttons-is-layout-flex\">\n<div class=\"wp-block-button\"><a class=\"wp-block-button__link wp-element-button\" href=\"https:\/\/web.boenigk-electronics.com\/download\/docs\/handrad\/NA2c.pdf\" target=\"_blank\" rel=\"noreferrer noopener\"><img loading=\"lazy\" decoding=\"async\" width=\"51\" height=\"51\" class=\"wp-image-1147\" style=\"width: 51px;\" src=\"https:\/\/cncgraf.com\/wp-content\/uploads\/2023\/05\/pdf.png\" alt=\"\"> <strong>Po\u0142\u0105czenie poprzez kart\u0119 NA2<\/strong><\/a><\/div>\n<\/div>\n\n\n\n<p>Dowolnie programowalne klawisze funkcyjne F1-F12. Klawisze mog\u0105 by\u0107 opisane.<\/p>\n\n\n\n<div class=\"wp-block-columns is-layout-flex wp-container-core-columns-is-layout-28f84493 wp-block-columns-is-layout-flex\">\n<div class=\"wp-block-column is-layout-flow wp-block-column-is-layout-flow\">\n<figure class=\"wp-block-image size-full\"><img loading=\"lazy\" decoding=\"async\" width=\"320\" height=\"226\" src=\"https:\/\/cncgraf.com\/wp-content\/uploads\/2023\/09\/handrad-folie.png\" alt=\"Elektroniczne pokr\u0119t\u0142o do sterowania CNC posiada dowolnie programowalne przyciski, kt\u00f3re mog\u0105 by\u0107 indywidualnie oznaczane.\" class=\"wp-image-2519\"\/><\/figure>\n<\/div>\n\n\n\n<div class=\"wp-block-column is-layout-flow wp-block-column-is-layout-flow\">\n<figure class=\"wp-block-image size-full\"><img loading=\"lazy\" decoding=\"async\" width=\"320\" height=\"181\" src=\"https:\/\/cncgraf.com\/wp-content\/uploads\/2023\/09\/handrad-folie2.png\" alt=\"Elektroniczne pokr\u0119t\u0142o: wymiary dowolnie programowalnych przycisk\u00f3w.\" class=\"wp-image-2520\"\/><\/figure>\n<\/div>\n<\/div>\n\n\n\n<div style=\"height:10px\" aria-hidden=\"true\" class=\"wp-block-spacer\"><\/div>\n<\/div>","protected":false},"excerpt":{"rendered":"<p>Elektronisches Handrad: Pr\u00e4zise Steuerung von CNC-Maschinen Welche Vorteile bietet Ihnen unser Elektronisches Handrad? Unser elektronisches Handrad wird direkt \u00fcber ein Kabel an den CNC-Controller der Maschine angeschlossen. Da die Bewegungen der Maschine somit direkt \u00fcber die Hardwaresteuerung erfolgen (ohne PC), treten bei der Positionierung der CNC-Maschine keinerlei Verz\u00f6gerungen auf. Alle Aktionen am Handrad werden 1:1 [&hellip;]<\/p>\n","protected":false},"author":1,"featured_media":0,"parent":0,"menu_order":0,"comment_status":"closed","ping_status":"closed","template":"","meta":{"footnotes":""},"class_list":["post-16","page","type-page","status-publish","hentry"],"_links":{"self":[{"href":"https:\/\/cncgraf.com\/pl\/wp-json\/wp\/v2\/pages\/16","targetHints":{"allow":["GET"]}}],"collection":[{"href":"https:\/\/cncgraf.com\/pl\/wp-json\/wp\/v2\/pages"}],"about":[{"href":"https:\/\/cncgraf.com\/pl\/wp-json\/wp\/v2\/types\/page"}],"author":[{"embeddable":true,"href":"https:\/\/cncgraf.com\/pl\/wp-json\/wp\/v2\/users\/1"}],"replies":[{"embeddable":true,"href":"https:\/\/cncgraf.com\/pl\/wp-json\/wp\/v2\/comments?post=16"}],"version-history":[{"count":0,"href":"https:\/\/cncgraf.com\/pl\/wp-json\/wp\/v2\/pages\/16\/revisions"}],"wp:attachment":[{"href":"https:\/\/cncgraf.com\/pl\/wp-json\/wp\/v2\/media?parent=16"}],"curies":[{"name":"wp","href":"https:\/\/api.w.org\/{rel}","templated":true}]}}