{"id":24,"date":"2023-04-24T21:48:12","date_gmt":"2023-04-24T19:48:12","guid":{"rendered":"https:\/\/cncgraf.com\/?page_id=24"},"modified":"2026-04-23T09:24:10","modified_gmt":"2026-04-23T07:24:10","slug":"pobierz-cncgraf-oprogramowanie-cnc","status":"publish","type":"page","link":"https:\/\/cncgraf.com\/pl\/download-cncgraf-cnc-steuerungssoftware\/","title":{"rendered":"Pobierz: cncGraF Oprogramowanie steruj\u0105ce CNC"},"content":{"rendered":"<div class=\"wp-block-group alignfull has-tertiary-background-color has-background has-global-padding is-layout-constrained wp-block-group-is-layout-constrained\">\n<div style=\"height:30px\" aria-hidden=\"true\" class=\"wp-block-spacer\"><\/div>\n\n\n\n<h1 class=\"wp-block-heading has-text-align-center has-tertiary-background-color has-background has-large-font-size translation-block\" id=\"download-cnc-gra-f-cnc-steuerungssoftware\">Pobierz cncGraF<br>Oprogramowanie steruj\u0105ce CNC<\/h1>\n\n\n\n<hr class=\"wp-block-separator alignfull has-text-color has-cyan-bluish-gray-color has-alpha-channel-opacity has-cyan-bluish-gray-background-color has-background\"\/>\n<\/div>\n\n\n\n<div class=\"wp-block-group alignfull has-global-padding is-layout-constrained wp-block-group-is-layout-constrained\">\n<h2 class=\"wp-block-heading alignfull has-text-align-center has-base-background-color has-background has-large-font-size\" id=\"download-cnc-gra-f-8-software-fur-controller-smc-5-d-p-32-m-4\">Pobierz cncGraF 8: Oprogramowanie dla sterownika smc5d-p32\/m4<\/h2>\n\n\n\n<p><strong>cncGraF 8.0.200 Std\/Pro<\/strong> dla Windows 10\/11 (64-Bit)<\/p>\n\n\n\n<div class=\"wp-block-columns is-layout-flex wp-container-core-columns-is-layout-28f84493 wp-block-columns-is-layout-flex\">\n<div class=\"wp-block-column is-layout-flow wp-block-column-is-layout-flow\">\n<figure class=\"wp-block-image aligncenter size-large\"><img loading=\"lazy\" decoding=\"async\" width=\"1024\" height=\"576\" src=\"https:\/\/cncgraf.com\/wp-content\/uploads\/2023\/05\/h1-1024x576.jpg\" alt=\"Pobierz cncGraF 8: oprogramowanie steruj\u0105ce CNC\" class=\"wp-image-845\" style=\"aspect-ratio:1.776978417266187\" srcset=\"https:\/\/cncgraf.com\/wp-content\/uploads\/2023\/05\/h1-1024x576.jpg 1024w, https:\/\/cncgraf.com\/wp-content\/uploads\/2023\/05\/h1-600x338.jpg 600w, https:\/\/cncgraf.com\/wp-content\/uploads\/2023\/05\/h1-300x169.jpg 300w, https:\/\/cncgraf.com\/wp-content\/uploads\/2023\/05\/h1-768x432.jpg 768w, https:\/\/cncgraf.com\/wp-content\/uploads\/2023\/05\/h1-1536x864.jpg 1536w, https:\/\/cncgraf.com\/wp-content\/uploads\/2023\/05\/h1.jpg 1920w\" sizes=\"auto, (max-width: 1024px) 100vw, 1024px\" \/><\/figure>\n<\/div>\n\n\n\n<div class=\"wp-block-column is-layout-flow wp-block-column-is-layout-flow\">\n<div class=\"wp-block-buttons is-vertical is-content-justification-left is-layout-flex wp-container-core-buttons-is-layout-dd225191 wp-block-buttons-is-layout-flex\">\n<div class=\"wp-block-button\"><a class=\"wp-block-button__link wp-element-button\" href=\"https:\/\/web.boenigk-electronics.com\/download\/cncgraf\/800\/cncgraf8.0.200.setup.exe\" target=\"_blank\" rel=\"noopener\">pobieranie<\/a><\/div>\n\n\n\n<div class=\"wp-block-button\"><a class=\"wp-block-button__link wp-element-button\" href=\"https:\/\/web.boenigk-electronics.com\/download\/cncgraf\/800\/readme8.pdf\" target=\"_blank\" rel=\"noreferrer noopener\"><img loading=\"lazy\" decoding=\"async\" width=\"51\" height=\"51\" class=\"wp-image-1147\" style=\"width: 51px;\" src=\"https:\/\/cncgraf.com\/wp-content\/uploads\/2023\/05\/pdf.png\" alt=\"\"> <strong>readme8.pdf<\/strong><\/a><\/div>\n<\/div>\n<\/div>\n<\/div>\n\n\n\n<p>cncGraF 8 jest nast\u0119pc\u0105 cncGraF v7.1. Aktualizacja jest darmowa dla wszystkich u\u017cytkownik\u00f3w cncGraF.<\/p>\n\n\n\n<p class=\"translation-block\">Jak przeprowadzi\u0107 aktualizacj\u0119 do <strong>cncGraF 8<\/strong>, dowiesz si\u0119 <a href=\"https:\/\/cncgraf.com\/pl\/2025\/10\/31\/upgrade-cncgraf7-nceasy-infocam-cncgraf-8\/\" data-type=\"product_cat\" data-id=\"153\" target=\"_self\">tutaj<\/a>.<\/p>\n\n\n\n<div class=\"wp-block-buttons is-horizontal is-content-justification-left is-layout-flex wp-container-core-buttons-is-layout-cf2d9c75 wp-block-buttons-is-layout-flex\">\n<div class=\"wp-block-button\"><a class=\"wp-block-button__link wp-element-button\" href=\"https:\/\/web.boenigk-electronics.com\/download\/cncgraf\/800\/cncgraf-de.pdf\" target=\"_blank\" rel=\"noreferrer noopener\"><img loading=\"lazy\" decoding=\"async\" width=\"51\" height=\"51\" class=\"wp-image-1147\" style=\"width: 51px;\" src=\"https:\/\/cncgraf.com\/wp-content\/uploads\/2023\/05\/pdf.png\" alt=\"\"> Podr\u0119cznik (GER)<\/a><\/div>\n\n\n\n<div class=\"wp-block-button\"><a class=\"wp-block-button__link wp-element-button\" href=\"https:\/\/web.boenigk-electronics.com\/download\/cncgraf\/800\/cncgraf-en.pdf\" target=\"_blank\" rel=\"noreferrer noopener\"><img loading=\"lazy\" decoding=\"async\" width=\"51\" height=\"51\" class=\"wp-image-1147\" style=\"width: 51px;\" src=\"https:\/\/cncgraf.com\/wp-content\/uploads\/2023\/05\/pdf.png\" alt=\"\"> <strong>Podr\u0119cznik (ENG) <\/strong><\/a><\/div>\n\n\n\n<div class=\"wp-block-button\"><a class=\"wp-block-button__link wp-element-button\" href=\"https:\/\/web.boenigk-electronics.com\/download\/cncgraf\/800\/cncgraf-pl.pdf\" target=\"_blank\" rel=\"noreferrer noopener\"><img loading=\"lazy\" decoding=\"async\" width=\"51\" height=\"51\" class=\"wp-image-1147\" style=\"width: 51px;\" src=\"https:\/\/cncgraf.com\/wp-content\/uploads\/2023\/05\/pdf.png\" alt=\"\"> <strong>Podr\u0119cznik (POL)<\/strong><\/a><\/div>\n<\/div>\n\n\n\n<div style=\"height:10px\" aria-hidden=\"true\" class=\"wp-block-spacer\"><\/div>\n<\/div>\n\n\n\n<div class=\"wp-block-group alignfull has-tertiary-background-color has-background has-global-padding is-layout-constrained wp-block-group-is-layout-constrained\">\n<hr class=\"wp-block-separator alignfull has-text-color has-cyan-bluish-gray-color has-alpha-channel-opacity has-cyan-bluish-gray-background-color has-background\"\/>\n\n\n\n<h2 class=\"wp-block-heading alignfull has-text-align-center has-tertiary-background-color has-background has-large-font-size\" id=\"download-cnc-gra-f-7-1-software-fur-controller-smc-5-d-p-32-m-4\">Pobierz cncGraF 7.1: Oprogramowanie dla sterownika smc5d-p32\/m4<\/h2>\n\n\n\n<p class=\"translation-block\"><strong>Uwaga:<\/strong> To jest ostatnia wersja programu <strong>cncGraF 7.1<\/strong>. Ta wersja nie jest ju\u017c wspierana. Aby nadal otrzymywa\u0107 wsparcie techniczne i aktualizacje, przejd\u017a bezp\u0142atnie na <strong>cncGraF 8<\/strong>.<\/p>\n\n\n\n<p class=\"translation-block\">Jak przeprowadzi\u0107 aktualizacj\u0119 do <strong>cncGraF 8<\/strong>, dowiesz si\u0119 <a href=\"https:\/\/cncgraf.com\/pl\/2025\/10\/31\/upgrade-cncgraf7-nceasy-infocam-cncgraf-8\/\" data-type=\"product_cat\" data-id=\"153\" target=\"_self\">tutaj<\/a>.<\/p>\n\n\n\n<div class=\"wp-block-columns is-layout-flex wp-container-core-columns-is-layout-28f84493 wp-block-columns-is-layout-flex\">\n<div class=\"wp-block-column is-layout-flow wp-block-column-is-layout-flow\" style=\"flex-basis:260px\">\n<figure class=\"wp-block-image aligncenter size-full is-resized\"><img loading=\"lazy\" decoding=\"async\" width=\"344\" height=\"194\" src=\"https:\/\/cncgraf.com\/wp-content\/uploads\/2023\/05\/cncgraf71.jpg\" alt=\"G\u0142\u00f3wne okno cncGraF 7.1: Oprogramowanie steruj\u0105ce CNC\" class=\"wp-image-1063\" style=\"width:258px;height:146px\" srcset=\"https:\/\/cncgraf.com\/wp-content\/uploads\/2023\/05\/cncgraf71.jpg 344w, https:\/\/cncgraf.com\/wp-content\/uploads\/2023\/05\/cncgraf71-300x169.jpg 300w\" sizes=\"auto, (max-width: 344px) 100vw, 344px\" \/><\/figure>\n<\/div>\n\n\n\n<div class=\"wp-block-column is-layout-flow wp-block-column-is-layout-flow\">\n<p>cncGraF 7.1.112 Std\/Pro (32- und 64-Bit Version) dla Windows 7\/8\/10\/11<\/p>\n\n\n\n<div class=\"wp-block-buttons is-content-justification-center is-layout-flex wp-container-core-buttons-is-layout-a89b3969 wp-block-buttons-is-layout-flex\">\n<div class=\"wp-block-button\"><a class=\"wp-block-button__link wp-element-button\" href=\"https:\/\/web.boenigk-electronics.com\/download\/cncgraf\/701\/cncgraf7.1.112.setup.exe\" target=\"_blank\" rel=\"noopener\"><strong>DOWNLOAD<\/strong><\/a><\/div>\n\n\n\n<div class=\"wp-block-button\"><a class=\"wp-block-button__link wp-element-button\" href=\"https:\/\/web.boenigk-electronics.com\/download\/cncgraf\/701\/readme.pdf\" target=\"_blank\" rel=\"noreferrer noopener\"><img loading=\"lazy\" decoding=\"async\" width=\"51\" height=\"51\" class=\"wp-image-1147\" style=\"width: 51px;\" src=\"https:\/\/cncgraf.com\/wp-content\/uploads\/2023\/05\/pdf.png\" alt=\"\"> <strong>readme.pdf<\/strong><\/a><\/div>\n\n\n\n<div class=\"wp-block-button\"><a class=\"wp-block-button__link wp-element-button\" href=\"https:\/\/web.boenigk-electronics.com\/download\/cncgraf\/701\/cncgraf-de.pdf\" target=\"_blank\" rel=\"noreferrer noopener\"><img loading=\"lazy\" decoding=\"async\" width=\"51\" height=\"51\" class=\"wp-image-1147\" style=\"width: 51px;\" src=\"https:\/\/cncgraf.com\/wp-content\/uploads\/2023\/05\/pdf.png\" alt=\"\"> <strong>Podr\u0119cznik (GER)<\/strong><\/a><\/div>\n<\/div>\n<\/div>\n<\/div>\n\n\n\n<p class=\"translation-block\">cncGraF 7.1 jest nast\u0119pc\u0105 <em>cncGraF v7.0<\/em>. Aktualizacja jest darmowa dla wszystkich u\u017cytkownik\u00f3w cncGraF.<\/p>\n\n\n\n<p class=\"translation-block\"><strong>Uwaga:<\/strong> Sprawd\u017a wyj\u015bcie dla szcz\u0119ki mocuj\u0105cej. Je\u015bli u\u017cywasz wy\u017cszego wyj\u015bcia ni\u017c 7, wyj\u015bcie dla szcz\u0119ki mocuj\u0105cej musi zosta\u0107 ponownie ustawione.<\/p>\n\n\n\n<div style=\"height:10px\" aria-hidden=\"true\" class=\"wp-block-spacer\"><\/div>\n\n\n\n<hr class=\"wp-block-separator alignfull has-text-color has-cyan-bluish-gray-color has-alpha-channel-opacity has-cyan-bluish-gray-background-color has-background\"\/>\n<\/div>\n\n\n\n<div class=\"wp-block-group alignfull has-global-padding is-layout-constrained wp-block-group-is-layout-constrained\">\n<h3 class=\"wp-block-heading alignfull has-text-align-center has-base-background-color has-background has-large-font-size\" id=\"download-usb-treiber-fur-smc-5-d-p-32-m-4\">Pobierz sterownik USB dla smc5d-p32\/m4<\/h3>\n\n\n\n<p>Je\u015bli chcesz r\u0119cznie zainstalowa\u0107 sterownik USB, <br>to znajdziesz je w katalogu programu (tutaj cncGraF 8):  <br><em>\u201ec:\\program files\\boenigk\\cncgraf8\\driver\u201c <\/em><br><br>Tutaj mo\u017cesz tak\u017ce pobra\u0107 sterowniki USB.<\/p>\n\n\n\n<div class=\"wp-block-buttons is-content-justification-left is-layout-flex wp-container-core-buttons-is-layout-fc4fd283 wp-block-buttons-is-layout-flex\">\n<div class=\"wp-block-button\"><a class=\"wp-block-button__link wp-element-button\" href=\"https:\/\/web.boenigk-electronics.com\/download\/smc5dw.zip\" target=\"_blank\" rel=\"noreferrer noopener\"><strong>DOWNLOAD<\/strong><\/a><\/div>\n<\/div>\n\n\n\n<p><img loading=\"lazy\" decoding=\"async\" width=\"24\" height=\"24\" class=\"wp-image-1775\" style=\"width: 24px;\" src=\"https:\/\/cncgraf.com\/wp-content\/uploads\/2023\/08\/info.png\" alt=\"\"> <strong>Wskaz\u00f3wka:<\/strong> Mo\u017cesz tak\u017ce zainstalowa\u0107 sterowniki USB automatycznie. Na koniec instalacji zaznacz pole \u201eZainstaluj sterownik USB\u201d (patrz zrzut ekranu poni\u017cej).<\/p>\n\n\n\n<figure class=\"wp-block-image aligncenter size-full is-resized\"><img loading=\"lazy\" decoding=\"async\" width=\"598\" height=\"464\" src=\"https:\/\/cncgraf.com\/wp-content\/uploads\/2023\/05\/usb_driver_install.jpg\" alt=\"\" class=\"wp-image-1074\" style=\"width:449px;height:348px\" srcset=\"https:\/\/cncgraf.com\/wp-content\/uploads\/2023\/05\/usb_driver_install.jpg 598w, https:\/\/cncgraf.com\/wp-content\/uploads\/2023\/05\/usb_driver_install-300x233.jpg 300w\" sizes=\"auto, (max-width: 598px) 100vw, 598px\" \/><\/figure>\n\n\n\n<div style=\"height:10px\" aria-hidden=\"true\" class=\"wp-block-spacer\"><\/div>\n<\/div>\n\n\n\n<div class=\"wp-block-group alignfull has-tertiary-background-color has-background has-global-padding is-layout-constrained wp-block-group-is-layout-constrained\">\n<hr class=\"wp-block-separator alignfull has-text-color has-cyan-bluish-gray-color has-alpha-channel-opacity has-cyan-bluish-gray-background-color has-background\"\/>\n\n\n\n<h2 class=\"wp-block-heading alignfull has-text-align-center has-tertiary-background-color has-background has-large-font-size\" id=\"altere-cnc-gra-f-versionen\">Starsze wersje cncGraF<\/h2>\n\n\n\n<h5 class=\"wp-block-heading has-text-align-center has-tertiary-background-color has-background\" id=\"cnc-gra-f-7-0\">cncGraF 7.0<\/h5>\n\n\n\n<div class=\"wp-block-columns is-layout-flex wp-container-core-columns-is-layout-28f84493 wp-block-columns-is-layout-flex\">\n<div class=\"wp-block-column is-layout-flow wp-block-column-is-layout-flow\" style=\"flex-basis:250px\">\n<figure class=\"wp-block-image alignright size-full\"><img loading=\"lazy\" decoding=\"async\" width=\"231\" height=\"144\" src=\"https:\/\/cncgraf.com\/wp-content\/uploads\/2023\/05\/cncgraf7.png\" alt=\"\" class=\"wp-image-1102\"\/><\/figure>\n<\/div>\n\n\n\n<div class=\"wp-block-column is-layout-flow wp-block-column-is-layout-flow\">\n<p class=\"translation-block\">Ta wersja wymaga kontrolera smc5d. <br><a href=\"https:\/\/cncgraf.com\/pl\/cncgraf-v-7-0\/\" data-type=\"page\" data-id=\"1084\" target=\"_self\">Kliknij tutaj, aby przej\u015b\u0107 do strony pobierania...<\/a><\/p>\n<\/div>\n<\/div>\n\n\n\n<div style=\"height:10px\" aria-hidden=\"true\" class=\"wp-block-spacer\"><\/div>\n\n\n\n<h5 class=\"wp-block-heading has-text-align-center has-tertiary-background-color has-background\" id=\"cnc-gra-f-6-93\">CncGraF 6.93<\/h5>\n\n\n\n<div class=\"wp-block-columns is-layout-flex wp-container-core-columns-is-layout-28f84493 wp-block-columns-is-layout-flex\">\n<div class=\"wp-block-column is-layout-flow wp-block-column-is-layout-flow\" style=\"flex-basis:250px\">\n<figure class=\"wp-block-image alignright size-full\"><img loading=\"lazy\" decoding=\"async\" width=\"240\" height=\"167\" src=\"https:\/\/cncgraf.com\/wp-content\/uploads\/2023\/05\/cncgraf6.png\" alt=\"\" class=\"wp-image-1103\"\/><\/figure>\n<\/div>\n\n\n\n<div class=\"wp-block-column is-layout-flow wp-block-column-is-layout-flow\">\n<p class=\"translation-block\">Ta wersja to pierwsza wersja dla kontrolera smc5d. <br><a href=\"https:\/\/cncgraf.com\/pl\/cncgraf-v-6-93\/\" data-type=\"page\" data-id=\"1082\" target=\"_self\">Kliknij tutaj, aby przej\u015b\u0107 do strony pobierania...<\/a><\/p>\n<\/div>\n<\/div>\n\n\n\n<div style=\"height:10px\" aria-hidden=\"true\" class=\"wp-block-spacer\"><\/div>\n\n\n\n<h5 class=\"wp-block-heading has-text-align-center has-tertiary-background-color has-background\" id=\"cnc-gra-f-5-05\">cncGraF 5.05<\/h5>\n\n\n\n<div class=\"wp-block-columns is-layout-flex wp-container-core-columns-is-layout-28f84493 wp-block-columns-is-layout-flex\">\n<div class=\"wp-block-column is-layout-flow wp-block-column-is-layout-flow\" style=\"flex-basis:250px\">\n<figure class=\"wp-block-image alignright size-full\"><img loading=\"lazy\" decoding=\"async\" width=\"210\" height=\"156\" src=\"https:\/\/cncgraf.com\/wp-content\/uploads\/2023\/05\/cncgraf5.jpeg\" alt=\"\" class=\"wp-image-1104\"\/><\/figure>\n<\/div>\n\n\n\n<div class=\"wp-block-column is-layout-flow wp-block-column-is-layout-flow\">\n<p class=\"translation-block\">Wersja cncGraF 5.05 korzysta z kontrolera smc4d, kt\u00f3ry by\u0142 sprzedawany do 2010 roku. Jest to ostatnia wersja dla tego typu kontrolera.<br><a href=\"https:\/\/cncgraf.com\/pl\/cncgraf-v-5\/\" data-type=\"page\" data-id=\"1090\" target=\"_self\">Kliknij tutaj, aby przej\u015b\u0107 do strony pobierania...<\/a><\/p>\n<\/div>\n<\/div>\n\n\n\n<div style=\"height:10px\" aria-hidden=\"true\" class=\"wp-block-spacer\"><\/div>\n\n\n\n<hr class=\"wp-block-separator alignfull has-text-color has-cyan-bluish-gray-color has-alpha-channel-opacity has-cyan-bluish-gray-background-color has-background\"\/>\n<\/div>\n\n\n\n<div style=\"height:100px\" aria-hidden=\"true\" class=\"wp-block-spacer\"><\/div>","protected":false},"excerpt":{"rendered":"<p>Download cncGraF CNC- Steuerungssoftware Download cncGraF 8: Software f\u00fcr Controller smc5d-p32\/m4 cncGraF 8.0.200 Std\/Pro f\u00fcr Windows 10\/11 (64-Bit) cncGraF 8 ist&nbsp;Nachfolger&nbsp;von&nbsp;cncGraF v7.1.&nbsp;Das Update ist f\u00fcr alle cncGraF Benutzer kostenlos. Wie Sie ein Upgrade auf cncGraF 8 durchf\u00fchren, erfahren Sie hier. Download cncGraF 7.1: Software f\u00fcr Controller smc5d-p32\/m4 Hinweis: Dies ist die letzte Version von cncGraF [&hellip;]<\/p>\n","protected":false},"author":1,"featured_media":0,"parent":0,"menu_order":0,"comment_status":"closed","ping_status":"closed","template":"","meta":{"footnotes":""},"class_list":["post-24","page","type-page","status-publish","hentry"],"_links":{"self":[{"href":"https:\/\/cncgraf.com\/pl\/wp-json\/wp\/v2\/pages\/24","targetHints":{"allow":["GET"]}}],"collection":[{"href":"https:\/\/cncgraf.com\/pl\/wp-json\/wp\/v2\/pages"}],"about":[{"href":"https:\/\/cncgraf.com\/pl\/wp-json\/wp\/v2\/types\/page"}],"author":[{"embeddable":true,"href":"https:\/\/cncgraf.com\/pl\/wp-json\/wp\/v2\/users\/1"}],"replies":[{"embeddable":true,"href":"https:\/\/cncgraf.com\/pl\/wp-json\/wp\/v2\/comments?post=24"}],"version-history":[{"count":0,"href":"https:\/\/cncgraf.com\/pl\/wp-json\/wp\/v2\/pages\/24\/revisions"}],"wp:attachment":[{"href":"https:\/\/cncgraf.com\/pl\/wp-json\/wp\/v2\/media?parent=24"}],"curies":[{"name":"wp","href":"https:\/\/api.w.org\/{rel}","templated":true}]}}