{"id":2570,"date":"2023-09-27T11:21:42","date_gmt":"2023-09-27T09:21:42","guid":{"rendered":"https:\/\/cncgraf.com\/?page_id=2570"},"modified":"2023-12-21T12:27:32","modified_gmt":"2023-12-21T11:27:32","slug":"pobierz-freeware","status":"publish","type":"page","link":"https:\/\/cncgraf.com\/pl\/g-code-simulator-freeware\/","title":{"rendered":"Freeware: Symulator kodu G i cncGraF Dos"},"content":{"rendered":"<div class=\"wp-block-group alignfull has-base-color has-base-background-color has-text-color has-background has-global-padding is-layout-constrained wp-block-group-is-layout-constrained\">\n<div style=\"height:30px\" aria-hidden=\"true\" class=\"wp-block-spacer\"><\/div>\n\n\n\n<h1 class=\"wp-block-heading alignfull has-text-align-center has-base-background-color has-background has-large-font-size\">Freeware: Symulator kodu G i cncGraF Dos<\/h1>\n\n\n\n<p class=\"has-contrast-color has-base-background-color has-text-color has-background\">Na tej stronie maj\u0105 Pa\u0144stwo mo\u017cliwo\u015b\u0107 pobrania darmowego oprogramowania. Prosz\u0119 zwr\u00f3ci\u0107 uwag\u0119, \u017ce programy oferowane tutaj s\u0105 darmowe i nie oferujemy dla nich wsparcia. \u017byczymy Pa\u0144stwu du\u017co zabawy podczas testowania oprogramowania.<\/p>\n<\/div>\n\n\n\n<div class=\"wp-block-group alignfull has-tertiary-background-color has-background has-global-padding is-layout-constrained wp-block-group-is-layout-constrained\">\n<hr class=\"wp-block-separator alignfull has-text-color has-cyan-bluish-gray-color has-alpha-channel-opacity has-cyan-bluish-gray-background-color has-background\"\/>\n\n\n\n<h2 class=\"wp-block-heading has-text-align-center has-tertiary-background-color has-background has-large-font-size\">Easy3DSim: symulator kodu G<\/h2>\n\n\n\n<div class=\"wp-block-columns is-layout-flex wp-container-core-columns-is-layout-28f84493 wp-block-columns-is-layout-flex\">\n<div class=\"wp-block-column is-layout-flow wp-block-column-is-layout-flow\">\n<figure class=\"wp-block-image size-full\"><img loading=\"lazy\" decoding=\"async\" width=\"400\" height=\"306\" src=\"https:\/\/cncgraf.com\/wp-content\/uploads\/2023\/09\/easy3dsim.jpg\" alt=\"Okno g\u0142\u00f3wne: symulator kodu G\" class=\"wp-image-2577\"\/><\/figure>\n<\/div>\n\n\n\n<div class=\"wp-block-column is-layout-flow wp-block-column-is-layout-flow\">\n<p>Easy3dSim to przyjazne dla u\u017cytkownika i wydajne rozwi\u0105zanie do symulacji 3D plik\u00f3w G-Code.<\/p>\n\n\n\n<p>Easy3dSim jest oprogramowaniem typu freeware i dlatego jest bezp\u0142atny. Nie oferujemy jednak wsparcia dla produkt\u00f3w freeware.<\/p>\n<\/div>\n<\/div>\n\n\n\n<p>Tu jest licencja:<br>D228QA-H8FZ68-L4GAW8-U3H4A1-1QESA1-AZM8CX-7SF38M-MBBGFS-8UE3J9-FV4MXN-JA<\/p>\n\n\n\n<div class=\"wp-block-buttons is-content-justification-center is-layout-flex wp-container-core-buttons-is-layout-a89b3969 wp-block-buttons-is-layout-flex\">\n<div class=\"wp-block-button\"><a class=\"wp-block-button__link wp-element-button\" href=\"https:\/\/web.boenigk-electronics.com\/download\/easy3dsim\/easy3dsim.1.00.setup.exe\" target=\"_blank\" rel=\"noreferrer noopener\"><strong>Pobierz easy3dsim.1.00.setup.exe<\/strong><\/a><\/div>\n<\/div>\n\n\n\n<p class=\"translation-block\"><img width=\"24\" height=\"24\" class=\"wp-image-1775\" style=\"width: 24px\" src=\"https:\/\/cncgraf.com\/wp-content\/uploads\/2023\/08\/info.png\" alt=\"\"> <strong>Czy ju\u017c wiedz\u0105 Pa\u0144stwo!<\/strong> <br>Nasze oprogramowanie do sterowania CNC <a href=\"https:\/\/cncgraf.com\/pl\/cncgraf-8-funkcje-oprogramowania-sterujacego-cnc\/\" data-type=\"page\" data-id=\"8\" target=\"_self\">cncGraF<\/a> posiada wbudowany <strong>emulator maszyn CNC<\/strong> i jest <strong>darmowe<\/strong>. Dzi\u0119ki tej funkcji oprogramowanie to nie jest tylko doskona\u0142ym <strong>symulatorem kodu G<\/strong>, ale umo\u017cliwia r\u00f3wnie\u017c symulacj\u0119 dzia\u0142ania maszyny CNC.<\/p>\n\n\n\n<p>Aby dowiedzie\u0107 si\u0119 wi\u0119cej, kliknij artyku\u0142 na blogu<br><a href=\"https:\/\/cncgraf.com\/pl\/2023\/12\/20\/darmowy-symulator-kodu-g-emulator-cnc\/\">cncGraF: Darmowy symulator kodu G i emulator maszyny CNC<\/a>.<\/p>\n\n\n\n<div style=\"height:10px\" aria-hidden=\"true\" class=\"wp-block-spacer\"><\/div>\n\n\n\n<hr class=\"wp-block-separator alignfull has-text-color has-cyan-bluish-gray-color has-alpha-channel-opacity has-cyan-bluish-gray-background-color has-background\"\/>\n<\/div>\n\n\n\n<div class=\"wp-block-group alignfull has-base-background-color has-background has-global-padding is-layout-constrained wp-block-group-is-layout-constrained\">\n<h2 class=\"wp-block-heading alignfull has-text-align-center has-base-background-color has-background has-large-font-size translation-block\">cncGraF DOS: Vintage'owe oprogramowanie, <br>od kt\u00f3rego wszystko si\u0119 zacz\u0119\u0142o.<\/h2>\n\n\n\n<div class=\"wp-block-columns is-layout-flex wp-container-core-columns-is-layout-28f84493 wp-block-columns-is-layout-flex\">\n<div class=\"wp-block-column is-layout-flow wp-block-column-is-layout-flow\">\n<figure class=\"wp-block-image size-full\"><img loading=\"lazy\" decoding=\"async\" width=\"350\" height=\"560\" src=\"https:\/\/cncgraf.com\/wp-content\/uploads\/2023\/09\/cncgraf-dos1.jpg\" alt=\"\" class=\"wp-image-2585\"\/><\/figure>\n<\/div>\n\n\n\n<div class=\"wp-block-column is-layout-flow wp-block-column-is-layout-flow\">\n<p class=\"translation-block\">cncGraF DOS reprezentuje nasze pierwsze oprogramowanie do sterowania CNC i zosta\u0142o specjalnie opracowane dla systemu operacyjnego MS-DOS w 1993 roku. <br><br>Ze wzgl\u0119du na szybkie wprowadzenie Windows 95 ta wersja okaza\u0142a si\u0119 mniej udana, poniewa\u017c pozosta\u0142a w cieniu nowo pojawiaj\u0105cego si\u0119 systemu operacyjnego.<br><br>Mimo to rozw\u00f3j ten mia\u0142 dla nas wielk\u0105 warto\u015b\u0107, poniewa\u017c zdobyli\u015bmy obszerne do\u015bwiadczenie w dziedzinie techniki CNC.<\/p>\n<\/div>\n<\/div>\n\n\n\n<div class=\"wp-block-buttons is-layout-flex wp-block-buttons-is-layout-flex\">\n<div class=\"wp-block-button\"><a class=\"wp-block-button__link wp-element-button\" href=\"https:\/\/web.boenigk-electronics.com\/download\/cncgraf\/Dos\/cncgraf.zip\" target=\"_blank\" rel=\"noreferrer noopener\"><strong>Download: cncGraF Dos (ZIP- plik)<\/strong><\/a><\/div>\n\n\n\n<div class=\"wp-block-button\"><a class=\"wp-block-button__link wp-element-button\" href=\"https:\/\/web.boenigk-electronics.com\/download\/cncgraf\/Dos\/cncGraF100_DE.pdf\" target=\"_blank\" rel=\"noreferrer noopener\"><strong><img loading=\"lazy\" decoding=\"async\" width=\"51\" height=\"51\" class=\"wp-image-1147\" style=\"width: 51px;\" src=\"https:\/\/cncgraf.com\/wp-content\/uploads\/2023\/05\/pdf.png\" alt=\"\"> cncGraF Instrukcja (DE)<\/strong><\/a><\/div>\n\n\n\n<div class=\"wp-block-button\"><a class=\"wp-block-button__link wp-element-button\" href=\"https:\/\/web.boenigk-electronics.com\/download\/cncgraf\/Dos\/cncGraF100_EN.pdf\" target=\"_blank\" rel=\"noreferrer noopener\"><img loading=\"lazy\" decoding=\"async\" width=\"51\" height=\"51\" class=\"wp-image-1147\" style=\"width: 51px;\" src=\"https:\/\/cncgraf.com\/wp-content\/uploads\/2023\/05\/pdf.png\" alt=\"\"> <strong>cncGraF Instrukcja (ENG)<\/strong><\/a><\/div>\n<\/div>\n\n\n\n<div style=\"height:10px\" aria-hidden=\"true\" class=\"wp-block-spacer\"><\/div>\n<\/div>","protected":false},"excerpt":{"rendered":"<p>Freeware: G-Code Simulator und cncGraF DOS Auf dieser Seite haben Sie die M\u00f6glichkeit, kostenlose Software herunterzuladen. Bitte beachten Sie, dass es sich bei den hier angebotenen Programmen um Freeware handelt, f\u00fcr die wir keinen Support anbieten k\u00f6nnen. Wir w\u00fcnschen Ihnen viel Spa\u00df beim Ausprobieren der Software. Easy3DSim: G-Code-Simulator Easy3dSim ist eine benutzerfreundliche und leistungsstarke L\u00f6sung&nbsp;zur&nbsp;3D&nbsp;Simulation [&hellip;]<\/p>\n","protected":false},"author":1,"featured_media":0,"parent":0,"menu_order":0,"comment_status":"closed","ping_status":"closed","template":"","meta":{"footnotes":""},"class_list":["post-2570","page","type-page","status-publish","hentry"],"_links":{"self":[{"href":"https:\/\/cncgraf.com\/pl\/wp-json\/wp\/v2\/pages\/2570","targetHints":{"allow":["GET"]}}],"collection":[{"href":"https:\/\/cncgraf.com\/pl\/wp-json\/wp\/v2\/pages"}],"about":[{"href":"https:\/\/cncgraf.com\/pl\/wp-json\/wp\/v2\/types\/page"}],"author":[{"embeddable":true,"href":"https:\/\/cncgraf.com\/pl\/wp-json\/wp\/v2\/users\/1"}],"replies":[{"embeddable":true,"href":"https:\/\/cncgraf.com\/pl\/wp-json\/wp\/v2\/comments?post=2570"}],"version-history":[{"count":0,"href":"https:\/\/cncgraf.com\/pl\/wp-json\/wp\/v2\/pages\/2570\/revisions"}],"wp:attachment":[{"href":"https:\/\/cncgraf.com\/pl\/wp-json\/wp\/v2\/media?parent=2570"}],"curies":[{"name":"wp","href":"https:\/\/api.w.org\/{rel}","templated":true}]}}