{"id":26,"date":"2023-04-24T21:48:22","date_gmt":"2023-04-24T19:48:22","guid":{"rendered":"https:\/\/cncgraf.com\/?page_id=26"},"modified":"2025-10-01T12:03:56","modified_gmt":"2025-10-01T10:03:56","slug":"cncgraf","status":"publish","type":"page","link":"https:\/\/cncgraf.com\/pl\/","title":{"rendered":"cncGraF"},"content":{"rendered":"<div class=\"wp-block-cover alignfull is-light has-custom-content-position is-position-top-center\" style=\"margin-top:0;margin-bottom:0;padding-top:0;padding-right:0;padding-bottom:0;padding-left:0;min-height:924px;aspect-ratio:unset;\"><img loading=\"lazy\" decoding=\"async\" width=\"1024\" height=\"768\" class=\"wp-block-cover__image-background wp-image-2425\" alt=\"Sterownik CNC smc5d-m4 pro i smc5d-m4 lan obok siebie, wraz z precyzyjnym pokr\u0119t\u0142em, kompatybilny z oprogramowaniem steruj\u0105cym cncGraF dla maszyn CNC.\" src=\"https:\/\/cncgraf.com\/wp-content\/uploads\/2023\/09\/startfenster-hintergrund.png\" style=\"object-position:46% 40%\" data-object-fit=\"cover\" data-object-position=\"46% 40%\" srcset=\"https:\/\/cncgraf.com\/wp-content\/uploads\/2023\/09\/startfenster-hintergrund.png 1024w, https:\/\/cncgraf.com\/wp-content\/uploads\/2023\/09\/startfenster-hintergrund-600x450.png 600w\" sizes=\"auto, (max-width: 1024px) 100vw, 1024px\" \/><span aria-hidden=\"true\" class=\"wp-block-cover__background has-contrast-background-color has-background-dim-10 has-background-dim\"><\/span><div class=\"wp-block-cover__inner-container has-global-padding is-layout-constrained wp-container-core-cover-is-layout-8991dc75 wp-block-cover-is-layout-constrained\">\n<div style=\"height:100px\" aria-hidden=\"true\" class=\"wp-block-spacer\"><\/div>\n\n\n\n<div class=\"wp-block-group alignfull has-base-color has-text-color has-background has-global-padding is-layout-constrained wp-container-core-group-is-layout-854e469c wp-block-group-is-layout-constrained\" style=\"border-style:none;border-width:0px;border-radius:0px;background:linear-gradient(135deg,rgba(2,55,82,0.99) 39%,rgba(2,55,82,0.43) 96%);min-height:0px;margin-top:0;margin-bottom:0;padding-right:0;padding-left:0\">\n<h1 class=\"wp-block-heading alignfull has-text-align-center has-background has-large-font-size translation-block\" style=\"background-color:#ffffff00\">cncGraF: Wysokiej jako\u015bci <br>oprogramowanie steruj\u0105ce CNC <br>dla Twojej maszyny CNC<\/h1>\n\n\n\n<div class=\"wp-block-columns is-layout-flex wp-container-core-columns-is-layout-2d7698b3 wp-block-columns-is-layout-flex\" style=\"padding-right:0;padding-left:0\">\n<div class=\"wp-block-column is-layout-flow wp-block-column-is-layout-flow\" style=\"padding-right:0;padding-left:0;flex-basis:450px\">\n<p class=\"has-medium-font-size\">cncGraF to nasze wydajne oprogramowanie do sterowania maszyn CNC, kt\u00f3re jest ci\u0105gle rozwijane od 2002 roku. Ka\u017cda wersja powstaje z uwzgl\u0119dnieniem cennych uwag od klient\u00f3w. <\/p>\n\n\n\n<p class=\"has-medium-font-size\">Aktualna wersja 8 stanowi jednak co\u015b wyj\u0105tkowego, poniewa\u017c po ponad czterech latach starannego rozwoju oferuje szereg unikalnych i nowych funkcji.<\/p>\n\n\n\n<p class=\"has-medium-font-size\">Dzi\u0119kujemy naszym klientom za ich pomoc i zaufanie do nas!<\/p>\n<\/div>\n\n\n\n<div class=\"wp-block-column is-layout-flow wp-block-column-is-layout-flow\">\n<figure class=\"wp-block-image aligncenter size-full is-resized is-style-default\"><img loading=\"lazy\" decoding=\"async\" width=\"1349\" height=\"1002\" src=\"https:\/\/cncgraf.com\/wp-content\/uploads\/2023\/10\/cncgraf_pl6.jpg\" alt=\"Okno g\u0142\u00f3wne oprogramowania cncGraF do sterowania maszynami CNC.\" class=\"wp-image-3667\" style=\"aspect-ratio:1.5122897800776196;object-fit:contain;width:478px;height:auto\" srcset=\"https:\/\/cncgraf.com\/wp-content\/uploads\/2023\/10\/cncgraf_pl6.jpg 1373w, https:\/\/cncgraf.com\/wp-content\/uploads\/2023\/10\/cncgraf_pl6-600x364.jpg 600w\" sizes=\"auto, (max-width: 1349px) 100vw, 1349px\" \/><\/figure>\n<\/div>\n<\/div>\n\n\n\n<div class=\"wp-block-buttons is-horizontal is-content-justification-center is-nowrap is-layout-flex wp-container-core-buttons-is-layout-0c8674dd wp-block-buttons-is-layout-flex\">\n<div class=\"wp-block-button has-custom-width wp-block-button__width-50\"><a class=\"wp-block-button__link wp-element-button\" href=\"https:\/\/cncgraf.com\/pl\/cncgraf-8-oprogramowanie-cnc-co-jest-nowe\/\" style=\"border-radius:6px\">Co jest nowego?<\/a><\/div>\n\n\n\n<div class=\"wp-block-button has-custom-width wp-block-button__width-50\"><a class=\"wp-block-button__link has-text-align-center wp-element-button\" href=\"https:\/\/cncgraf.com\/pl\/pobierz-cncgraf-oprogramowanie-cnc\/\" style=\"border-radius:6px\">Pobierz cncGraF 8 za darmo<\/a><\/div>\n<\/div>\n\n\n\n<div style=\"height:134px\" aria-hidden=\"true\" class=\"wp-block-spacer\"><\/div>\n<\/div>\n<\/div><\/div>\n\n\n\n<div class=\"wp-block-group alignfull has-base-background-color has-background has-global-padding is-layout-constrained wp-block-group-is-layout-constrained\">\n<h2 class=\"wp-block-heading has-text-align-center has-base-background-color has-background has-large-font-size translation-block\">Dlaczego cncGraF jest odpowiednim <br>oprogramowaniem steruj\u0105cym CNC dla Ciebie?<\/h2>\n\n\n\n<hr class=\"wp-block-separator alignfull has-text-color has-cyan-bluish-gray-color has-alpha-channel-opacity has-cyan-bluish-gray-background-color has-background\"\/>\n<\/div>\n\n\n\n<div class=\"wp-block-group alignfull has-global-padding is-layout-constrained wp-block-group-is-layout-constrained\">\n<h3 class=\"wp-block-heading has-text-align-center has-base-background-color has-background has-large-font-size\">Du\u017cy zakres funkcji<\/h3>\n\n\n\n<p>cncGraF posiada obszern\u0105 gam\u0119 funkcji, kt\u00f3ra obejmuje r\u00f3\u017cnorodne scenariusze u\u017cycia. Oprogramowanie mo\u017ce sterowa\u0107 maszynami CNC do 6 osi i oferuje wiele profesjonalnych funkcji, takich jak wymiennik narz\u0119dzi, sonda 3D, druga o\u015b Z, podw\u00f3jny nap\u0119d dla osi X\/Y, o\u015b obrotowa, laser, rozpoznawanie znacznik\u00f3w paser\u00f3w i wi\u0119cej. <\/p>\n\n\n\n<p><a href=\"https:\/\/cncgraf.com\/pl\/cncgraf-8-funkcje-oprogramowania-sterujacego-cnc\/\" data-type=\"page\" data-id=\"8\">Kliknij tutaj, aby dowiedzie\u0107 si\u0119 wi\u0119cej o funkcjach programu cncGraF.<\/a><\/p>\n<\/div>\n\n\n\n<div class=\"wp-block-group alignfull has-global-padding is-layout-constrained wp-block-group-is-layout-constrained\">\n<h3 class=\"wp-block-heading has-text-align-center has-base-background-color has-background has-large-font-size\">Skorzystaj z naszego do\u015bwiadczenia<\/h3>\n\n\n\n<p>Posiadamy 20 lat do\u015bwiadczenia w tworzeniu sprz\u0119tu i oprogramowania dla maszyn CNC. To do\u015bwiadczenie jest ci\u0105gle wykorzystywane w dalszym rozwoju produktu. Dzi\u0119ki indywidualnej obs\u0142udze klienta zapewniamy najlepsze mo\u017cliwe wsparcie i umo\u017cliwiamy optymalne wykorzystanie maszyn CNC.<\/p>\n\n\n\n<div style=\"height:5px\" aria-hidden=\"true\" class=\"wp-block-spacer\"><\/div>\n<\/div>\n\n\n\n<div class=\"wp-block-group alignfull has-global-padding is-layout-constrained wp-container-core-group-is-layout-ff778368 wp-block-group-is-layout-constrained\" style=\"padding-right:var(--wp--preset--spacing--30);padding-left:var(--wp--preset--spacing--30)\">\n<hr class=\"wp-block-separator alignfull has-text-color has-cyan-bluish-gray-color has-alpha-channel-opacity has-cyan-bluish-gray-background-color has-background\"\/>\n\n\n\n<div style=\"height:10px\" aria-hidden=\"true\" class=\"wp-block-spacer\"><\/div>\n\n\n\n<figure class=\"wp-block-gallery alignwide has-nested-images columns-5 wp-block-gallery-2 is-layout-flex wp-block-gallery-is-layout-flex\">\n<figure class=\"wp-block-image aligncenter size-full\"><a href=\"https:\/\/www.haase-cnc.de\/\" target=\"_blank\" rel=\"noreferrer noopener\"><img loading=\"lazy\" decoding=\"async\" width=\"307\" height=\"73\" data-id=\"983\" src=\"https:\/\/cncgraf.com\/wp-content\/uploads\/2023\/05\/haase_logo_rgb.jpg\" alt=\"Logo klienta CNC-Technik Haase GmbH\" class=\"wp-image-983\" srcset=\"https:\/\/cncgraf.com\/wp-content\/uploads\/2023\/05\/haase_logo_rgb.jpg 307w, https:\/\/cncgraf.com\/wp-content\/uploads\/2023\/05\/haase_logo_rgb-300x71.jpg 300w\" sizes=\"auto, (max-width: 307px) 100vw, 307px\" \/><\/a><\/figure>\n\n\n\n<figure class=\"wp-block-image aligncenter size-full\"><a href=\"https:\/\/www.graveurberger.de\" target=\"_blank\" rel=\"noreferrer noopener\"><img loading=\"lazy\" decoding=\"async\" width=\"1200\" height=\"438\" data-id=\"981\" src=\"https:\/\/cncgraf.com\/wp-content\/uploads\/2023\/05\/Berger.png\" alt=\"Logo klienta Gravieranstalt Berger e. K.\" class=\"wp-image-981\" srcset=\"https:\/\/cncgraf.com\/wp-content\/uploads\/2023\/05\/Berger.png 1200w, https:\/\/cncgraf.com\/wp-content\/uploads\/2023\/05\/Berger-600x219.png 600w, https:\/\/cncgraf.com\/wp-content\/uploads\/2023\/05\/Berger-300x110.png 300w, https:\/\/cncgraf.com\/wp-content\/uploads\/2023\/05\/Berger-1024x374.png 1024w, https:\/\/cncgraf.com\/wp-content\/uploads\/2023\/05\/Berger-768x280.png 768w\" sizes=\"auto, (max-width: 1200px) 100vw, 1200px\" \/><\/a><\/figure>\n\n\n\n<figure class=\"wp-block-image size-full\"><a href=\"https:\/\/www.fionec.de\/home\/\" target=\"_blank\" rel=\"noreferrer noopener\"><img loading=\"lazy\" decoding=\"async\" width=\"850\" height=\"236\" data-id=\"5579\" src=\"https:\/\/cncgraf.com\/wp-content\/uploads\/2024\/04\/Logo_fionec.png\" alt=\"\" class=\"wp-image-5579\" srcset=\"https:\/\/cncgraf.com\/wp-content\/uploads\/2024\/04\/Logo_fionec.png 850w, https:\/\/cncgraf.com\/wp-content\/uploads\/2024\/04\/Logo_fionec-600x167.png 600w, https:\/\/cncgraf.com\/wp-content\/uploads\/2024\/04\/Logo_fionec-300x83.png 300w, https:\/\/cncgraf.com\/wp-content\/uploads\/2024\/04\/Logo_fionec-768x213.png 768w, https:\/\/cncgraf.com\/wp-content\/uploads\/2024\/04\/Logo_fionec-18x5.png 18w\" sizes=\"auto, (max-width: 850px) 100vw, 850px\" \/><\/a><\/figure>\n\n\n\n<figure class=\"wp-block-image size-full\"><a href=\"https:\/\/isp-industrietechnik.de\" target=\"_blank\" rel=\"noreferrer noopener\"><img loading=\"lazy\" decoding=\"async\" width=\"299\" height=\"128\" data-id=\"984\" src=\"https:\/\/cncgraf.com\/wp-content\/uploads\/2023\/05\/isp.png\" alt=\"Logo klienta ISP Maschinenbau\" class=\"wp-image-984\"\/><\/a><\/figure>\n\n\n\n<figure class=\"wp-block-image aligncenter size-large\"><a href=\"https:\/\/pgcnc.pl\" target=\"_blank\" rel=\"noreferrer noopener\"><img loading=\"lazy\" decoding=\"async\" width=\"142\" height=\"85\" data-id=\"987\" src=\"https:\/\/cncgraf.com\/wp-content\/uploads\/2023\/05\/pgcnc_logo.png\" alt=\"Logo klienta Polska Grupa CNC\" class=\"wp-image-987\"\/><\/a><\/figure>\n\n\n\n<figure class=\"wp-block-image aligncenter size-full\"><a href=\"https:\/\/www.cnc-concept.de\" target=\"_blank\" rel=\"noreferrer noopener\"><img loading=\"lazy\" decoding=\"async\" width=\"335\" height=\"100\" data-id=\"986\" src=\"https:\/\/cncgraf.com\/wp-content\/uploads\/2023\/05\/logo_cncconcept11_logo.png\" alt=\"Logo klienta cncconcept\" class=\"wp-image-986\" srcset=\"https:\/\/cncgraf.com\/wp-content\/uploads\/2023\/05\/logo_cncconcept11_logo.png 335w, https:\/\/cncgraf.com\/wp-content\/uploads\/2023\/05\/logo_cncconcept11_logo-300x90.png 300w\" sizes=\"auto, (max-width: 335px) 100vw, 335px\" \/><\/a><\/figure>\n\n\n\n<figure class=\"wp-block-image size-medium\"><a href=\"https:\/\/www.optima.pt\/\" target=\"_blank\" rel=\"noreferrer noopener\"><img loading=\"lazy\" decoding=\"async\" width=\"166\" height=\"54\" data-id=\"1113\" src=\"https:\/\/cncgraf.com\/wp-content\/uploads\/2023\/05\/OPTIMA.png\" alt=\"Logo klienta OPTIMA\" class=\"wp-image-1113\"\/><\/a><\/figure>\n\n\n\n<figure class=\"wp-block-image size-full\"><a href=\"https:\/\/www.sylla-industrietechnik.com\" target=\"_blank\" rel=\"noreferrer noopener\"><img loading=\"lazy\" decoding=\"async\" width=\"178\" height=\"119\" data-id=\"988\" src=\"https:\/\/cncgraf.com\/wp-content\/uploads\/2023\/05\/sylla_industrietechnik.png\" alt=\"Logo klienta Sylla Industrietechnik GmbH\" class=\"wp-image-988\"\/><\/a><\/figure>\n\n\n\n<figure class=\"wp-block-image size-medium\"><a href=\"https:\/\/easgmbh.de\" target=\"_blank\" rel=\"noreferrer noopener\"><img loading=\"lazy\" decoding=\"async\" width=\"100\" height=\"85\" data-id=\"1008\" src=\"https:\/\/cncgraf.com\/wp-content\/uploads\/2023\/05\/eas_logo-1.png\" alt=\"Logo klienta firmy Elektro Ausr\u00fcstungs Service GmbH\" class=\"wp-image-1008\"\/><\/a><\/figure>\n\n\n\n<figure class=\"wp-block-image size-medium\"><a href=\"https:\/\/gust-spezialartikel.de\/\" target=\"_blank\" rel=\"noreferrer noopener\"><img loading=\"lazy\" decoding=\"async\" width=\"300\" height=\"117\" data-id=\"1112\" src=\"https:\/\/cncgraf.com\/wp-content\/uploads\/2023\/05\/Gust-logo-300x117.png\" alt=\"Logo klienta GUST Kunststoff- &amp; Gummispezialartikel\" class=\"wp-image-1112\" srcset=\"https:\/\/cncgraf.com\/wp-content\/uploads\/2023\/05\/Gust-logo-300x117.png 300w, https:\/\/cncgraf.com\/wp-content\/uploads\/2023\/05\/Gust-logo.png 400w\" sizes=\"auto, (max-width: 300px) 100vw, 300px\" \/><\/a><\/figure>\n\n\n\n<figure class=\"wp-block-image size-medium\"><a href=\"https:\/\/www.millstep.de\" target=\"_blank\" rel=\"noreferrer noopener\"><img loading=\"lazy\" decoding=\"async\" width=\"224\" height=\"57\" data-id=\"1053\" src=\"https:\/\/cncgraf.com\/wp-content\/uploads\/2023\/05\/millstep-logo.jpg\" alt=\"Logo klienta MillStep Automation GmbH\" class=\"wp-image-1053\"\/><\/a><\/figure>\n\n\n\n<figure class=\"wp-block-image size-medium\"><a href=\"https:\/\/www.modelli.ch\/\" target=\"_blank\" rel=\"noreferrer noopener\"><img loading=\"lazy\" decoding=\"async\" width=\"300\" height=\"109\" data-id=\"1050\" src=\"https:\/\/cncgraf.com\/wp-content\/uploads\/2023\/05\/marchesoni-300x109.jpeg\" alt=\"Logo klienta Modelli Marchesoni\" class=\"wp-image-1050\" srcset=\"https:\/\/cncgraf.com\/wp-content\/uploads\/2023\/05\/marchesoni-300x109.jpeg 300w, https:\/\/cncgraf.com\/wp-content\/uploads\/2023\/05\/marchesoni.jpeg 330w\" sizes=\"auto, (max-width: 300px) 100vw, 300px\" \/><\/a><\/figure>\n\n\n\n<figure class=\"wp-block-image size-medium\"><a href=\"https:\/\/obrabiarki-cnc.pl\/\" target=\"_blank\" rel=\"noreferrer noopener\"><img loading=\"lazy\" decoding=\"async\" width=\"300\" height=\"45\" data-id=\"1171\" src=\"https:\/\/cncgraf.com\/wp-content\/uploads\/2023\/05\/obrabiarki-cnc-300x45.jpg\" alt=\"Logo klienta Fabryki Maszyn CNC\" class=\"wp-image-1171\" srcset=\"https:\/\/cncgraf.com\/wp-content\/uploads\/2023\/05\/obrabiarki-cnc-300x45.jpg 300w, https:\/\/cncgraf.com\/wp-content\/uploads\/2023\/05\/obrabiarki-cnc-600x90.jpg 600w, https:\/\/cncgraf.com\/wp-content\/uploads\/2023\/05\/obrabiarki-cnc-1024x154.jpg 1024w, https:\/\/cncgraf.com\/wp-content\/uploads\/2023\/05\/obrabiarki-cnc-768x115.jpg 768w, https:\/\/cncgraf.com\/wp-content\/uploads\/2023\/05\/obrabiarki-cnc.jpg 1200w\" sizes=\"auto, (max-width: 300px) 100vw, 300px\" \/><\/a><\/figure>\n\n\n\n<figure class=\"wp-block-image size-medium\"><a href=\"https:\/\/www.cuttec-gmbh.de\/\" target=\"_blank\" rel=\"noreferrer noopener\"><img loading=\"lazy\" decoding=\"async\" width=\"300\" height=\"94\" data-id=\"1169\" src=\"https:\/\/cncgraf.com\/wp-content\/uploads\/2023\/05\/Cuttec_Logo-300x94.jpg\" alt=\"Logo klienta Cuttec GmbH\" class=\"wp-image-1169\" srcset=\"https:\/\/cncgraf.com\/wp-content\/uploads\/2023\/05\/Cuttec_Logo-300x94.jpg 300w, https:\/\/cncgraf.com\/wp-content\/uploads\/2023\/05\/Cuttec_Logo.jpg 351w\" sizes=\"auto, (max-width: 300px) 100vw, 300px\" \/><\/a><\/figure>\n<figcaption class=\"blocks-gallery-caption wp-element-caption\">Nasi klienci z r\u00f3\u017cnych bran\u017c, w tym renomowani producenci maszyn<\/figcaption><\/figure>\n\n\n\n<div style=\"height:10px\" aria-hidden=\"true\" class=\"wp-block-spacer\"><\/div>\n\n\n\n<hr class=\"wp-block-separator alignfull has-text-color has-cyan-bluish-gray-color has-alpha-channel-opacity has-cyan-bluish-gray-background-color has-background\"\/>\n<\/div>\n\n\n\n<div class=\"wp-block-group alignfull has-global-padding is-layout-constrained wp-block-group-is-layout-constrained\">\n<h3 class=\"wp-block-heading has-text-align-center has-base-background-color has-background has-large-font-size\">\u0141atwy w nauce i przyjazny dla u\u017cytkownika<\/h3>\n\n\n\n<p>cncGraF wyr\u00f3\u017cnia si\u0119 prostym, nowoczesnym interfejsem u\u017cytkownika, kt\u00f3ry umo\u017cliwia intuicyjn\u0105 obs\u0142ug\u0119 oraz u\u0142atwia nauk\u0119 i prac\u0119 na maszynach CNC.<\/p>\n\n\n\n<div style=\"height:5px\" aria-hidden=\"true\" class=\"wp-block-spacer\"><\/div>\n<\/div>\n\n\n\n<div class=\"wp-block-group has-global-padding is-layout-constrained wp-block-group-is-layout-constrained\">\n<h3 class=\"wp-block-heading has-text-align-center has-base-background-color has-background has-large-font-size\">Osobiste wsparcie<\/h3>\n\n\n\n<p>Przyk\u0142adamy du\u017c\u0105 wag\u0119 do osobistego wsparcia. W przypadku problem\u00f3w lub potrzeby wsparcia klienci mog\u0105 kontaktowa\u0107 si\u0119 za pomoc\u0105 e-maila lub telefonu i rozmawia\u0107 bezpo\u015brednio z programist\u0105 oprogramowania i to w j\u0119zyku polskim.<\/p>\n<\/div>\n\n\n\n<div class=\"wp-block-group alignfull has-tertiary-background-color has-background has-global-padding is-layout-constrained wp-block-group-is-layout-constrained\">\n<hr class=\"wp-block-separator alignfull has-text-color has-cyan-bluish-gray-color has-alpha-channel-opacity has-cyan-bluish-gray-background-color has-background\"\/>\n\n\n\n<h3 class=\"wp-block-heading has-text-align-center has-tertiary-background-color has-background has-large-font-size\">Tania opcja rozpocz\u0119cia<\/h3>\n\n\n\n<p class=\"translation-block\">Oferujemy r\u00f3\u017cne <a href=\"https:\/\/cncgraf.com\/pl\/sterowniki-cnc\/\" data-type=\"page\" data-id=\"14\" target=\"_self\">wersje sterownik\u00f3w CNC<\/a> dostosowane do r\u00f3\u017cnych potrzeb i bud\u017cet\u00f3w, od przyst\u0119pnej cenowo wersji po wersj\u0119 przemys\u0142ow\u0105. Niedrogi pocz\u0105tek mo\u017cliwy jest z sterownikiem CNC smc5d-p32 i standardow\u0105 wersj\u0105 cncGraF, przy czym aktualizacja do wersji Pro mo\u017ce by\u0107 wykonana w ka\u017cdej chwili. Kupujesz jedynie sterownik CNC; oprogramowanie otrzymujesz gratis. Ponadto aktualizacje w ramach wersji Standard i Professional s\u0105 bezp\u0142atne.<\/p>\n\n\n\n<p class=\"translation-block\">Wybierz odpowiednie rozwi\u0105zanie zgodnie z Twoimi wymaganiami i bud\u017cetem oraz przeprowad\u017a aktualizacj\u0119 w razie potrzeby. <a href=\"https:\/\/cncgraf.com\/pl\/porownanie-wersji-cncgraf\/\" data-type=\"page\" data-id=\"327\" target=\"_self\">Tutaj znajdziesz nasz\u0105 tabel\u0119 wersji cncGraF.<\/a><\/p>\n\n\n\n<div style=\"height:10px\" aria-hidden=\"true\" class=\"wp-block-spacer\"><\/div>\n\n\n\n<hr class=\"wp-block-separator alignfull has-text-color has-cyan-bluish-gray-color has-alpha-channel-opacity has-cyan-bluish-gray-background-color has-background\"\/>\n<\/div>\n\n\n\n<div class=\"wp-block-group alignfull has-global-padding is-layout-constrained wp-block-group-is-layout-constrained\">\n<h3 class=\"wp-block-heading has-text-align-center has-base-background-color has-background has-large-font-size\">Rozwi\u0105zania specjalistyczne i automatyzacja<\/h3>\n\n\n\n<p class=\"translation-block\">Dzi\u0119ki naszemu wieloletniemu do\u015bwiadczeniu jeste\u015bmy ekspertami w dziedzinie indywidualnych rozwi\u0105za\u0144 i dostosowa\u0144 specyficznych dla klienta. Wiemy, \u017ce ka\u017cdy projekt jest unikatowy i ma r\u00f3\u017cne wymagania. Dlatego oferujemy r\u00f3wnie\u017c us\u0142ugi spersonalizowane na miar\u0119 w zakresie automatyzacji. <br><a href=\"https:\/\/cncgraf.com\/pl\/automatyzacja-plc-za-pomoca-isp-motion\/\" data-type=\"page\" data-id=\"1320\" target=\"_self\">Wi\u0119cej na temat automatyzacji mo\u017cna dowiedzie\u0107 si\u0119 tutaj.<\/a><\/p>\n\n\n\n<div style=\"height:10px\" aria-hidden=\"true\" class=\"wp-block-spacer\"><\/div>\n<\/div>","protected":false},"excerpt":{"rendered":"<p>Warum ist cncGraF die passende CNC-Steuerungssoftware f\u00fcr Sie? Gro\u00dfer Funktionsumfang cncGraF verf\u00fcgt \u00fcber einen gro\u00dfen Funktionsumfang, der verschiedenste Einsatzszenarien abdeckt. Die Software kann CNC-Maschinen bis zu 6 Achsen steuern und bietet zahlreiche professionelle Funktionen wie Werkzeugwechsler, 3D-Tasten, zweite Z-Achse, Doppelantrieb f\u00fcr X\/Y, Drehachse, Laser, Passermarkenerkennung und mehr. Klicken Sie hier, um mehr \u00fcber den Funktionsumfang [&hellip;]<\/p>\n","protected":false},"author":1,"featured_media":0,"parent":0,"menu_order":0,"comment_status":"closed","ping_status":"closed","template":"","meta":{"footnotes":""},"class_list":["post-26","page","type-page","status-publish","hentry"],"_links":{"self":[{"href":"https:\/\/cncgraf.com\/pl\/wp-json\/wp\/v2\/pages\/26","targetHints":{"allow":["GET"]}}],"collection":[{"href":"https:\/\/cncgraf.com\/pl\/wp-json\/wp\/v2\/pages"}],"about":[{"href":"https:\/\/cncgraf.com\/pl\/wp-json\/wp\/v2\/types\/page"}],"author":[{"embeddable":true,"href":"https:\/\/cncgraf.com\/pl\/wp-json\/wp\/v2\/users\/1"}],"replies":[{"embeddable":true,"href":"https:\/\/cncgraf.com\/pl\/wp-json\/wp\/v2\/comments?post=26"}],"version-history":[{"count":0,"href":"https:\/\/cncgraf.com\/pl\/wp-json\/wp\/v2\/pages\/26\/revisions"}],"wp:attachment":[{"href":"https:\/\/cncgraf.com\/pl\/wp-json\/wp\/v2\/media?parent=26"}],"curies":[{"name":"wp","href":"https:\/\/api.w.org\/{rel}","templated":true}]}}