{"id":2676,"date":"2023-10-02T10:21:04","date_gmt":"2023-10-02T08:21:04","guid":{"rendered":"https:\/\/cncgraf.com\/?page_id=2676"},"modified":"2025-11-12T11:56:15","modified_gmt":"2025-11-12T10:56:15","slug":"system-pozycjonowania-wideo-easymarker","status":"publish","type":"page","link":"https:\/\/cncgraf.com\/pl\/video-positionierungssystem-easymarker\/","title":{"rendered":"System pozycjonowania wideo EasyMarker"},"content":{"rendered":"<div class=\"wp-block-group alignfull has-base-background-color has-background has-global-padding is-layout-constrained wp-block-group-is-layout-constrained\">\n<div style=\"height:30px\" aria-hidden=\"true\" class=\"wp-block-spacer\"><\/div>\n\n\n\n<h1 class=\"wp-block-heading alignfull has-text-align-center has-base-background-color has-background has-large-font-size\">System pozycjonowania wideo EasyMarker<\/h1>\n\n\n\n<div class=\"wp-block-columns is-layout-flex wp-container-core-columns-is-layout-28f84493 wp-block-columns-is-layout-flex\">\n<div class=\"wp-block-column is-layout-flow wp-block-column-is-layout-flow\">\n<p>Profesjonalny system wideo z przemys\u0142ow\u0105 kamer\u0105 Basler GigE oraz licencj\u0105 do obr\u00f3bki obrazu, kt\u00f3ry umo\u017cliwia automatyczne rozpoznawanie znacznik\u00f3w paserowych niezb\u0119dnych do dok\u0142adnych dostosowa\u0144 podczas wycinania kontur\u00f3w i obr\u00f3bki frezarskiej.<br><br>System umo\u017cliwia automatyczne dostosowanie konstrukcji do obecnego elementu roboczego; w tym celu wcze\u015bniej naniesione lub wydrukowane znaczniki paserowe s\u0105 automatycznie rozpoznawane i mierzone. Uzyskane dane s\u0105 wykorzystywane do automatycznego dostosowywania \u015bcie\u017cek roboczych na elemencie roboczym.<\/p>\n<\/div>\n\n\n\n<div class=\"wp-block-column is-layout-flow wp-block-column-is-layout-flow\">\n<figure class=\"wp-block-image size-full\"><img loading=\"lazy\" decoding=\"async\" width=\"375\" height=\"375\" src=\"https:\/\/cncgraf.com\/wp-content\/uploads\/2023\/10\/basler.jpg\" alt=\"System pozycjonowania wideo z kamer\u0105 przemys\u0142ow\u0105 Basler GigE\" class=\"wp-image-2679\" srcset=\"https:\/\/cncgraf.com\/wp-content\/uploads\/2023\/10\/basler.jpg 375w, https:\/\/cncgraf.com\/wp-content\/uploads\/2023\/10\/basler-100x100.jpg 100w\" sizes=\"auto, (max-width: 375px) 100vw, 375px\" \/><\/figure>\n<\/div>\n<\/div>\n\n\n\n<div style=\"height:10px\" aria-hidden=\"true\" class=\"wp-block-spacer\"><\/div>\n<\/div>\n\n\n\n<div class=\"wp-block-group alignfull has-global-padding is-layout-constrained wp-block-group-is-layout-constrained\">\n<h2 class=\"wp-block-heading has-text-align-center has-large-font-size\">Jak dzia\u0142a system pozycjonowania wideo EasyMarker? <br>Praktyczny przyk\u0142ad<\/h2>\n\n\n\n<p>Aby precyzyjnie wyci\u0105\u0107 lub wyfrezowa\u0107 drukowane motywy z p\u0142yty, trzeba dok\u0142adnie ustawi\u0107 p\u0142yt\u0119 z nadrukiem i z du\u017cym trudem ustali\u0107 punkt zerowy. Nawet w najlepszym przypadku konieczne by\u0142oby kilka pr\u00f3bnych przej\u015b\u0107, a cz\u0119sto zostawia si\u0119 te\u017c niepotrzebnie szeroki brzeg.<\/p>\n\n\n\n<p>Nasz system kamerowy omija ten problem, rozpoznaj\u0105c wcze\u015bniej nadrukowane wok\u00f3\u0142 motywu znaczniki i por\u00f3wnuj\u0105c je z \u015bcie\u017ckami roboczymi rysunku. Na podstawie wyznaczonych r\u00f3\u017cnic rysunek jest nast\u0119pnie dostosowywany: obracany, przesuwany i w razie potrzeby skalowany.<\/p>\n\n\n\n<p>System jest p\u0142ynnie zintegrowany jako wtyczka z <a href=\"https:\/\/cncgraf.com\/pl\/cncgraf-8-funkcje-oprogramowania-sterujacego-cnc\/\" data-type=\"page\" data-id=\"8\">cncGraF Pro<\/a> i umo\u017cliwia sta\u0142y monta\u017c obok osi Z poprzez zdefiniowanie przesuni\u0119cia mi\u0119dzy pozycj\u0105 kamery i osi Z. Jest to idealne rozwi\u0105zanie dla drukarni cyfrowych, projektowania opakowa\u0144, produkcji znak\u00f3w i reklam, a tak\u017ce ci\u0119cia tkanin do produkcji flag i baner\u00f3w przy u\u017cyciu narz\u0119dzi frezuj\u0105cych, oscylacyjnych no\u017cy stycznych i laser\u00f3w.<\/p>\n\n\n\n<figure class=\"wp-block-image size-full\"><img loading=\"lazy\" decoding=\"async\" width=\"1000\" height=\"527\" src=\"https:\/\/cncgraf.com\/wp-content\/uploads\/2023\/10\/kalibrierung.jpg\" alt=\"System pozycjonowania wideo EasyMarker i dialog kalibracji\" class=\"wp-image-2682\" srcset=\"https:\/\/cncgraf.com\/wp-content\/uploads\/2023\/10\/kalibrierung.jpg 1000w, https:\/\/cncgraf.com\/wp-content\/uploads\/2023\/10\/kalibrierung-600x316.jpg 600w\" sizes=\"auto, (max-width: 1000px) 100vw, 1000px\" \/><\/figure>\n\n\n\n<h2 class=\"wp-block-heading has-text-align-center has-large-font-size\">Precyzja i powtarzalno\u015b\u0107<\/h2>\n\n\n\n<p class=\"translation-block\"><strong>Dok\u0142adno\u015b\u0107 pozycjonowania i powtarzalno\u015b\u0107<\/strong> systemu <em>EasyMarker<\/em> zale\u017cy w g\u0142\u00f3wnej mierze od rozdzielczo\u015bci kamery, zastosowanej optyki oraz ustawienia kamery.<\/p>\n\n\n\n<p class=\"translation-block\">W typowej konfiguracji, przy <strong>rozdzielczo\u015bci kamery 640 \u00d7 480 pikseli<\/strong> i <strong>widocznym polu roboczym ok. 50 \u00d7 37,5 mm<\/strong>, <strong>1 piksel odpowiada oko\u0142o 0,078 mm<\/strong>. Oznacza to, \u017ce nawet przesuni\u0119cie o zaledwie <strong>jeden piksel powoduje odchylenie mniejsze ni\u017c 0,1 mm<\/strong>.<\/p>\n\n\n\n<p class=\"translation-block\">Poprzez zastosowanie <strong>wy\u017cszej rozdzielczo\u015bci kamery<\/strong> lub <strong>mniejszej odleg\u0142o\u015bci roboczej od materia\u0142u<\/strong> mo\u017cna dodatkowo zwi\u0119kszy\u0107 dok\u0142adno\u015b\u0107 \u2013 idealne rozwi\u0105zanie dla zastosowa\u0144 wymagaj\u0105cych najwy\u017cszej precyzji.<\/p>\n\n\n\n<div class=\"wp-block-buttons is-layout-flex wp-block-buttons-is-layout-flex\">\n<div class=\"wp-block-button\"><a class=\"wp-block-button__link wp-element-button\" href=\"https:\/\/web.boenigk-electronics.com\/download\/docs\/easymarker\/cameraEN.pdf\" target=\"_blank\" rel=\"noreferrer noopener\"><img loading=\"lazy\" decoding=\"async\" width=\"51\" height=\"51\" class=\"wp-image-1147\" style=\"width: 51px;\" src=\"https:\/\/cncgraf.com\/wp-content\/uploads\/2023\/05\/pdf.png\" alt=\"\"><strong> System pozycjonowania wideo EasyMarker \u2013 Skr\u00f3cona instrukcja (ENG)<\/strong><\/a><\/div>\n\n\n\n<div class=\"wp-block-button\"><a class=\"wp-block-button__link wp-element-button\" href=\"https:\/\/web.boenigk-electronics.com\/download\/docs\/easymarker\/cameraPL.pdf\" target=\"_blank\" rel=\"noreferrer noopener\"><img loading=\"lazy\" decoding=\"async\" width=\"51\" height=\"51\" class=\"wp-image-1147\" style=\"width: 51px;\" src=\"https:\/\/cncgraf.com\/wp-content\/uploads\/2023\/05\/pdf.png\" alt=\"\"> <strong>System pozycjonowania wideo EasyMarker \u2013 Skr\u00f3cona instrukcja (POL)<\/strong><\/a><\/div>\n\n\n\n<div class=\"wp-block-button\"><a class=\"wp-block-button__link wp-element-button\" href=\"https:\/\/web.boenigk-electronics.com\/download\/docs\/easymarker\/calibration.pdf\" target=\"_blank\" rel=\"noreferrer noopener\"><img loading=\"lazy\" decoding=\"async\" width=\"51\" height=\"51\" class=\"wp-image-1147\" style=\"width: 51px;\" src=\"https:\/\/cncgraf.com\/wp-content\/uploads\/2023\/05\/pdf.png\" alt=\"\"> <strong>Kalibracja - Szablon<\/strong><\/a><\/div>\n<\/div>\n\n\n\n<div style=\"height:10px\" aria-hidden=\"true\" class=\"wp-block-spacer\"><\/div>\n<\/div>","protected":false},"excerpt":{"rendered":"<p>Video-Positionierungssystem EasyMarker Professionelles Videosystem mit einer Basler GigE-Industriekamera sowie einer Lizenz f\u00fcr Bildbearbeitung, das eine automatische Erkennung von Passermarken erm\u00f6glicht, die f\u00fcr pr\u00e4zise Anpassungen bei Konturschnitten und Fr\u00e4sarbeiten n\u00f6tig sind. Das System erm\u00f6glicht es, die Konstruktion automatisch an das vorliegende Werkst\u00fcck anzupassen; dazu werden zuvor aufgebrachte oder gedruckte Passermarken automatisch erkannt und vermessen. Die gewonnenen [&hellip;]<\/p>\n","protected":false},"author":1,"featured_media":0,"parent":0,"menu_order":0,"comment_status":"closed","ping_status":"closed","template":"","meta":{"footnotes":""},"class_list":["post-2676","page","type-page","status-publish","hentry"],"_links":{"self":[{"href":"https:\/\/cncgraf.com\/pl\/wp-json\/wp\/v2\/pages\/2676","targetHints":{"allow":["GET"]}}],"collection":[{"href":"https:\/\/cncgraf.com\/pl\/wp-json\/wp\/v2\/pages"}],"about":[{"href":"https:\/\/cncgraf.com\/pl\/wp-json\/wp\/v2\/types\/page"}],"author":[{"embeddable":true,"href":"https:\/\/cncgraf.com\/pl\/wp-json\/wp\/v2\/users\/1"}],"replies":[{"embeddable":true,"href":"https:\/\/cncgraf.com\/pl\/wp-json\/wp\/v2\/comments?post=2676"}],"version-history":[{"count":0,"href":"https:\/\/cncgraf.com\/pl\/wp-json\/wp\/v2\/pages\/2676\/revisions"}],"wp:attachment":[{"href":"https:\/\/cncgraf.com\/pl\/wp-json\/wp\/v2\/media?parent=2676"}],"curies":[{"name":"wp","href":"https:\/\/api.w.org\/{rel}","templated":true}]}}