{"id":32,"date":"2023-04-24T21:49:07","date_gmt":"2023-04-24T19:49:07","guid":{"rendered":"https:\/\/cncgraf.com\/?page_id=32"},"modified":"2025-01-23T23:28:11","modified_gmt":"2025-01-23T22:28:11","slug":"o-nas","status":"publish","type":"page","link":"https:\/\/cncgraf.com\/pl\/ueber-uns\/","title":{"rendered":"O nas"},"content":{"rendered":"<div class=\"wp-block-group alignfull has-global-padding is-layout-constrained wp-block-group-is-layout-constrained\">\n<div style=\"height:30px\" aria-hidden=\"true\" class=\"wp-block-spacer\"><\/div>\n\n\n\n<h1 class=\"wp-block-heading has-text-align-center has-base-background-color has-background has-large-font-size\">O nas<\/h1>\n\n\n\n<p>Jeste\u015bmy zmotywowanym zespo\u0142em programist\u00f3w i developer\u00f3w sprz\u0119tu w dziedzinie techniki CNC, za\u0142o\u017conym w roku 2004 w Bonn (Germany). Naszym celem jest opracowywanie, rozwijanie i wdra\u017canie rozwi\u0105za\u0144 dostosowanych do potrzeb klienta.<\/p>\n\n\n\n<p>Nasze g\u0142\u00f3wne dzia\u0142ania skupiaj\u0105 si\u0119 na rozwijaniu sterownik\u00f3w CNC do 6 osi. Opr\u00f3cz naszych sterownik\u00f3w CNC, kt\u00f3re oferujemy jako podstaw\u0119 dla naszego oprogramowania steruj\u0105cego cncGraF, oferujemy r\u00f3wnie\u017c indywidualne rozwi\u0105zania specjalne, a\u017c do zintegrowanego sterownika PLC (SPS).<\/p>\n\n\n\n<p class=\"translation-block\">Nasze wieloletnie do\u015bwiadczenie zaowocowa\u0142o tym, \u017ce mo\u017cemy towarzyszy\u0107 coraz bardziej z\u0142o\u017conym procesom automatyzacji. Wyzwania naszych partner\u00f3w w zakresie obrabiarek CNC doprowadzi\u0142y ostatecznie do opracowania naszego nowego <a href=\"https:\/\/cncgraf.com\/pl\/sterowniki-cnc\/\" data-type=\"page\" data-id=\"14\" target=\"_self\">sterownika CNC smc5d-m4 pro<\/a>.<\/p>\n\n\n\n<h5 class=\"wp-block-heading\"><strong>Nasi klienci z bran\u017cy przemys\u0142owej bardzo ceni\u0105 nasze sterowniki CNC. <\/strong><\/h5>\n\n\n\n<p>Obecnie dostarczamy nasze produkty dla klient\u00f3w z bran\u017cy maszyn i urz\u0105dze\u0144 na terenie ca\u0142ej Europy. Jako producenci maszyn i urz\u0105dze\u0144 maj\u0105 Pa\u0144stwo mo\u017cliwo\u015b\u0107 otrzymania naszego oprogramowania z indywidualnie dostosowanym interfejsem.<\/p>\n\n\n\n<h5 class=\"wp-block-heading\"><strong>Przedsi\u0119biorstwa wykorzystuj\u0105 nasze sterowniki CNC do r\u00f3\u017cnorodnych zastosowa\u0144. <\/strong><\/h5>\n\n\n\n<p>Opr\u00f3cz przemys\u0142u dostarczamy r\u00f3wnie\u017c do ma\u0142ych przedsi\u0119biorstw, kt\u00f3re na bazie naszego sprz\u0119tu i oprogramowania rozwijaj\u0105 i buduj\u0105 w\u0142asne maszyny CNC. R\u00f3wnie\u017c w tym przypadku s\u0142u\u017cymy wsparciem dla sterownik\u00f3w CNC i oprogramowania steruj\u0105cego rad\u0105 i pomoc\u0105.<\/p>\n\n\n\n<div style=\"height:5px\" aria-hidden=\"true\" class=\"wp-block-spacer\"><\/div>\n\n\n\n<p>\u017byczymy mi\u0142ego przegl\u0105dania naszej strony internetowej i mamy nadziej\u0119, \u017ce znajd\u0105 Pa\u0144stwo informacje i wgl\u0105dy interesuj\u0105ce oraz pouczaj\u0105ce. Informujemy, \u017ce rozmawiamy w j\u0119zyku polskim i jeste\u015bmy z Polski, dok\u0142adniej z miasta Olsztyn. Dlatego te\u017c zach\u0119camy do \u015bmia\u0142ego nawi\u0105zywania z nami kontaktu w j\u0119zyku polskim. W razie pyta\u0144 lub sugestii jeste\u015bmy do Pa\u0144stwa dyspozycji.<\/p>\n\n\n\n<div style=\"height:10px\" aria-hidden=\"true\" class=\"wp-block-spacer\"><\/div>\n<\/div>","protected":false},"excerpt":{"rendered":"<p>\u00dcber uns Wir sind ein motiviertes Team von Software- und Hardwareentwicklern im Bereich der CNC-Technik, gegr\u00fcndet im Jahr 2004 in Bonn. Unser Ziel ist es, kundenindividuelle L\u00f6sungen zu erarbeiten, zu entwickeln und umzusetzen. Der Schwerpunkt unserer T\u00e4tigkeit liegt in der Entwicklung von CNC-Steuerungen f\u00fcr bis zu 6 Achsen. Neben unseren CNC-Controllern, die wir als Grundlage [&hellip;]<\/p>\n","protected":false},"author":1,"featured_media":0,"parent":0,"menu_order":0,"comment_status":"closed","ping_status":"closed","template":"","meta":{"footnotes":""},"class_list":["post-32","page","type-page","status-publish","hentry"],"_links":{"self":[{"href":"https:\/\/cncgraf.com\/pl\/wp-json\/wp\/v2\/pages\/32","targetHints":{"allow":["GET"]}}],"collection":[{"href":"https:\/\/cncgraf.com\/pl\/wp-json\/wp\/v2\/pages"}],"about":[{"href":"https:\/\/cncgraf.com\/pl\/wp-json\/wp\/v2\/types\/page"}],"author":[{"embeddable":true,"href":"https:\/\/cncgraf.com\/pl\/wp-json\/wp\/v2\/users\/1"}],"replies":[{"embeddable":true,"href":"https:\/\/cncgraf.com\/pl\/wp-json\/wp\/v2\/comments?post=32"}],"version-history":[{"count":0,"href":"https:\/\/cncgraf.com\/pl\/wp-json\/wp\/v2\/pages\/32\/revisions"}],"wp:attachment":[{"href":"https:\/\/cncgraf.com\/pl\/wp-json\/wp\/v2\/media?parent=32"}],"curies":[{"name":"wp","href":"https:\/\/api.w.org\/{rel}","templated":true}]}}