{"id":327,"date":"2023-04-30T11:19:01","date_gmt":"2023-04-30T09:19:01","guid":{"rendered":"https:\/\/cncgraf.com\/?page_id=327"},"modified":"2025-09-30T12:44:47","modified_gmt":"2025-09-30T10:44:47","slug":"porownanie-wersji-cncgraf","status":"publish","type":"page","link":"https:\/\/cncgraf.com\/pl\/cncgraf-versionen-im-vergleich\/","title":{"rendered":"Por\u00f3wnanie wersji"},"content":{"rendered":"<div class=\"wp-block-group alignfull has-tertiary-background-color has-background has-global-padding is-layout-constrained wp-block-group-is-layout-constrained\">\n<div style=\"height:30px\" aria-hidden=\"true\" class=\"wp-block-spacer\"><\/div>\n\n\n\n<h1 class=\"wp-block-heading alignfull has-text-align-center has-tertiary-background-color has-background has-large-font-size\">Por\u00f3wnanie wersji cncGraF<\/h1>\n\n\n\n<div class=\"wp-block-columns is-layout-flex wp-container-core-columns-is-layout-28f84493 wp-block-columns-is-layout-flex\">\n<div class=\"wp-block-column is-layout-flow wp-block-column-is-layout-flow\" style=\"flex-basis:600px\">\n<p class=\"translation-block\">W poni\u017cszej tabeli znajdziesz g\u0142\u00f3wne r\u00f3\u017cnice mi\u0119dzy wersjami <a href=\"https:\/\/cncgraf.com\/pl\/cncgraf-8-funkcje-oprogramowania-sterujacego-cnc\/\" data-type=\"page\" data-id=\"8\" target=\"_self\">cncGraF<\/a> Standard i Professional.<\/p>\n\n\n\n<p>Prosz\u0119 zwr\u00f3ci\u0107 uwag\u0119, \u017ce ta tabela dla lepszej przejrzysto\u015bci przedstawia jedynie r\u00f3\u017cnice mi\u0119dzy obiema wersjami i nie odzwierciedla ca\u0142ego zakresu funkcji.<\/p>\n\n\n\n<p>Dodatkowo otrzymuj\u0105 Pa\u0144stwo kr\u00f3tki przegl\u0105d r\u00f3\u017cnych wariant\u00f3w sterownik\u00f3w CNC w po\u0142\u0105czeniu z wersjami cncGraF. Na przyk\u0142ad wersja cncGraF Standard jest dost\u0119pna wy\u0142\u0105cznie dla sterownika CNC smc5d-p32.<\/p>\n<\/div>\n\n\n\n<div class=\"wp-block-column is-layout-flow wp-block-column-is-layout-flow\">\n<figure class=\"wp-block-image size-full\"><img loading=\"lazy\" decoding=\"async\" width=\"1202\" height=\"928\" src=\"https:\/\/cncgraf.com\/wp-content\/uploads\/2023\/09\/seq2.jpg\" alt=\"Zrzut ekranu interfejsu oprogramowania cncGraF Pro, jednej z wersji cncGraF dla sterownik\u00f3w CNC.\" class=\"wp-image-2317\" srcset=\"https:\/\/cncgraf.com\/wp-content\/uploads\/2023\/09\/seq2.jpg 1202w, https:\/\/cncgraf.com\/wp-content\/uploads\/2023\/09\/seq2-600x463.jpg 600w\" sizes=\"auto, (max-width: 1202px) 100vw, 1202px\" \/><\/figure>\n<\/div>\n<\/div>\n\n\n\n<div style=\"height:10px\" aria-hidden=\"true\" class=\"wp-block-spacer\"><\/div>\n\n\n\n<hr class=\"wp-block-separator alignfull has-text-color has-cyan-bluish-gray-color has-alpha-channel-opacity has-cyan-bluish-gray-background-color has-background\"\/>\n<\/div>\n\n\n\n<div class=\"wp-block-group alignfull has-global-padding is-layout-constrained wp-block-group-is-layout-constrained\">\n<div style=\"height:10px\" aria-hidden=\"true\" class=\"wp-block-spacer\"><\/div>\n\n\n\n<h3 class=\"wp-block-heading has-large-font-size translation-block\">Wersje cncGraF \u2013 <br>Standard vs. Professional w por\u00f3wnaniu szczeg\u00f3\u0142owym<\/h3>\n\n\n\n<figure class=\"wp-block-table is-style-stripes\"><table><thead><tr><th class=\"has-text-align-center\" data-align=\"center\">cncGraF 8<\/th><th class=\"has-text-align-center\" data-align=\"center\">Standardowa<\/th><th class=\"has-text-align-center\" data-align=\"center\">Profesjonalny<\/th><\/tr><\/thead><tbody><tr><td class=\"has-text-align-center\" data-align=\"center\">Sterowniki CNC<\/td><td class=\"has-text-align-center\" data-align=\"center\">smc5d-p32<\/td><td class=\"has-text-align-center\" data-align=\"center\">smc5d-p32 \/ smc5d-m4<\/td><\/tr><tr><td class=\"has-text-align-center\" data-align=\"center\">Pod\u0142\u0105czenie<\/td><td class=\"has-text-align-center\" data-align=\"center\">USB 2.0 (kompatybilne z USB 3.0)<\/td><td class=\"has-text-align-center\" data-align=\"center\">USB 2.0 (kompatybilne z USB 3.0) \/ Ethernet<\/td><\/tr><tr><td class=\"has-text-align-center\" data-align=\"center\">Maksymalna cz\u0119stotliwo\u015b\u0107 krok\u00f3w (kHz)<\/td><td class=\"has-text-align-center\" data-align=\"center\">&nbsp;64<\/td><td class=\"has-text-align-center\" data-align=\"center\">150 \/ 300<\/td><\/tr><tr><td class=\"has-text-align-center\" data-align=\"center\">Sterowane osie (z interpolacj\u0105)<\/td><td class=\"has-text-align-center\" data-align=\"center\">4<\/td><td class=\"has-text-align-center\" data-align=\"center\">5 \/ 6 (dotyczy si\u0119 smc5d-m4 pro)<\/td><\/tr><tr><td class=\"has-text-align-center translation-block\" data-align=\"center\">Urz\u0105dzenia wej\u015bciowe:<br>Klawiatura, Gamepad, zewn\u0119trzny panel sterowania.<\/td><td class=\"has-text-align-center\" data-align=\"center\">Tak \/ Tak \/ \u2013<\/td><td class=\"has-text-align-center\" data-align=\"center\">Tak \/ Tak \/ Tak<\/td><\/tr><tr><td class=\"has-text-align-center\" data-align=\"center\">3D sonda <\/td><td class=\"has-text-align-center translation-block\" data-align=\"center\">Kalibracja i <br>skanowanie powierzchni w X\/Y\/Z<\/td><td class=\"has-text-align-center translation-block\" data-align=\"center\">Pe\u0142ny zakres funkcji, <br> sk\u0142adaj\u0105cy si\u0119 z oko\u0142o 10 funkcji<\/td><\/tr><tr><td class=\"has-text-align-center\" data-align=\"center\">Skanowanie powierzchni, korekta wysoko\u015bci<\/td><td class=\"has-text-align-center\" data-align=\"center\">Tak \/ \u2013 <\/td><td class=\"has-text-align-center\" data-align=\"center\">Tak \/ Tak<\/td><\/tr><tr><td class=\"has-text-align-center translation-block\" data-align=\"center\">Wielokrotne pomiary <br>dla zwi\u0119kszonej precyzji<\/td><td class=\"has-text-align-center\" data-align=\"center\">\u2013<\/td><td class=\"has-text-align-center\" data-align=\"center\">Tak<\/td><\/tr><tr><td class=\"has-text-align-center\" data-align=\"center\">O\u015b obrotowa, o\u015b tangencjalna, Z2<\/td><td class=\"has-text-align-center\" data-align=\"center\">Tak \/ \u2013 \/ \u2013 <\/td><td class=\"has-text-align-center\" data-align=\"center\">Tak \/ Tak \/ Tak <\/td><\/tr><tr><td class=\"has-text-align-center\" data-align=\"center\">Automatyczny wymiennik narz\u0119dzi, agregat k\u0105towy<\/td><td class=\"has-text-align-center\" data-align=\"center\">\u2013 \/ \u2013 <\/td><td class=\"has-text-align-center\" data-align=\"center\">Tak \/ Tak<\/td><\/tr><tr><td class=\"has-text-align-center\" data-align=\"center\">Dodatkowy slave sterownik<\/td><td class=\"has-text-align-center\" data-align=\"center\">\u2013<\/td><td class=\"has-text-align-center\" data-align=\"center\">Tak<\/td><\/tr><tr><td class=\"has-text-align-center\" data-align=\"center\">Ramie obrotowe i funkcja sto\u0142u pr\u00f3\u017cniowego<\/td><td class=\"has-text-align-center\" data-align=\"center\">\u2013 \/ \u2013<\/td><td class=\"has-text-align-center\" data-align=\"center\">Tak \/ Tak<\/td><\/tr><tr><td class=\"has-text-align-center\" data-align=\"center\">Pr\u0119dko\u015b\u0107 wrzeciona, Rozgrzewanie wrzeciona<\/td><td class=\"has-text-align-center\" data-align=\"center\">Tak \/ \u2013<\/td><td class=\"has-text-align-center\" data-align=\"center\">Tak \/ Tak<\/td><\/tr><tr><td class=\"has-text-align-center\" data-align=\"center\"><a href=\"https:\/\/cncgraf.com\/pl\/ciecie-folii-za-pomoca-oprogramowania-skalp\/\">Zintegrowana korekcja no\u017ca ci\u0105gn\u0105cego Skalp<\/a><\/td><td class=\"has-text-align-center\" data-align=\"center\">\u2013<\/td><td class=\"has-text-align-center\" data-align=\"center\">Tak<\/td><\/tr><tr><td class=\"has-text-align-center\" data-align=\"center\">Funkcja makra, polecenia, <br>Mened\u017cer wtyczek<\/td><td class=\"has-text-align-center\" data-align=\"center\">\u2013 \/ \u2013 \/ \u2013<\/td><td class=\"has-text-align-center\" data-align=\"center\">Tak \/ Tak \/ Tak<\/td><\/tr><tr><td class=\"has-text-align-center\" data-align=\"center\">Biblioteka klas SMC5D.core<\/td><td class=\"has-text-align-center\" data-align=\"center\">\u2013<\/td><td class=\"has-text-align-center\" data-align=\"center\">Tak<\/td><\/tr><tr><td class=\"has-text-align-center\" data-align=\"center\">System wideo-pozycjonowania<\/td><td class=\"has-text-align-center\" data-align=\"center\">\u2013<\/td><td class=\"has-text-align-center\" data-align=\"center\">p\u0142atny dodatek<\/td><\/tr><tr><td class=\"has-text-align-center\" data-align=\"center\">Komunikacja TCP-Server\/Client i Modbus-TCP-Client<\/td><td class=\"has-text-align-center\" data-align=\"center\">\u2013<\/td><td class=\"has-text-align-center\" data-align=\"center\">p\u0142atny dodatek<\/td><\/tr><\/tbody><\/table><\/figure>\n\n\n\n<p>Wszystkie informacje podawane s\u0105 bez gwarancji i roszczenia o kompletno\u015b\u0107.<\/p>\n\n\n\n<p class=\"translation-block\"><img width=\"24\" height=\"24\" class=\"wp-image-1775\" style=\"width: 24px\" src=\"https:\/\/cncgraf.com\/wp-content\/uploads\/2023\/08\/info.png\" alt=\"\"> <strong>Wskaz\u00f3wka:<\/strong> Aktualizacja do wersji Pro jest mo\u017cliwa w ka\u017cdej chwili. Nabywaj\u0105 Pa\u0144stwo jedynie sterownik CNC; oprogramowanie otrzymuj\u0105 Pa\u0144stwo gratis. Wszystkie aktualizacje w ramach wersji Standard i Professional s\u0105 bezp\u0142atne.<\/p>\n\n\n\n<div style=\"height:10px\" aria-hidden=\"true\" class=\"wp-block-spacer\"><\/div>\n<\/div>","protected":false},"excerpt":{"rendered":"<p>cncGraF Versionen im Vergleich In der untenstehenden Tabelle finden Sie die Hauptunterschiede zwischen den cncGraF Versionen Standard und Professional. Beachten Sie bitte, dass diese Tabelle zur besseren \u00dcbersicht lediglich die Unterschiede zwischen beiden Versionen hervorhebt und nicht den gesamten Funktionsumfang abbildet. Zus\u00e4tzlich erhalten Sie einen kurzen \u00dcberblick \u00fcber die verschiedenen CNC-Controller-Varianten in Verbindung mit den [&hellip;]<\/p>\n","protected":false},"author":1,"featured_media":0,"parent":0,"menu_order":0,"comment_status":"closed","ping_status":"closed","template":"","meta":{"footnotes":""},"class_list":["post-327","page","type-page","status-publish","hentry"],"_links":{"self":[{"href":"https:\/\/cncgraf.com\/pl\/wp-json\/wp\/v2\/pages\/327","targetHints":{"allow":["GET"]}}],"collection":[{"href":"https:\/\/cncgraf.com\/pl\/wp-json\/wp\/v2\/pages"}],"about":[{"href":"https:\/\/cncgraf.com\/pl\/wp-json\/wp\/v2\/types\/page"}],"author":[{"embeddable":true,"href":"https:\/\/cncgraf.com\/pl\/wp-json\/wp\/v2\/users\/1"}],"replies":[{"embeddable":true,"href":"https:\/\/cncgraf.com\/pl\/wp-json\/wp\/v2\/comments?post=327"}],"version-history":[{"count":0,"href":"https:\/\/cncgraf.com\/pl\/wp-json\/wp\/v2\/pages\/327\/revisions"}],"wp:attachment":[{"href":"https:\/\/cncgraf.com\/pl\/wp-json\/wp\/v2\/media?parent=327"}],"curies":[{"name":"wp","href":"https:\/\/api.w.org\/{rel}","templated":true}]}}