{"id":5757,"date":"2024-12-12T14:46:17","date_gmt":"2024-12-12T13:46:17","guid":{"rendered":"https:\/\/cncgraf.com\/warenkorb\/"},"modified":"2025-08-19T10:47:14","modified_gmt":"2025-08-19T08:47:14","slug":"koszyk","status":"publish","type":"page","link":"https:\/\/cncgraf.com\/pl\/warenkorb\/","title":{"rendered":"Koszyk na zakupy"},"content":{"rendered":"<div data-block-name=\"woocommerce\/cart\" class=\"wp-block-woocommerce-cart alignwide is-loading\">\n<div data-block-name=\"woocommerce\/filled-cart-block\" class=\"wp-block-woocommerce-filled-cart-block\">\n<div data-block-name=\"woocommerce\/cart-items-block\" class=\"wp-block-woocommerce-cart-items-block\">\n<div data-block-name=\"woocommerce\/cart-line-items-block\" class=\"wp-block-woocommerce-cart-line-items-block\"><\/div>\n<\/div>\n\n\n\n<div data-block-name=\"woocommerce\/cart-totals-block\" class=\"wp-block-woocommerce-cart-totals-block\"><div data-block-name=\"woocommerce-germanized\/cart-summary-item\" class=\"wp-block-woocommerce-germanized-cart-summary-item\"><\/div>\n<div data-block-name=\"woocommerce\/cart-order-summary-block\" class=\"wp-block-woocommerce-cart-order-summary-block\">\n<div data-block-name=\"woocommerce\/cart-order-summary-heading-block\" data-content=\"Warenkorb-Summe\" class=\"wp-block-woocommerce-cart-order-summary-heading-block\"><\/div>\n\n\n\n<div data-block-name=\"woocommerce\/cart-order-summary-coupon-form-block\" class=\"wp-block-woocommerce-cart-order-summary-coupon-form-block\"><\/div>\n\n\n\n<div data-block-name=\"woocommerce\/cart-order-summary-totals-block\" class=\"wp-block-woocommerce-cart-order-summary-totals-block\">\n<div data-block-name=\"woocommerce\/cart-order-summary-subtotal-block\" class=\"wp-block-woocommerce-cart-order-summary-subtotal-block\"><\/div>\n\n\n\n<div data-block-name=\"woocommerce\/cart-order-summary-fee-block\" class=\"wp-block-woocommerce-cart-order-summary-fee-block\"><\/div>\n\n\n\n<div data-block-name=\"woocommerce\/cart-order-summary-discount-block\" class=\"wp-block-woocommerce-cart-order-summary-discount-block\"><\/div>\n\n\n\n<div data-block-name=\"woocommerce\/cart-order-summary-shipping-block\" class=\"wp-block-woocommerce-cart-order-summary-shipping-block\"><\/div>\n\n\n\n<div data-block-name=\"woocommerce\/cart-order-summary-taxes-block\" class=\"wp-block-woocommerce-cart-order-summary-taxes-block\"><\/div>\n<\/div>\n<\/div>\n\n\n\n<div data-block-name=\"woocommerce-paypal-payments\/cart-paylater-messages\" data-pp-placement=\"cart\" data-pp-style-layout=\"text\" data-pp-style-logo-position=\"left\" data-pp-style-logo-type=\"inline\" data-pp-style-text-color=\"black\" data-pp-style-text-size=\"12\" id=\"ppcp-cart-paylater-messages\" class=\"ppcp-messages\" data-partner-attribution-id=\"Woo_PPCP\"><\/div><div data-block-name=\"woocommerce\/cart-express-payment-block\" class=\"wp-block-woocommerce-cart-express-payment-block\"><\/div>\n\n\n\n<div data-block-name=\"woocommerce\/proceed-to-checkout-block\" class=\"wp-block-woocommerce-proceed-to-checkout-block\"><\/div>\n\n\n\n<div data-block-name=\"woocommerce\/cart-accepted-payment-methods-block\" class=\"wp-block-woocommerce-cart-accepted-payment-methods-block\"><\/div>\n<\/div>\n<\/div>\n\n\n\n<div data-block-name=\"woocommerce\/empty-cart-block\" class=\"wp-block-woocommerce-empty-cart-block\">\n<h2 class=\"wp-block-heading has-text-align-center with-empty-cart-icon wc-block-cart__empty-cart__title\">Tw\u00f3j koszyk jest pusty!<\/h2>\n\n\n\n<hr class=\"wp-block-separator has-alpha-channel-opacity is-style-dots\"\/>\n\n\n\n<h2 class=\"wp-block-heading has-text-align-center\">Nowo\u015b\u0107 w sklepie<\/h2>\n\n\n<div data-block-name=\"woocommerce\/product-new\" data-columns=\"4\" data-rows=\"1\" class=\"wc-block-grid wp-block-product-new wp-block-woocommerce-product-new wc-block-product-new has-4-columns\"><ul class=\"wc-block-grid__products\"><li class=\"wc-block-grid__product\">\n\t\t\t\t<a href=\"https:\/\/cncgraf.com\/pl\/produkt\/gebrauchte-cnc-fraese-kaum-genutzt\/\" class=\"wc-block-grid__product-link\">\n\t\t\t\t\t\n\t\t\t\t\t<div class=\"wc-block-grid__product-image\"><img loading=\"lazy\" decoding=\"async\" width=\"450\" height=\"450\" src=\"https:\/\/cncgraf.com\/wp-content\/uploads\/2025\/11\/cnc-fraese-1-450x450.jpeg\" class=\"attachment-woocommerce_thumbnail size-woocommerce_thumbnail\" alt=\"U\u017cywana frezarka CNC - ma\u0142o u\u017cywana\" srcset=\"https:\/\/cncgraf.com\/wp-content\/uploads\/2025\/11\/cnc-fraese-1-450x450.jpeg 450w, https:\/\/cncgraf.com\/wp-content\/uploads\/2025\/11\/cnc-fraese-1-150x150.jpeg 150w, https:\/\/cncgraf.com\/wp-content\/uploads\/2025\/11\/cnc-fraese-1-100x100.jpeg 100w\" sizes=\"auto, (max-width: 450px) 100vw, 450px\" \/><\/div>\n\t\t\t\t\t<div class=\"wc-block-grid__product-title\">U\u017cywana frezarka CNC - ma\u0142o u\u017cywana<\/div>\n\t\t\t\t<\/a>\n\t\t\t\t<div class=\"wc-block-grid__product-price price\"><\/div>\n\t\t\t\t\n\t\t\t\t<div class=\"wp-block-button wc-block-grid__product-add-to-cart\"><a href=\"https:\/\/cncgraf.com\/pl\/produkt\/gebrauchte-cnc-fraese-kaum-genutzt\/\" aria-label=\"Przeczytaj wi\u0119cej o \u201eGebrauchte CNC Fr\u00e4se \u2013 kaum genutzt\u201d\" data-quantity=\"1\" data-product_id=\"6155\" data-product_sku=\"\" data-price=\"0\" rel=\"nofollow\" class=\"wp-block-button__link wp-element-button add_to_cart_button\" data-no-translation=\"\" data-trp-gettext=\"\" data-no-translation-aria-label=\"\">Dowiedz si\u0119 wi\u0119cej<\/a><\/div>\n\t\t\t<\/li><li class=\"wc-block-grid__product\">\n\t\t\t\t<a href=\"https:\/\/cncgraf.com\/pl\/produkt\/individuelle-cncgraf-schulung-per-fernwartung\/\" class=\"wc-block-grid__product-link\">\n\t\t\t\t\t\n\t\t\t\t\t<div class=\"wc-block-grid__product-image\"><img loading=\"lazy\" decoding=\"async\" width=\"450\" height=\"450\" src=\"https:\/\/cncgraf.com\/wp-content\/uploads\/2025\/10\/schulung-450x450.png\" class=\"attachment-woocommerce_thumbnail size-woocommerce_thumbnail\" alt=\"Indywidualne szkolenie cncGraF za godzin\u0119\" srcset=\"https:\/\/cncgraf.com\/wp-content\/uploads\/2025\/10\/schulung-450x450.png 450w, https:\/\/cncgraf.com\/wp-content\/uploads\/2025\/10\/schulung-150x150.png 150w, https:\/\/cncgraf.com\/wp-content\/uploads\/2025\/10\/schulung-100x100.png 100w\" sizes=\"auto, (max-width: 450px) 100vw, 450px\"><\/div>\n\t\t\t\t\t<div class=\"wc-block-grid__product-title\">Indywidualne szkolenie cncGraF za godzin\u0119<\/div>\n\t\t\t\t<\/a>\n\t\t\t\t<div class=\"wc-block-grid__product-price price\"><span class=\"woocommerce-Price-amount amount\">128,52&nbsp;<span class=\"woocommerce-Price-currencySymbol\">\u20ac<\/span><\/span><\/div><p class=\"wc-gzd-additional-info wc-gzd-additional-info-loop tax-info\">incl. VAT<\/p>\n\t\t\t\t\n\t\t\t\t<div class=\"wp-block-button wc-block-grid__product-add-to-cart\"><a href=\"\/pl\/wp-json\/wp\/v2\/pages\/5757?add-to-cart=6099\" aria-label=\"Dodaj do koszyka: \u201eIndividuelle cncGraF Schulung pro Stunde\u201d\" data-quantity=\"1\" data-product_id=\"6099\" data-product_sku=\"232\" data-price=\"128.52\" rel=\"nofollow\" class=\"wp-block-button__link wp-element-button add_to_cart_button ajax_add_to_cart\" data-no-translation=\"\" data-trp-gettext=\"\" data-no-translation-aria-label=\"\">Dodaj do koszyka<\/a><\/div>\n\t\t\t<\/li>\n<li class=\"wc-block-grid__product\">\n\t\t\t\t<a href=\"https:\/\/cncgraf.com\/pl\/produkt\/tcp-server-client-und-modbus-tcp-kommunikation\/\" class=\"wc-block-grid__product-link\">\n\t\t\t\t\t\n\t\t\t\t\t<div class=\"wc-block-grid__product-image\"><img loading=\"lazy\" decoding=\"async\" width=\"450\" height=\"450\" src=\"https:\/\/cncgraf.com\/wp-content\/uploads\/2025\/09\/tcpserver-client-modbus-450x450.png\" class=\"attachment-woocommerce_thumbnail size-woocommerce_thumbnail\" alt=\"Komunikacja TCP-Server\/Client i Modbus-TCP-Client\" srcset=\"https:\/\/cncgraf.com\/wp-content\/uploads\/2025\/09\/tcpserver-client-modbus-450x450.png 450w, https:\/\/cncgraf.com\/wp-content\/uploads\/2025\/09\/tcpserver-client-modbus-150x150.png 150w, https:\/\/cncgraf.com\/wp-content\/uploads\/2025\/09\/tcpserver-client-modbus-100x100.png 100w\" sizes=\"auto, (max-width: 450px) 100vw, 450px\"><\/div>\n\t\t\t\t\t<div class=\"wc-block-grid__product-title\">Komunikacja TCP-Server\/Client i Modbus-TCP-Client<\/div>\n\t\t\t\t<\/a>\n\t\t\t\t<div class=\"wc-block-grid__product-price price\"><span class=\"woocommerce-Price-amount amount\">1.190,00&nbsp;<span class=\"woocommerce-Price-currencySymbol\">\u20ac<\/span><\/span><\/div><p class=\"wc-gzd-additional-info wc-gzd-additional-info-loop tax-info\">incl. VAT<\/p>\n\t\t\t\t\n\t\t\t\t<div class=\"wp-block-button wc-block-grid__product-add-to-cart\"><a href=\"\/pl\/wp-json\/wp\/v2\/pages\/5757?add-to-cart=6059\" aria-label=\"Dodaj do koszyka: \u201eTCP-Server\/Client und Modbus-TCP-Client Kommunikation\u201d\" data-quantity=\"1\" data-product_id=\"6059\" data-product_sku=\"\" data-price=\"1190\" rel=\"nofollow\" class=\"wp-block-button__link wp-element-button add_to_cart_button ajax_add_to_cart\" data-no-translation=\"\" data-trp-gettext=\"\" data-no-translation-aria-label=\"\">Dodaj do koszyka<\/a><\/div>\n\t\t\t<\/li>\n<li class=\"wc-block-grid__product\">\n\t\t\t\t<a href=\"https:\/\/cncgraf.com\/pl\/produkt\/cncgraf-upgrade-von-cncgraf-standard-auf-cncgraf-pro\/\" class=\"wc-block-grid__product-link\">\n\t\t\t\t\t\n\t\t\t\t\t<div class=\"wc-block-grid__product-image\"><img loading=\"lazy\" decoding=\"async\" width=\"450\" height=\"450\" src=\"https:\/\/cncgraf.com\/wp-content\/uploads\/2024\/12\/upgrade-symbol-450x450.png\" class=\"attachment-woocommerce_thumbnail size-woocommerce_thumbnail\" alt=\"Aktualizacja cncGraF: Z cncGraF Standard do cncGraF Pro\" srcset=\"https:\/\/cncgraf.com\/wp-content\/uploads\/2024\/12\/upgrade-symbol-450x450.png 450w, https:\/\/cncgraf.com\/wp-content\/uploads\/2024\/12\/upgrade-symbol-100x100.png 100w, https:\/\/cncgraf.com\/wp-content\/uploads\/2024\/12\/upgrade-symbol-600x600.png 600w, https:\/\/cncgraf.com\/wp-content\/uploads\/2024\/12\/upgrade-symbol-300x300.png 300w, https:\/\/cncgraf.com\/wp-content\/uploads\/2024\/12\/upgrade-symbol-150x150.png 150w, https:\/\/cncgraf.com\/wp-content\/uploads\/2024\/12\/upgrade-symbol-12x12.png 12w, https:\/\/cncgraf.com\/wp-content\/uploads\/2024\/12\/upgrade-symbol.png 640w\" sizes=\"auto, (max-width: 450px) 100vw, 450px\"><\/div>\n\t\t\t\t\t<div class=\"wc-block-grid__product-title\">Aktualizacja cncGraF: Z cncGraF Standard do cncGraF Pro<\/div>\n\t\t\t\t<\/a>\n\t\t\t\t<div class=\"wc-block-grid__product-price price\"><span class=\"woocommerce-Price-amount amount\">198,00&nbsp;<span class=\"woocommerce-Price-currencySymbol\">\u20ac<\/span><\/span><\/div><p class=\"wc-gzd-additional-info wc-gzd-additional-info-loop tax-info\">incl. VAT<\/p>\n\t\t\t\t\n\t\t\t\t<div class=\"wp-block-button wc-block-grid__product-add-to-cart\"><a href=\"\/pl\/wp-json\/wp\/v2\/pages\/5757?add-to-cart=5889\" aria-label=\"Dodaj do koszyka: \u201ecncGraF Upgrade: Von cncGraF Standard auf cncGraF Pro\u201d\" data-quantity=\"1\" data-product_id=\"5889\" data-product_sku=\"201\" data-price=\"198\" rel=\"nofollow\" class=\"wp-block-button__link wp-element-button add_to_cart_button ajax_add_to_cart\" data-no-translation=\"\" data-trp-gettext=\"\" data-no-translation-aria-label=\"\">Dodaj do koszyka<\/a><\/div>\n\t\t\t<\/li>\n<\/ul><\/div><\/div>\n<\/div>","protected":false},"excerpt":{"rendered":"","protected":false},"author":1,"featured_media":0,"parent":0,"menu_order":0,"comment_status":"closed","ping_status":"closed","template":"","meta":{"footnotes":""},"class_list":["post-5757","page","type-page","status-publish","hentry"],"_links":{"self":[{"href":"https:\/\/cncgraf.com\/pl\/wp-json\/wp\/v2\/pages\/5757","targetHints":{"allow":["GET"]}}],"collection":[{"href":"https:\/\/cncgraf.com\/pl\/wp-json\/wp\/v2\/pages"}],"about":[{"href":"https:\/\/cncgraf.com\/pl\/wp-json\/wp\/v2\/types\/page"}],"author":[{"embeddable":true,"href":"https:\/\/cncgraf.com\/pl\/wp-json\/wp\/v2\/users\/1"}],"replies":[{"embeddable":true,"href":"https:\/\/cncgraf.com\/pl\/wp-json\/wp\/v2\/comments?post=5757"}],"version-history":[{"count":0,"href":"https:\/\/cncgraf.com\/pl\/wp-json\/wp\/v2\/pages\/5757\/revisions"}],"wp:attachment":[{"href":"https:\/\/cncgraf.com\/pl\/wp-json\/wp\/v2\/media?parent=5757"}],"curies":[{"name":"wp","href":"https:\/\/api.w.org\/{rel}","templated":true}]}}