{"id":5782,"date":"2025-03-10T22:25:08","date_gmt":"2025-03-10T21:25:08","guid":{"rendered":"https:\/\/cncgraf.com\/?page_id=5782"},"modified":"2025-03-10T22:25:12","modified_gmt":"2025-03-10T21:25:12","slug":"metody-platnosci","status":"publish","type":"page","link":"https:\/\/cncgraf.com\/pl\/zahlungsarten\/","title":{"rendered":"Metody p\u0142atno\u015bci"},"content":{"rendered":"<div style=\"height:60px\" aria-hidden=\"true\" class=\"wp-block-spacer\"><\/div>\n\n\n\n<h1 class=\"wp-block-heading has-text-align-center has-large-font-size\">Metody p\u0142atno\u015bci<\/h1>\n\n\n\n<ul class=\"wp-block-list\">\n<li>PayPal (karta kredytowa, polecenie zap\u0142aty, przelew bankowy)<br>Je\u015bli wybierzesz t\u0119 metod\u0119 p\u0142atno\u015bci, zostaniesz przekierowany do PayPal w nast\u0119pnym kroku. Po wprowadzeniu wymaganych danych nast\u0105pi automatyczny powr\u00f3t do tego sklepu w celu sfinalizowania zam\u00f3wienia.<\/li>\n\n\n\n<li>Wed\u0142ug faktury<\/li>\n\n\n\n<li>Dostawa na konto tylko dla w\u0142adz<\/li>\n\n\n\n<li>Przeciwko przedp\u0142acie<br>Po sprawdzeniu zam\u00f3wienia wy\u015blemy faktur\u0119 pro forma poczt\u0105 elektroniczn\u0105. Dane bankowe znajduj\u0105 si\u0119 na fakturze pro forma.<\/li>\n<\/ul>\n\n\n\n<p>Czas dostawy rozpoczyna si\u0119 dopiero po otrzymaniu p\u0142atno\u015bci na nasze konto.<\/p>","protected":false},"excerpt":{"rendered":"<p>Metody p\u0142atno\u015bci Czas dostawy rozpoczyna si\u0119 dopiero po otrzymaniu p\u0142atno\u015bci na nasze konto.<\/p>","protected":false},"author":1,"featured_media":0,"parent":0,"menu_order":0,"comment_status":"closed","ping_status":"closed","template":"","meta":{"footnotes":""},"class_list":["post-5782","page","type-page","status-publish","hentry"],"_links":{"self":[{"href":"https:\/\/cncgraf.com\/pl\/wp-json\/wp\/v2\/pages\/5782","targetHints":{"allow":["GET"]}}],"collection":[{"href":"https:\/\/cncgraf.com\/pl\/wp-json\/wp\/v2\/pages"}],"about":[{"href":"https:\/\/cncgraf.com\/pl\/wp-json\/wp\/v2\/types\/page"}],"author":[{"embeddable":true,"href":"https:\/\/cncgraf.com\/pl\/wp-json\/wp\/v2\/users\/1"}],"replies":[{"embeddable":true,"href":"https:\/\/cncgraf.com\/pl\/wp-json\/wp\/v2\/comments?post=5782"}],"version-history":[{"count":0,"href":"https:\/\/cncgraf.com\/pl\/wp-json\/wp\/v2\/pages\/5782\/revisions"}],"wp:attachment":[{"href":"https:\/\/cncgraf.com\/pl\/wp-json\/wp\/v2\/media?parent=5782"}],"curies":[{"name":"wp","href":"https:\/\/api.w.org\/{rel}","templated":true}]}}