{"id":5957,"date":"2025-03-10T22:21:31","date_gmt":"2025-03-10T21:21:31","guid":{"rendered":"https:\/\/cncgraf.com\/?page_id=5957"},"modified":"2025-03-10T22:21:35","modified_gmt":"2025-03-10T21:21:35","slug":"metody-wysylki","status":"publish","type":"page","link":"https:\/\/cncgraf.com\/pl\/versandarten\/","title":{"rendered":"Metody wysy\u0142ki"},"content":{"rendered":"<div style=\"height:60px\" aria-hidden=\"true\" class=\"wp-block-spacer\"><\/div>\n\n\n\n<h1 class=\"wp-block-heading has-text-align-center has-large-font-size\">Mi\u0119dzynarodowe i krajowe opcje wysy\u0142ki<\/h1>\n\n\n\n<p>W przypadku wysy\u0142ki mi\u0119dzynarodowej korzystamy obecnie z us\u0142ug GLS. W kraju wolimy wysy\u0142a\u0107 nasze towary za po\u015brednictwem DHL. <\/p>\n\n\n\n<p>Je\u015bli wolisz inn\u0105 us\u0142ug\u0119 wysy\u0142ki, mo\u017cesz poinformowa\u0107 nas o swoich wymaganiach, wysy\u0142aj\u0105c wiadomo\u015b\u0107 e-mail na adres info@boenigk-electronics.com. Zawsze do\u0142o\u017cymy wszelkich stara\u0144, aby spe\u0142ni\u0107 Twoje wymagania i znale\u017a\u0107 dla Ciebie odpowiednie rozwi\u0105zanie wysy\u0142kowe.<\/p>","protected":false},"excerpt":{"rendered":"<p>Internationale und nationale Versandoptionen F\u00fcr den internationalen Versand setzen wir derzeit auf den Dienstleister GLS. Im Inland bevorzugen wir den Versand unserer Waren per DHL. Sollten Sie einen anderen Versanddienst bevorzugen, k\u00f6nnen Sie uns gerne Ihre W\u00fcnsche per E-Mail an info@boenigk-electronics.com mitteilen. Wir sind stets bem\u00fcht, Ihre Anforderungen zu erf\u00fcllen und eine f\u00fcr Sie passende [&hellip;]<\/p>\n","protected":false},"author":1,"featured_media":0,"parent":0,"menu_order":0,"comment_status":"closed","ping_status":"closed","template":"","meta":{"footnotes":""},"class_list":["post-5957","page","type-page","status-publish","hentry"],"_links":{"self":[{"href":"https:\/\/cncgraf.com\/pl\/wp-json\/wp\/v2\/pages\/5957","targetHints":{"allow":["GET"]}}],"collection":[{"href":"https:\/\/cncgraf.com\/pl\/wp-json\/wp\/v2\/pages"}],"about":[{"href":"https:\/\/cncgraf.com\/pl\/wp-json\/wp\/v2\/types\/page"}],"author":[{"embeddable":true,"href":"https:\/\/cncgraf.com\/pl\/wp-json\/wp\/v2\/users\/1"}],"replies":[{"embeddable":true,"href":"https:\/\/cncgraf.com\/pl\/wp-json\/wp\/v2\/comments?post=5957"}],"version-history":[{"count":0,"href":"https:\/\/cncgraf.com\/pl\/wp-json\/wp\/v2\/pages\/5957\/revisions"}],"wp:attachment":[{"href":"https:\/\/cncgraf.com\/pl\/wp-json\/wp\/v2\/media?parent=5957"}],"curies":[{"name":"wp","href":"https:\/\/api.w.org\/{rel}","templated":true}]}}