{"id":6051,"date":"2025-11-05T10:55:54","date_gmt":"2025-11-05T09:55:54","guid":{"rendered":"https:\/\/cncgraf.com\/?page_id=6051"},"modified":"2026-02-07T12:27:30","modified_gmt":"2026-02-07T11:27:30","slug":"cnc-frezarka-siemens-s7-komunikacja","status":"publish","type":"page","link":"https:\/\/cncgraf.com\/pl\/cnc-fraese-siemens-s7-kommunikation\/","title":{"rendered":"Po\u0142\u0105czenie frezarki CNC z sterownikiem Siemens PLC \u2013 komunikacja Siemens S7"},"content":{"rendered":"<div style=\"height:60px\" aria-hidden=\"true\" class=\"wp-block-spacer\"><\/div>\n\n\n\n<h1 class=\"wp-block-heading has-text-align-center has-large-font-size\">Po\u0142\u0105czenie frezarki CNC z sterownikiem Siemens PLC \u2013 komunikacja Siemens S7<\/h1>\n\n\n\n<p class=\"translation-block\">Nasze oprogramowanie oferuje elastyczny i wydajny interfejs do komunikacji <strong>TCP-Server\/Client<\/strong> oraz <strong>Modbus TCP-Client<\/strong>. Dzi\u0119ki temu mo\u017cesz bezpo\u015brednio po\u0142\u0105czy\u0107 swoj\u0105 maszyn\u0119 CNC ze <strong>sterownikiem Siemens PLC<\/strong> \u2013 prosto, niezawodnie i w czasie rzeczywistym.<\/p>\n\n\n\n<p class=\"translation-block\">Konfiguracja jest wyj\u0105tkowo prosta i odbywa si\u0119 w zaledwie <strong>dw\u00f3ch krokach<\/strong>:<\/p>\n\n\n\n<h2 class=\"wp-block-heading has-large-font-size\">1. Zdefiniowanie kana\u0142\u00f3w danych<\/h2>\n\n\n\n<p class=\"translation-block\">Za pomoc\u0105 <strong>administracji kana\u0142\u00f3w danych<\/strong> (menu: <em>Extras \u2192 Kana\u0142y danych<\/em>) w kilku krokach okre\u015blasz, kt\u00f3re informacje maj\u0105 by\u0107 wysy\u0142ane lub odbierane. Mo\u017cesz na przyk\u0142ad automatycznie przesy\u0142a\u0107 aktualn\u0105 pozycj\u0119 X maszyny CNC lub odbiera\u0107 zewn\u0119trzne polecenia, takie jak \u201euruchom zadanie\u201d, i natychmiast je wykona\u0107 <em>(zobacz rysunek 1)<\/em>.<\/p>\n\n\n\n<figure class=\"wp-block-image size-full\"><img loading=\"lazy\" decoding=\"async\" width=\"677\" height=\"233\" src=\"https:\/\/cncgraf.com\/wp-content\/uploads\/2025\/09\/datenkanal.png\" alt=\"\" class=\"wp-image-6055\" srcset=\"https:\/\/cncgraf.com\/wp-content\/uploads\/2025\/09\/datenkanal.png 677w, https:\/\/cncgraf.com\/wp-content\/uploads\/2025\/09\/datenkanal-300x103.png 300w, https:\/\/cncgraf.com\/wp-content\/uploads\/2025\/09\/datenkanal-18x6.png 18w, https:\/\/cncgraf.com\/wp-content\/uploads\/2025\/09\/datenkanal-600x206.png 600w\" sizes=\"auto, (max-width: 677px) 100vw, 677px\" \/><\/figure>\n\n\n\n<p>Obecnie dost\u0119pne s\u0105 nast\u0119puj\u0105ce polecenia:<\/p>\n\n\n\n<ul class=\"wp-block-list\">\n<li>Wy\u015blij warto\u015bci pozycji maszyny CNC (X, Y, Z, A, B, C)<\/li>\n\n\n\n<li>Wy\u015blij kod stanu maszyny CNC<\/li>\n\n\n\n<li>Wy\u015blij nazw\u0119 pliku<\/li>\n\n\n\n<li>Wy\u015blij lini\u0119 kodu G<\/li>\n\n\n\n<li>Wy\u015blij warto\u015b\u0107 parametru R kodu G<\/li>\n\n\n\n<li>Uruchom frezowanie po odebraniu warto\u015bci<\/li>\n\n\n\n<li>Zatrzymaj frezowanie po odebraniu warto\u015bci<\/li>\n\n\n\n<li>Wykonaj przejazd referencyjny po odebraniu warto\u015bci<\/li>\n\n\n\n<li>Przejed\u017a do punktu zerowego po odebraniu warto\u015bci<\/li>\n\n\n\n<li>Przejed\u017a do punktu parkowania po odebraniu warto\u015bci<\/li>\n\n\n\n<li>Wykonaj makro<\/li>\n\n\n\n<li>Odbierz zmian\u0119 parametru R kodu G<\/li>\n\n\n\n<li>Zmniejsz pr\u0119dko\u015b\u0107 na pasku stanu o 10 %<\/li>\n\n\n\n<li>Zwi\u0119ksz pr\u0119dko\u015b\u0107 na pasku stanu o 10 %<\/li>\n\n\n\n<li>Wy\u015blij aktualn\u0105 warto\u015b\u0107 pr\u0119dko\u015bci na pasku stanu w procentach<\/li>\n<\/ul>\n\n\n\n<h2 class=\"wp-block-heading has-text-align-left has-large-font-size\">2. Komunikacja Siemens S7 (oparta na JSON)<\/h2>\n\n\n\n<p class=\"translation-block\">Za pomoc\u0105 komunikacji S7 sterowniki Siemens S7 mog\u0105 by\u0107 pod\u0142\u0105czane bezpo\u015brednio. Wymiana danych odbywa si\u0119 poprzez bloki danych i jest w pe\u0142ni konfigurowalna w formacie JSON. Idealne rozwi\u0105zanie dla uporz\u0105dkowanych i niezawodnych system\u00f3w automatyki. Obs\u0142ugiwane s\u0105 sterowniki Siemens S7 PLC <strong>(S7-200, S7-300, S7-400, S7-1200, S7-1500)<\/strong>.<\/p>\n\n\n\n<p class=\"translation-block\">Funkcja jest dost\u0119pna od wersji <a href=\"https:\/\/cncgraf.com\/pl\/pobierz-cncgraf-oprogramowanie-cnc\/\" data-type=\"page\" data-id=\"24\" target=\"_self\">cncGraF 8.0.108<\/a>.<\/p>\n\n\n\n<h3 class=\"wp-block-heading has-large-font-size\">Konfiguracja klienta Modbus TCP<\/h3>\n\n\n\n<p class=\"translation-block\">W oknie dialogowym <em>\u201eTCP Server\/Client i Modbus TCP Client\u201d<\/em> tworzysz po\u0142\u0105czenie i przypisujesz wybrany kana\u0142 danych za pomoc\u0105 filtr\u00f3w <em>(zobacz rysunek 2)<\/em>.<\/p>\n\n\n\n<figure class=\"wp-block-image size-large\"><img loading=\"lazy\" decoding=\"async\" width=\"1024\" height=\"579\" src=\"https:\/\/cncgraf.com\/wp-content\/uploads\/2025\/09\/tcpserver-client-modbus-1024x579.png\" alt=\"\" class=\"wp-image-6056\" srcset=\"https:\/\/cncgraf.com\/wp-content\/uploads\/2025\/09\/tcpserver-client-modbus-1024x579.png 1024w, https:\/\/cncgraf.com\/wp-content\/uploads\/2025\/09\/tcpserver-client-modbus-300x170.png 300w, https:\/\/cncgraf.com\/wp-content\/uploads\/2025\/09\/tcpserver-client-modbus-768x434.png 768w, https:\/\/cncgraf.com\/wp-content\/uploads\/2025\/09\/tcpserver-client-modbus-18x10.png 18w, https:\/\/cncgraf.com\/wp-content\/uploads\/2025\/09\/tcpserver-client-modbus-600x339.png 600w, https:\/\/cncgraf.com\/wp-content\/uploads\/2025\/09\/tcpserver-client-modbus.png 1099w\" sizes=\"auto, (max-width: 1024px) 100vw, 1024px\" \/><\/figure>\n\n\n\n<h3 class=\"wp-block-heading has-medium-font-size\"><strong>Najwa\u017cniejsze cechy<\/strong>:<\/h3>\n\n\n\n<ul class=\"wp-block-list\">\n<li>\u0141atwa konfiguracja po\u0142\u0105cze\u0144 TCP i Modbus<\/li>\n\n\n\n<li class=\"translation-block\">Bezpo\u015brednia integracja ze <strong>sterownikiem Siemens PLC<\/strong> oraz innymi sterownikami<\/li>\n\n\n\n<li>Elastyczna definicja pakiet\u00f3w z w\u0142asnymi separatorami i znacznikami<\/li>\n\n\n\n<li>Obs\u0142uga rejestr\u00f3w Holding Registers i cewek (Coils) w Modbus<\/li>\n<\/ul>\n\n\n\n<p class=\"translation-block\">Niezale\u017cnie od tego, czy chodzi o sterowanie maszyn\u0105, monitoring proces\u00f3w czy automatyzacj\u0119 \u2013 dzi\u0119ki naszemu rozwi\u0105zaniu po\u0142\u0105czysz swoj\u0105 frezark\u0119 CNC bezpiecznie i wygodnie przez <strong>TCP\/IP lub Modbus TCP<\/strong>.<\/p>\n\n\n\n<div style=\"height:30px\" aria-hidden=\"true\" class=\"wp-block-spacer\"><\/div>","protected":false},"excerpt":{"rendered":"<p>CNC-Fr\u00e4se mit Siemens SPS verbinden \u2013 Siemens S7 Kommunikation Unsere Software bietet eine flexible und leistungsf\u00e4hige Schnittstelle f\u00fcr die TCP-Server\/Client&#8211; und Modbus TCP-Client-Kommunikation. Damit k\u00f6nnen Sie Ihre CNC-Maschine direkt mit Siemens SPS verbinden &#8211; einfach, zuverl\u00e4ssig und in Echtzeit. Die Einrichtung ist besonders einfach und erfolgt in nur zwei Schritten: 1. Datenkan\u00e4le definieren \u00dcber die [&hellip;]<\/p>\n","protected":false},"author":1,"featured_media":0,"parent":0,"menu_order":0,"comment_status":"closed","ping_status":"closed","template":"","meta":{"footnotes":""},"class_list":["post-6051","page","type-page","status-publish","hentry"],"_links":{"self":[{"href":"https:\/\/cncgraf.com\/pl\/wp-json\/wp\/v2\/pages\/6051","targetHints":{"allow":["GET"]}}],"collection":[{"href":"https:\/\/cncgraf.com\/pl\/wp-json\/wp\/v2\/pages"}],"about":[{"href":"https:\/\/cncgraf.com\/pl\/wp-json\/wp\/v2\/types\/page"}],"author":[{"embeddable":true,"href":"https:\/\/cncgraf.com\/pl\/wp-json\/wp\/v2\/users\/1"}],"replies":[{"embeddable":true,"href":"https:\/\/cncgraf.com\/pl\/wp-json\/wp\/v2\/comments?post=6051"}],"version-history":[{"count":0,"href":"https:\/\/cncgraf.com\/pl\/wp-json\/wp\/v2\/pages\/6051\/revisions"}],"wp:attachment":[{"href":"https:\/\/cncgraf.com\/pl\/wp-json\/wp\/v2\/media?parent=6051"}],"curies":[{"name":"wp","href":"https:\/\/api.w.org\/{rel}","templated":true}]}}