{"id":658,"date":"2023-05-08T15:00:29","date_gmt":"2023-05-08T13:00:29","guid":{"rendered":"https:\/\/cncgraf.com\/?page_id=658"},"modified":"2025-08-18T08:03:00","modified_gmt":"2025-08-18T06:03:00","slug":"odcisk","status":"publish","type":"page","link":"https:\/\/cncgraf.com\/pl\/impressum\/","title":{"rendered":"Nadruk"},"content":{"rendered":"<div class=\"wp-block-group has-global-padding is-layout-constrained wp-block-group-is-layout-constrained\">\n<div style=\"height:30px\" aria-hidden=\"true\" class=\"wp-block-spacer\"><\/div>\n\n\n<h2 class=\"has-text-align-center wp-block-post-title has-background has-base-background-color has-large-font-size\">Nadruk<\/h2><\/div>\n\n\n\n<p>BOENIGK-electronics<br>Michael Boenigk<br>Philipp-Reis-Str. 45<br>D-53125 Bonn<br>Telefon +49 (0) 228 53448613<\/p>\n\n\n\n<p>E-mail: info@boenigk-electronics.com<br>Internet: www.cncgraf.com<\/p>\n\n\n\n<p>Numer identyfikacyjny podatku od warto\u015bci dodanej zgodnie z \u00a7 27a ustawy o podatku od warto\u015bci dodanej (UStG): DE162961872<br>Numer podatkowy: 206\/5031\/1670 WEEE-Reg.-No. DE87369774<\/p>\n\n\n\n<p>Odpowiedzialny za tre\u015b\u0107: Michael Boenigk, Philipp-Reis-Str. 45, D-53125 Bonn<\/p>\n\n\n\n<h4 class=\"wp-block-heading\">Uwaga dotycz\u0105ca odpowiedzialno\u015bci<\/h4>\n\n\n\n<p>Mimo starannej kontroli tre\u015bci nie ponosimy odpowiedzialno\u015bci za tre\u015b\u0107 zewn\u0119trznych link\u00f3w. Za zawarto\u015b\u0107 powi\u0105zanych stron odpowiedzialni s\u0105 wy\u0142\u0105cznie ich operatorzy.<\/p>\n\n\n\n<div style=\"height:10px\" aria-hidden=\"true\" class=\"wp-block-spacer\"><\/div>","protected":false},"excerpt":{"rendered":"<p>BOENIGK-electronicsMichael BoenigkPhilipp-Reis-Str. 45D-53125 BonnTelefon +49 (0) 228 53448613 E-Mail: info@boenigk-electronics.comInternet: www.cncgraf.com Umsatzsteuer-Identifikationsnummer gem\u00e4\u00df \u00a7 27a Umsatzsteuergesetz (UStG): DE162961872Steuernummer: 206\/5031\/1670 WEEE-Reg.-Nr. DE87369774 Inhaltlich verantwortlich: Michael Boenigk, Philipp-Reis-Str. 45, D-53125 Bonn Haftungshinweis Trotz sorgf\u00e4ltiger inhaltlicher Kontrolle \u00fcbernehmen wir keine Haftung f\u00fcr die Inhalte externer Links. F\u00fcr den Inhalt der verlinkten Seiten sind ausschlie\u00dflich deren Betreiber verantwortlich.<\/p>","protected":false},"author":1,"featured_media":0,"parent":0,"menu_order":0,"comment_status":"closed","ping_status":"closed","template":"","meta":{"footnotes":""},"class_list":["post-658","page","type-page","status-publish","hentry"],"_links":{"self":[{"href":"https:\/\/cncgraf.com\/pl\/wp-json\/wp\/v2\/pages\/658","targetHints":{"allow":["GET"]}}],"collection":[{"href":"https:\/\/cncgraf.com\/pl\/wp-json\/wp\/v2\/pages"}],"about":[{"href":"https:\/\/cncgraf.com\/pl\/wp-json\/wp\/v2\/types\/page"}],"author":[{"embeddable":true,"href":"https:\/\/cncgraf.com\/pl\/wp-json\/wp\/v2\/users\/1"}],"replies":[{"embeddable":true,"href":"https:\/\/cncgraf.com\/pl\/wp-json\/wp\/v2\/comments?post=658"}],"version-history":[{"count":0,"href":"https:\/\/cncgraf.com\/pl\/wp-json\/wp\/v2\/pages\/658\/revisions"}],"wp:attachment":[{"href":"https:\/\/cncgraf.com\/pl\/wp-json\/wp\/v2\/media?parent=658"}],"curies":[{"name":"wp","href":"https:\/\/api.w.org\/{rel}","templated":true}]}}