{"id":663,"date":"2023-05-08T15:02:24","date_gmt":"2023-05-08T13:02:24","guid":{"rendered":"https:\/\/cncgraf.com\/?page_id=663"},"modified":"2025-08-18T08:01:20","modified_gmt":"2025-08-18T06:01:20","slug":"agb","status":"publish","type":"page","link":"https:\/\/cncgraf.com\/pl\/agb\/","title":{"rendered":"GTC"},"content":{"rendered":"<div class=\"wp-block-group alignfull has-tertiary-background-color has-background has-global-padding is-layout-constrained wp-block-group-is-layout-constrained\">\n<h1 class=\"wp-block-heading alignfull has-text-align-center has-contrast-color has-tertiary-background-color has-text-color has-background has-large-font-size\">Og\u00f3lne warunki handlowe<\/h1>\n\n\n\n<hr class=\"wp-block-separator alignfull has-text-color has-cyan-bluish-gray-color has-alpha-channel-opacity has-cyan-bluish-gray-background-color has-background\"\/>\n<\/div>\n\n\n\n<p><strong>\u00a7 1 Zakres zastosowania, informacje o kliencie<\/strong><\/p>\n\n\n\n<p>Poni\u017csze Og\u00f3lne Warunki Handlowe (OWH) reguluj\u0105 stosunki umowne mi\u0119dzy Michaelem Boenigkiem a przedsi\u0119biorcami, kt\u00f3rzy kupuj\u0105 towary za po\u015brednictwem naszego sklepu BOENIGK-Shop. Nie uznajemy \u017cadnych warunk\u00f3w, kt\u00f3re s\u0105 sprzeczne lub odbiegaj\u0105 od naszych warunk\u00f3w. J\u0119zykiem umowy jest j\u0119zyk niemiecki.<\/p>\n\n\n\n<p><strong>\u00a7 2 Zawarcie umowy<\/strong><\/p>\n\n\n\n<p>(1) Oferty w Internecie stanowi\u0105 wi\u0105\u017c\u0105c\u0105 ofert\u0119 zakupu towar\u00f3w.<\/p>\n\n\n\n<p>(2) Do koszyka mo\u017cna doda\u0107 jeden lub wi\u0119cej produkt\u00f3w. Podczas procesu zamawiania u\u017cytkownik wprowadza swoje dane i preferencje dotycz\u0105ce metody p\u0142atno\u015bci, sposob\u00f3w dostawy itp. Dopiero po klikni\u0119ciu przycisku zam\u00f3wienia u\u017cytkownik akceptuje ofert\u0119 zawarcia umowy kupna.<\/p>\n\n\n\n<p><strong>\u00a7 3 Informacje o kliencie: Przechowywanie tekstu umowy<\/strong><\/p>\n\n\n\n<p>Twoje zam\u00f3wienie wraz ze szczeg\u00f3\u0142ami zawartej umowy (np. rodzaj produktu, cena itp.) b\u0119dzie przez nas przechowywane. U\u017cytkownik nie ma jednak dost\u0119pu do swoich wcze\u015bniejszych zam\u00f3wie\u0144 przez Internet. Wy\u015blemy ci OWH, ale mo\u017cesz r\u00f3wnie\u017c uzyska\u0107 dost\u0119p do OWH w dowolnym momencie za po\u015brednictwem naszej strony internetowej. Je\u015bli chcesz zachowa\u0107 opis produktu na stronie naszego sklepu do w\u0142asnych cel\u00f3w, mo\u017cesz na przyk\u0142ad zrobi\u0107 zrzut ekranu (= zrzut ekranu) w momencie sk\u0142adania zam\u00f3wienia lub wydrukowa\u0107 ca\u0142\u0105 stron\u0119.<\/p>\n\n\n\n<p><strong>\u00a7 4 Informacje o kliencie: Nota koryguj\u0105ca<\/strong><\/p>\n\n\n\n<p>Wpisy mo\u017cna poprawi\u0107 w dowolnym momencie przed z\u0142o\u017ceniem zam\u00f3wienia, korzystaj\u0105c z przycisku usuwania. B\u0119dziemy informowa\u0107 o dalszych opcjach korekty w miar\u0119 post\u0119p\u00f3w w procesie sk\u0142adania zam\u00f3wienia. Mo\u017cesz r\u00f3wnie\u017c ca\u0142kowicie zako\u0144czy\u0107 proces sk\u0142adania zam\u00f3wienia w dowolnym momencie, zamykaj\u0105c okno przegl\u0105darki.<\/p>\n\n\n\n<p><strong>\u00a7 5 Zastrze\u017cenie w\u0142asno\u015bci<\/strong><\/p>\n\n\n\n<p>Przedmiot zakupu pozostaje nasz\u0105 w\u0142asno\u015bci\u0105 do momentu dokonania pe\u0142nej p\u0142atno\u015bci.<\/p>\n\n\n\n<p><strong>\u00a7 6 Ustawowa odpowiedzialno\u015b\u0107 za wady i okres przedawnienia<\/strong><\/p>\n\n\n\n<p>(1) Na nasze towary obowi\u0105zuj\u0105 ustawowe prawa gwarancyjne.<\/p>\n\n\n\n<p>(2) Roszczenia gwarancyjne z tytu\u0142u wad przedmiotu zakupu wygasaj\u0105 po up\u0142ywie roku od przeniesienia ryzyka. Nast\u0119puj\u0105ce roszczenia s\u0105 wy\u0142\u0105czone z tej regulacji<\/p>\n\n\n\n<p>- za szkody<br>- z powodu nieuczciwie zatajonych wad<br>- od jakiejkolwiek udzielonej gwarancji<br>- regres zgodnie z \u00a7\u00a7 445a, 478 BGB<br>- z tytu\u0142u wad materia\u0142\u00f3w i element\u00f3w budowlanych, kt\u00f3re zosta\u0142y u\u017cyte w budynku zgodnie z ich normalnym przeznaczeniem i spowodowa\u0142y jego wadliwo\u015b\u0107.<\/p>\n\n\n\n<p>Do tych wy\u0142\u0105czonych roszcze\u0144 maj\u0105 zastosowanie ustawowe terminy przedawnienia. W przypadku okresu gwarancyjnego na korzy\u015b\u0107 kupuj\u0105cego stosuje si\u0119 d\u0142u\u017cszy okres.<\/p>\n\n\n\n<p><strong>\u00a7 7 Ograniczenie odpowiedzialno\u015bci<\/strong><\/p>\n\n\n\n<p>Wykluczamy odpowiedzialno\u015b\u0107 za nieznaczne zaniedbania obowi\u0105zk\u00f3w, o ile nie dotycz\u0105 one istotnych zobowi\u0105za\u0144 umownych, szk\u00f3d wynikaj\u0105cych z uszczerbku na \u017cyciu, ciele lub zdrowiu, gwarancji lub roszcze\u0144 wynikaj\u0105cych z niemieckiej ustawy o odpowiedzialno\u015bci za produkt (ProdHaftG). To samo dotyczy naruszenia obowi\u0105zk\u00f3w przez naszych zast\u0119pc\u00f3w i przedstawicieli prawnych. Istotne zobowi\u0105zania umowne obejmuj\u0105 w szczeg\u00f3lno\u015bci obowi\u0105zek przekazania przedmiotu u\u017cytkownikowi i zapewnienia mu prawa w\u0142asno\u015bci do niego. Ponadto musimy dostarczy\u0107 przedmiot wolny od wad materia\u0142owych i wad prawnych.<\/p>","protected":false},"excerpt":{"rendered":"<p>Allgemeine Gesch\u00e4ftsbedingungen \u00a7 1 Geltungsbereich, Kundeninformationen Die folgenden allgemeinen Gesch\u00e4ftsbedingungen (AGB) regeln das Vertragsverh\u00e4ltnis zwischen Michael Boenigk und Unternehmern, die \u00fcber unseren Shop BOENIGK-Shop Waren kaufen. Entgegenstehende oder von unseren Gesch\u00e4ftsbedingungen abweichende Bedingungen werden von uns nicht anerkannt. Die Vertragssprache ist Deutsch. \u00a7 2 Vertragsschluss (1) Die Angebote im Internet stellen ein verbindliches Angebot an [&hellip;]<\/p>\n","protected":false},"author":1,"featured_media":0,"parent":0,"menu_order":0,"comment_status":"closed","ping_status":"closed","template":"","meta":{"footnotes":""},"class_list":["post-663","page","type-page","status-publish","hentry"],"_links":{"self":[{"href":"https:\/\/cncgraf.com\/pl\/wp-json\/wp\/v2\/pages\/663","targetHints":{"allow":["GET"]}}],"collection":[{"href":"https:\/\/cncgraf.com\/pl\/wp-json\/wp\/v2\/pages"}],"about":[{"href":"https:\/\/cncgraf.com\/pl\/wp-json\/wp\/v2\/types\/page"}],"author":[{"embeddable":true,"href":"https:\/\/cncgraf.com\/pl\/wp-json\/wp\/v2\/users\/1"}],"replies":[{"embeddable":true,"href":"https:\/\/cncgraf.com\/pl\/wp-json\/wp\/v2\/comments?post=663"}],"version-history":[{"count":0,"href":"https:\/\/cncgraf.com\/pl\/wp-json\/wp\/v2\/pages\/663\/revisions"}],"wp:attachment":[{"href":"https:\/\/cncgraf.com\/pl\/wp-json\/wp\/v2\/media?parent=663"}],"curies":[{"name":"wp","href":"https:\/\/api.w.org\/{rel}","templated":true}]}}