{"id":5792,"date":"2024-12-16T12:00:13","date_gmt":"2024-12-16T11:00:13","guid":{"rendered":"https:\/\/cncgraf.com\/?post_type=product&#038;p=5792"},"modified":"2025-11-27T11:48:55","modified_gmt":"2025-11-27T10:48:55","slug":"kontroler-cnc-smc5d-m4-pro","status":"publish","type":"product","link":"https:\/\/cncgraf.com\/pl\/produkt\/cnc-controller-smc5d-m4-pro\/","title":{"rendered":"Sterownik CNC smc5d-m4 pro w obudowie do szafy sterowniczej z szyn\u0105 g\u00f3rn\u0105"},"content":{"rendered":"<p style=\"text-align: left;\">Nasz sterownik CNC smc5d-m4 pro to nowy okr\u0119t flagowy naszej rodziny sterownik\u00f3w.<br \/>\nJest on oparty na wysokiej wydajno\u015bci <strong>32-bitowy mikrokontroler ARM NXP LPC4337 M4 o cz\u0119stotliwo\u015bci taktowania 204 MHz<\/strong>. Wbudowany <strong>Interfejsy LAN i USB 2.0<\/strong> (kompatybilne z USB 3.0) zapewniaj\u0105 p\u0142ynn\u0105 wymian\u0119 danych z komputerem steruj\u0105cym cncGraF. Kontroler jest zasilany z zewn\u0119trznego \u017ar\u00f3d\u0142a zasilania.<\/p>\n<p style=\"text-align: left;\">Ze wzgl\u0119du na swoj\u0105 wydajno\u015b\u0107, sterownik ten nadaje si\u0119 do sterowania bardzo z\u0142o\u017conymi maszynami CNC do <strong>6-osiowy<\/strong> i przetwarzanie intensywnych obliczeniowo przep\u0142yw\u00f3w pracy.<\/p>\n<p style=\"text-align: left;\">Zintegrowana technologia magistrali CAN i <strong>Monta\u017c na g\u00f3rnej szynie<\/strong> umo\u017cliwia prost\u0105 konfiguracj\u0119 profesjonalnego sprz\u0119tu steruj\u0105cego zgodnie ze standardami bran\u017cowymi.<\/p>\n<p style=\"text-align: left;\"><strong>Dane techniczne<\/strong><\/p>\n<ul>\n<li style=\"list-style-type: none;\">\n<ul style=\"text-align: left;\">\n<li><strong>W obudowie do szafy sterowniczej z szyn\u0105 DIN.<\/strong><\/li>\n<li>Zewn\u0119trzne zasilanie 24 V<\/li>\n<li>Sygna\u0142y taktowe i kierunkowe do 300 kHz<\/li>\n<li><strong>Cz\u0119stotliwo\u015b\u0107 krokowa jako wyj\u015bcia r\u00f3\u017cnicowe dla maksymalnej odporno\u015bci na zak\u0142\u00f3cenia<\/strong><\/li>\n<li>Interpolowane podr\u00f3\u017ce do <strong>6 osi + podw\u00f3jny nap\u0119d X2 \/Y2<\/strong><\/li>\n<li>8 wej\u015bcia optycznie izolowane i 4 wyj\u015bcia przeka\u017anikowe z wy\u015bwietlaczem LED.<\/li>\n<li>Komunikacja za po\u015brednictwem <strong>Ethernet<\/strong> (LAN) lub <strong>USB 2.0<\/strong> (kompatybilny z USB 3.0)<\/li>\n<li><strong>Pod\u0142\u0105czenie pokr\u0119t\u0142a<\/strong><\/li>\n<li>Komunikacja CAN pomi\u0119dzy modu\u0142ami<\/li>\n<li>Mo\u017cliwo\u015b\u0107 zablokowania do sze\u015bciu modu\u0142\u00f3w I\/O i do czterech modu\u0142\u00f3w DAC<\/li>\n<li>Wymagane<strong> cncGraF Pro<\/strong> (Bezp\u0142atne pobieranie)<\/li>\n<\/ul>\n<\/li>\n<\/ul>\n<p style=\"text-align: left;\"><strong>Zakres dostawy<\/strong><\/p>\n<ul>\n<li style=\"list-style-type: none;\">\n<ul>\n<li style=\"text-align: left;\">Sterownik <strong>smc5d-m4 pro w obudowie do szyny top-hat<\/strong><\/li>\n<li style=\"text-align: left;\">Kabel USB<\/li>\n<li style=\"text-align: left;\"><strong>cncGraF Pro<\/strong>, Dost\u0119pne w <a href=\"https:\/\/cncgraf.com\/pl\/pobierz-cncgraf-oprogramowanie-cnc\/\">pobieranie<\/a>- Zasi\u0119g<\/li>\n<li style=\"text-align: left;\">Dokumentacja<\/li>\n<\/ul>\n<\/li>\n<\/ul>\n<p style=\"text-align: left;\"><strong>Wskaz\u00f3wka<\/strong>Aktualne oprogramowanie cncGraF jest dost\u0119pne bezp\u0142atnie na naszej stronie internetowej. Wszystkie aktualizacje w ramach tej samej wersji Std\/Pro s\u0105 bezp\u0142atne. Jedynie aktualizacja do wy\u017cszej wersji cncGraF, np. z cncGraF Std do Pro, podlega op\u0142acie.<\/p>","protected":false},"excerpt":{"rendered":"<p>Unser CNC-Controller smc5d-m4 pro ist das neue Flagschiff unserer Controllerfamilie. Er basiert auf einem leistungsstarkem 32 Bit ARM NXP LPC4337 M4 Microcontroller mit 204 MHz Taktrate. Die onboard LAN- und USB 2.0 Schnittstellen (kompatibel zu USB 3.0) gew\u00e4hrleisten einen reibungslosen Datenaustausch mit dem cncGraF Steuerungsrechner. Die Stromversorgung des Controllers erfolgt \u00fcber eine externe Stromquelle. Aufgrund [&hellip;]<\/p>\n","protected":false},"featured_media":483,"template":"","meta":[],"product_brand":[],"product_cat":[142],"product_tag":[120,129],"class_list":{"0":"post-5792","1":"product","2":"type-product","3":"status-publish","4":"has-post-thumbnail","6":"product_cat-smc5d-m4-pro","7":"product_tag-cnc-controller","8":"product_tag-smc5d-m4-pro","10":"first","11":"instock","12":"taxable","13":"shipping-taxable","14":"purchasable","15":"product-type-simple"},"_links":{"self":[{"href":"https:\/\/cncgraf.com\/pl\/wp-json\/wp\/v2\/product\/5792","targetHints":{"allow":["GET"]}}],"collection":[{"href":"https:\/\/cncgraf.com\/pl\/wp-json\/wp\/v2\/product"}],"about":[{"href":"https:\/\/cncgraf.com\/pl\/wp-json\/wp\/v2\/types\/product"}],"wp:featuredmedia":[{"embeddable":true,"href":"https:\/\/cncgraf.com\/pl\/wp-json\/wp\/v2\/media\/483"}],"wp:attachment":[{"href":"https:\/\/cncgraf.com\/pl\/wp-json\/wp\/v2\/media?parent=5792"}],"wp:term":[{"taxonomy":"product_brand","embeddable":true,"href":"https:\/\/cncgraf.com\/pl\/wp-json\/wp\/v2\/product_brand?post=5792"},{"taxonomy":"product_cat","embeddable":true,"href":"https:\/\/cncgraf.com\/pl\/wp-json\/wp\/v2\/product_cat?post=5792"},{"taxonomy":"product_tag","embeddable":true,"href":"https:\/\/cncgraf.com\/pl\/wp-json\/wp\/v2\/product_tag?post=5792"}],"curies":[{"name":"wp","href":"https:\/\/api.w.org\/{rel}","templated":true}]}}