{"id":5793,"date":"2024-12-16T11:35:31","date_gmt":"2024-12-16T10:35:31","guid":{"rendered":"https:\/\/cncgraf.com\/?post_type=product&#038;p=5793"},"modified":"2024-12-19T13:56:51","modified_gmt":"2024-12-19T12:56:51","slug":"czy-mozna-rozszerzyc-do-smc5d-m4-pro","status":"publish","type":"product","link":"https:\/\/cncgraf.com\/pl\/produkt\/can-expansion-i-o-fuer-smc5d-m4-pro\/","title":{"rendered":"Rozszerzenie wej\u015b\u0107\/wyj\u015b\u0107 CAN dla smc5d-m4 pro"},"content":{"rendered":"<p><strong>CAN Expansion I\/O - Modu\u0142 rozszerze\u0144 dla sterownika CNC smc5d-m4 pro<\/strong><\/p>\n<p>CAN Expansion I\/O to modu\u0142 rozszerze\u0144 opracowany specjalnie dla sterownika CNC smc5d-m4 pro. Modu\u0142 ten rozszerza sterownik CNC o dodatkowe wej\u015bcia i wyj\u015bcia.<\/p>\n<p><strong>Dane techniczne<\/strong><\/p>\n<ul>\n<li style=\"list-style-type: none;\">\n<ul>\n<li><strong>W obudowie do szafy sterowniczej z szyn\u0105 DIN.<\/strong><\/li>\n<li>Zasilanie 24 V<\/li>\n<li>Komunikacja CAN z smc5d-m4 pro<\/li>\n<li><strong>16 optoizolowanych wej\u015b\u0107 i 20 wyj\u015b\u0107 przeka\u017anikowych z wy\u015bwietlaczem LED<\/strong><\/li>\n<li>Do smc5d-m4 pro mo\u017cna pod\u0142\u0105czy\u0107 do sze\u015bciu modu\u0142\u00f3w I\/O<\/li>\n<li>\u0141\u0105cznie mo\u017cna kontrolowa\u0107 do 104 wej\u015b\u0107 i 124 wyj\u015b\u0107.<\/li>\n<\/ul>\n<\/li>\n<\/ul>\n<p><strong>Zakres dostawy<\/strong><\/p>\n<ul>\n<li style=\"list-style-type: none;\">\n<ul>\n<li><strong>Rozszerzenie wej\u015b\u0107\/wyj\u015b\u0107 CAN w obudowie na szyn\u0119 typu top-hat<\/strong><\/li>\n<li>Kabel po\u0142\u0105czeniowy CAN<\/li>\n<li>Dokumentacja<\/li>\n<\/ul>\n<\/li>\n<\/ul>","protected":false},"excerpt":{"rendered":"<p>CAN Expansion I\/O \u2013 Erweiterungsmodul f\u00fcr den CNC-Controller smc5d-m4 pro Das CAN Expansion I\/O ist ein Erweiterungsmodul, das speziell f\u00fcr den CNC-Controller smc5d-m4 pro entwickelt wurde. Dieses Modul erweitert den CNC-Controller um zus\u00e4tzliche Aus- und Eing\u00e4nge. Technische Daten Im Geh\u00e4use f\u00fcr Schaltschrank mit Hutschiene Stromversorgung 24 Volt CAN-Kommunikation mit smc5d-m4 pro 16 Optoisolierte Eing\u00e4nge und [&hellip;]<\/p>\n","protected":false},"featured_media":3382,"template":"","meta":[],"product_brand":[],"product_cat":[142],"product_tag":[127,129,120],"class_list":{"0":"post-5793","1":"product","2":"type-product","3":"status-publish","4":"has-post-thumbnail","6":"product_cat-smc5d-m4-pro","7":"product_tag-cnc-steuerung","8":"product_tag-smc5d-m4-pro","9":"product_tag-cnc-controller","11":"first","12":"instock","13":"taxable","14":"shipping-taxable","15":"purchasable","16":"product-type-simple"},"_links":{"self":[{"href":"https:\/\/cncgraf.com\/pl\/wp-json\/wp\/v2\/product\/5793","targetHints":{"allow":["GET"]}}],"collection":[{"href":"https:\/\/cncgraf.com\/pl\/wp-json\/wp\/v2\/product"}],"about":[{"href":"https:\/\/cncgraf.com\/pl\/wp-json\/wp\/v2\/types\/product"}],"wp:featuredmedia":[{"embeddable":true,"href":"https:\/\/cncgraf.com\/pl\/wp-json\/wp\/v2\/media\/3382"}],"wp:attachment":[{"href":"https:\/\/cncgraf.com\/pl\/wp-json\/wp\/v2\/media?parent=5793"}],"wp:term":[{"taxonomy":"product_brand","embeddable":true,"href":"https:\/\/cncgraf.com\/pl\/wp-json\/wp\/v2\/product_brand?post=5793"},{"taxonomy":"product_cat","embeddable":true,"href":"https:\/\/cncgraf.com\/pl\/wp-json\/wp\/v2\/product_cat?post=5793"},{"taxonomy":"product_tag","embeddable":true,"href":"https:\/\/cncgraf.com\/pl\/wp-json\/wp\/v2\/product_tag?post=5793"}],"curies":[{"name":"wp","href":"https:\/\/api.w.org\/{rel}","templated":true}]}}