{"id":5797,"date":"2024-12-16T14:02:01","date_gmt":"2024-12-16T13:02:01","guid":{"rendered":"https:\/\/cncgraf.com\/?post_type=product&#038;p=5797"},"modified":"2024-12-19T13:57:20","modified_gmt":"2024-12-19T12:57:20","slug":"can-expansion-dac-dla-smc5d-m4-pro","status":"publish","type":"product","link":"https:\/\/cncgraf.com\/pl\/produkt\/can-expansion-dac-fuer-smc5d-m4-pro\/","title":{"rendered":"CAN Expansion DAC dla smc5d-m4 pro"},"content":{"rendered":"<p>The <strong>CAN Expansion DAC<\/strong> to modu\u0142 rozszerze\u0144 opracowany specjalnie dla sterownika CNC smc5d-m4 pro. Modu\u0142 ten rozszerza sterownik CNC o analogowe wyj\u015bcia i wej\u015bcia.<\/p>\n<p><strong>Dane techniczne<\/strong><\/p>\n<ul>\n<li style=\"list-style-type: none;\">\n<ul>\n<li><strong>W obudowie do szafy sterowniczej z szyn\u0105 DIN.<\/strong><\/li>\n<li>Zasilanie 24 V<\/li>\n<li>Komunikacja CAN z smc5d-m4 pro<\/li>\n<li><strong>2 wyj\u015bcia analogowe 0-10 V i 2 wej\u015bcia analogowe 0-5 V<\/strong><\/li>\n<li>Dwa prze\u0142\u0105czniki jako wyj\u015bcie 1 i 2<\/li>\n<li>Do jednej jednostki centralnej mo\u017cna pod\u0142\u0105czy\u0107 maksymalnie cztery modu\u0142y DAC 0-10V.<\/li>\n<li>\u0141\u0105cznie mo\u017cna kontrolowa\u0107 do 8 wyj\u015b\u0107 analogowych i 8 wej\u015b\u0107 analogowych<\/li>\n<\/ul>\n<\/li>\n<\/ul>\n<p><strong>Zakres dostawy<\/strong><\/p>\n<ul>\n<li style=\"list-style-type: none;\">\n<ul>\n<li><strong>CAN Expansion DAC w obudowie na szyn\u0119 typu top-hat<\/strong><\/li>\n<li>Kabel po\u0142\u0105czeniowy CAN<\/li>\n<li>Dokumentacja<\/li>\n<\/ul>\n<\/li>\n<\/ul>","protected":false},"excerpt":{"rendered":"<p>Das CAN Expansion DAC ist ein Erweiterungsmodul, das speziell f\u00fcr den CNC-Controller smc5d-m4 pro entwickelt wurde. Dieses Modul erweitert den CNC-Controller um analoge Aus- und Eing\u00e4nge. Technische Daten Im Geh\u00e4use f\u00fcr Schaltschrank mit Hutschiene Stromversorgung 24 Volt CAN-Kommunikation mit smc5d-m4 pro 2 Analogausg\u00e4nge 0-10V und 2 Analogeing\u00e4nge 0-5V Zwei Schalter als Ausgang 1 und 2 [&hellip;]<\/p>\n","protected":false},"featured_media":527,"template":"","meta":[],"product_brand":[],"product_cat":[142],"product_tag":[129],"class_list":{"0":"post-5797","1":"product","2":"type-product","3":"status-publish","4":"has-post-thumbnail","6":"product_cat-smc5d-m4-pro","7":"product_tag-smc5d-m4-pro","9":"first","10":"instock","11":"taxable","12":"shipping-taxable","13":"purchasable","14":"product-type-simple"},"_links":{"self":[{"href":"https:\/\/cncgraf.com\/pl\/wp-json\/wp\/v2\/product\/5797","targetHints":{"allow":["GET"]}}],"collection":[{"href":"https:\/\/cncgraf.com\/pl\/wp-json\/wp\/v2\/product"}],"about":[{"href":"https:\/\/cncgraf.com\/pl\/wp-json\/wp\/v2\/types\/product"}],"wp:featuredmedia":[{"embeddable":true,"href":"https:\/\/cncgraf.com\/pl\/wp-json\/wp\/v2\/media\/527"}],"wp:attachment":[{"href":"https:\/\/cncgraf.com\/pl\/wp-json\/wp\/v2\/media?parent=5797"}],"wp:term":[{"taxonomy":"product_brand","embeddable":true,"href":"https:\/\/cncgraf.com\/pl\/wp-json\/wp\/v2\/product_brand?post=5797"},{"taxonomy":"product_cat","embeddable":true,"href":"https:\/\/cncgraf.com\/pl\/wp-json\/wp\/v2\/product_cat?post=5797"},{"taxonomy":"product_tag","embeddable":true,"href":"https:\/\/cncgraf.com\/pl\/wp-json\/wp\/v2\/product_tag?post=5797"}],"curies":[{"name":"wp","href":"https:\/\/api.w.org\/{rel}","templated":true}]}}