{"id":5802,"date":"2024-12-16T18:43:30","date_gmt":"2024-12-16T17:43:30","guid":{"rendered":"https:\/\/cncgraf.com\/?post_type=product&#038;p=5802"},"modified":"2025-08-18T12:26:22","modified_gmt":"2025-08-18T10:26:22","slug":"kontroler-cnc-lan-smc5d-m4","status":"publish","type":"product","link":"https:\/\/cncgraf.com\/pl\/produkt\/cnc-lan-controller-smc5d-m4\/","title":{"rendered":"Sterownik CNC smc5d-m4 lan"},"content":{"rendered":"<p>Nasz kontroler CNC <strong>smc5d-m4 LAN<\/strong> to nowy kontroler z wy\u017cszej \u015bredniej p\u00f3\u0142ki w naszej rodzinie. Jest on oparty na pot\u0119\u017cnym <strong>32-bitowy mikrokontroler ARM NXP LPC4337 M4<\/strong> z cz\u0119stotliwo\u015bci\u0105 taktowania 204 MHz. Zintegrowany <strong>Kontroler LAN<\/strong> umo\u017cliwia niezawodne i szybkie <strong>Komunikacja Ethernet<\/strong>. Alternatywnie <strong>Interfejs USB-C<\/strong> mo\u017ce by\u0107 u\u017cywany do wymiany danych z komputerem steruj\u0105cym cncGraF. Kontroler jest zasilany przez zewn\u0119trzny <strong>\u0179r\u00f3d\u0142o zasilania 5 V<\/strong>.<\/p>\n<p>Ze wzgl\u0119du na wysok\u0105 wydajno\u015b\u0107, kontroler ten nadaje si\u0119 do sterowania bardzo z\u0142o\u017conymi urz\u0105dzeniami. <strong>Maszyny 5-osiowe<\/strong> i przetwarzanie intensywnych obliczeniowo przep\u0142yw\u00f3w pracy.<\/p>\n<p><strong>Dane techniczne<\/strong><\/p>\n<ul>\n<li style=\"list-style-type: none;\">\n<ul>\n<li>Komunikacja za po\u015brednictwem <strong>Ethernet<\/strong> lub <strong>USB-C<\/strong><\/li>\n<li>Sygna\u0142y taktowe i kierunkowe do 300 kHz<\/li>\n<li>Interpolowane podr\u00f3\u017ce do <strong>5 osi + podw\u00f3jny nap\u0119d X2 \/Y2<\/strong><\/li>\n<li><strong>24 chronione wej\u015bcia i wyj\u015bcia.<\/strong><\/li>\n<li>Wszystkie wej\u015bcia na CON2 i CON3 s\u0105 optycznie izolowane.<\/li>\n<li>Zewn\u0119trzne zasilanie 5 Volt<\/li>\n<li><strong>Pr\u0119dko\u015b\u0107 obrotowa wrzeciona<\/strong> przez wyj\u015bcie analogowe (wymaga DAC-INT-10V)<\/li>\n<li>Wymiary produktu w milimetrach D\u0142ugo\u015b\u0107\/Szeroko\u015b\u0107\/Wysoko\u015b\u0107 (113mm \/ 71mm \/ 11mm)<\/li>\n<li>Wymaga cncGraF Pro (do pobrania za darmo)<\/li>\n<\/ul>\n<\/li>\n<\/ul>\n<p><strong>Zakres dostawy<\/strong><\/p>\n<ul>\n<li style=\"list-style-type: none;\">\n<ul>\n<li>Sterowniki CNC <strong>smc5d-m4 lan<\/strong><\/li>\n<li>Kabel sieciowy Ethernet<\/li>\n<li>Kabel USB-C<\/li>\n<li>Zasilacz 5 V<\/li>\n<li><strong>cncGraF Pro<\/strong>, Dost\u0119pne w <a href=\"https:\/\/cncgraf.com\/pl\/pobierz-cncgraf-oprogramowanie-cnc\/\">pobieranie<\/a>- Zasi\u0119g<\/li>\n<li>Dokumentacja<\/li>\n<\/ul>\n<\/li>\n<\/ul>\n<p><strong>Wskaz\u00f3wka<\/strong>Aktualne oprogramowanie cncGraF jest dost\u0119pne bezp\u0142atnie na naszej stronie internetowej. Wszystkie aktualizacje w ramach tej samej wersji Std\/Pro s\u0105 bezp\u0142atne.  Jedynie aktualizacja do wy\u017cszej wersji cncGraF, np. z cncGraF Std do Pro, podlega op\u0142acie.<\/p>","protected":false},"excerpt":{"rendered":"<p>Unser CNC-Controller smc5d-m4 LAN ist die neue obere Mittelklasse in unserer Controllerfamilie. Er basiert auf einem leistungsstarken 32-Bit ARM NXP LPC4337 M4 Microcontroller mit 204 MHz Taktrate. Der integrierte LAN-Controller erm\u00f6glicht eine zuverl\u00e4ssige und schnelle Ethernet-Kommunikation. Alternativ kann die USB-C-Schnittstelle f\u00fcr den Datenaustausch mit dem cncGraF Steuerungsrechner genutzt werden. Die Stromversorgung des Controllers erfolgt \u00fcber [&hellip;]<\/p>\n","protected":false},"featured_media":484,"template":"","meta":[],"product_brand":[],"product_cat":[143],"product_tag":[120,126],"class_list":{"0":"post-5802","1":"product","2":"type-product","3":"status-publish","4":"has-post-thumbnail","6":"product_cat-smc5d-m4-lan","7":"product_tag-cnc-controller","8":"product_tag-smc5d-m4","10":"first","11":"instock","12":"taxable","13":"shipping-taxable","14":"purchasable","15":"product-type-simple"},"_links":{"self":[{"href":"https:\/\/cncgraf.com\/pl\/wp-json\/wp\/v2\/product\/5802","targetHints":{"allow":["GET"]}}],"collection":[{"href":"https:\/\/cncgraf.com\/pl\/wp-json\/wp\/v2\/product"}],"about":[{"href":"https:\/\/cncgraf.com\/pl\/wp-json\/wp\/v2\/types\/product"}],"wp:featuredmedia":[{"embeddable":true,"href":"https:\/\/cncgraf.com\/pl\/wp-json\/wp\/v2\/media\/484"}],"wp:attachment":[{"href":"https:\/\/cncgraf.com\/pl\/wp-json\/wp\/v2\/media?parent=5802"}],"wp:term":[{"taxonomy":"product_brand","embeddable":true,"href":"https:\/\/cncgraf.com\/pl\/wp-json\/wp\/v2\/product_brand?post=5802"},{"taxonomy":"product_cat","embeddable":true,"href":"https:\/\/cncgraf.com\/pl\/wp-json\/wp\/v2\/product_cat?post=5802"},{"taxonomy":"product_tag","embeddable":true,"href":"https:\/\/cncgraf.com\/pl\/wp-json\/wp\/v2\/product_tag?post=5802"}],"curies":[{"name":"wp","href":"https:\/\/api.w.org\/{rel}","templated":true}]}}