{"id":5803,"date":"2024-12-17T11:22:28","date_gmt":"2024-12-17T10:22:28","guid":{"rendered":"https:\/\/cncgraf.com\/?post_type=product&#038;p=5803"},"modified":"2025-08-18T12:24:31","modified_gmt":"2025-08-18T10:24:31","slug":"kontroler-cnc-usb-smc5d-p32-maszyna-5-osiowa","status":"publish","type":"product","link":"https:\/\/cncgraf.com\/pl\/produkt\/cnc-usb-controller-smc5d-p32-5-achsen-maschine\/","title":{"rendered":"Sterownik CNC smc5d-p32"},"content":{"rendered":"<p>Nasz <strong>5-osiowy sterownik CNC klasy podstawowej smc5d-p32<\/strong> jest logicznym rozwini\u0119ciem naszej popularnej serii kontroler\u00f3w smc4d-u2!<\/p>\n<p>Jest on oparty na <strong>32-bitowy mikrokontroler PIC32 o cz\u0119stotliwo\u015bci 80 MHz<\/strong> a tym samym zapewnia stabilne i nieprzerwane wyj\u015bcie impulsowe.<\/p>\n<p>Idealnie nadaje si\u0119 do sterowania maszynami CNC, takimi jak frezarki, tokarki, plotery lub systemy ci\u0119cia i dozowania, i obs\u0142uguje do 5 osi jednocze\u015bnie.<\/p>\n<p>Dane s\u0105 szybko wymieniane z komputerem za po\u015brednictwem zintegrowanego z\u0142\u0105cza. <strong>Interfejs kontrolera USB<\/strong>, kt\u00f3ry <strong>USB 2.0<\/strong> (kompatybilny z USB 3.0). Ponadto kontroler USB umo\u017cliwia niezawodne i elastyczne zasilanie, bezpo\u015brednio przez interfejs USB lub przez zewn\u0119trzne \u017ar\u00f3d\u0142o zasilania.<\/p>\n<p><strong>Dane techniczne<\/strong><\/p>\n<ul>\n<li style=\"list-style-type: none;\">\n<ul>\n<li>Zasilanie 5 Volt<\/li>\n<li>Sygna\u0142y zegara i kierunku do <strong>150 kHz<\/strong><\/li>\n<li>Interpolowane podr\u00f3\u017ce do <strong>5 osi + podw\u00f3jny nap\u0119d X2 \/Y2<\/strong><\/li>\n<li>Komunikacja za po\u015brednictwem <strong>USB 2.0<\/strong> (kompatybilny z USB 3.0)<\/li>\n<li class=\"translation-block\">Z\u0142\u0105cze RS485 dla <a href=\"https:\/\/cncgraf.com\/pl\/elektroniczny-panel-reczny\/\" data-type=\"page\" data-id=\"16\" target=\"_self\">panelu r\u0119cznego<\/a>.<\/li>\n<li><strong>24 chronione wej\u015bcia i wyj\u015bcia.<\/strong><\/li>\n<li>Wszystkie wej\u015bcia na CON2, CON3 i CON4 s\u0105 optoizolowane.<\/li>\n<li><strong>Pr\u0119dko\u015b\u0107 obrotowa wrzeciona<\/strong> przez wyj\u015bcie analogowe (wymaga DAC-INT-10V)<\/li>\n<li>Wymaga cncGraF Pro\/Std (do pobrania za darmo)<\/li>\n<\/ul>\n<\/li>\n<\/ul>\n<p><strong>Zakres dostawy<\/strong>:<\/p>\n<ul>\n<li style=\"list-style-type: none;\">\n<ul>\n<li>Sterowniki CNC <strong>smc5d-p32<\/strong><\/li>\n<li>Kabel USB<\/li>\n<li><strong>cncGraF Pro\/godz.<\/strong>, Dost\u0119pne w <a href=\"https:\/\/cncgraf.com\/pl\/pobierz-cncgraf-oprogramowanie-cnc\/\">pobieranie<\/a>- Zasi\u0119g<\/li>\n<li>Dokumentacja<\/li>\n<\/ul>\n<\/li>\n<\/ul>\n<p><strong>Wskaz\u00f3wka<\/strong>Kupujesz tylko sprz\u0119t. Oprogramowanie cncGraF jest dost\u0119pne bezp\u0142atnie na naszej stronie internetowej. Wszystkie aktualizacje w ramach tej samej wersji Std \/ Pro s\u0105 bezp\u0142atne. Jedynie aktualizacja sterownika do wy\u017cszej wersji cncGraF, np. z cncGraF Std do Pro, podlega jednorazowej op\u0142acie.<\/p>","protected":false},"excerpt":{"rendered":"<p>Unser 5-Achsen-Einsteiger-CNC-Controller smc5d-p32 ist die konsequente Weiterentwicklung unserer beliebten smc4d-u2 Controller Serie! Er basiert auf einem 32-Bit Mikrocontroller PIC32 mit 80 MHz und sorgt somit f\u00fcr eine stabile und unterbrechungsfreie Impulsausgabe. Er eignet sich hervorragend zur Ansteuerung von CNC-Maschinen wie Fr\u00e4sen, Drehb\u00e4nken, Plotteranwendungen oder Schneid- und Dosieranlagen und unterst\u00fctzt bis zu 5 Achsen simultan. Ein [&hellip;]<\/p>\n","protected":false},"featured_media":485,"template":"","meta":[],"product_brand":[],"product_cat":[144],"product_tag":[132,120],"class_list":{"0":"post-5803","1":"product","2":"type-product","3":"status-publish","4":"has-post-thumbnail","6":"product_cat-smc5d-p32","7":"product_tag-smc5d-p32","8":"product_tag-cnc-controller","10":"first","11":"instock","12":"taxable","13":"shipping-taxable","14":"purchasable","15":"product-type-variable","16":"has-default-attributes"},"_links":{"self":[{"href":"https:\/\/cncgraf.com\/pl\/wp-json\/wp\/v2\/product\/5803","targetHints":{"allow":["GET"]}}],"collection":[{"href":"https:\/\/cncgraf.com\/pl\/wp-json\/wp\/v2\/product"}],"about":[{"href":"https:\/\/cncgraf.com\/pl\/wp-json\/wp\/v2\/types\/product"}],"wp:featuredmedia":[{"embeddable":true,"href":"https:\/\/cncgraf.com\/pl\/wp-json\/wp\/v2\/media\/485"}],"wp:attachment":[{"href":"https:\/\/cncgraf.com\/pl\/wp-json\/wp\/v2\/media?parent=5803"}],"wp:term":[{"taxonomy":"product_brand","embeddable":true,"href":"https:\/\/cncgraf.com\/pl\/wp-json\/wp\/v2\/product_brand?post=5803"},{"taxonomy":"product_cat","embeddable":true,"href":"https:\/\/cncgraf.com\/pl\/wp-json\/wp\/v2\/product_cat?post=5803"},{"taxonomy":"product_tag","embeddable":true,"href":"https:\/\/cncgraf.com\/pl\/wp-json\/wp\/v2\/product_tag?post=5803"}],"curies":[{"name":"wp","href":"https:\/\/api.w.org\/{rel}","templated":true}]}}