{"id":5815,"date":"2024-12-18T15:25:07","date_gmt":"2024-12-18T14:25:07","guid":{"rendered":"https:\/\/cncgraf.com\/?post_type=product&#038;p=5815"},"modified":"2026-01-22T09:34:00","modified_gmt":"2026-01-22T08:34:00","slug":"elektroniczne-pokretlo-do-kontrolera-cnc-cncgraf","status":"publish","type":"product","link":"https:\/\/cncgraf.com\/pl\/produkt\/elektronisches-handrad-fuer-cnc-controller-cncgraf\/","title":{"rendered":"Elektroniczne pokr\u0119t\u0142o dla kontrolera CNC i cncGraF"},"content":{"rendered":"<p>Nasze elektroniczne pokr\u0119t\u0142o jest pod\u0142\u0105czone bezpo\u015brednio do sterownika za pomoc\u0105 kabla. Poniewa\u017c ruchy maszyny s\u0105 wykonywane bezpo\u015brednio przez sterownik sprz\u0119towy (bez komputera), nie ma \u017cadnych op\u00f3\u017anie\u0144 podczas pozycjonowania maszyny CNC.<\/p>\n<p>Wszystkie dzia\u0142ania na pokr\u0119tle s\u0105 przesy\u0142ane 1:1 do oprogramowania.<\/p>\n<p>Wysokiej jako\u015bci klawiatura membranowa pokr\u0119t\u0142a posiada <strong>29 Diody LED stanu<\/strong>. Metalowa tarcza zatrzaskowa wewn\u0105trz klawiatury potwierdza ka\u017cd\u0105 operacj\u0119 prze\u0142\u0105czania dotykowo i akustycznie za pomoc\u0105 d\u017awi\u0119ku klikni\u0119cia.<\/p>\n<p>Pokr\u0119t\u0142o ma wi\u0119cej ni\u017c <strong>30 przycisk\u00f3w i element\u00f3w steruj\u0105cych<\/strong>. Kilka standardowych funkcji, takich jak. <strong>Uruchomienie referencyjne<\/strong>, <strong>Rozpocz\u0119cie pracy<\/strong>, <strong>Przerwa<\/strong> itp. s\u0105 przypisane na sta\u0142e i mog\u0105 by\u0107 u\u017cywane natychmiast. Ni\u017cszy <strong>12 przycisk\u00f3w funkcyjnych<\/strong> mo\u017cna uzyska\u0107 za po\u015brednictwem <strong>cncGraF<\/strong> z w\u0142asnymi funkcjami i makrami.<\/p>\n<p>Obudowa pokr\u0119t\u0142a jest uszczelniona na ca\u0142ym obwodzie i jest magnetyczna z ty\u0142u, co u\u0142atwia mocowanie do maszyny. Dodatkowo, pokr\u0119t\u0142o posiada wbudowany <strong>Wy\u0142\u0105cznik awaryjny<\/strong>.<\/p>\n<p><strong>Funkcje panelu r\u0119cznego<\/strong><\/p>\n<ul>\n<li style=\"list-style-type: none;\">\n<ul>\n<li>Procedura dla wszystkich <strong>5 osi<\/strong> za pomoc\u0105 pokr\u0119t\u0142a (enkodera optycznego). Rozdzielczo\u015b\u0107 kroku wynosi mi\u0119dzy <strong>0,1 mm<\/strong> i <strong>0,01 mm<\/strong> regulowany (w <strong>cncGraF<\/strong>).<\/li>\n<li><strong>Funkcje standardowe<\/strong>Wykonanie przebiegu referencyjnego, przej\u015bcie do punktu zerowego, przej\u015bcie do punktu parkowania, w\u0142\u0105czenie\/wy\u0142\u0105czenie wrzeciona, ustawienie punktu zerowego X\/Y\/Z, w\u0142\u0105czenie\/wy\u0142\u0105czenie pompy, rozpocz\u0119cie zadania, kontynuowanie zadania, wstrzymanie, anulowanie.<\/li>\n<li>Dodatkowe funkcje i makra mog\u0105 by\u0107 dodawane do <strong>12 wolnych przycisk\u00f3w funkcyjnych<\/strong> mo\u017cna zdefiniowa\u0107. Te 12 dodatkowych przycisk\u00f3w ma wsuwane okna, kt\u00f3re umo\u017cliwiaj\u0105 indywidualne oznaczanie przycisk\u00f3w i p\u00f3l za pomoc\u0105 pask\u00f3w tekstowych.<\/li>\n<li>Pr\u0119dko\u015b\u0107 robocz\u0105 mo\u017cna zmieni\u0107 podczas pracy.<\/li>\n<li>A <strong>Wy\u0142\u0105cznik awaryjny<\/strong> jest zintegrowany z przedni\u0105 cz\u0119\u015bci\u0105 obudowy.<\/li>\n<\/ul>\n<\/li>\n<\/ul>\n<p><strong>Pokr\u0119t\u0142o jest dost\u0119pne w dw\u00f3ch wersjach:<\/strong><\/p>\n<p><strong>Wariant enkodera (pr\u0119dko\u015b\u0107)<\/strong><br \/>\n<strong>Przewaga<\/strong>Wy\u015bwietlacz w oprogramowaniu zawsze odpowiada rzeczywistemu ustawieniu na pokr\u0119tle. <strong>Wada<\/strong>Bezstopniowy obr\u00f3t, bez zatrzymania przy 0 % i 100 %<\/p>\n<p><strong>Wariant potencjometru (pr\u0119dko\u015b\u0107)<\/strong><br \/>\n<strong>Przewaga<\/strong>Zauwa\u017calne zatrzymanie przy 0 % i 100 % (wyczuwalne minimum\/maksimum). <strong>Wada<\/strong>Wy\u015bwietlacz w oprogramowaniu mo\u017ce r\u00f3\u017cni\u0107 si\u0119 od ustawienia na pokr\u0119tle, poniewa\u017c pr\u0119dko\u015b\u0107 mo\u017cna zmieni\u0107 zar\u00f3wno w oprogramowaniu, jak i na pokr\u0119tle.<\/p>\n<p><strong>Dane techniczne<\/strong><\/p>\n<ul>\n<li style=\"list-style-type: none;\">\n<ul>\n<li><strong>Waga<\/strong>ok. 400 g<\/li>\n<li><strong>Wymiary<\/strong> (szer. x wys. x g\u0142.): 80,3 x 185 x 50,5 mm<\/li>\n<li><strong>D\u0142ugo\u015b\u0107 kabla<\/strong>5 m (d\u0142u\u017cszy na \u017cyczenie)<\/li>\n<li><strong>Wy\u0142\u0105cznik awaryjny<\/strong><\/li>\n<li><strong>Kompatybilno\u015b\u0107<\/strong>Kompatybilny ze wszystkimi aktualnymi <strong>Sterowniki CNC BOENIGK<\/strong> i od <strong>cncGraF 7.1<\/strong><\/li>\n<\/ul>\n<\/li>\n<\/ul>\n<p><strong>Zakres dostawy<\/strong><\/p>\n<ul>\n<li style=\"list-style-type: none;\">\n<ul>\n<li>Panel r\u0119czny<\/li>\n<li>Elektronika po\u0142\u0105czeniowa (NA2)<\/li>\n<li>Kabel (standard 5 m)<\/li>\n<li>Kr\u00f3tki przewodnik<\/li>\n<\/ul>\n<\/li>\n<\/ul>","protected":false},"excerpt":{"rendered":"<p>Unser elektronisches Handrad wird mittels Kabel direkt an den Controller angeschlossen. Da die Bewegungen der Maschine somit direkt \u00fcber die Hardwaresteuerung (ohne PC) erfolgen, entstehen keinerlei Verz\u00f6gerungen bei der Positionierung der CNC-Maschine. Alle Aktionen am Handrad werden 1:1 an die Software \u00fcbergeben. Die hochwertige Folientastatur des Handrades besitzt 29 Status-LEDs. Durch eine Metallschnappscheibe innerhalb der [&hellip;]<\/p>\n","protected":false},"featured_media":2628,"template":"","meta":[],"product_brand":[],"product_cat":[133],"product_tag":[134],"class_list":{"0":"post-5815","1":"product","2":"type-product","3":"status-publish","4":"has-post-thumbnail","6":"product_cat-cnc-zubehoer","7":"product_tag-cnc-zubehoer","9":"first","10":"outofstock","11":"taxable","12":"shipping-taxable","13":"purchasable","14":"product-type-variable"},"_links":{"self":[{"href":"https:\/\/cncgraf.com\/pl\/wp-json\/wp\/v2\/product\/5815","targetHints":{"allow":["GET"]}}],"collection":[{"href":"https:\/\/cncgraf.com\/pl\/wp-json\/wp\/v2\/product"}],"about":[{"href":"https:\/\/cncgraf.com\/pl\/wp-json\/wp\/v2\/types\/product"}],"wp:featuredmedia":[{"embeddable":true,"href":"https:\/\/cncgraf.com\/pl\/wp-json\/wp\/v2\/media\/2628"}],"wp:attachment":[{"href":"https:\/\/cncgraf.com\/pl\/wp-json\/wp\/v2\/media?parent=5815"}],"wp:term":[{"taxonomy":"product_brand","embeddable":true,"href":"https:\/\/cncgraf.com\/pl\/wp-json\/wp\/v2\/product_brand?post=5815"},{"taxonomy":"product_cat","embeddable":true,"href":"https:\/\/cncgraf.com\/pl\/wp-json\/wp\/v2\/product_cat?post=5815"},{"taxonomy":"product_tag","embeddable":true,"href":"https:\/\/cncgraf.com\/pl\/wp-json\/wp\/v2\/product_tag?post=5815"}],"curies":[{"name":"wp","href":"https:\/\/api.w.org\/{rel}","templated":true}]}}