{"id":5816,"date":"2024-12-18T15:56:08","date_gmt":"2024-12-18T14:56:08","guid":{"rendered":"https:\/\/cncgraf.com\/?post_type=product&#038;p=5816"},"modified":"2024-12-19T14:02:06","modified_gmt":"2024-12-19T13:02:06","slug":"zasilacz-ne6a-i-karta-przekaznikow","status":"publish","type":"product","link":"https:\/\/cncgraf.com\/pl\/produkt\/ne6a-netzteil-und-relais-karte\/","title":{"rendered":"Zasilacz i karta przeka\u017anikowa NE6A"},"content":{"rendered":"<p><strong>Dane techniczne NE6A<\/strong><\/p>\n<ul>\n<li style=\"list-style-type: none;\">\n<ul>\n<li>Nadaje si\u0119 tylko do transformatora.<\/li>\n<li>Zasilanie: napi\u0119cie wej\u015bciowe 2\u00d715 V AC.<\/li>\n<li>Wyj\u015bcie: 42 V DC dla silnik\u00f3w, 24 V, 3 A i 5 V, 0,5 A.<\/li>\n<li>Przeka\u017anik wrzeciona 230 VA 8 A, 1 przeka\u017anik z napi\u0119ciem prze\u0142\u0105czania 24 V dla pompy.<\/li>\n<li>Przeka\u017anik bezpiecze\u0144stwa do w\u0142\u0105czania za pomoc\u0105 przycisku start.<\/li>\n<li>Wej\u015bcie dla wy\u0142\u0105cznika awaryjnego.<\/li>\n<\/ul>\n<\/li>\n<\/ul>\n<p>Wi\u0119cej informacji mo\u017cna znale\u017a\u0107 w <a href=\"https:\/\/cncgraf.com\/pl\/dokumentacje\/\">Obszar dokumentacji<\/a>.<\/p>","protected":false},"excerpt":{"rendered":"<p>Dane techniczne NE6A Nadaje si\u0119 tylko do transformatora. Napi\u0119cie zasilania: 2\u00d715 V AC Napi\u0119cie wej\u015bciowe. Wyj\u015bcie: 42 V DC dla silnik\u00f3w, 24 V, 3 A i 5 V, 0,5 A przeka\u017anik wrzeciona 230 VA 8 A, 1 przeka\u017anik napi\u0119cie prze\u0142\u0105czania 24 V dla pompy. Przeka\u017anik bezpiecze\u0144stwa do w\u0142\u0105czania za pomoc\u0105 przycisku Start. Wej\u015bcie dla wy\u0142\u0105cznika awaryjnego. Wi\u0119cej informacji mo\u017cna znale\u017a\u0107 w sekcji dokumentacji.<\/p>","protected":false},"featured_media":5817,"template":"","meta":[],"product_brand":[],"product_cat":[141],"product_tag":[136],"class_list":{"0":"post-5816","1":"product","2":"type-product","3":"status-publish","4":"has-post-thumbnail","6":"product_cat-relais-platinen","7":"product_tag-relais-karte","9":"first","10":"instock","11":"taxable","12":"shipping-taxable","13":"purchasable","14":"product-type-simple"},"_links":{"self":[{"href":"https:\/\/cncgraf.com\/pl\/wp-json\/wp\/v2\/product\/5816","targetHints":{"allow":["GET"]}}],"collection":[{"href":"https:\/\/cncgraf.com\/pl\/wp-json\/wp\/v2\/product"}],"about":[{"href":"https:\/\/cncgraf.com\/pl\/wp-json\/wp\/v2\/types\/product"}],"wp:featuredmedia":[{"embeddable":true,"href":"https:\/\/cncgraf.com\/pl\/wp-json\/wp\/v2\/media\/5817"}],"wp:attachment":[{"href":"https:\/\/cncgraf.com\/pl\/wp-json\/wp\/v2\/media?parent=5816"}],"wp:term":[{"taxonomy":"product_brand","embeddable":true,"href":"https:\/\/cncgraf.com\/pl\/wp-json\/wp\/v2\/product_brand?post=5816"},{"taxonomy":"product_cat","embeddable":true,"href":"https:\/\/cncgraf.com\/pl\/wp-json\/wp\/v2\/product_cat?post=5816"},{"taxonomy":"product_tag","embeddable":true,"href":"https:\/\/cncgraf.com\/pl\/wp-json\/wp\/v2\/product_tag?post=5816"}],"curies":[{"name":"wp","href":"https:\/\/api.w.org\/{rel}","templated":true}]}}