{"id":5818,"date":"2024-12-18T15:55:49","date_gmt":"2024-12-18T14:55:49","guid":{"rendered":"https:\/\/cncgraf.com\/?post_type=product&#038;p=5818"},"modified":"2025-01-24T09:59:11","modified_gmt":"2025-01-24T08:59:11","slug":"nr-8-karta-zasilacza-i-przekaznika","status":"publish","type":"product","link":"https:\/\/cncgraf.com\/pl\/produkt\/nr-8-netzteil-und-relais-karte\/","title":{"rendered":"Zasilacz NR-8 i karta przeka\u017anik\u00f3w"},"content":{"rendered":"<p><strong>Dane techniczne NR-8<\/strong><\/p>\n<ul>\n<li style=\"list-style-type: none;\">\n<ul>\n<li>Nadaje si\u0119 do prze\u0142\u0105czania zasilania i transformatora.<\/li>\n<li>Zasilanie: napi\u0119cie wej\u015bciowe 30 - 48 V DC<\/li>\n<li>Wyj\u015bcie: 30 - 48 DC dla silnik\u00f3w, 24V, 1Amp i 5V, 1Amp<\/li>\n<li>Przeka\u017anik dla wrzeciona 230VA 8Amp, 1 przeka\u017anik z napi\u0119ciem prze\u0142\u0105czania 24Volt dla pompy<\/li>\n<li>3 przeka\u017aniki 24V, 1Amp<\/li>\n<li>Przeka\u017anik bezpiecze\u0144stwa do w\u0142\u0105czania za pomoc\u0105 przycisku start.<\/li>\n<li>Wej\u015bcie dla wy\u0142\u0105cznika awaryjnego.<\/li>\n<\/ul>\n<\/li>\n<\/ul>\n<p>Wi\u0119cej informacji mo\u017cna znale\u017a\u0107 w <a href=\"https:\/\/cncgraf.com\/pl\/dokumentacje\/\">Obszar dokumentacji<\/a>.<\/p>","protected":false},"excerpt":{"rendered":"<p>Technische Daten NR-8 Geeignet f\u00fcr Schaltnetzteil und Trafo. Stromversorgung: 30 &#8211; 48 DC Volt Eingangsspannung Ausgang: 30 &#8211; 48 DC f\u00fcr Motoren, 24V, 1Amp und 5V, 1Amp Relais f\u00fcr Spindel 230VA 8Amp, 1 Relais mit 24Volt Schaltspannung f\u00fcr Pumpe 3 Relais mit 24V, 1Amp Ein Sicherheitsrelais zum Einschalten mit einem Start-Taster. Eingang f\u00fcr Not-Aus Schalter. [&hellip;]<\/p>\n","protected":false},"featured_media":5821,"template":"","meta":[],"product_brand":[],"product_cat":[141],"product_tag":[136],"class_list":{"0":"post-5818","1":"product","2":"type-product","3":"status-publish","4":"has-post-thumbnail","6":"product_cat-relais-platinen","7":"product_tag-relais-karte","9":"first","10":"instock","11":"taxable","12":"shipping-taxable","13":"purchasable","14":"product-type-simple"},"_links":{"self":[{"href":"https:\/\/cncgraf.com\/pl\/wp-json\/wp\/v2\/product\/5818","targetHints":{"allow":["GET"]}}],"collection":[{"href":"https:\/\/cncgraf.com\/pl\/wp-json\/wp\/v2\/product"}],"about":[{"href":"https:\/\/cncgraf.com\/pl\/wp-json\/wp\/v2\/types\/product"}],"wp:featuredmedia":[{"embeddable":true,"href":"https:\/\/cncgraf.com\/pl\/wp-json\/wp\/v2\/media\/5821"}],"wp:attachment":[{"href":"https:\/\/cncgraf.com\/pl\/wp-json\/wp\/v2\/media?parent=5818"}],"wp:term":[{"taxonomy":"product_brand","embeddable":true,"href":"https:\/\/cncgraf.com\/pl\/wp-json\/wp\/v2\/product_brand?post=5818"},{"taxonomy":"product_cat","embeddable":true,"href":"https:\/\/cncgraf.com\/pl\/wp-json\/wp\/v2\/product_cat?post=5818"},{"taxonomy":"product_tag","embeddable":true,"href":"https:\/\/cncgraf.com\/pl\/wp-json\/wp\/v2\/product_tag?post=5818"}],"curies":[{"name":"wp","href":"https:\/\/api.w.org\/{rel}","templated":true}]}}