{"id":5823,"date":"2024-12-19T09:29:09","date_gmt":"2024-12-19T08:29:09","guid":{"rendered":"https:\/\/cncgraf.com\/?post_type=product&#038;p=5823"},"modified":"2026-01-14T16:55:43","modified_gmt":"2026-01-14T15:55:43","slug":"karta-interfejsu-dac-int-10v-sterowanie-cnc","status":"publish","type":"product","link":"https:\/\/cncgraf.com\/pl\/produkt\/interfacekarte-dac-int-10v-cnc-steuerung\/","title":{"rendered":"Karta interfejsu DAC-INT-10V"},"content":{"rendered":"<p><strong>Dane techniczne<\/strong><\/p>\n<ul>\n<li style=\"list-style-type: none;\">\n<ul>\n<li>Karta interfejsu umo\u017cliwiaj\u0105ca pod\u0142\u0105czenie do 5 osi do<strong> Kontroler smc5d-p32 lub smc5d-m4 lan<\/strong><\/li>\n<li>Oddzielne po\u0142\u0105czenie do obs\u0142ugi dw\u00f3ch silnik\u00f3w na jednej osi X lub Y (podw\u00f3jny nap\u0119d)<\/li>\n<li><strong>Wyj\u015bcie analogowe 0 - 10 V do sterowania pr\u0119dko\u015bci\u0105 wrzeciona<\/strong><\/li>\n<li>Alternatywnie, pr\u0119dko\u015b\u0107 mo\u017cna ustawi\u0107 za pomoc\u0105 potencjometru pod\u0142\u0105czonego do sterownika.<\/li>\n<\/ul>\n<\/li>\n<\/ul>\n<p><strong>Zakres dostawy <\/strong><\/p>\n<ul>\n<li style=\"list-style-type: none;\">\n<ul>\n<li><strong>Karta interfejsu DAC-INT-10V<\/strong><\/li>\n<li>Okablowanie<\/li>\n<li>Dokumentacja<\/li>\n<\/ul>\n<\/li>\n<\/ul>","protected":false},"excerpt":{"rendered":"<p>Technische Daten Interface-Karte f\u00fcr den Anschluss von bis zu 5 Achsen an den Controller smc5d-p32 oder smc5d-m4 lan Separater Anschluss f\u00fcr den Betrieb von zwei Motoren auf einer X oder Y Achse (Doppelantrieb) Analogausgang 0 &#8211; 10V zur Spindeldrehzahlsteuerung Wahlweise kann die Drehzahl \u00fcber ein am Controller angeschlossenen Potentiometer eingestellt werden. Lieferumfang Interfacekarte DAC-INT-10V Verkabelung [&hellip;]<\/p>\n","protected":false},"featured_media":5824,"template":"","meta":[],"product_brand":[],"product_cat":[145],"product_tag":[126,132,137],"class_list":{"0":"post-5823","1":"product","2":"type-product","3":"status-publish","4":"has-post-thumbnail","6":"product_cat-interfacekarte-dac-int-10v","7":"product_tag-smc5d-m4","8":"product_tag-smc5d-p32","9":"product_tag-spindeldrehzahl","11":"first","12":"instock","13":"taxable","14":"shipping-taxable","15":"purchasable","16":"product-type-simple"},"_links":{"self":[{"href":"https:\/\/cncgraf.com\/pl\/wp-json\/wp\/v2\/product\/5823","targetHints":{"allow":["GET"]}}],"collection":[{"href":"https:\/\/cncgraf.com\/pl\/wp-json\/wp\/v2\/product"}],"about":[{"href":"https:\/\/cncgraf.com\/pl\/wp-json\/wp\/v2\/types\/product"}],"wp:featuredmedia":[{"embeddable":true,"href":"https:\/\/cncgraf.com\/pl\/wp-json\/wp\/v2\/media\/5824"}],"wp:attachment":[{"href":"https:\/\/cncgraf.com\/pl\/wp-json\/wp\/v2\/media?parent=5823"}],"wp:term":[{"taxonomy":"product_brand","embeddable":true,"href":"https:\/\/cncgraf.com\/pl\/wp-json\/wp\/v2\/product_brand?post=5823"},{"taxonomy":"product_cat","embeddable":true,"href":"https:\/\/cncgraf.com\/pl\/wp-json\/wp\/v2\/product_cat?post=5823"},{"taxonomy":"product_tag","embeddable":true,"href":"https:\/\/cncgraf.com\/pl\/wp-json\/wp\/v2\/product_tag?post=5823"}],"curies":[{"name":"wp","href":"https:\/\/api.w.org\/{rel}","templated":true}]}}