{"id":5853,"date":"2024-12-19T13:02:32","date_gmt":"2024-12-19T12:02:32","guid":{"rendered":"https:\/\/cncgraf.com\/?post_type=product&#038;p=5853"},"modified":"2024-12-20T11:41:12","modified_gmt":"2024-12-20T10:41:12","slug":"plytka-polaczeniowa-wejscia-wyjscia-dla-kontrolera-cnc","status":"publish","type":"product","link":"https:\/\/cncgraf.com\/pl\/produkt\/in-out-anschlussplatine-fuer-cnc-controller\/","title":{"rendered":"P\u0142ytka po\u0142\u0105czeniowa IN-OUT dla kontrolera smc5d-p32\/m4"},"content":{"rendered":"<div id=\"cc-m-11136980921\" class=\"j-module n j-text\">\n<p>P\u0142ytka po\u0142\u0105czeniowa IN-OUT umo\u017cliwia pod\u0142\u0105czenie do z\u0142\u0105cza CON 3\/4 sterownika smc5d-p32\/m4.<\/p>\n<\/div>\n<div id=\"cc-m-11136981021\" class=\"j-module n j-header\">\n<p id=\"cc-m-header-11136981021\"><strong>Dane techniczne<\/strong><\/p>\n<ul>\n<li style=\"list-style-type: none;\">\n<ul>\n<li>D\u0142ugo\u015b\u0107 wst\u0105\u017cki ok. 20 cm<\/li>\n<li>Po\u0142\u0105czenie 1: <a href=\"https:\/\/web.boenigk-electronics.com\/download\/docs\/Anschluss\/in-out_3-4_connect.pdf\" target=\"_blank\" rel=\"noopener\">in-out_3-4_connect.pdf<\/a><\/li>\n<li>Po\u0142\u0105czenie 2: <a href=\"https:\/\/web.boenigk-electronics.com\/download\/docs\/Anschluss\/in-out_3-4_connect2.pdf\" target=\"_blank\" rel=\"noopener\">in-out_3-4_connect2.pdf<\/a><\/li>\n<\/ul>\n<\/li>\n<\/ul>\n<p>&nbsp;<\/p>\n<\/div>","protected":false},"excerpt":{"rendered":"<p>P\u0142ytka po\u0142\u0105czeniowa IN-OUT u\u0142atwia pod\u0142\u0105czenie do z\u0142\u0105cza CON 3\/4 sterownika smc5d-p32\/m4. Dane techniczne D\u0142ugo\u015b\u0107 ta\u015bmy ok. 20 cm Po\u0142\u0105czenie 1: in-out_3-4_connect.pdf Po\u0142\u0105czenie 2: in-out_3-4_connect2.pdf &nbsp;<\/p>","protected":false},"featured_media":5854,"template":"","meta":[],"product_brand":[],"product_cat":[139],"product_tag":[],"class_list":{"0":"post-5853","1":"product","2":"type-product","3":"status-publish","4":"has-post-thumbnail","6":"product_cat-in-out-anschlussplatine","8":"first","9":"instock","10":"taxable","11":"shipping-taxable","12":"purchasable","13":"product-type-simple"},"_links":{"self":[{"href":"https:\/\/cncgraf.com\/pl\/wp-json\/wp\/v2\/product\/5853","targetHints":{"allow":["GET"]}}],"collection":[{"href":"https:\/\/cncgraf.com\/pl\/wp-json\/wp\/v2\/product"}],"about":[{"href":"https:\/\/cncgraf.com\/pl\/wp-json\/wp\/v2\/types\/product"}],"wp:featuredmedia":[{"embeddable":true,"href":"https:\/\/cncgraf.com\/pl\/wp-json\/wp\/v2\/media\/5854"}],"wp:attachment":[{"href":"https:\/\/cncgraf.com\/pl\/wp-json\/wp\/v2\/media?parent=5853"}],"wp:term":[{"taxonomy":"product_brand","embeddable":true,"href":"https:\/\/cncgraf.com\/pl\/wp-json\/wp\/v2\/product_brand?post=5853"},{"taxonomy":"product_cat","embeddable":true,"href":"https:\/\/cncgraf.com\/pl\/wp-json\/wp\/v2\/product_cat?post=5853"},{"taxonomy":"product_tag","embeddable":true,"href":"https:\/\/cncgraf.com\/pl\/wp-json\/wp\/v2\/product_tag?post=5853"}],"curies":[{"name":"wp","href":"https:\/\/api.w.org\/{rel}","templated":true}]}}