{"id":5889,"date":"2024-12-20T14:47:46","date_gmt":"2024-12-20T13:47:46","guid":{"rendered":"https:\/\/cncgraf.com\/?post_type=product&#038;p=5889"},"modified":"2025-10-31T09:45:46","modified_gmt":"2025-10-31T08:45:46","slug":"cncgraf-upgrade-z-cncgraf-standard-do-cncgraf-pro","status":"publish","type":"product","link":"https:\/\/cncgraf.com\/pl\/produkt\/cncgraf-upgrade-von-cncgraf-standard-auf-cncgraf-pro\/","title":{"rendered":"Aktualizacja cncGraF: Z cncGraF Standard do cncGraF Pro"},"content":{"rendered":"<p><strong>Aktualizacja cncGraF: Z cncGraF Standard do cncGraF Pro<\/strong><br \/>\nAktualizacja jest wykonywana z cncGraF Standard do cncGraF Pro. Plik licencji zostanie dostarczony poczt\u0105 elektroniczn\u0105.<\/p>\n<p><strong>UWAGA<\/strong>Aktualizacja jest mo\u017cliwa tylko w przypadku posiadania cncGraF Standard. W przypadku korzystania z innej wersji cncGraF nale\u017cy skontaktowa\u0107 si\u0119 z producentem\/sprzedawc\u0105 maszyny, od kt\u00f3rego zakupiono sterownik lub maszyn\u0119, w celu zakupu aktualizacji.<\/p>\n<p>Jest to jednorazowa aktualizacja z wersji Standard do wy\u017cszej wersji Pro. Wszystkie aktualizacje w ramach wersji Standard i Professional s\u0105 bezp\u0142atne.<\/p>\n<p>&nbsp;<\/p>","protected":false},"excerpt":{"rendered":"<p>cncGraF Upgrade: Von cncGraF Standard auf cncGraF Pro Das Upgrade wird von cncGraF Standard auf cncGraF Pro ausgef\u00fchrt. Die Lizenzdatei wird per E-Mail geliefert. HINWEIS: Das Upgrade ist nur m\u00f6glich, wenn Sie cncGraF Standard besitzen. Verwenden Sie eine andere cncGraF-Variante, wenden Sie sich bitte an den Maschinenhersteller\/Verk\u00e4ufer, bei dem der Controller oder die Maschine gekauft [&hellip;]<\/p>\n","protected":false},"featured_media":5966,"template":"","meta":[],"product_brand":[],"product_cat":[153],"product_tag":[],"class_list":{"0":"post-5889","1":"product","2":"type-product","3":"status-publish","4":"has-post-thumbnail","6":"product_cat-cncgraf-upgrade","8":"first","9":"instock","10":"virtual","11":"taxable","12":"purchasable","13":"product-type-simple"},"_links":{"self":[{"href":"https:\/\/cncgraf.com\/pl\/wp-json\/wp\/v2\/product\/5889","targetHints":{"allow":["GET"]}}],"collection":[{"href":"https:\/\/cncgraf.com\/pl\/wp-json\/wp\/v2\/product"}],"about":[{"href":"https:\/\/cncgraf.com\/pl\/wp-json\/wp\/v2\/types\/product"}],"wp:featuredmedia":[{"embeddable":true,"href":"https:\/\/cncgraf.com\/pl\/wp-json\/wp\/v2\/media\/5966"}],"wp:attachment":[{"href":"https:\/\/cncgraf.com\/pl\/wp-json\/wp\/v2\/media?parent=5889"}],"wp:term":[{"taxonomy":"product_brand","embeddable":true,"href":"https:\/\/cncgraf.com\/pl\/wp-json\/wp\/v2\/product_brand?post=5889"},{"taxonomy":"product_cat","embeddable":true,"href":"https:\/\/cncgraf.com\/pl\/wp-json\/wp\/v2\/product_cat?post=5889"},{"taxonomy":"product_tag","embeddable":true,"href":"https:\/\/cncgraf.com\/pl\/wp-json\/wp\/v2\/product_tag?post=5889"}],"curies":[{"name":"wp","href":"https:\/\/api.w.org\/{rel}","templated":true}]}}