{"id":6099,"date":"2025-10-30T12:55:01","date_gmt":"2025-10-30T11:55:01","guid":{"rendered":"https:\/\/cncgraf.com\/?post_type=product&#038;p=6099"},"modified":"2025-10-31T09:37:17","modified_gmt":"2025-10-31T08:37:17","slug":"indywidualne-szkolenie-cncgraf-poprzez-zdalna-konserwacje","status":"publish","type":"product","link":"https:\/\/cncgraf.com\/pl\/produkt\/individuelle-cncgraf-schulung-per-fernwartung\/","title":{"rendered":"Indywidualne szkolenie cncGraF za godzin\u0119"},"content":{"rendered":"<p>Chcia\u0142by\u015b po\u0142\u0105czy\u0107 swoj\u0105 wiedz\u0119 z <strong data-start=\"272\" data-end=\"285\">cncGraF 8<\/strong> lub wydajniej wykorzystywa\u0107 maszyn\u0119 CNC?<\/p>\n<p>Oferujemy <strong data-start=\"362\" data-end=\"398\">Indywidualne szkolenie cncGraF<\/strong> za <strong data-start=\"403\" data-end=\"418\">Zdalna konserwacja<\/strong> elastyczny, bezpo\u015bredni i praktyczny.<\/p>\n<p>Szkolenie odbywa si\u0119 za po\u015brednictwem <strong data-start=\"484\" data-end=\"498\">TeamViewer<\/strong> (ju\u017c zintegrowane w cncGraF) i <strong data-start=\"537\" data-end=\"548\">Telefon<\/strong> ma miejsce. Pracujemy razem <strong data-start=\"523\" data-end=\"553\">na \u017cywo na maszynie CNC<\/strong> - lub, w razie potrzeby, <strong data-start=\"578\" data-end=\"610\">Wygodny w biurze bez maszyny<\/strong>, w tym przypadku <strong data-start=\"627\" data-end=\"655\">z pomoc\u0105 symulatora<\/strong> zamiast prawdziwej maszyny CNC.<\/p>\n<p data-start=\"718\" data-end=\"736\"><strong data-start=\"721\" data-end=\"734\">Zalety:<\/strong><\/p>\n<ul>\n<li style=\"list-style-type: none;\">\n<ul>\n<li><strong data-start=\"739\" data-end=\"781\">Tematy dostosowane do Twoich potrzeb:<\/strong> To Ty okre\u015blasz, jakie tre\u015bci maj\u0105 zosta\u0107 om\u00f3wione - np. konfiguracja maszyny CNC, obs\u0142uga, programowanie, zarz\u0105dzanie narz\u0119dziami lub funkcje specjalne.<\/li>\n<li>Brak koszt\u00f3w podr\u00f3\u017cy, natychmiastowa gotowo\u015b\u0107 do pracy<\/li>\n<li>Idealny dla pocz\u0105tkuj\u0105cych i zaawansowanych u\u017cytkownik\u00f3w<\/li>\n<\/ul>\n<\/li>\n<\/ul>\n<p><strong data-start=\"1058\" data-end=\"1076\">Wymagania wst\u0119pne:<\/strong><\/p>\n<ul>\n<li style=\"list-style-type: none;\">\n<ul>\n<li>Zainstalowany <strong data-start=\"1092\" data-end=\"1128\">Oprogramowanie steruj\u0105ce CNC cncGraF 8<\/strong> i <strong data-start=\"1133\" data-end=\"1160\">Maszyna CNC gotowa do pracy<\/strong><\/li>\n<li><strong data-start=\"267\" data-end=\"297\">Stabilne po\u0142\u0105czenie internetowe<\/strong> do zdalnej konserwacji<\/li>\n<\/ul>\n<\/li>\n<\/ul>\n<p><strong>Cena i termin:<\/strong><\/p>\n<p>Cena odnosi si\u0119 do <strong data-start=\"289\" data-end=\"333\">Godzina indywidualnego szkolenia online<\/strong> poprzez zdaln\u0105 konserwacj\u0119. The <strong data-start=\"357\" data-end=\"391\">Czas trwania mo\u017cna wybra\u0107 zgodnie z wymaganiami<\/strong> sta\u0107 si\u0119 <strong data-start=\"404\" data-end=\"439\">Rozliczanie za godzin\u0119<\/strong>.<\/p>\n<p>The <strong data-start=\"447\" data-end=\"498\">Data szkolenia b\u0119dzie ustalana indywidualnie<\/strong> aby szkolenie idealnie pasowa\u0142o do Twojego harmonogramu.<\/p>","protected":false},"excerpt":{"rendered":"<p>Sie m\u00f6chten Ihre Kenntnisse mit cncGraF 8 erweitern oder Ihre CNC-Maschine effizienter nutzen? Wir bieten Ihnen eine ma\u00dfgeschneiderte cncGraF Schulung per Fernwartung an \u2013 flexibel, direkt und praxisnah. Die Schulung findet \u00fcber TeamViewer (bereits in cncGraF integriert) und Telefon statt. Gemeinsam arbeiten wir live an Ihrer CNC-Maschine \u2013 oder, wenn gew\u00fcnscht, bequem im B\u00fcro ohne [&hellip;]<\/p>\n","protected":false},"featured_media":6100,"template":"","meta":[],"product_brand":[],"product_cat":[146],"product_tag":[157],"class_list":{"0":"post-6099","1":"product","2":"type-product","3":"status-publish","4":"has-post-thumbnail","6":"product_cat-software","7":"product_tag-schulung","9":"first","10":"instock","11":"virtual","12":"taxable","13":"purchasable","14":"product-type-simple"},"_links":{"self":[{"href":"https:\/\/cncgraf.com\/pl\/wp-json\/wp\/v2\/product\/6099","targetHints":{"allow":["GET"]}}],"collection":[{"href":"https:\/\/cncgraf.com\/pl\/wp-json\/wp\/v2\/product"}],"about":[{"href":"https:\/\/cncgraf.com\/pl\/wp-json\/wp\/v2\/types\/product"}],"wp:featuredmedia":[{"embeddable":true,"href":"https:\/\/cncgraf.com\/pl\/wp-json\/wp\/v2\/media\/6100"}],"wp:attachment":[{"href":"https:\/\/cncgraf.com\/pl\/wp-json\/wp\/v2\/media?parent=6099"}],"wp:term":[{"taxonomy":"product_brand","embeddable":true,"href":"https:\/\/cncgraf.com\/pl\/wp-json\/wp\/v2\/product_brand?post=6099"},{"taxonomy":"product_cat","embeddable":true,"href":"https:\/\/cncgraf.com\/pl\/wp-json\/wp\/v2\/product_cat?post=6099"},{"taxonomy":"product_tag","embeddable":true,"href":"https:\/\/cncgraf.com\/pl\/wp-json\/wp\/v2\/product_tag?post=6099"}],"curies":[{"name":"wp","href":"https:\/\/api.w.org\/{rel}","templated":true}]}}